{"id":7195,"date":"2024-08-09T09:08:27","date_gmt":"2024-08-09T01:08:27","guid":{"rendered":"https:\/\/zojopackaging.com\/?post_type=product&#038;p=7195"},"modified":"2025-03-23T18:24:33","modified_gmt":"2025-03-23T10:24:33","slug":"custom-premium-rose-gift-box","status":"publish","type":"product","link":"https:\/\/zojopackaging.com\/pl\/product\/custom-premium-rose-gift-box\/","title":{"rendered":"Luksusowa niestandardowa bi\u017cuteria kwiatowa Opakowanie na prezent Hurtownia"},"content":{"rendered":"<h2 dir=\"ltr\">Wygodne pude\u0142ka na prezenty - pakowanie prezent\u00f3w na wy\u017cszym poziomie<\/h2>\n<p dir=\"ltr\">W naszych opakowaniach specjalizujemy si\u0119 w dostarczaniu hurtowych niestandardowych wygodnych pude\u0142ek na prezenty po niskich cenach hurtowych. Posiadamy zr\u00f3\u017cnicowan\u0105 kolekcj\u0119 niestandardowych pude\u0142ek na prezenty, w tym pude\u0142ka piekarnicze, pude\u0142ka CBD i wiele innych. Masz luksus wyboru spo\u015br\u00f3d tak niesamowitej r\u00f3\u017cnorodno\u015bci wysokiej jako\u015bci pude\u0142ek do pakowania. Dbamy o to, aby prezenty dla klient\u00f3w i bliskich robi\u0142y wra\u017cenie. Mo\u017cemy stworzy\u0107 idealnie spersonalizowane wygodne pude\u0142ka na prezenty spe\u0142niaj\u0105ce Twoje wymagania. Zapoznaj si\u0119 z nasz\u0105 kolekcj\u0105 wygodnych pude\u0142ek na prezenty i wybierz po\u017c\u0105dany styl, wz\u00f3r i kolor!<\/p>\n<h2 dir=\"ltr\">Ekskluzywne style wygodnych opakowa\u0144 na prezenty w naszych pude\u0142kach do pakowania<\/h2>\n<p dir=\"ltr\">W Zojoprint Packaging Boxes mamy wspania\u0142\u0105 kolekcj\u0119 niestandardowych pude\u0142ek na prezenty. Przegl\u0105daj, aby sprawdzi\u0107 nasz wyb\u00f3r, a on nigdy si\u0119 nie ko\u0144czy. Posiadamy ekskluzywn\u0105 gam\u0119 wygodnych pude\u0142ek prezentowych z pokrywkami, niestandardowych pude\u0142ek prezentowych z okienkami i wiele innych. Co wa\u017cniejsze, nigdy nie brakuje nam pomys\u0142\u00f3w. Porozmawiaj z naszymi ekspertami i okre\u015bl swoje wymagania, aby pozwoli\u0107 im wymy\u015bli\u0107 niestandardowe pude\u0142ka do pakowania prezent\u00f3w.<\/p>\n<h2 dir=\"ltr\">Ekologiczne, trwa\u0142e, spersonalizowane i wygodne pude\u0142ka na prezenty!<\/h2>\n<p dir=\"ltr\">Nasze spersonalizowane, wygodne opakowania na prezenty s\u0105 przyjazne dla \u015brodowiska. U\u017cywamy najwy\u017cszej jako\u015bci materia\u0142\u00f3w do produkcji\u00a0<a href=\"https:\/\/www.instantcustomboxes.com\/custom-gift-boxes\/\" target=\"_blank\" rel=\"noopener\"><strong>spersonalizowane pude\u0142ka na prezenty<\/strong><\/a>\u00a0aby zapewni\u0107 ich trwa\u0142o\u015b\u0107. Ponadto, aby zabezpieczy\u0107 i bezpiecznie zapakowa\u0107 Twoje przedmioty, tworzymy przyjazne dla \u015brodowiska pude\u0142ka do pakowania. Ponadto, nie ma kompromis\u00f3w w zakresie jako\u015bci!<\/p>\n<h2 dir=\"ltr\">Bezp\u0142atne wsparcie w zakresie projektowania graficznego<\/h2>\n<p dir=\"ltr\">U\u017cywamy najnowszych technik projektowania graficznego do tworzenia wygodnych pude\u0142ek na prezenty z niestandardowym nadrukiem! Dysponujemy najlepszymi maszynami i do\u015bwiadczonymi projektantami, aby tworzy\u0107 doskona\u0142e projekty niestandardowych opakowa\u0144 na prezenty. Co najwa\u017cniejsze, oferujemy bezp\u0142atne wsparcie w zakresie projektowania graficznego przy zachowaniu zgodno\u015bci ze specyfikacjami projektowymi.<\/p>\n<h2 dir=\"ltr\">Czekamy na spersonalizowane pomys\u0142y na wygodne opakowania prezentowe<\/h2>\n<p dir=\"ltr\">S\u0142uchamy naszych klient\u00f3w! Tak, w Zojoprint Packaging Boxes uwielbiamy spe\u0142nia\u0107 niestandardowe wymagania dotycz\u0105ce opakowa\u0144. Mo\u017cesz okre\u015bli\u0107 swoje specyfikacje lub zasugerowa\u0107 pomys\u0142y dotycz\u0105ce projektu lub stylu. Nasi do\u015bwiadczeni specjali\u015bci mog\u0105 opracowa\u0107 idealnie dostosowane, wygodne pude\u0142ka na prezenty, kt\u00f3re spe\u0142ni\u0105 Twoje potrzeby w zakresie pakowania.<\/p>\n<h2 dir=\"ltr\">Hurtowe wygodne pude\u0142ka na prezenty z rabatem 50%<\/h2>\n<p dir=\"ltr\">Nie ma op\u0142at za matryce i p\u0142yty! Otrzymasz swoje hurtowe wygodne pude\u0142ka na prezenty po obni\u017conych cenach. Nasze ceny s\u0105 nie tylko najni\u017csze na rynku, ale oferujemy r\u00f3wnie\u017c rabaty. Zakup naszych niestandardowych pude\u0142ek na prezenty hurtowo zapewni Ci\u00a0<strong>Ogromna zni\u017cka 50%<\/strong>.<\/p>\n<h2 dir=\"ltr\">Darmowa wysy\u0142ka w szybkim tempie!<\/h2>\n<p dir=\"ltr\">W Zojoprint Packaging Boxes sk\u0142adamy dwie kluczowe obietnice, je\u015bli chodzi o wysy\u0142k\u0119. Po pierwsze, zapewniamy bezp\u0142atn\u0105 wysy\u0142k\u0119 i dotrzymujemy tej obietnicy.  Po drugie, zapewniamy szybk\u0105 wysy\u0142k\u0119, dzi\u0119ki czemu otrzymasz wygodne pude\u0142ka na prezenty szybko i bez zb\u0119dnej zw\u0142oki!<\/p>\n<h2 dir=\"ltr\">Jak si\u0119 z nami skontaktowa\u0107?<\/h2>\n<p dir=\"ltr\">Zacznijmy wi\u0119c dzia\u0142a\u0107. Zadzwo\u0144 do nas na +<a href=\"tel:+86%200755%2027398291\"><span class=\"elementor-icon-list-text\">86 15017910372<\/span><\/a> lub napisz do nas na adres\u00a0 <a href=\"mailto:info@zojoprint.com\"><span class=\"elementor-icon-list-text\">info@zojoprint.com <\/span><\/a>lub vickio@zojoprint.com, aby z\u0142o\u017cy\u0107 zam\u00f3wienie. Co wi\u0119cej, porozmawiaj z naszymi ekspertami, aby uzyska\u0107 wszelkie informacje lub pytania, a my z przyjemno\u015bci\u0105 wys\u0142uchamy Twoich potrzeb!<\/p>\n<h2 class=\"yikes-custom-woo-tab-title yikes-custom-woo-tab-title-specifications\">Specyfikacje<\/h2>\n<table border=\"0\" width=\"1012\" cellspacing=\"0\" cellpadding=\"0\">\n<tbody>\n<tr>\n<td class=\"et3\" width=\"506\" height=\"22\">Wymiary<\/td>\n<td class=\"et3\" width=\"506\">Wszystkie niestandardowe rozmiary i kszta\u0142ty<\/td>\n<\/tr>\n<tr>\n<td class=\"et3\" height=\"22\">Min. ilo\u015b\u0107<\/td>\n<td class=\"et3\">500 pude\u0142ek (dost\u0119pna opcja twardej pr\u00f3bki)<\/td>\n<\/tr>\n<tr>\n<td class=\"et3\" height=\"22\">Proces domy\u015blny<\/td>\n<td class=\"et3\">Sztancowanie, klejenie, nacinanie, perforacja<\/td>\n<\/tr>\n<tr>\n<td class=\"et3\" height=\"22\">Drukowanie<\/td>\n<td class=\"et3\">Cmyk, pms, bez drukowania<\/td>\n<\/tr>\n<tr>\n<td class=\"et3\" height=\"22\">Opcja materia\u0142u<\/td>\n<td class=\"et3\">Bia\u0142y papier kartonowy, papier powlekany, papier artystyczny, papier siarczanowy, ko\u015b\u0107 s\u0142oniowa, tektura dwustronna, papier specjalny itp.<\/td>\n<\/tr>\n<tr>\n<td class=\"et3\" height=\"23\">Wyko\u0144czenie powierzchni<\/td>\n<td class=\"et4\" width=\"506\">Laminowanie matowe\/b\u0142yszcz\u0105ce, punktowe UVDebossing, t\u0142oczenie, t\u0142oczenie foli\u0105 itp.<\/td>\n<\/tr>\n<tr>\n<td class=\"et4\" width=\"506\" height=\"23\">Wykorzystanie w przemy\u015ble<\/td>\n<td class=\"et4\" width=\"506\">kosmetyki, perfumy, odzie\u017c, bi\u017cuteria, tyto\u0144, \u017cywno\u015b\u0107, towary codziennego u\u017cytku,<\/td>\n<\/tr>\n<tr>\n<td class=\"et4\" width=\"506\" height=\"46\">Kontrola jako\u015bci<\/td>\n<td class=\"et4\" width=\"506\">Zaawansowany sprz\u0119t i do\u015bwiadczony zesp\u00f3\u0142 kontroli jako\u015bci dok\u0142adnie sprawdz\u0105 materia\u0142y, p\u00f3\u0142produkty i gotowe produkty na ka\u017cdym etapie przed ich u\u017cyciem.<\/td>\n<\/tr>\n<tr>\n<td class=\"et4\" width=\"506\" height=\"46\">Cena<\/td>\n<td class=\"et4\" width=\"506\">Ostateczna cena b\u0119dzie dostosowana do produktu i wymaganej ilo\u015bci<\/td>\n<\/tr>\n<tr>\n<td class=\"et3\" height=\"22\">Czas zwrotu<\/td>\n<td class=\"et3\">7-14 dni roboczych, po\u015bpiech<\/td>\n<\/tr>\n<tr>\n<td class=\"et3\" height=\"22\">Papier<\/td>\n<td class=\"et3\">10pt do 28pt (60lb do 400lb) ekologiczny Kraft, tektura falista e-flute, tektura bux, karton<\/td>\n<\/tr>\n<tr>\n<td class=\"et3\" height=\"22\">Dow\u00f3d<\/td>\n<td class=\"et3\">Widok p\u0142aski, makieta 3D, pr\u00f3bkowanie fizyczne (na \u017c\u0105danie)<\/td>\n<\/tr>\n<\/tbody>\n<\/table>","protected":false},"excerpt":{"rendered":"<p>Niestandardowe pude\u0142ko na bi\u017cuteri\u0119, matowy czarny papier specjalny, delikatna tekstura. Bezpo\u015brednia dostawa z chi\u0144skiej fabryki, bezp\u0142atna wycena \/ pr\u00f3bka \/ kontrola projektu, szybka dostawa pr\u00f3bki w ci\u0105gu 3 dni!<\/p>","protected":false},"featured_media":7196,"template":"","meta":[],"product_brand":[],"product_cat":[30,415,31,426],"product_tag":[492,493,494],"class_list":{"0":"post-7195","1":"product","2":"type-product","3":"status-publish","4":"has-post-thumbnail","6":"product_cat-by-industry","7":"product_cat-custom-jewelry-boxes-by-industry","8":"product_cat-paper-box-style","9":"product_cat-paper-drawer-boxes","10":"product_tag-flower-jewelry-packaging-box","11":"product_tag-jewelry-gift-packaging","12":"product_tag-jewelry-packaging-wholesale","14":"first","15":"instock","16":"shipping-taxable","17":"product-type-simple"},"_links":{"self":[{"href":"https:\/\/zojopackaging.com\/pl\/wp-json\/wp\/v2\/product\/7195","targetHints":{"allow":["GET"]}}],"collection":[{"href":"https:\/\/zojopackaging.com\/pl\/wp-json\/wp\/v2\/product"}],"about":[{"href":"https:\/\/zojopackaging.com\/pl\/wp-json\/wp\/v2\/types\/product"}],"version-history":[{"count":3,"href":"https:\/\/zojopackaging.com\/pl\/wp-json\/wp\/v2\/product\/7195\/revisions"}],"predecessor-version":[{"id":8071,"href":"https:\/\/zojopackaging.com\/pl\/wp-json\/wp\/v2\/product\/7195\/revisions\/8071"}],"wp:featuredmedia":[{"embeddable":true,"href":"https:\/\/zojopackaging.com\/pl\/wp-json\/wp\/v2\/media\/7196"}],"wp:attachment":[{"href":"https:\/\/zojopackaging.com\/pl\/wp-json\/wp\/v2\/media?parent=7195"}],"wp:term":[{"taxonomy":"product_brand","embeddable":true,"href":"https:\/\/zojopackaging.com\/pl\/wp-json\/wp\/v2\/product_brand?post=7195"},{"taxonomy":"product_cat","embeddable":true,"href":"https:\/\/zojopackaging.com\/pl\/wp-json\/wp\/v2\/product_cat?post=7195"},{"taxonomy":"product_tag","embeddable":true,"href":"https:\/\/zojopackaging.com\/pl\/wp-json\/wp\/v2\/product_tag?post=7195"}],"curies":[{"name":"wp","href":"https:\/\/api.w.org\/{rel}","templated":true}]}}