{"id":7268,"date":"2024-08-17T11:16:19","date_gmt":"2024-08-17T03:16:19","guid":{"rendered":"https:\/\/zojopackaging.com\/?post_type=product&#038;p=7268"},"modified":"2025-03-23T17:52:49","modified_gmt":"2025-03-23T09:52:49","slug":"custom-underwear-paper-boxes","status":"publish","type":"product","link":"https:\/\/zojopackaging.com\/pl\/product\/custom-underwear-paper-boxes\/","title":{"rendered":"Niestandardowe drukowane pude\u0142ka do pakowania bielizny hurtowo"},"content":{"rendered":"<h1>Niestandardowe drukowane pude\u0142ka do pakowania bielizny hurtowo<\/h1>\n<p>Pude\u0142ka na bielizn\u0119 z nadrukiem na zam\u00f3wienie to wyj\u0105tkowy i spersonalizowany spos\u00f3b na prezentowanie bielizny. Pude\u0142ka te mo\u017cna spersonalizowa\u0107 za pomoc\u0105 r\u00f3\u017cnych wzor\u00f3w, kolor\u00f3w i wyko\u0144cze\u0144, aby dopasowa\u0107 je do preferencji odbiorcy lub okazji. Niezale\u017cnie od tego, czy podarujesz bielizn\u0119 jako prezent urodzinowy, walentynkowy, czy po prostu niespodziank\u0119, pude\u0142ka te dodadz\u0105 szczeg\u00f3lnego charakteru, kt\u00f3ry sprawi, \u017ce prezent b\u0119dzie jeszcze bardziej niezapomniany. Pude\u0142ka s\u0105 wykonane z trwa\u0142ych materia\u0142\u00f3w, kt\u00f3re chroni\u0105 bielizn\u0119 i zapewniaj\u0105 jej najlepszy wygl\u0105d. Dzi\u0119ki niestandardowym pude\u0142kom na bielizn\u0119 mo\u017cesz podarowa\u0107 praktyczny i wygodny prezent, dodaj\u0105c jednocze\u015bnie osobisty i stylowy akcent.<\/p>\n<ul class=\"product-descript fn-clear\">\n<li><strong>G\u0142\u00f3wny materia\u0142<\/strong>Karton 1-2 mm, karton w kolorze ko\u015bci s\u0142oniowej, bia\u0142a tablica z szarym dnem + papier artystyczny, z\u0142o\u017cony papier chroni\u0105cy \u015brodowisko, papier siarczanowy, papier bezdrzewny, papier specjalnego typu<\/li>\n<li><strong>Rozmiar<\/strong>Zgodnie ze specyficznymi wymaganiami klient\u00f3w.<\/li>\n<li><strong>Drukowanie<\/strong>: Kolory Pantone i wsp\u00f3lny proces 4 kolor\u00f3w (CMYK) lub 1C 100% Pokrycie tuszem+Logo<\/li>\n<li><strong>Dzie\u0142o sztuki<\/strong>Zaprojektowane przez klienta dzie\u0142a sztuki s\u0105 mile widziane, mo\u017cemy r\u00f3wnie\u017c zaprojektowa\u0107 grafik\u0119 zgodn\u0105 z Twoimi komentarzami<\/li>\n<li><strong>Format logo\/sztuki<\/strong>: 300DPI; PDF, AI, Corel Draw itp.<\/li>\n<li><strong>Usuwanie powierzchniowe<\/strong>Laminowanie b\u0142yszcz\u0105ce, laminowanie matowe, lakierowanie, cz\u0119\u015bciowe szkliwienie, powlekanie UV, br\u0105zowanie, imponowanie, wyt\u0142aczanie, punktowe UV<\/li>\n<li>Pakowanie w karton z tektury falistej ze \u015brodkiem osuszaj\u0105cym, kontrola wagi poni\u017cej 20 kg lub niestandardowe<\/li>\n<li>U\u017cywany do bielizny, stroj\u00f3w bikini, kostium\u00f3w PVC, biustonoszy i majtek, seksownej odzie\u017cy klubowej, biustonoszy i gorset\u00f3w, skarpet, r\u0119kawiczek, szalika, krawata ...<\/li>\n<li><strong>Normalna ma\u0142a ilo\u015b\u0107 zam\u00f3wienia<\/strong>2000 sztuk na styl\/rozmiar\/sztuk\u0119. (Do konsultacji)<\/li>\n<li><strong>Czas realizacji<\/strong>Czas pr\u00f3by: 10 dni i czas produktu: 15-25 dni po potwierdzeniu wszystkiego, w zale\u017cno\u015bci od ilo\u015bci<\/li>\n<\/ul>\n<p>Powy\u017cej znajduje si\u0119 produkt grupowy\u00a0<strong>pude\u0142ka prezentowe na bielizn\u0119<\/strong>.<\/p>\n<p>Mo\u017cemy stworzy\u0107 r\u00f3\u017cne sztywne pude\u0142ka na bielizn\u0119.<\/p>\n<p>Us\u0142ugi OEM mog\u0105 by\u0107 r\u00f3wnie\u017c \u015bwiadczone w celu zaspokojenia r\u00f3\u017cnych potrzeb klient\u00f3w.<\/p>\n<p>W razie potrzeby prosimy o kontakt.<\/p>\n<p>&nbsp;<\/p>","protected":false},"excerpt":{"rendered":"<p>Bezpo\u015brednie dostosowanie przez chi\u0144skich producent\u00f3w, wiele rozmiar\u00f3w pasuj\u0105cych do wszystkich rodzaj\u00f3w odzie\u017cy, wysoka wydajno\u015b\u0107 kosztowa, bezp\u0142atne pr\u00f3bki i us\u0142ugi projektowe.<\/p>","protected":false},"featured_media":7514,"template":"","meta":[],"product_brand":[],"product_cat":[30,414,430],"product_tag":[490,491,489],"class_list":{"0":"post-7268","1":"product","2":"type-product","3":"status-publish","4":"has-post-thumbnail","6":"product_cat-by-industry","7":"product_cat-custom-apparel-boxes","8":"product_cat-folding-cartons","9":"product_tag-custom-underwear-panty-packaging","10":"product_tag-underwear-packaging-wholesale","11":"product_tag-underwear-panty-packaging","13":"first","14":"instock","15":"shipping-taxable","16":"product-type-simple"},"_links":{"self":[{"href":"https:\/\/zojopackaging.com\/pl\/wp-json\/wp\/v2\/product\/7268","targetHints":{"allow":["GET"]}}],"collection":[{"href":"https:\/\/zojopackaging.com\/pl\/wp-json\/wp\/v2\/product"}],"about":[{"href":"https:\/\/zojopackaging.com\/pl\/wp-json\/wp\/v2\/types\/product"}],"version-history":[{"count":3,"href":"https:\/\/zojopackaging.com\/pl\/wp-json\/wp\/v2\/product\/7268\/revisions"}],"predecessor-version":[{"id":8069,"href":"https:\/\/zojopackaging.com\/pl\/wp-json\/wp\/v2\/product\/7268\/revisions\/8069"}],"wp:featuredmedia":[{"embeddable":true,"href":"https:\/\/zojopackaging.com\/pl\/wp-json\/wp\/v2\/media\/7514"}],"wp:attachment":[{"href":"https:\/\/zojopackaging.com\/pl\/wp-json\/wp\/v2\/media?parent=7268"}],"wp:term":[{"taxonomy":"product_brand","embeddable":true,"href":"https:\/\/zojopackaging.com\/pl\/wp-json\/wp\/v2\/product_brand?post=7268"},{"taxonomy":"product_cat","embeddable":true,"href":"https:\/\/zojopackaging.com\/pl\/wp-json\/wp\/v2\/product_cat?post=7268"},{"taxonomy":"product_tag","embeddable":true,"href":"https:\/\/zojopackaging.com\/pl\/wp-json\/wp\/v2\/product_tag?post=7268"}],"curies":[{"name":"wp","href":"https:\/\/api.w.org\/{rel}","templated":true}]}}