{"id":7376,"date":"2024-08-23T10:53:32","date_gmt":"2024-08-23T02:53:32","guid":{"rendered":"https:\/\/zojopackaging.com\/?post_type=product&#038;p=7376"},"modified":"2025-03-24T18:42:09","modified_gmt":"2025-03-24T10:42:09","slug":"custom-cbd-tincture-boxes","status":"publish","type":"product","link":"https:\/\/zojopackaging.com\/pl\/product\/custom-cbd-tincture-boxes\/","title":{"rendered":"Markowe, niestandardowe opakowania CBD z nadrukiem na konopie indyjskie Magazyn"},"content":{"rendered":"<h1>Markowe, niestandardowe opakowania CBD z nadrukiem na konopie indyjskie Magazyn<\/h1>\n<p>Niestandardowe pude\u0142ka na nalewki CBD s\u0105 uwa\u017cane za jedno z najbardziej wszechstronnych rozwi\u0105za\u0144 opakowaniowych w bran\u017cy konopi indyjskich. To w\u0142a\u015bnie dzi\u0119ki niezwykle skutecznej ochronie s\u0105 one w stanie utrzyma\u0107 i chroni\u0107 jako\u015b\u0107 produktu. Opr\u00f3cz ochrony, s\u0105 one r\u00f3wnie\u017c dost\u0119pne w wielu kszta\u0142tach i wzorach, kt\u00f3re mog\u0105 poprawi\u0107 prezentacj\u0119 produkt\u00f3w.<\/p>\n<h3>Do\u015bwiadczenie w us\u0142ugach produkcyjnych z <a href=\"https:\/\/zojopackaging.com\/pl\/kategoria-produktu\/custom-e-cigarette-box\/\">Niestandardowe pude\u0142ka na nalewki CBD<\/a><\/h3>\n<p>Aby opakowania produkt\u00f3w przyci\u0105ga\u0142y wzrok, umo\u017cliwiaj\u0105c w\u0142\u0105czenie logo, kolor\u00f3w marki i element\u00f3w projektu, aby wp\u0142yn\u0105\u0107 na decyzje zakupowe konsument\u00f3w, niestandardowe pude\u0142ka mog\u0105 by\u0107 zaprojektowane tak, aby wyr\u00f3\u017cnia\u0142y si\u0119 na p\u00f3\u0142ce i przyci\u0105ga\u0142y uwag\u0119, buduj\u0105c w ten spos\u00f3b rozpoznawalno\u015b\u0107 marki i lojalno\u015b\u0107.<\/p>\n<h3><strong>Niestandardowe pude\u0142ka na nalewki CBD z unikalnymi nadrukami i wzorami<\/strong><\/h3>\n<p>Oznacza to <a href=\"https:\/\/zojoprint.en.alibaba.com\/productgrouplist-941131925\/Child_Resistant_Packaging_Box.html\" target=\"_blank\" rel=\"noopener\">Opakowanie CBD<\/a> pomagaj\u0105 producentom produkt\u00f3w CBD w bezpiecznej wysy\u0142ce towar\u00f3w do klient\u00f3w. Do produkcji tych pude\u0142ek na nalewki CBD u\u017cywamy wysokiej jako\u015bci materia\u0142\u00f3w opakowaniowych, kt\u00f3re gwarantuj\u0105 bezpiecze\u0144stwo zapakowanych w nie produkt\u00f3w leczniczych. Mo\u017cesz poprosi\u0107 nas o nadrukowanie wymaganych szczeg\u00f3\u0142\u00f3w (sk\u0142adniki, najlepiej spo\u017cy\u0107 przed, spos\u00f3b u\u017cycia itp.) na pude\u0142kach z okre\u015blon\u0105 nazw\u0105 marki lub logo, kt\u00f3re sprawi\u0105, \u017ce Twoja nazwa b\u0119dzie dobrze znana na rynku. Takie opakowania nalewek CBD z niestandardowym nadrukiem mog\u0105 sprawi\u0107, \u017ce nowo wprowadzona marka CBD b\u0119dzie warta zauwa\u017cenia przez potencjalnych nabywc\u00f3w.<\/p>\n<h3><strong>Ekonomiczne spersonalizowane pude\u0142ka CBD w sprzeda\u017cy hurtowej<\/strong><\/h3>\n<p>Niestandardowe pude\u0142ka na nalewki CBD s\u0105 uwa\u017cane za niedrogie i spersonalizowane rozwi\u0105zanie opakowaniowe w bran\u017cy konopi indyjskich. Opakowania te umo\u017cliwiaj\u0105 sprzedawcom projektowanie unikalnych opakowa\u0144 zgodnie z wizerunkiem marki i cechami produktu, w tym rozmiarem, kszta\u0142tem, kolorem i materia\u0142em itp. Nie tylko chroni\u0105 produkt, ale tak\u017ce poprawiaj\u0105 wizerunek marki i atrakcyjno\u015b\u0107 rynkow\u0105. Hurtowe niestandardowe pude\u0142ka na nalewki CBD mog\u0105 obni\u017cy\u0107 koszty jednostkowe.<\/p>\n<h3>Najlepsze rzemios\u0142o Wybierz niestandardowe pude\u0142ka na nalewki CBD<\/h3>\n<p>Foliowanie srebrne\/z\u0142ote, punktowe UV, powlekanie wodne, laminowanie matowe\/b\u0142yszcz\u0105ce, szyby okienne, sztancowanie i wiele innych. Wystarczy, \u017ce przedstawisz naszym projektantom sw\u00f3j wymagany projekt lub poprosisz ich o przedstawienie unikalnego pomys\u0142u za darmo. Nie pobieramy op\u0142at za te dodatkowe dodatki, je\u015bli chcesz je zastosowa\u0107.<\/p>\n<p>Chcesz otrzyma\u0107 bezp\u0142atn\u0105 wycen\u0119? Porozmawiaj z nami teraz. Mo\u017cesz r\u00f3wnie\u017c skontaktowa\u0107 si\u0119 z nami pod podanym identyfikatorem e-mail lub numerem telefonu. Korzystaj z naszych wysokiej jako\u015bci us\u0142ug i rabat\u00f3w przy zakupie hurtowym bez bezp\u0142atnej wysy\u0142ki na terenie USA i Kanady.<\/p>\n<div class=\"product-specification-details sp-details-sec active full spec-title-details\">\n<h1><strong>Specyfikacja<\/strong><\/h1>\n<div class=\"widget block block-static-block\">\n<div class=\"landing-page-section option-bottom\">\n<div class=\"custom-materials-tabs-content container container-adjustment\">\n<div class=\"custom-materials-tab-content active\">\n<div class=\"widget block block-static-block\">\n<div class=\"options-items\">\n<div class=\"flex-grid-row-option\">\n<div class=\"flex-grid-item-option\">\n<div class=\"material-box\">\n<div class=\"material-des\">\n<table width=\"1070\">\n<tbody>\n<tr>\n<td width=\"373\">Wymiary<\/td>\n<td width=\"373\">Wszystkie niestandardowe rozmiary i kszta\u0142ty<\/td>\n<\/tr>\n<tr>\n<td width=\"373\">MOQ<\/td>\n<td width=\"373\">500 sztuk (kontrola jako\u015bci pr\u00f3bki pomocniczej\uff09<\/td>\n<\/tr>\n<tr>\n<td width=\"373\">Czas pr\u00f3by<\/td>\n<td width=\"373\">3-5 dni roboczych<\/td>\n<\/tr>\n<tr>\n<td width=\"373\">Proces domy\u015blny<\/td>\n<td width=\"373\">Sztancowanie, klejenie, nacinanie, perforacja<\/td>\n<\/tr>\n<tr>\n<td width=\"373\">Drukowanie<\/td>\n<td width=\"373\">Cmyk, pms, bez drukowania<\/td>\n<\/tr>\n<tr>\n<td width=\"373\">Opcja materia\u0142u<\/td>\n<td width=\"373\">Bia\u0142y papier kartonowy, papier powlekany, papier artystyczny, papier siarczanowy, ko\u015b\u0107 s\u0142oniowa, tektura dwustronna, papier specjalny itp.<\/td>\n<\/tr>\n<tr>\n<td width=\"373\">Wyko\u0144czenie powierzchni<\/td>\n<td width=\"373\">Laminowanie matowe\/b\u0142yszcz\u0105ce, punktowe UVDebossing, t\u0142oczenie, t\u0142oczenie foli\u0105 itp.<\/td>\n<\/tr>\n<tr>\n<td width=\"373\">Wykorzystanie w przemy\u015ble<\/td>\n<td width=\"373\">kosmetyki, perfumy, odzie\u017c, bi\u017cuteria, tyto\u0144, \u017cywno\u015b\u0107, towary codziennego u\u017cytku,<\/td>\n<\/tr>\n<tr>\n<td width=\"373\">Kontrola jako\u015bci<\/td>\n<td width=\"373\">Zaawansowany sprz\u0119t i do\u015bwiadczony zesp\u00f3\u0142 kontroli jako\u015bci dok\u0142adnie sprawdz\u0105 materia\u0142y, p\u00f3\u0142produkty i gotowe produkty na ka\u017cdym etapie przed ich u\u017cyciem.<\/td>\n<\/tr>\n<tr>\n<td width=\"373\">Cena<\/td>\n<td width=\"373\">Ostateczna cena b\u0119dzie dostosowana do produktu i wymaganej ilo\u015bci<\/td>\n<\/tr>\n<tr>\n<td width=\"373\">Czas zwrotu<\/td>\n<td width=\"373\">7-14 dni roboczych<\/td>\n<\/tr>\n<tr>\n<td width=\"373\">Papier<\/td>\n<td width=\"373\">10pt do 28pt (60lb do 400lb) ekologiczny Kraft, tektura falista e-flute, tektura bux, karton<\/td>\n<\/tr>\n<tr>\n<td width=\"373\">Format grafiki<\/td>\n<td width=\"373\">JPG, PDF, AI, CDR, EPS, GIF....<\/td>\n<\/tr>\n<tr>\n<td width=\"373\">Akcesoria<\/td>\n<td width=\"373\">Magnes, ta\u015bma, forma EVA, plastikowa taca, g\u0105bka, okienko PVC\/PET\/PP,...<\/td>\n<\/tr>\n<tr>\n<td width=\"373\">Termin p\u0142atno\u015bci<\/td>\n<td width=\"373\">T \/ T, Western Union, Paypal, depozyt 30% i saldo 70% przed wysy\u0142k\u0105.<\/td>\n<\/tr>\n<\/tbody>\n<\/table>\n<\/div>\n<\/div>\n<\/div>\n<\/div>\n<\/div>\n<\/div>\n<\/div>\n<\/div>\n<\/div>\n<\/div>\n<\/div>","protected":false},"excerpt":{"rendered":"<ul>\n<li>MOQ: 500 sztuk<\/li>\n<li>Czas dostawy: 7-14 dni roboczych, po\u015bpiech<\/li>\n<li>Wymiary na zam\u00f3wienie (\u015brednica x wysoko\u015b\u0107)<\/li>\n<li>Drukowanie na zam\u00f3wienie<\/li>\n<li>Przyjazny dla \u015brodowiska, nadaj\u0105cy si\u0119 do recyklingu i niezawieraj\u0105cy plastiku<\/li>\n<li>Cena \uff1a Ostateczna cena zostanie dostosowana do produktu i wymaganej ilo\u015bci<\/li>\n<\/ul>","protected":false},"featured_media":7382,"template":"","meta":[],"product_brand":[],"product_cat":[31,30,420,430],"product_tag":[587,588,589],"class_list":{"0":"post-7376","1":"product","2":"type-product","3":"status-publish","4":"has-post-thumbnail","6":"product_cat-paper-box-style","7":"product_cat-by-industry","8":"product_cat-custom-cannabis-boxes","9":"product_cat-folding-cartons","10":"product_tag-cannabis-cbd-packaging","11":"product_tag-cbd-packaging-warehouse","12":"product_tag-custom-cannabis-packaging","14":"first","15":"instock","16":"shipping-taxable","17":"product-type-simple"},"_links":{"self":[{"href":"https:\/\/zojopackaging.com\/pl\/wp-json\/wp\/v2\/product\/7376","targetHints":{"allow":["GET"]}}],"collection":[{"href":"https:\/\/zojopackaging.com\/pl\/wp-json\/wp\/v2\/product"}],"about":[{"href":"https:\/\/zojopackaging.com\/pl\/wp-json\/wp\/v2\/types\/product"}],"version-history":[{"count":3,"href":"https:\/\/zojopackaging.com\/pl\/wp-json\/wp\/v2\/product\/7376\/revisions"}],"predecessor-version":[{"id":8117,"href":"https:\/\/zojopackaging.com\/pl\/wp-json\/wp\/v2\/product\/7376\/revisions\/8117"}],"wp:featuredmedia":[{"embeddable":true,"href":"https:\/\/zojopackaging.com\/pl\/wp-json\/wp\/v2\/media\/7382"}],"wp:attachment":[{"href":"https:\/\/zojopackaging.com\/pl\/wp-json\/wp\/v2\/media?parent=7376"}],"wp:term":[{"taxonomy":"product_brand","embeddable":true,"href":"https:\/\/zojopackaging.com\/pl\/wp-json\/wp\/v2\/product_brand?post=7376"},{"taxonomy":"product_cat","embeddable":true,"href":"https:\/\/zojopackaging.com\/pl\/wp-json\/wp\/v2\/product_cat?post=7376"},{"taxonomy":"product_tag","embeddable":true,"href":"https:\/\/zojopackaging.com\/pl\/wp-json\/wp\/v2\/product_tag?post=7376"}],"curies":[{"name":"wp","href":"https:\/\/api.w.org\/{rel}","templated":true}]}}