{"id":7864,"date":"2025-03-22T15:36:49","date_gmt":"2025-03-22T07:36:49","guid":{"rendered":"https:\/\/zojopackaging.com\/?post_type=product&#038;p=7864"},"modified":"2025-03-22T21:55:19","modified_gmt":"2025-03-22T13:55:19","slug":"premium-quality-custom-perfume-gift-box-from-china-factory","status":"publish","type":"product","link":"https:\/\/zojopackaging.com\/pl\/product\/premium-quality-custom-perfume-gift-box-from-china-factory\/","title":{"rendered":"Najwy\u017cszej jako\u015bci niestandardowe pude\u0142ko na perfumy z chi\u0144skiej fabryki"},"content":{"rendered":"<p>W \u015bwiecie luksusowych perfum prezentacja jest wszystkim. Pierwsze wra\u017cenie, jakie wywieraj\u0105 perfumy, to cz\u0119sto ich opakowanie, kt\u00f3re przygotowuje scen\u0119 dla przysz\u0142ych dozna\u0144 zmys\u0142owych. W\u0142a\u015bnie dlatego po\u015bwi\u0119cili\u015bmy si\u0119 tworzeniu niestandardowych pude\u0142ek na perfumy, kt\u00f3re s\u0105 tak wykwintne i niezapomniane, jak zapachy, kt\u00f3re zawieraj\u0105. Bezpo\u015brednio z naszej najnowocze\u015bniejszej fabryki w Chinach oferujemy rozwi\u0105zania opakowaniowe zaprojektowane w celu podniesienia rangi marki i przyci\u0105gni\u0119cia klient\u00f3w.<\/p>\n<p>Wyobra\u017a sobie pude\u0142ko wykonane z wysokiej jako\u015bci, teksturowanego kartonu, kt\u00f3rego powierzchnia jest przyjemna w dotyku. Twoje logo jest elegancko wyt\u0142oczone, a kolory idealnie dopasowane do to\u017csamo\u015bci marki. Wewn\u0105trz, precyzyjnie ukszta\u0142towana wk\u0142adka z pianki EVA otula cenny flakon perfum, zapewniaj\u0105c jego bezpieczne dotarcie i pi\u0119kn\u0105 prezentacj\u0119. To nie jest zwyk\u0142e pude\u0142ko; to przed\u0142u\u017cenie Twojej marki, namacalna reprezentacja Twojego zaanga\u017cowania w jako\u015b\u0107 i luksus.<\/p>\n<p>Rozumiemy, \u017ce ka\u017cdy zapach jest wyj\u0105tkowy i Twoje opakowanie r\u00f3wnie\u017c powinno takie by\u0107. Dlatego oferujemy pe\u0142n\u0105 personalizacj\u0119, pozwalaj\u0105c kontrolowa\u0107 ka\u017cdy szczeg\u00f3\u0142, od wymiar\u00f3w i materia\u0142\u00f3w po nadruk i wyko\u0144czenie. Nasz do\u015bwiadczony zesp\u00f3\u0142 b\u0119dzie z Tob\u0105 \u015bci\u015ble wsp\u00f3\u0142pracowa\u0142, zapewniaj\u0105c fachowe wskaz\u00f3wki i wsparcie podczas ca\u0142ego procesu. Naszym celem jest dostarczanie nie tylko wyj\u0105tkowych opakowa\u0144, ale tak\u017ce niezawodnej jako\u015bci i niezr\u00f3wnanej obs\u0142ugi klienta. Od pocz\u0105tkowej koncepcji do ostatecznej dostawy, staramy si\u0119 przekracza\u0107 Twoje oczekiwania i budowa\u0107 trwa\u0142e partnerstwo. Pozw\u00f3l nam pom\u00f3c Ci stworzy\u0107 opakowanie, kt\u00f3re naprawd\u0119 odzwierciedla kunszt i elegancj\u0119 Twoich perfum.<\/p>","protected":false},"excerpt":{"rendered":"<p class=\"ng-star-inserted\"><span class=\"ng-star-inserted\">Eleganckie pude\u0142ko na perfumy! Magnetyczne zamkni\u0119cie, pe\u0142na personalizacja. Wykonane z teksturowanej tektury, zapewniaj\u0105cej trwa\u0142o\u015b\u0107. Ochronna wk\u0142adka z pianki EVA bezpiecznie utrzymuje zapach.<\/span><\/p>","protected":false},"featured_media":7853,"template":"","meta":[],"product_brand":[],"product_cat":[31,30,417,424],"product_tag":[329,436,342],"class_list":{"0":"post-7864","1":"product","2":"type-product","3":"status-publish","4":"has-post-thumbnail","6":"product_cat-paper-box-style","7":"product_cat-by-industry","8":"product_cat-custom-perfume-boxes-by-industry","9":"product_cat-magnetic-closure-boxes","10":"product_tag-custom-perfume-box","11":"product_tag-gift-box-factory","12":"product_tag-perfume-gift-box","14":"first","15":"instock","16":"shipping-taxable","17":"product-type-simple"},"_links":{"self":[{"href":"https:\/\/zojopackaging.com\/pl\/wp-json\/wp\/v2\/product\/7864","targetHints":{"allow":["GET"]}}],"collection":[{"href":"https:\/\/zojopackaging.com\/pl\/wp-json\/wp\/v2\/product"}],"about":[{"href":"https:\/\/zojopackaging.com\/pl\/wp-json\/wp\/v2\/types\/product"}],"version-history":[{"count":2,"href":"https:\/\/zojopackaging.com\/pl\/wp-json\/wp\/v2\/product\/7864\/revisions"}],"predecessor-version":[{"id":7979,"href":"https:\/\/zojopackaging.com\/pl\/wp-json\/wp\/v2\/product\/7864\/revisions\/7979"}],"wp:featuredmedia":[{"embeddable":true,"href":"https:\/\/zojopackaging.com\/pl\/wp-json\/wp\/v2\/media\/7853"}],"wp:attachment":[{"href":"https:\/\/zojopackaging.com\/pl\/wp-json\/wp\/v2\/media?parent=7864"}],"wp:term":[{"taxonomy":"product_brand","embeddable":true,"href":"https:\/\/zojopackaging.com\/pl\/wp-json\/wp\/v2\/product_brand?post=7864"},{"taxonomy":"product_cat","embeddable":true,"href":"https:\/\/zojopackaging.com\/pl\/wp-json\/wp\/v2\/product_cat?post=7864"},{"taxonomy":"product_tag","embeddable":true,"href":"https:\/\/zojopackaging.com\/pl\/wp-json\/wp\/v2\/product_tag?post=7864"}],"curies":[{"name":"wp","href":"https:\/\/api.w.org\/{rel}","templated":true}]}}