{"id":7867,"date":"2025-03-22T15:47:43","date_gmt":"2025-03-22T07:47:43","guid":{"rendered":"https:\/\/zojopackaging.com\/?post_type=product&#038;p=7867"},"modified":"2025-03-22T21:54:12","modified_gmt":"2025-03-22T13:54:12","slug":"custom-mini-perfume-packaging-box-from-china-wholesale","status":"publish","type":"product","link":"https:\/\/zojopackaging.com\/pl\/product\/custom-mini-perfume-packaging-box-from-china-wholesale\/","title":{"rendered":"Niestandardowe opakowanie na perfumy Mini z Chin hurtowo"},"content":{"rendered":"<p>1. Nieograniczone mo\u017cliwo\u015bci personalizacji:<\/p>\n<p>Dostosowanie rozmiaru: Doskonale zdajemy sobie spraw\u0119, \u017ce pr\u00f3bki perfum r\u00f3\u017cnych marek i serii maj\u0105 r\u00f3\u017cne rozmiary. Dlatego zapewniamy nieograniczone mo\u017cliwo\u015bci dostosowywania rozmiaru. Niezale\u017cnie od tego, czy jest to rozmiar standardowy, czy specjalne specyfikacje, mo\u017cemy dok\u0142adnie spe\u0142ni\u0107 Twoje potrzeby i zapewni\u0107, \u017ce pr\u00f3bki perfum b\u0119d\u0105 idealnie pasowa\u0107.<br \/>\nDostosowanie kszta\u0142tu: Opr\u00f3cz typowych kwadratowych i prostok\u0105tnych kszta\u0142t\u00f3w, obs\u0142ugujemy r\u00f3wnie\u017c r\u00f3\u017cne dostosowania kszta\u0142t\u00f3w, takie jak papierowa tuba i specjalne kszta\u0142ty, aby Twoje opakowanie by\u0142o bardziej kreatywne i spersonalizowane. Je\u015bli masz unikaln\u0105 koncepcj\u0119 projektow\u0105, podziel si\u0119 ni\u0105 z nami, a my do\u0142o\u017cymy wszelkich stara\u0144, aby j\u0105 zrealizowa\u0107.<br \/>\nDostosowanie kolor\u00f3w: Od drukowania kart CMYK+1C po personalizacj\u0119 CMYK, zapewniamy bogactwo opcji kolorystycznych, aby zapewni\u0107, \u017ce kolor opakowania jest idealnie ujednolicony z mark\u0105 VI i przekazuje sp\u00f3jny wizerunek marki.<br \/>\nDostosowanie projektu: Mo\u017cesz dostarczy\u0107 sw\u00f3j projekt lub powierzy\u0107 naszemu profesjonalnemu zespo\u0142owi projektowemu dostosowanie go do Twoich potrzeb. Stworzymy unikalny projekt opakowania w oparciu o pozycjonowanie marki, cechy produktu i grup\u0119 docelow\u0105, aby zwi\u0119kszy\u0107 warto\u015b\u0107 marki.<\/p>\n<p>2. Specjalny materia\u0142 papierowy, niezwyk\u0142y dotyk:<\/p>\n<p>R\u00f3\u017cnorodny wyb\u00f3r: Wybieramy r\u00f3\u017cne specjalne materia\u0142y papierowe, w tym m.in:<br \/>\nPapier dotykowy: Powierzchnia jest delikatna i g\u0142adka, dotyk jest ciep\u0142y i komfortowy, a tak\u017ce oddaje wysokiej klasy i luksusow\u0105 tekstur\u0119.<br \/>\nPapier artystyczny: Bogata tekstura i jasne kolory, nadaj\u0105ce opakowaniu wyj\u0105tkow\u0105 artystyczn\u0105 atmosfer\u0119.<br \/>\nPapier per\u0142owy: Powierzchnia l\u015bni per\u0142owym po\u0142yskiem, szlachetnym i eleganckim, podkre\u015blaj\u0105c wykwintno\u015b\u0107 i wspania\u0142o\u015b\u0107 produktu.<br \/>\nPrzyjazny dla \u015brodowiska papier z recyklingu: Zielony i przyjazny dla \u015brodowiska, zr\u00f3wnowa\u017cony rozw\u00f3j, odzwierciedlaj\u0105cy poczucie odpowiedzialno\u015bci spo\u0142ecznej marki.<br \/>\nFunkcje niestandardowe: Mo\u017cesz wybra\u0107 r\u00f3\u017cne specjalne materia\u0142y papierowe zgodnie ze swoimi potrzebami i wykona\u0107 specjalne zabiegi, takie jak wyt\u0142aczanie, relief itp. w celu dalszego wzmocnienia tekstury i efektu wizualnego opakowania.<br \/>\nZapewnienie jako\u015bci: U\u017cywamy tylko wysokiej jako\u015bci specjalnego papieru, aby zapewni\u0107 dobr\u0105 drukowno\u015b\u0107 i trwa\u0142o\u015b\u0107, chroni\u0107 produkty i wyd\u0142u\u017cy\u0107 \u017cywotno\u015b\u0107 opakowania.<\/p>\n<p>3. Technologia t\u0142oczenia na gor\u0105co, wyko\u0144czenie:<\/p>\n<p>Znakomity kunszt: U\u017cywamy zaawansowanej technologii t\u0142oczenia na gor\u0105co do t\u0142oczenia na gor\u0105co folii metalowej na powierzchni opakowania, prezentuj\u0105c b\u0142yszcz\u0105cy efekt, zwi\u0119kszaj\u0105c luksus i klas\u0119 opakowania.<br \/>\nWiele opcji: Oferujemy wiele opcji kolorystycznych t\u0142oczenia na gor\u0105co, w tym m.in:<br \/>\nZ\u0142oto: Klasyczne i szlachetne, symbolizuj\u0105ce bogactwo i honor.<br \/>\nSrebrny: Prosty i modny, podkre\u015blaj\u0105cy poczucie nowoczesno\u015bci i technologii.<br \/>\nR\u00f3\u017cowe z\u0142oto: Delikatne i romantyczne, oddaj\u0105ce mi\u0119kko\u015b\u0107 i elegancj\u0119 kobiet.<br \/>\nLaserowe z\u0142oto: Ol\u015bniewaj\u0105ce, przyci\u0105gaj\u0105ce wzrok i zwi\u0119kszaj\u0105ce rozpoznawalno\u015b\u0107 produkt\u00f3w.<br \/>\nPrzetwarzanie szczeg\u00f3\u0142\u00f3w: Mo\u017cemy wykona\u0107 precyzyjne t\u0142oczenie na gor\u0105co zgodnie z projektem, takie jak t\u0142oczenie na gor\u0105co linii, t\u0142oczenie na gor\u0105co wzor\u00f3w, t\u0142oczenie na gor\u0105co tekstu itp. w celu zwi\u0119kszenia widoczno\u015bci logo marki i element\u00f3w projektu oraz poprawy wizerunku marki.<\/p>\n<p>4. Podszewka EVA, bezpieczna piel\u0119gnacja:<\/p>\n<p>Indywidualne wykrawanie: U\u017cywamy precyzyjnej technologii wykrawania, aby dostosowa\u0107 ekskluzywn\u0105 podszewk\u0119 EVA do rozmiaru i kszta\u0142tu pr\u00f3bki perfum, aby zapewni\u0107 stabilne umieszczenie produktu i unikn\u0105\u0107 wstrz\u0105s\u00f3w i tarcia.<br \/>\nR\u00f3\u017cne g\u0119sto\u015bci: Zapewniamy opcje materia\u0142\u00f3w EVA o r\u00f3\u017cnej g\u0119sto\u015bci, aby zaspokoi\u0107 potrzeby ochrony r\u00f3\u017cnych produkt\u00f3w. EVA o wysokiej g\u0119sto\u015bci ma lepsze w\u0142a\u015bciwo\u015bci amortyzuj\u0105ce i nadaje si\u0119 do delikatnych produkt\u00f3w; EVA o niskiej g\u0119sto\u015bci jest bardziej mi\u0119kka i nadaje si\u0119 do lekkich produkt\u00f3w.<br \/>\nWyb\u00f3r kolor\u00f3w: Zapewniamy r\u00f3\u017cne kolory materia\u0142u EVA do wyboru, dzi\u0119ki czemu kolory podszewki i pude\u0142ka zewn\u0119trznego s\u0105 skoordynowane i ujednolicone, a og\u00f3lna estetyka opakowania jest lepsza.<br \/>\nOchrona \u015brodowiska i bezpiecze\u0144stwo: U\u017cywane przez nas materia\u0142y EVA spe\u0142niaj\u0105 normy ochrony \u015brodowiska, s\u0105 nietoksyczne i bezwonne, bezpieczne i niezawodne.<\/p>\n<p>5. Magnetyczne zamkni\u0119cie, eleganckie do\u015bwiadczenie:<\/p>\n<p>Wygodne otwieranie i zamykanie: Konstrukcja magnetycznego prze\u0142\u0105cznika zamykania umo\u017cliwia u\u017cytkownikom \u0142atwe otwieranie i zamykanie opakowania bez wysi\u0142ku, co poprawia komfort u\u017cytkowania.<br \/>\nBezpieczny i stabilny: Si\u0142a magnetyczna jest umiarkowana, aby zapewni\u0107 szczelne zamkni\u0119cie opakowania, co zapobiega przypadkowemu upadkowi produktu.<br \/>\nUkryta konstrukcja: Magnes jest ukryty wewn\u0105trz opakowania, a jego wygl\u0105d jest prosty i pi\u0119kny, co nie wp\u0142ywa na og\u00f3lny wygl\u0105d.<\/p>\n<p>6. Chi\u0144ska fabryka, zapewnienie jako\u015bci, dostawa na czas:<\/p>\n<p>Do\u015bwiadczenie: Posiadamy wieloletnie do\u015bwiadczenie w produkcji opakowa\u0144, opanowali\u015bmy zaawansowan\u0105 technologi\u0119 i procesy produkcyjne oraz zapewniamy stabiln\u0105 i niezawodn\u0105 jako\u015b\u0107 produktu.<br \/>\n\u015acis\u0142a kontrola jako\u015bci: Stworzyli\u015bmy kompletny system kontroli jako\u015bci. Od zakupu surowc\u00f3w po wysy\u0142k\u0119 gotowego produktu, ka\u017cde ogniwo jest \u015bci\u015ble kontrolowane, aby upewni\u0107 si\u0119, \u017ce produkt spe\u0142nia Twoje wymagania.<br \/>\nWystarczaj\u0105ce zdolno\u015bci produkcyjne: Posiadamy wystarczaj\u0105ce moce produkcyjne, aby zaspokoi\u0107 potrzeby w zakresie produkcji masowej i zapewni\u0107 terminow\u0105 dostaw\u0119.<br \/>\nWygodna komunikacja: Jako chi\u0144ska fabryka mo\u017cemy komunikowa\u0107 si\u0119 z Tob\u0105 wygodniej i wydajniej, szybko reagowa\u0107 na Twoje potrzeby i zapewnia\u0107 profesjonalne rozwi\u0105zania.<\/p>\n<p>7. Obowi\u0105zuj\u0105ce scenariusze:<\/p>\n<p>Promocja marki: Wykorzystaj pr\u00f3bki perfum jako prezenty, dopasuj je do spersonalizowanych pude\u0142ek magnetycznych, wzmocnij wizerunek marki i przyci\u0105gnij potencjalnych klient\u00f3w.<br \/>\nWprowadzenie nowego produktu: Umie\u015b\u0107 pr\u00f3bki perfum w eleganckich pude\u0142kach magnetycznych jako opakowanie pr\u00f3bne dla nowych produkt\u00f3w, aby zach\u0119ci\u0107 konsument\u00f3w do zakupu.<br \/>\nPrezenty \u015bwi\u0105teczne: Po\u0142\u0105cz pr\u00f3bki perfum z pude\u0142kami magnetycznymi w zestawy upominkowe i podaruj je krewnym i przyjacio\u0142om jako prezenty \u015bwi\u0105teczne, aby wyrazi\u0107 swoje uczucia.<br \/>\nWysokiej klasy sprzeda\u017c detaliczna: Wy\u015bwietlanie pr\u00f3bek perfum w niestandardowych pude\u0142kach magnetycznych w celu zwi\u0119kszenia warto\u015bci produkt\u00f3w i przyci\u0105gni\u0119cia klient\u00f3w z wy\u017cszej p\u00f3\u0142ki.<\/p>\n<p>Nasze zalety:<\/p>\n<p>Profesjonalna personalizacja: Koncentrujemy si\u0119 na niestandardowych opakowaniach i mo\u017cemy zapewni\u0107 spersonalizowane rozwi\u0105zania zgodnie z Twoimi potrzebami.<br \/>\nDoskona\u0142a jako\u015b\u0107: \u015aci\u015ble kontrolujemy ka\u017cde ogniwo produkcyjne, aby zapewni\u0107, \u017ce jako\u015b\u0107 produktu spe\u0142nia Twoje oczekiwania.<br \/>\nRozs\u0105dna cena: Oferujemy konkurencyjne ceny, pozwalaj\u0105ce na oszcz\u0119dno\u015b\u0107 koszt\u00f3w przy jednoczesnym korzystaniu z produkt\u00f3w wysokiej jako\u015bci.<br \/>\nPrzemy\u015blana obs\u0142uga: Nasz profesjonalny zesp\u00f3\u0142 zapewni Ci pe\u0142n\u0105 obs\u0142ug\u0119, od projektu po produkcj\u0119, aby zapewni\u0107 Ci najlepsze rozwi\u0105zanie.<\/p>","protected":false},"excerpt":{"rendered":"<p>Magnetyczne pude\u0142ko na pr\u00f3bki perfum, specjalny papier ze z\u0142otym t\u0142oczeniem, luksusowa faktura. Podszewka EVA zapewnia stabiln\u0105 ochron\u0119, obs\u0142uguje nieograniczon\u0105 personalizacj\u0119, tworz\u0105c wyj\u0105tkowe wra\u017cenia zapachowe.<\/p>","protected":false},"featured_media":7880,"template":"","meta":[],"product_brand":[],"product_cat":[31,30,417,424],"product_tag":[222,437,350],"class_list":{"0":"post-7867","1":"product","2":"type-product","3":"status-publish","4":"has-post-thumbnail","6":"product_cat-paper-box-style","7":"product_cat-by-industry","8":"product_cat-custom-perfume-boxes-by-industry","9":"product_cat-magnetic-closure-boxes","10":"product_tag-custom-packaging-box","11":"product_tag-mini-perfume-wholesale","12":"product_tag-perfume-packaging-box","14":"first","15":"instock","16":"shipping-taxable","17":"product-type-simple"},"_links":{"self":[{"href":"https:\/\/zojopackaging.com\/pl\/wp-json\/wp\/v2\/product\/7867","targetHints":{"allow":["GET"]}}],"collection":[{"href":"https:\/\/zojopackaging.com\/pl\/wp-json\/wp\/v2\/product"}],"about":[{"href":"https:\/\/zojopackaging.com\/pl\/wp-json\/wp\/v2\/types\/product"}],"version-history":[{"count":2,"href":"https:\/\/zojopackaging.com\/pl\/wp-json\/wp\/v2\/product\/7867\/revisions"}],"predecessor-version":[{"id":7978,"href":"https:\/\/zojopackaging.com\/pl\/wp-json\/wp\/v2\/product\/7867\/revisions\/7978"}],"wp:featuredmedia":[{"embeddable":true,"href":"https:\/\/zojopackaging.com\/pl\/wp-json\/wp\/v2\/media\/7880"}],"wp:attachment":[{"href":"https:\/\/zojopackaging.com\/pl\/wp-json\/wp\/v2\/media?parent=7867"}],"wp:term":[{"taxonomy":"product_brand","embeddable":true,"href":"https:\/\/zojopackaging.com\/pl\/wp-json\/wp\/v2\/product_brand?post=7867"},{"taxonomy":"product_cat","embeddable":true,"href":"https:\/\/zojopackaging.com\/pl\/wp-json\/wp\/v2\/product_cat?post=7867"},{"taxonomy":"product_tag","embeddable":true,"href":"https:\/\/zojopackaging.com\/pl\/wp-json\/wp\/v2\/product_tag?post=7867"}],"curies":[{"name":"wp","href":"https:\/\/api.w.org\/{rel}","templated":true}]}}