{"id":7887,"date":"2025-03-22T16:36:30","date_gmt":"2025-03-22T08:36:30","guid":{"rendered":"https:\/\/zojopackaging.com\/?post_type=product&#038;p=7887"},"modified":"2025-03-22T21:50:19","modified_gmt":"2025-03-22T13:50:19","slug":"luxury-10ml-perfume-set-gift-box-form-china-manufacaturer","status":"publish","type":"product","link":"https:\/\/zojopackaging.com\/pl\/product\/luxury-10ml-perfume-set-gift-box-form-china-manufacaturer\/","title":{"rendered":"Luksusowy zestaw perfum 10 ml Pude\u0142ko upominkowe od chi\u0144skiego producenta"},"content":{"rendered":"<p>Nieograniczona personalizacja, podkre\u015blaj\u0105ca osobowo\u015b\u0107: Doskonale zdajemy sobie spraw\u0119, \u017ce ka\u017cda marka ma swoj\u0105 unikaln\u0105 osobowo\u015b\u0107 i histori\u0119. Dlatego zapewniamy nieograniczone us\u0142ugi dostosowywania, od rozmiaru, kszta\u0142tu, koloru po wz\u00f3r, kunszt, wszystko mo\u017ce by\u0107 spersonalizowane zgodnie z Twoimi potrzebami, aby zapewni\u0107, \u017ce Twoje opakowanie i wizerunek marki s\u0105 idealnie dopasowane.<br \/>\nPowlekany papier artystyczny C2S, jasne kolory: U\u017cywamy wysokiej jako\u015bci powlekanego papieru artystycznego C2S o g\u0142adkiej i b\u0142yszcz\u0105cej powierzchni oraz doskona\u0142ym efekcie drukowania, kt\u00f3ry mo\u017ce doskonale zaprezentowa\u0107 koncepcj\u0119 projektu. W po\u0142\u0105czeniu z technologi\u0105 druku CMYK, odwzorowanie kolor\u00f3w jest wysokie, obraz jest wyra\u017any i delikatny, dzi\u0119ki czemu opakowanie jest bardziej efektowne wizualnie.<br \/>\nPodszewka EVA, doskona\u0142a piel\u0119gnacja: U\u017cywamy wysokiej jako\u015bci podszewki EVA, kt\u00f3ra jest mi\u0119kka i elastyczna i mo\u017ce skutecznie chroni\u0107 pr\u00f3bki perfum oraz zapobiega\u0107 kolizjom i tarciu podczas transportu. Kszta\u0142t podszewki mo\u017cna dostosowa\u0107 do rozmiaru produktu, aby zapewni\u0107 idealne dopasowanie i stabilne umieszczenie.<br \/>\nChi\u0144ska fabryka, zapewnienie jako\u015bci: Posiadamy do\u015bwiadczon\u0105 chi\u0144sk\u0105 fabryk\u0119 wyposa\u017con\u0105 w zaawansowany sprz\u0119t produkcyjny i technologi\u0119 oraz \u015bci\u015ble kontrolujemy ka\u017cde ogniwo produkcyjne, aby zapewni\u0107 stabiln\u0105 i niezawodn\u0105 jako\u015b\u0107 produktu. Od zakupu surowc\u00f3w po kontrol\u0119 gotowych produkt\u00f3w, d\u0105\u017cymy do doskona\u0142o\u015bci i dostarczamy produkty godne zaufania i wysokiej jako\u015bci.<br \/>\nDostawa na czas, efektywna wsp\u00f3\u0142praca: Doskonale zdajemy sobie spraw\u0119 ze znaczenia czasu dla rynku. Dlatego obiecujemy dostarcza\u0107 produkty na czas, aby zapewni\u0107, \u017ce zostan\u0105 one wprowadzone na rynek zgodnie z planem i wykorzystaj\u0105 mo\u017cliwo\u015bci rynkowe. Nasz wydajny proces produkcji i profesjonalny zesp\u00f3\u0142 logistyczny zapewniaj\u0105 bezpieczne i wygodne us\u0142ugi dostawy.<br \/>\nEfekt makiety 3D - to, co widzisz, jest tym, co otrzymujesz: Zapewniamy us\u0142ug\u0119 makiety 3D, dzi\u0119ki czemu mo\u017cna wyra\u017anie podejrze\u0107 ko\u0144cowy efekt opakowania przed rozpocz\u0119ciem produkcji. Mo\u017cesz uwa\u017cnie obserwowa\u0107 je pod ka\u017cdym k\u0105tem i dostosowa\u0107 w razie potrzeby, aby upewni\u0107 si\u0119, \u017ce opakowanie idealnie spe\u0142nia Twoje oczekiwania.<br \/>\nCertyfikat FSC, wyb\u00f3r przyjazny dla \u015brodowiska: Papier, kt\u00f3rego u\u017cywamy, posiada certyfikat FSC, co oznacza, \u017ce nasze produkty pochodz\u0105 z las\u00f3w zarz\u0105dzanych w spos\u00f3b zr\u00f3wnowa\u017cony i spe\u0142niaj\u0105 normy \u015brodowiskowe. Wyb\u00f3r naszych produkt\u00f3w nie tylko poprawi wizerunek Twojej marki, ale tak\u017ce przyczyni si\u0119 do ochrony Ziemi.<\/p>\n<p>Szczeg\u00f3\u0142y produktu:<\/p>\n<p>Materia\u0142: wysokiej jako\u015bci papier powlekany C2S<br \/>\nDrukowanie: Druk CMYK<br \/>\nPodszewka: Niestandardowa podszewka EVA<br \/>\nProces: Opcjonalne t\u0142oczenie na gor\u0105co, punktowe UV, laminowanie i inne procesy obr\u00f3bki powierzchni<br \/>\nCertyfikacja: Certyfikat FSC<\/p>\n<p>Cechy:<br \/>\nMagnetyczne zamykanie i otwieranie, wygodne i pi\u0119kne<br \/>\nStabilna struktura, silna ochrona<br \/>\nMo\u017cliwo\u015b\u0107 dostosowania rozmiaru, kszta\u0142tu, koloru i wzoru<br \/>\nObs\u0142uga efektu makiety 3D<\/p>\n<p>Odpowiednie scenariusze:<\/p>\n<p>Wprowadzenie nowego produktu marki perfum<br \/>\nZestaw upominkowy perfum<br \/>\nPromocja na pr\u00f3bki perfum<br \/>\nWysokiej klasy opakowania detaliczne na perfumy<\/p>\n<p>Powody, dla kt\u00f3rych warto nas wybra\u0107:<\/p>\n<p>Profesjonalna us\u0142uga dostosowywania: Posiadamy profesjonalny zesp\u00f3\u0142 projektowy i zesp\u00f3\u0142 produkcyjny, kt\u00f3ry mo\u017ce zapewni\u0107 pe\u0142ny zakres niestandardowych us\u0142ug, od projektu po produkcj\u0119, bez obaw w ca\u0142ym procesie.<br \/>\nDoskona\u0142a jako\u015b\u0107: \u015aci\u015ble kontrolujemy ka\u017cde ogniwo produkcyjne, aby zapewni\u0107 stabiln\u0105 i niezawodn\u0105 jako\u015b\u0107 produktu, dzi\u0119ki czemu mo\u017cna go u\u017cywa\u0107 bez obaw.<br \/>\nPrzyjazne dla \u015brodowiska i zr\u00f3wnowa\u017cone: U\u017cywamy papieru z certyfikatem FSC, wspieramy zr\u00f3wnowa\u017con\u0105 gospodark\u0119 le\u015bn\u0105 i przyczyniamy si\u0119 do ochrony Ziemi.<br \/>\nWydajna i terminowa dostawa: Dysponujemy wydajnym procesem produkcji i profesjonalnym zespo\u0142em logistycznym, aby zapewni\u0107 terminow\u0105 dostaw\u0119 zam\u00f3wienia.<br \/>\nKonkurencyjna cena: Posiadamy kompletny system \u0142a\u0144cucha dostaw i system kontroli koszt\u00f3w, kt\u00f3ry mo\u017ce zapewni\u0107 konkurencyjne ceny i wy\u017csz\u0105 wydajno\u015b\u0107 kosztow\u0105.<\/p>","protected":false},"excerpt":{"rendered":"<p>Pude\u0142ko magnetyczne na pr\u00f3bki perfum, powlekany papier z nadrukiem CMYK, nieograniczona personalizacja, z podszewk\u0105 EVA. Wykwintne i bezpieczne, stw\u00f3rz sw\u00f3j w\u0142asny styl zapachowy<\/p>","protected":false},"featured_media":7888,"template":"","meta":[],"product_brand":[],"product_cat":[31,30,417,424],"product_tag":[438,333,439],"class_list":{"0":"post-7887","1":"product","2":"type-product","3":"status-publish","4":"has-post-thumbnail","6":"product_cat-paper-box-style","7":"product_cat-by-industry","8":"product_cat-custom-perfume-boxes-by-industry","9":"product_cat-magnetic-closure-boxes","10":"product_tag-10ml-perfume-set-gift-box","11":"product_tag-luxury-perfume-box","12":"product_tag-perfume-box-manufacaturer","14":"first","15":"instock","16":"shipping-taxable","17":"product-type-simple"},"_links":{"self":[{"href":"https:\/\/zojopackaging.com\/pl\/wp-json\/wp\/v2\/product\/7887","targetHints":{"allow":["GET"]}}],"collection":[{"href":"https:\/\/zojopackaging.com\/pl\/wp-json\/wp\/v2\/product"}],"about":[{"href":"https:\/\/zojopackaging.com\/pl\/wp-json\/wp\/v2\/types\/product"}],"version-history":[{"count":2,"href":"https:\/\/zojopackaging.com\/pl\/wp-json\/wp\/v2\/product\/7887\/revisions"}],"predecessor-version":[{"id":7977,"href":"https:\/\/zojopackaging.com\/pl\/wp-json\/wp\/v2\/product\/7887\/revisions\/7977"}],"wp:featuredmedia":[{"embeddable":true,"href":"https:\/\/zojopackaging.com\/pl\/wp-json\/wp\/v2\/media\/7888"}],"wp:attachment":[{"href":"https:\/\/zojopackaging.com\/pl\/wp-json\/wp\/v2\/media?parent=7887"}],"wp:term":[{"taxonomy":"product_brand","embeddable":true,"href":"https:\/\/zojopackaging.com\/pl\/wp-json\/wp\/v2\/product_brand?post=7887"},{"taxonomy":"product_cat","embeddable":true,"href":"https:\/\/zojopackaging.com\/pl\/wp-json\/wp\/v2\/product_cat?post=7887"},{"taxonomy":"product_tag","embeddable":true,"href":"https:\/\/zojopackaging.com\/pl\/wp-json\/wp\/v2\/product_tag?post=7887"}],"curies":[{"name":"wp","href":"https:\/\/api.w.org\/{rel}","templated":true}]}}