{"id":7895,"date":"2025-03-22T16:55:29","date_gmt":"2025-03-22T08:55:29","guid":{"rendered":"https:\/\/zojopackaging.com\/?post_type=product&#038;p=7895"},"modified":"2025-03-22T21:46:34","modified_gmt":"2025-03-22T13:46:34","slug":"custom-cosmetic-collapsible-rigid-gift-boxes-from-wholesale","status":"publish","type":"product","link":"https:\/\/zojopackaging.com\/pl\/product\/custom-cosmetic-collapsible-rigid-gift-boxes-from-wholesale\/","title":{"rendered":"Niestandardowe kosmetyczne sk\u0142adane sztywne pude\u0142ka na prezenty z hurtowni"},"content":{"rendered":"<p>Nieograniczone mo\u017cliwo\u015bci, dostosowane do woli: Zapewniamy nieograniczone us\u0142ugi dostosowywania, rozmiar, kszta\u0142t, kolor, wz\u00f3r, wszystko mo\u017ce by\u0107 spersonalizowane zgodnie z Twoimi potrzebami. Niezale\u017cnie od tego, czy jest to proste i modne, czy luksusowe i eleganckie, mo\u017cemy stworzy\u0107 dla Ciebie unikalne opakowanie, kt\u00f3re idealnie pasuje do wizerunku Twojej marki.<br \/>\nPowlekany papier artystyczny C2S, jasne kolory: U\u017cywamy wysokiej jako\u015bci powlekanego papieru artystycznego C2S o g\u0142adkiej i delikatnej powierzchni oraz doskona\u0142ym efekcie drukowania. W po\u0142\u0105czeniu z technologi\u0105 druku CMYK, odwzorowanie kolor\u00f3w jest wysokie, a obraz jest wyra\u017any i \u017cywy, dzi\u0119ki czemu opakowanie jest bardziej efektowne wizualnie i skutecznie przyci\u0105ga uwag\u0119 konsument\u00f3w.<\/p>\n<p>Sk\u0142adane pude\u0142ka na prezenty, oszcz\u0119dno\u015b\u0107 miejsca: Sk\u0142adane pude\u0142ka prezentowe s\u0105 sprytnie zaprojektowane, z du\u017c\u0105 ilo\u015bci\u0105 miejsca po roz\u0142o\u017ceniu, aby pomie\u015bci\u0107 r\u00f3\u017cne kosmetyki. Po z\u0142o\u017ceniu ma niewielkie rozmiary, jest \u0142atwe w transporcie i przechowywaniu, a tak\u017ce skutecznie oszcz\u0119dza koszty.<br \/>\nBezp\u0142atne pr\u00f3bki, pewno\u015b\u0107 do\u015bwiadczenia: Aby umo\u017cliwi\u0107 bardziej intuicyjne zrozumienie jako\u015bci naszych produkt\u00f3w i us\u0142ug, zapewniamy bezp\u0142atne us\u0142ugi pr\u00f3bkowania. Mo\u017cesz osobi\u015bcie zapozna\u0107 si\u0119 z naszymi materia\u0142ami, rzemios\u0142em i wzornictwem, aby upewni\u0107 si\u0119, \u017ce opakowanie idealnie spe\u0142nia Twoje oczekiwania.<br \/>\nChi\u0144scy dostawcy, korzy\u015bci kosztowe: Jeste\u015bmy profesjonalnym chi\u0144skim dostawc\u0105 z kompletnym systemem produkcyjnym i systemem \u0142a\u0144cucha dostaw, kt\u00f3ry mo\u017ce zapewni\u0107 ci konkurencyjne ceny, pozwalaj\u0105c ci zaoszcz\u0119dzi\u0107 koszty, jednocze\u015bnie ciesz\u0105c si\u0119 produktami wysokiej jako\u015bci.<br \/>\n\u015acis\u0142a kontrola jako\u015bci, zapewnienie jako\u015bci: Stworzyli\u015bmy kompletny system kontroli jako\u015bci. Od zakupu surowc\u00f3w po kontrol\u0119 gotowego produktu, ka\u017cde ogniwo jest \u015bci\u015ble kontrolowane, aby zapewni\u0107 stabiln\u0105 i niezawodn\u0105 jako\u015b\u0107 produktu, dzi\u0119ki czemu mo\u017cna go u\u017cywa\u0107 bez obaw.<br \/>\nDostawa na czas, sprawna wsp\u00f3\u0142praca: Doskonale zdajemy sobie spraw\u0119 z tego, jak wa\u017cny jest czas. Dlatego obiecujemy, \u017ce dostarczymy towar na czas, aby zapewni\u0107, \u017ce zam\u00f3wienie zostanie zrealizowane na czas i nie op\u00f3\u017ani planu sprzeda\u017cy.<br \/>\nEfekt makiety 3D, podgl\u0105d przysz\u0142o\u015bci: Zapewniamy us\u0142ug\u0119 makiety 3D, dzi\u0119ki czemu mo\u017cna wyra\u017anie podejrze\u0107 ostateczny efekt opakowania przed rozpocz\u0119ciem produkcji. Mo\u017cesz uwa\u017cnie obserwowa\u0107 je pod ka\u017cdym k\u0105tem i w razie potrzeby wprowadza\u0107 poprawki, aby upewni\u0107 si\u0119, \u017ce opakowanie idealnie spe\u0142nia Twoje oczekiwania.<br \/>\nCertyfikat FSC, wyb\u00f3r przyjazny dla \u015brodowiska: Papier, kt\u00f3rego u\u017cywamy, posiada certyfikat FSC, co oznacza, \u017ce nasze produkty pochodz\u0105 z las\u00f3w zarz\u0105dzanych w spos\u00f3b zr\u00f3wnowa\u017cony i spe\u0142niaj\u0105 normy \u015brodowiskowe. Wyb\u00f3r naszych produkt\u00f3w mo\u017ce nie tylko poprawi\u0107 wizerunek marki, ale tak\u017ce przyczyni\u0107 si\u0119 do ochrony Ziemi.<\/p>\n<p>Szczeg\u00f3\u0142y produktu:<\/p>\n<p>Materia\u0142: Wysokiej jako\u015bci powlekany papier artystyczny C2S<br \/>\nDrukowanie: Druk CMYK<br \/>\nStruktura: Sk\u0142adane pude\u0142ka na prezenty<br \/>\nProces: Opcjonalne t\u0142oczenie na gor\u0105co, punktowe UV, laminowanie i inne procesy wyko\u0144czeniowe<br \/>\nCertyfikacja: Certyfikat FSC<\/p>\n<p>Cechy:<br \/>\nSk\u0142adany, oszcz\u0119dzaj\u0105cy miejsce<br \/>\nStabilna konstrukcja, du\u017ca no\u015bno\u015b\u0107<br \/>\nMo\u017cliwo\u015b\u0107 dostosowania rozmiaru, kszta\u0142tu, koloru i wzoru<br \/>\nObs\u0142uga efektu makiety 3D<\/p>\n<p>Odpowiednie scenariusze:<\/p>\n<p>Opakowanie na prezent kosmetyczny<br \/>\nOpakowanie na zestaw kosmetyk\u00f3w<br \/>\nKosmetyczne opakowania promocyjne<br \/>\nOpakowania detaliczne kosmetyk\u00f3w<\/p>\n<p>Powody, dla kt\u00f3rych warto nas wybra\u0107:<\/p>\n<p>Profesjonalna us\u0142uga dostosowywania: Posiadamy profesjonalny zesp\u00f3\u0142 projektowy i zesp\u00f3\u0142 produkcyjny, kt\u00f3ry mo\u017ce zapewni\u0107 pe\u0142ny zakres niestandardowych us\u0142ug, od projektu po produkcj\u0119, bez obaw w ca\u0142ym procesie.<br \/>\nDoskona\u0142a jako\u015b\u0107: \u015aci\u015ble kontrolujemy ka\u017cde ogniwo produkcyjne, aby zapewni\u0107 stabiln\u0105 i niezawodn\u0105 jako\u015b\u0107 produktu, dzi\u0119ki czemu mo\u017cna go u\u017cywa\u0107 bez obaw.<br \/>\nPrzyjazne dla \u015brodowiska i zr\u00f3wnowa\u017cone: U\u017cywamy papieru z certyfikatem FSC, wspieramy zr\u00f3wnowa\u017con\u0105 gospodark\u0119 le\u015bn\u0105 i przyczyniamy si\u0119 do ochrony Ziemi.<br \/>\nWydajna i terminowa dostawa: Dysponujemy wydajnym procesem produkcji i profesjonalnym zespo\u0142em logistycznym, aby zapewni\u0107 terminow\u0105 dostaw\u0119 zam\u00f3wienia.<br \/>\nKonkurencyjne ceny: Posiadamy kompletny system \u0142a\u0144cucha dostaw i system kontroli koszt\u00f3w, kt\u00f3ry mo\u017ce zapewni\u0107 konkurencyjne ceny i wy\u017csz\u0105 wydajno\u015b\u0107 kosztow\u0105.<\/p>","protected":false},"excerpt":{"rendered":"<p>Niestandardowe sk\u0142adane pude\u0142ka kosmetyczne, powlekany papier CMYK, jasne kolory, nieograniczone niestandardowe rozmiary i wzory, stw\u00f3rz w\u0142asny wizerunek marki!<\/p>","protected":false},"featured_media":7896,"template":"","meta":[],"product_brand":[],"product_cat":[31,30,427,390],"product_tag":[440,441,278],"class_list":{"0":"post-7895","1":"product","2":"type-product","3":"status-publish","4":"has-post-thumbnail","6":"product_cat-paper-box-style","7":"product_cat-by-industry","8":"product_cat-collapsible-gift-boxes","9":"product_cat-custom-cosmetics-boxes","10":"product_tag-cosmetic-collapsible-rigid-gift-boxes","11":"product_tag-cosmetic-gift-boxes-wholesale","12":"product_tag-custom-cosmetic-boxes","14":"first","15":"instock","16":"shipping-taxable","17":"product-type-simple"},"_links":{"self":[{"href":"https:\/\/zojopackaging.com\/pl\/wp-json\/wp\/v2\/product\/7895","targetHints":{"allow":["GET"]}}],"collection":[{"href":"https:\/\/zojopackaging.com\/pl\/wp-json\/wp\/v2\/product"}],"about":[{"href":"https:\/\/zojopackaging.com\/pl\/wp-json\/wp\/v2\/types\/product"}],"version-history":[{"count":2,"href":"https:\/\/zojopackaging.com\/pl\/wp-json\/wp\/v2\/product\/7895\/revisions"}],"predecessor-version":[{"id":7976,"href":"https:\/\/zojopackaging.com\/pl\/wp-json\/wp\/v2\/product\/7895\/revisions\/7976"}],"wp:featuredmedia":[{"embeddable":true,"href":"https:\/\/zojopackaging.com\/pl\/wp-json\/wp\/v2\/media\/7896"}],"wp:attachment":[{"href":"https:\/\/zojopackaging.com\/pl\/wp-json\/wp\/v2\/media?parent=7895"}],"wp:term":[{"taxonomy":"product_brand","embeddable":true,"href":"https:\/\/zojopackaging.com\/pl\/wp-json\/wp\/v2\/product_brand?post=7895"},{"taxonomy":"product_cat","embeddable":true,"href":"https:\/\/zojopackaging.com\/pl\/wp-json\/wp\/v2\/product_cat?post=7895"},{"taxonomy":"product_tag","embeddable":true,"href":"https:\/\/zojopackaging.com\/pl\/wp-json\/wp\/v2\/product_tag?post=7895"}],"curies":[{"name":"wp","href":"https:\/\/api.w.org\/{rel}","templated":true}]}}