{"id":7903,"date":"2025-03-22T17:07:06","date_gmt":"2025-03-22T09:07:06","guid":{"rendered":"https:\/\/zojopackaging.com\/?post_type=product&#038;p=7903"},"modified":"2025-03-22T21:41:45","modified_gmt":"2025-03-22T13:41:45","slug":"custom-essential-oil-packaging-boxes-wholesale-in-china","status":"publish","type":"product","link":"https:\/\/zojopackaging.com\/pl\/product\/custom-essential-oil-packaging-boxes-wholesale-in-china\/","title":{"rendered":"Niestandardowe pude\u0142ka do pakowania olejk\u00f3w eterycznych hurtowo w Chinach"},"content":{"rendered":"<p>Dostosuj swoje pude\u0142ko, jak chcesz: Oferujemy szerok\u0105 gam\u0119 niestandardowych opcji pude\u0142ek, w tym pude\u0142ka z pokryw\u0105 i podstaw\u0105, pude\u0142ka z klapk\u0105, pude\u0142ka papierowe z szufladami, pude\u0142ka z zamkni\u0119ciem magnetycznym itp. Je\u015bli masz unikaln\u0105 koncepcj\u0119 projektow\u0105, mo\u017cemy r\u00f3wnie\u017c dostosowa\u0107 j\u0105 do Twoich potrzeb i stworzy\u0107 unikalny typ pude\u0142ka.<br \/>\nZaprojektowane specjalnie dla kosmetyk\u00f3w: Nasze pude\u0142ka do pakowania s\u0105 zaprojektowane specjalnie dla kosmetyk\u00f3w, z pe\u0142nym uwzgl\u0119dnieniem cech produktu i nawyk\u00f3w u\u017cytkowania konsument\u00f3w. Niezale\u017cnie od tego, czy jest to szminka, podk\u0142ad, cie\u0144 do powiek czy produkty do piel\u0119gnacji sk\u00f3ry, mo\u017cemy zapewni\u0107 doskona\u0142e rozwi\u0105zania w zakresie opakowa\u0144, kt\u00f3re chroni\u0105 produkt i zwi\u0119kszaj\u0105 jego warto\u015b\u0107.<br \/>\nNieograniczone mo\u017cliwo\u015bci, nieograniczona personalizacja: Zapewniamy naprawd\u0119 nieograniczone us\u0142ugi dostosowywania, rozmiar, kolor, wz\u00f3r, materia\u0142, wszystko mo\u017cna spersonalizowa\u0107 zgodnie z w\u0142asnymi potrzebami. Mo\u017cesz w pe\u0142ni wykorzysta\u0107 swoj\u0105 kreatywno\u015b\u0107 i stworzy\u0107 unikalne opakowanie marki.<br \/>\nMateria\u0142 kartonowy, jasne kolory: U\u017cywamy wysokiej jako\u015bci kartonu o g\u0142adkiej i delikatnej powierzchni oraz doskona\u0142ym efekcie drukowania. W po\u0142\u0105czeniu z technologi\u0105 druku CMYK, odwzorowanie kolor\u00f3w jest wysokie, a obraz jest wyra\u017any i \u017cywy, dzi\u0119ki czemu opakowanie jest bardziej efektowne wizualnie i skutecznie przyci\u0105ga uwag\u0119 konsument\u00f3w.<br \/>\nTechnologia z\u0142otej folii t\u0142oczonej na gor\u0105co, luksusowe zdobienie: U\u017cywamy wykwintnej technologii z\u0142otej folii t\u0142oczonej na gor\u0105co do t\u0142oczenia folii metalowej na powierzchni opakowania, pokazuj\u0105c ol\u015bniewaj\u0105cy po\u0142ysk i tekstur\u0119. Z\u0142ota folia do t\u0142oczenia na gor\u0105co mo\u017ce by\u0107 nak\u0142adana na logo, tekst, wzory itp., natychmiast zwi\u0119kszaj\u0105c klas\u0119 i luksus opakowania, czyni\u0105c produkt bardziej atrakcyjnym.<br \/>\nBezp\u0142atne pr\u00f3bki, osobiste do\u015bwiadczenie: Aby umo\u017cliwi\u0107 bardziej intuicyjne zrozumienie jako\u015bci naszych produkt\u00f3w i rzemios\u0142a, zapewniamy bezp\u0142atne us\u0142ugi pr\u00f3bkowania. Mo\u017cesz osobi\u015bcie zapozna\u0107 si\u0119 z naszymi materia\u0142ami, wyko\u0144czeniem i projektem, aby upewni\u0107 si\u0119, \u017ce opakowanie idealnie spe\u0142nia Twoje oczekiwania.<br \/>\nChi\u0144ska fabryka \u017ar\u00f3d\u0142owa, przewaga cenowa: Jeste\u015bmy fabryk\u0105 \u017ar\u00f3d\u0142ow\u0105 w Chinach, z kompletnym systemem produkcyjnym i systemem \u0142a\u0144cucha dostaw, kt\u00f3ry mo\u017ce zapewni\u0107 Ci bardzo konkurencyjne ceny, pozwalaj\u0105c Ci zaoszcz\u0119dzi\u0107 koszty, jednocze\u015bnie ciesz\u0105c si\u0119 produktami wysokiej jako\u015bci.<br \/>\n\u015acis\u0142a kontrola jako\u015bci, doskona\u0142o\u015b\u0107: Ustanowili\u015bmy \u015bcis\u0142y system kontroli jako\u015bci. Od zakupu surowc\u00f3w po kontrol\u0119 gotowego produktu, ka\u017cde ogniwo jest \u015bci\u015ble kontrolowane, aby zapewni\u0107 stabiln\u0105 i niezawodn\u0105 jako\u015b\u0107 produktu, dzi\u0119ki czemu mo\u017cna go u\u017cywa\u0107 bez obaw.<br \/>\nDostawa na czas, sprawnie i szybko: Doskonale zdajemy sobie spraw\u0119 z tego, jak wa\u017cny jest czas. Dlatego obiecujemy, \u017ce dostarczymy towar na czas, aby zapewni\u0107, \u017ce zam\u00f3wienie zostanie zrealizowane na czas i nie op\u00f3\u017ani planu sprzeda\u017cy.<br \/>\nEfekt makiety 3D, podgl\u0105d przysz\u0142o\u015bci: Zapewniamy us\u0142ug\u0119 makiety 3D, dzi\u0119ki czemu mo\u017cna wyra\u017anie podejrze\u0107 ostateczny efekt opakowania przed rozpocz\u0119ciem produkcji. Mo\u017cesz uwa\u017cnie obserwowa\u0107 je pod ka\u017cdym k\u0105tem i w razie potrzeby wprowadza\u0107 poprawki, aby upewni\u0107 si\u0119, \u017ce opakowanie idealnie spe\u0142nia Twoje oczekiwania.<br \/>\nCertyfikacja FSC i ISO, zaanga\u017cowanie w ochron\u0119 \u015brodowiska i jako\u015b\u0107: Nasze produkty przesz\u0142y certyfikacj\u0119 FSC i certyfikacj\u0119 ISO, co reprezentuje nasze zaanga\u017cowanie w ochron\u0119 \u015brodowiska i odpowiedzialno\u015b\u0107 spo\u0142eczn\u0105, a tak\u017ce surowe wymagania dotycz\u0105ce jako\u015bci produkt\u00f3w i systemu zarz\u0105dzania.<br \/>\nW pe\u0142ni zautomatyzowana produkcja, wydajna i stabilna: U\u017cywamy w pe\u0142ni zautomatyzowanego sprz\u0119tu produkcyjnego, aby osi\u0105gn\u0105\u0107 wydajny i stabilny proces produkcyjny, znacznie poprawi\u0107 wydajno\u015b\u0107 produkcji i jako\u015b\u0107 produktu oraz zapewni\u0107 szybk\u0105 realizacj\u0119 zam\u00f3wienia przy zachowaniu wysokiej jako\u015bci.<\/p>\n<p>Specyfikacja produktu:<\/p>\n<p>Materia\u0142: wysokiej jako\u015bci karton<br \/>\nDrukowanie: Druk CMYK<br \/>\nProces: opcjonalna z\u0142ota folia t\u0142oczona na gor\u0105co, punktowe UV, laminowanie, wyt\u0142aczanie i inne procesy wyko\u0144czeniowe<br \/>\nCertyfikaty: Certyfikat FSC, Certyfikat ISO<br \/>\nCechy:<br \/>\nDost\u0119pne s\u0105 r\u00f3\u017cne niestandardowe typy skrzynek<br \/>\nZaprojektowany specjalnie dla kosmetyk\u00f3w<br \/>\nTechnologia z\u0142otej folii t\u0142oczonej na gor\u0105co poprawiaj\u0105ca tekstur\u0119<br \/>\nW pe\u0142ni zautomatyzowana produkcja, wydajna i stabilna<br \/>\nObs\u0142uga efektu makiety 3D<\/p>\n<p>Odpowiednie scenariusze:<\/p>\n<p>Wysokiej klasy opakowania na kosmetyki<br \/>\nOpakowanie na zestaw kosmetyk\u00f3w<br \/>\nWprowadzenie nowego produktu kosmetycznego<br \/>\nOpakowania detaliczne kosmetyk\u00f3w<\/p>\n<p>Powody, dla kt\u00f3rych warto nas wybra\u0107:<\/p>\n<p>Profesjonalna us\u0142uga dostosowywania: Posiadamy profesjonalny zesp\u00f3\u0142 projektowy i zesp\u00f3\u0142 produkcyjny, kt\u00f3ry mo\u017ce zapewni\u0107 pe\u0142ny zakres niestandardowych us\u0142ug, od projektu po produkcj\u0119, bez obaw w ca\u0142ym procesie.<br \/>\nDoskona\u0142e zapewnienie jako\u015bci: \u015aci\u015ble kontrolujemy ka\u017cde ogniwo produkcyjne, aby zapewni\u0107 stabiln\u0105 i niezawodn\u0105 jako\u015b\u0107 produktu, dzi\u0119ki czemu mo\u017cna go u\u017cywa\u0107 bez obaw.<br \/>\nOczywista przewaga cenowa: Jeste\u015bmy fabryk\u0105 \u017ar\u00f3d\u0142ow\u0105 i mo\u017cemy zapewni\u0107 najbardziej konkurencyjn\u0105 cen\u0119, co pozwala uzyska\u0107 wy\u017csz\u0105 wydajno\u015b\u0107 kosztow\u0105.<br \/>\nWydajna i terminowa dostawa: Dysponujemy wydajnym procesem produkcji i profesjonalnym zespo\u0142em logistycznym, aby zapewni\u0107 terminow\u0105 dostaw\u0119 zam\u00f3wienia.<br \/>\nPrzyjazny dla \u015brodowiska i zr\u00f3wnowa\u017cony: U\u017cywamy papieru z certyfikatem FSC, aby wspiera\u0107 zr\u00f3wnowa\u017con\u0105 gospodark\u0119 le\u015bn\u0105 i przyczynia\u0107 si\u0119 do ochrony Ziemi.<\/p>\n<p>Skontaktuj si\u0119 z nami ju\u017c teraz, aby poprosi\u0107 o bezp\u0142atn\u0105 pr\u00f3bk\u0119 i spersonalizowa\u0107 swoje ekskluzywne opakowanie kosmetyczne!<\/p>","protected":false},"excerpt":{"rendered":"<p>Dostosuj pude\u0142ka kosmetyczne, projektuj jak chcesz! Technologia t\u0142oczenia na gor\u0105co papieru powlekanego, pokazuj\u0105ca luksus. Dost\u0119pne s\u0105 r\u00f3\u017cne rodzaje pude\u0142ek do tworzenia ekskluzywnych opakowa\u0144 marki<\/p>","protected":false},"featured_media":7905,"template":"","meta":[],"product_brand":[],"product_cat":[31,30,390,424],"product_tag":[442,444,443],"class_list":{"0":"post-7903","1":"product","2":"type-product","3":"status-publish","4":"has-post-thumbnail","6":"product_cat-paper-box-style","7":"product_cat-by-industry","8":"product_cat-custom-cosmetics-boxes","9":"product_cat-magnetic-closure-boxes","10":"product_tag-custom-essential-oil-boxes","11":"product_tag-custom-essential-oil-boxes-wholesale","12":"product_tag-essential-oil-packaging-boxes","14":"first","15":"instock","16":"shipping-taxable","17":"product-type-simple"},"_links":{"self":[{"href":"https:\/\/zojopackaging.com\/pl\/wp-json\/wp\/v2\/product\/7903","targetHints":{"allow":["GET"]}}],"collection":[{"href":"https:\/\/zojopackaging.com\/pl\/wp-json\/wp\/v2\/product"}],"about":[{"href":"https:\/\/zojopackaging.com\/pl\/wp-json\/wp\/v2\/types\/product"}],"version-history":[{"count":2,"href":"https:\/\/zojopackaging.com\/pl\/wp-json\/wp\/v2\/product\/7903\/revisions"}],"predecessor-version":[{"id":7975,"href":"https:\/\/zojopackaging.com\/pl\/wp-json\/wp\/v2\/product\/7903\/revisions\/7975"}],"wp:featuredmedia":[{"embeddable":true,"href":"https:\/\/zojopackaging.com\/pl\/wp-json\/wp\/v2\/media\/7905"}],"wp:attachment":[{"href":"https:\/\/zojopackaging.com\/pl\/wp-json\/wp\/v2\/media?parent=7903"}],"wp:term":[{"taxonomy":"product_brand","embeddable":true,"href":"https:\/\/zojopackaging.com\/pl\/wp-json\/wp\/v2\/product_brand?post=7903"},{"taxonomy":"product_cat","embeddable":true,"href":"https:\/\/zojopackaging.com\/pl\/wp-json\/wp\/v2\/product_cat?post=7903"},{"taxonomy":"product_tag","embeddable":true,"href":"https:\/\/zojopackaging.com\/pl\/wp-json\/wp\/v2\/product_tag?post=7903"}],"curies":[{"name":"wp","href":"https:\/\/api.w.org\/{rel}","templated":true}]}}