{"id":7921,"date":"2025-03-22T17:35:04","date_gmt":"2025-03-22T09:35:04","guid":{"rendered":"https:\/\/zojopackaging.com\/?post_type=product&#038;p=7921"},"modified":"2025-03-22T21:35:43","modified_gmt":"2025-03-22T13:35:43","slug":"gourmet-premium-chocolate-gift-boxes-from-china-manufactur","status":"publish","type":"product","link":"https:\/\/zojopackaging.com\/pl\/product\/gourmet-premium-chocolate-gift-boxes-from-china-manufactur\/","title":{"rendered":"Pude\u0142ka na prezenty Gourmet Premium Chocolate od chi\u0144skiego producenta"},"content":{"rendered":"<p>Klasyczne pude\u0142ka z magnetycznym zamkni\u0119ciem, wygodne i eleganckie: Pude\u0142ko z zamkni\u0119ciem magnetycznym ma klasyczny i nastrojowy wygl\u0105d, a jego otwieranie i zamykanie jest \u0142atwe, co dodaje eleganckiego rytua\u0142u produktom czekoladowym.<br \/>\nS\u0142odka ochrona, wy\u0142\u0105cznie dla czekolady: Nasze pude\u0142ka do pakowania zosta\u0142y zaprojektowane specjalnie dla czekolady, z pe\u0142nym uwzgl\u0119dnieniem wra\u017cliwo\u015bci czekolady na temperatur\u0119, wilgotno\u015b\u0107 i \u015bwiat\u0142o. Dob\u00f3r materia\u0142\u00f3w i projekt konstrukcyjny maj\u0105 na celu zapewnienie najlepszej ochrony czekolady i zapewnienie jej pysznego smaku.<br \/>\nNieograniczone mo\u017cliwo\u015bci personalizacji: Zapewniamy naprawd\u0119 nieograniczone us\u0142ugi dostosowywania, a wszystko, od rozmiaru, kszta\u0142tu, koloru i wzoru, mo\u017cna spersonalizowa\u0107 zgodnie z w\u0142asnymi potrzebami. Mo\u017cesz w pe\u0142ni wykorzysta\u0107 swoj\u0105 kreatywno\u015b\u0107 i stworzy\u0107 unikalne, ekskluzywne opakowanie.<br \/>\nWspania\u0142a prezentacja, materia\u0142 kartonowy: U\u017cywamy wysokiej jako\u015bci kartonu o g\u0142adkiej i delikatnej powierzchni oraz doskona\u0142ym efekcie drukowania. W po\u0142\u0105czeniu z technologi\u0105 druku CMYK, odwzorowanie kolor\u00f3w jest wysokie, a obraz jest wyra\u017any i \u017cywy, dzi\u0119ki czemu opakowanie jest bardziej efektowne wizualnie i skutecznie przyci\u0105ga uwag\u0119 konsument\u00f3w.<br \/>\nBezpieczna i higieniczna plastikowa pow\u0142oka: U\u017cywamy plastikowej wy\u015bci\u00f3\u0142ki o jako\u015bci spo\u017cywczej, kt\u00f3ra jest bezpieczna i higieniczna, nietoksyczna i bezwonna, mo\u017ce bezpo\u015brednio styka\u0107 si\u0119 z czekolad\u0105, unika\u0107 zanieczyszczenia i zapewnia\u0107 bezpiecze\u0144stwo \u017cywno\u015bci. Kszta\u0142t wy\u015bci\u00f3\u0142ki mo\u017cna dostosowa\u0107 do kszta\u0142tu czekolady, aby zapewni\u0107, \u017ce czekolada jest umieszczona stabilnie i nie jest \u0142atwo uszkodzona.<br \/>\nBezp\u0142atne pr\u00f3bki, osobiste do\u015bwiadczenie: Aby umo\u017cliwi\u0107 bardziej intuicyjne zrozumienie jako\u015bci naszych produkt\u00f3w i rzemios\u0142a, zapewniamy bezp\u0142atne us\u0142ugi pr\u00f3bkowania. Mo\u017cesz osobi\u015bcie zapozna\u0107 si\u0119 z naszymi materia\u0142ami, rzemios\u0142em i wzornictwem, aby upewni\u0107 si\u0119, \u017ce opakowanie doskonale spe\u0142nia Twoje oczekiwania.<br \/>\nFabryka \u017ar\u00f3d\u0142owa w Chinach, najni\u017csza cena: Jeste\u015bmy fabryk\u0105 \u017ar\u00f3d\u0142ow\u0105 w Chinach, z kompletnym systemem produkcyjnym i systemem \u0142a\u0144cucha dostaw, kt\u00f3ry mo\u017ce zapewni\u0107 najni\u017csz\u0105 cen\u0119, pozwalaj\u0105c zaoszcz\u0119dzi\u0107 koszty, jednocze\u015bnie ciesz\u0105c si\u0119 produktami wysokiej jako\u015bci.<br \/>\n\u015acis\u0142a kontrola jako\u015bci, doskona\u0142o\u015b\u0107: Ustanowili\u015bmy \u015bcis\u0142y system kontroli jako\u015bci. Od zakupu surowc\u00f3w po kontrol\u0119 gotowego produktu, ka\u017cde ogniwo jest \u015bci\u015ble kontrolowane, aby zapewni\u0107 stabiln\u0105 i niezawodn\u0105 jako\u015b\u0107 produktu, dzi\u0119ki czemu mo\u017cna go u\u017cywa\u0107 bez obaw.<br \/>\nEfekt makiety 3D, podgl\u0105d przysz\u0142o\u015bci: Zapewniamy us\u0142ug\u0119 makiety 3D, dzi\u0119ki kt\u00f3rej mo\u017cna wyra\u017anie zobaczy\u0107 efekt ko\u0144cowy opakowania przed rozpocz\u0119ciem produkcji. Mo\u017cesz uwa\u017cnie obserwowa\u0107 je pod ka\u017cdym k\u0105tem i w razie potrzeby dostosowa\u0107, aby upewni\u0107 si\u0119, \u017ce opakowanie idealnie spe\u0142nia Twoje oczekiwania.<br \/>\nCertyfikacja FSC i ISO, ochrona \u015brodowiska i zaanga\u017cowanie w jako\u015b\u0107: Nasze produkty przesz\u0142y certyfikacj\u0119 FSC i certyfikacj\u0119 ISO, co reprezentuje nasze zaanga\u017cowanie w ochron\u0119 \u015brodowiska i odpowiedzialno\u015b\u0107 spo\u0142eczn\u0105, a tak\u017ce surowe wymagania dotycz\u0105ce jako\u015bci produkt\u00f3w i systemu zarz\u0105dzania.<br \/>\nW pe\u0142ni zautomatyzowana produkcja, wydajna i stabilna: U\u017cywamy w pe\u0142ni zautomatyzowanego sprz\u0119tu produkcyjnego, aby osi\u0105gn\u0105\u0107 wydajny i stabilny proces produkcyjny, znacznie poprawiaj\u0105c wydajno\u015b\u0107 produkcji i jako\u015b\u0107 produktu, zapewniaj\u0105c szybk\u0105 realizacj\u0119 zam\u00f3wienia przy zachowaniu wysokiej jako\u015bci.<br \/>\nSzybka dostawa pr\u00f3bek w ci\u0105gu 3 dni, sprawna reakcja: Obiecujemy szybkie dostarczenie pr\u00f3bek w ci\u0105gu 3 dni, co pozwala na szybkie potwierdzenie planu projektowego, skr\u00f3cenie cyklu produkcyjnego i wykorzystanie szansy rynkowej.<br \/>\nBezp\u0142atny projekt, profesjonalne doradztwo: Zapewniamy bezp\u0142atne us\u0142ugi projektowe, a profesjonalni projektanci dostosuj\u0105 dla Ciebie rozwi\u0105zania opakowaniowe. Mo\u017cesz przedstawi\u0107 swoje pomys\u0142y i potrzeby, a my udzielimy Ci profesjonalnych wskaz\u00f3wek i sugestii, kt\u00f3re pomog\u0105 Ci stworzy\u0107 unikalne opakowanie marki.<\/p>\n<p>Specyfikacja produktu:<\/p>\n<p>Materia\u0142: wysokiej jako\u015bci karton<br \/>\nDrukowanie: Druk CMYK<br \/>\nTyp pude\u0142ka: pude\u0142ko z magnetycznym zamkni\u0119ciem<br \/>\nCertyfikaty: Certyfikat FSC, Certyfikat ISO<br \/>\nCechy:<br \/>\nMagnetyczne zamkni\u0119cie, wygodne i eleganckie<br \/>\nBezpieczna i higieniczna wy\u015bci\u00f3\u0142ka z tworzywa sztucznego dopuszczonego do kontaktu z \u017cywno\u015bci\u0105<br \/>\nPersonalizacja marki, ekskluzywny styl<br \/>\nW pe\u0142ni zautomatyzowana produkcja, wydajna i stabilna<br \/>\n3-dniowa szybka pr\u00f3bka, skuteczna reakcja<br \/>\nBezp\u0142atna us\u0142uga projektowania<br \/>\nObs\u0142uga wy\u015bwietlania efekt\u00f3w 3D<\/p>\n<p>Odpowiednie scenariusze:<\/p>\n<p>Wysokiej klasy opakowanie na czekoladowy prezent<br \/>\nPromocja marki czekolady<br \/>\n\u015awi\u0105teczne opakowania czekoladowe na prezenty<br \/>\nOpakowania detaliczne na czekolad\u0119<\/p>\n<p>Powody, dla kt\u00f3rych warto nas wybra\u0107:<\/p>\n<p>Profesjonalna us\u0142uga dostosowywania: Posiadamy profesjonalny zesp\u00f3\u0142 projektowy i zesp\u00f3\u0142 produkcyjny, kt\u00f3ry mo\u017ce zapewni\u0107 pe\u0142ny zakres niestandardowych us\u0142ug, od projektu po produkcj\u0119, bez obaw w ca\u0142ym procesie.<br \/>\nDoskona\u0142a jako\u015b\u0107: \u015aci\u015ble kontrolujemy ka\u017cde ogniwo produkcyjne, aby zapewni\u0107 stabiln\u0105 i niezawodn\u0105 jako\u015b\u0107 produktu, dzi\u0119ki czemu mo\u017cna go u\u017cywa\u0107 bez obaw.<br \/>\nOczywista przewaga cenowa: Jeste\u015bmy fabryk\u0105 \u017ar\u00f3d\u0142ow\u0105 i mo\u017cemy zapewni\u0107 najbardziej konkurencyjn\u0105 cen\u0119, dzi\u0119ki czemu mo\u017cna uzyska\u0107 wy\u017csz\u0105 wydajno\u015b\u0107 kosztow\u0105.<br \/>\nWydajna i terminowa dostawa: Dysponujemy wydajnym procesem produkcji i profesjonalnym zespo\u0142em logistycznym, aby zapewni\u0107 terminow\u0105 dostaw\u0119 zam\u00f3wienia.<br \/>\nSzybka pr\u00f3bka w 3 dni: Obiecujemy szybko wyprodukowa\u0107 pr\u00f3bki w ci\u0105gu 3 dni, aby\u015b m\u00f3g\u0142 szybko potwierdzi\u0107 plan projektu.<br \/>\nBezp\u0142atna us\u0142uga projektowania: Zapewniamy bezp\u0142atne us\u0142ugi projektowe i rozwi\u0105zania opakowaniowe dostosowane do indywidualnych potrzeb.<br \/>\nPrzyjazne dla \u015brodowiska i zr\u00f3wnowa\u017cone: U\u017cywamy papieru z certyfikatem FSC, wspieramy zr\u00f3wnowa\u017con\u0105 gospodark\u0119 le\u015bn\u0105 i przyczyniamy si\u0119 do ochrony Ziemi.<\/p>","protected":false},"excerpt":{"rendered":"<p>Niestandardowe czekoladowe pude\u0142ko magnetyczne, drukowane na powlekanym papierze, wy\u0142o\u017cone plastikow\u0105 tac\u0105, bezpieczne i higieniczne. Nieograniczone mo\u017cliwo\u015bci dostosowania rozmiaru i logo marki w celu stworzenia ekskluzywnego s\u0142odkiego opakowania<\/p>","protected":false},"featured_media":7922,"template":"","meta":[],"product_brand":[],"product_cat":[31,30,422,424],"product_tag":[450,448,449],"class_list":{"0":"post-7921","1":"product","2":"type-product","3":"status-publish","4":"has-post-thumbnail","6":"product_cat-paper-box-style","7":"product_cat-by-industry","8":"product_cat-custom-gourmet-boxes-by-industry","9":"product_cat-magnetic-closure-boxes","10":"product_tag-chocolate-gift-boxes-manufactur","11":"product_tag-gourmet-chocolate-gift-boxes","12":"product_tag-premium-chocolate-gift-boxes","14":"first","15":"instock","16":"shipping-taxable","17":"product-type-simple"},"_links":{"self":[{"href":"https:\/\/zojopackaging.com\/pl\/wp-json\/wp\/v2\/product\/7921","targetHints":{"allow":["GET"]}}],"collection":[{"href":"https:\/\/zojopackaging.com\/pl\/wp-json\/wp\/v2\/product"}],"about":[{"href":"https:\/\/zojopackaging.com\/pl\/wp-json\/wp\/v2\/types\/product"}],"version-history":[{"count":2,"href":"https:\/\/zojopackaging.com\/pl\/wp-json\/wp\/v2\/product\/7921\/revisions"}],"predecessor-version":[{"id":7974,"href":"https:\/\/zojopackaging.com\/pl\/wp-json\/wp\/v2\/product\/7921\/revisions\/7974"}],"wp:featuredmedia":[{"embeddable":true,"href":"https:\/\/zojopackaging.com\/pl\/wp-json\/wp\/v2\/media\/7922"}],"wp:attachment":[{"href":"https:\/\/zojopackaging.com\/pl\/wp-json\/wp\/v2\/media?parent=7921"}],"wp:term":[{"taxonomy":"product_brand","embeddable":true,"href":"https:\/\/zojopackaging.com\/pl\/wp-json\/wp\/v2\/product_brand?post=7921"},{"taxonomy":"product_cat","embeddable":true,"href":"https:\/\/zojopackaging.com\/pl\/wp-json\/wp\/v2\/product_cat?post=7921"},{"taxonomy":"product_tag","embeddable":true,"href":"https:\/\/zojopackaging.com\/pl\/wp-json\/wp\/v2\/product_tag?post=7921"}],"curies":[{"name":"wp","href":"https:\/\/api.w.org\/{rel}","templated":true}]}}