{"id":7929,"date":"2025-03-22T17:53:26","date_gmt":"2025-03-22T09:53:26","guid":{"rendered":"https:\/\/zojopackaging.com\/?post_type=product&#038;p=7929"},"modified":"2025-03-22T21:30:37","modified_gmt":"2025-03-22T13:30:37","slug":"high-quality-custom-printed-essential-oil-boxes-distributors","status":"publish","type":"product","link":"https:\/\/zojopackaging.com\/pl\/product\/high-quality-custom-printed-essential-oil-boxes-distributors\/","title":{"rendered":"Dystrybutorzy wysokiej jako\u015bci pude\u0142ek na olejki eteryczne z nadrukiem na zam\u00f3wienie"},"content":{"rendered":"<p>Klasyczny wyb\u00f3r, pokrywa i podstawa: Wieczko i podstawa maj\u0105 stabiln\u0105 konstrukcj\u0119, \u0142atwo si\u0119 otwieraj\u0105 i zamykaj\u0105, s\u0105 klasyczne i eleganckie. Jest to idealny wyb\u00f3r dla wysokiej klasy opakowa\u0144 olejk\u00f3w eterycznych do piel\u0119gnacji sk\u00f3ry. Poczucie rytua\u0142u podczas otwierania sprawia, \u017ce konsumenci czuj\u0105 najwy\u017csz\u0105 dba\u0142o\u015b\u0107 marki o szczeg\u00f3\u0142y.<\/p>\n<p>Ekskluzywne dla olejk\u00f3w eterycznych, pe\u0142na piel\u0119gnacja: Nasze opakowania zosta\u0142y zaprojektowane specjalnie z my\u015bl\u0105 o olejkach eterycznych do piel\u0119gnacji sk\u00f3ry, z pe\u0142nym uwzgl\u0119dnieniem wra\u017cliwo\u015bci olejk\u00f3w eterycznych na \u015bwiat\u0142o, temperatur\u0119 i powietrze. Zar\u00f3wno dob\u00f3r materia\u0142\u00f3w, jak i projekt konstrukcyjny maj\u0105 na celu zapewnienie najlepszej ochrony olejk\u00f3w eterycznych, aby zapewni\u0107, \u017ce ich aktywne sk\u0142adniki nie zostan\u0105 naruszone.<br \/>\nNieograniczone mo\u017cliwo\u015bci, nieograniczona personalizacja: Zapewniamy naprawd\u0119 nieograniczone us\u0142ugi dostosowywania, rozmiar, kszta\u0142t, kolor, wz\u00f3r, wszystko mo\u017cna spersonalizowa\u0107 zgodnie z w\u0142asnymi potrzebami. Mo\u017cesz w pe\u0142ni wykorzysta\u0107 swoj\u0105 kreatywno\u015b\u0107 i stworzy\u0107 unikalne, ekskluzywne opakowanie.<br \/>\nLuksusowy dotyk, specjalny materia\u0142 papierowy: U\u017cywamy r\u00f3\u017cnych specjalnych materia\u0142\u00f3w papierowych, takich jak papier dotykowy, papier per\u0142owy, papier artystyczny itp. o bogatych fakturach i delikatnych teksturach, nadaj\u0105c opakowaniu wyj\u0105tkowe wra\u017cenia wizualne i dotykowe, podkre\u015blaj\u0105c wysokiej klasy pozycjonowanie marki.<br \/>\n\u017bywe kolory, druk CMYK: U\u017cywamy zaawansowanej technologii druku CMYK, z wysokim odwzorowaniem kolor\u00f3w oraz wyra\u017anymi i \u017cywymi obrazami, kt\u00f3re mog\u0105 doskonale zaprezentowa\u0107 koncepcj\u0119 projektu i uatrakcyjni\u0107 opakowanie.<br \/>\nBezp\u0142atne pr\u00f3bki, osobiste do\u015bwiadczenie: Aby umo\u017cliwi\u0107 bardziej intuicyjne zrozumienie jako\u015bci naszych produkt\u00f3w i us\u0142ug, zapewniamy bezp\u0142atne us\u0142ugi pr\u00f3bkowania. Mo\u017cesz osobi\u015bcie zapozna\u0107 si\u0119 z naszymi materia\u0142ami, rzemios\u0142em i wzornictwem, aby upewni\u0107 si\u0119, \u017ce opakowanie idealnie spe\u0142nia Twoje oczekiwania.<br \/>\nDostawca z Chin, najni\u017csza cena: Jeste\u015bmy chi\u0144skim dostawc\u0105 \u017ar\u00f3d\u0142owym z kompletnym systemem produkcyjnym i systemem \u0142a\u0144cucha dostaw, kt\u00f3ry mo\u017ce zapewni\u0107 najni\u017csz\u0105 cen\u0119, pozwalaj\u0105c cieszy\u0107 si\u0119 produktami wysokiej jako\u015bci przy jednoczesnym obni\u017ceniu koszt\u00f3w.<br \/>\n\u015acis\u0142a kontrola jako\u015bci, doskona\u0142o\u015b\u0107: Ustanowili\u015bmy \u015bcis\u0142y system kontroli jako\u015bci. Od zakupu surowc\u00f3w po kontrol\u0119 gotowego produktu, ka\u017cde ogniwo jest \u015bci\u015ble kontrolowane, aby zapewni\u0107 stabiln\u0105 i niezawodn\u0105 jako\u015b\u0107 produktu, dzi\u0119ki czemu mo\u017cna z niego korzysta\u0107 bez obaw.<br \/>\nCertyfikacja FSC i ISO, ochrona \u015brodowiska i zaanga\u017cowanie w jako\u015b\u0107: Nasze produkty przesz\u0142y certyfikacj\u0119 FSC i certyfikacj\u0119 ISO, co reprezentuje nasze zaanga\u017cowanie w ochron\u0119 \u015brodowiska i odpowiedzialno\u015b\u0107 spo\u0142eczn\u0105, a tak\u017ce surowe wymagania dotycz\u0105ce jako\u015bci produkt\u00f3w i systemu zarz\u0105dzania.<br \/>\nBezp\u0142atny projekt, profesjonalne doradztwo: Zapewniamy bezp\u0142atne us\u0142ugi projektowe, a profesjonalni projektanci dostosuj\u0105 dla Ciebie rozwi\u0105zania opakowaniowe. Mo\u017cesz przedstawi\u0107 swoje pomys\u0142y i potrzeby, a my udzielimy Ci profesjonalnych wskaz\u00f3wek i sugestii, kt\u00f3re pomog\u0105 Ci stworzy\u0107 unikalne opakowanie marki.<br \/>\nEkspert w zakresie rozwi\u0105za\u0144 opakowaniowych: Nie tylko produkujemy pude\u0142ka do pakowania, ale tak\u017ce wyr\u00f3\u017cniamy si\u0119 sugestiami dotycz\u0105cymi rozwi\u0105za\u0144 opakowaniowych. Opieraj\u0105c si\u0119 na dog\u0142\u0119bnym zrozumieniu bran\u017cy piel\u0119gnacji sk\u00f3ry i produkt\u00f3w z olejkami eterycznymi, mo\u017cemy zapewni\u0107 Twoim produktom pe\u0142n\u0105 gam\u0119 rozwi\u0105za\u0144 opakowaniowych, od wyboru materia\u0142u, projektu konstrukcyjnego po dopasowanie procesu w celu zwi\u0119kszenia og\u00f3lnej warto\u015bci produktu.<\/p>\n<p>Specyfikacja produktu:<\/p>\n<p>Materia\u0142: Dost\u0119pne s\u0105 r\u00f3\u017cne rodzaje papieru specjalnego<br \/>\nDrukowanie: Druk czterokolorowy CMYK<br \/>\nTyp pude\u0142ka: Pude\u0142ko z g\u00f3rn\u0105 i doln\u0105 pokryw\u0105<br \/>\nCertyfikaty: Certyfikat FSC, Certyfikat ISO<br \/>\nCechy:<br \/>\nKonstrukcja g\u00f3rnej i dolnej pokrywy, klasyczna atmosfera<br \/>\nDost\u0119pne s\u0105 r\u00f3\u017cne papiery specjalne o luksusowej fakturze<br \/>\nPersonalizacja marki, ekskluzywny styl<br \/>\nZapewniona jest bezp\u0142atna us\u0142uga projektowania<br \/>\nDobry w proponowaniu rozwi\u0105za\u0144<\/p>\n<p>Odpowiednie scenariusze:<\/p>\n<p>Wysokiej jako\u015bci opakowanie na olejki eteryczne do piel\u0119gnacji sk\u00f3ry<br \/>\nPromocja wizerunku marki olejk\u00f3w eterycznych<br \/>\nOpakowania olejk\u00f3w eterycznych na prezent \u015bwi\u0105teczny<br \/>\nOpakowania detaliczne olejk\u00f3w eterycznych<\/p>\n<p>Powody, dla kt\u00f3rych warto nas wybra\u0107:<\/p>\n<p>Profesjonalna us\u0142uga dostosowywania: Posiadamy profesjonalny zesp\u00f3\u0142 projektowy i produkcyjny, kt\u00f3ry mo\u017ce zapewni\u0107 pe\u0142en zakres us\u0142ug dostosowywania, od projektu po produkcj\u0119, bez obaw w ca\u0142ym procesie.<br \/>\nDoskona\u0142a jako\u015b\u0107: \u015aci\u015ble kontrolujemy ka\u017cde ogniwo produkcyjne, aby zapewni\u0107 stabiln\u0105 i niezawodn\u0105 jako\u015b\u0107 produktu, dzi\u0119ki czemu mo\u017cna go u\u017cywa\u0107 bez obaw.<br \/>\nOczywista przewaga cenowa: Jeste\u015bmy dostawc\u0105 \u017ar\u00f3d\u0142owym i mo\u017cemy zapewni\u0107 najbardziej konkurencyjn\u0105 cen\u0119, dzi\u0119ki czemu mo\u017cna uzyska\u0107 wy\u017csz\u0105 wydajno\u015b\u0107 kosztow\u0105.<br \/>\nBezp\u0142atna us\u0142uga projektowania: Zapewniamy bezp\u0142atn\u0105 us\u0142ug\u0119 projektowania i rozwi\u0105zania opakowaniowe dostosowane do indywidualnych potrzeb.<br \/>\nEkspert w zakresie rozwi\u0105za\u0144 opakowaniowych: Jeste\u015bmy dobrzy w sugerowaniu rozwi\u0105za\u0144 opakowaniowych i zapewniamy pe\u0142n\u0105 gam\u0119 rozwi\u0105za\u0144 opakowaniowych dla Twoich produkt\u00f3w.<br \/>\nPrzyjazne dla \u015brodowiska i zr\u00f3wnowa\u017cone: U\u017cywamy papieru z certyfikatem FSC, wspieramy zr\u00f3wnowa\u017con\u0105 gospodark\u0119 le\u015bn\u0105 i przyczyniamy si\u0119 do ochrony Ziemi.<\/p>","protected":false},"excerpt":{"rendered":"<p>Pude\u0142ko na olejki eteryczne do piel\u0119gnacji sk\u00f3ry z pokrywk\u0105, specjalny papier CMYK, delikatna faktura. Nieograniczone niestandardowe rozmiary i projekty do tworzenia ekskluzywnych, wysokiej klasy opakowa\u0144 marki<\/p>","protected":false},"featured_media":7933,"template":"","meta":[],"product_brand":[],"product_cat":[31,30,390,425],"product_tag":[452,453,451],"class_list":{"0":"post-7929","1":"product","2":"type-product","3":"status-publish","4":"has-post-thumbnail","6":"product_cat-paper-box-style","7":"product_cat-by-industry","8":"product_cat-custom-cosmetics-boxes","9":"product_cat-lid-and-base-gift-box","10":"product_tag-custom-printed-essential-oil-boxes","11":"product_tag-essential-oil-boxes-distributors","12":"product_tag-high-quality-essential-oil-boxes","14":"first","15":"instock","16":"shipping-taxable","17":"product-type-simple"},"_links":{"self":[{"href":"https:\/\/zojopackaging.com\/pl\/wp-json\/wp\/v2\/product\/7929","targetHints":{"allow":["GET"]}}],"collection":[{"href":"https:\/\/zojopackaging.com\/pl\/wp-json\/wp\/v2\/product"}],"about":[{"href":"https:\/\/zojopackaging.com\/pl\/wp-json\/wp\/v2\/types\/product"}],"version-history":[{"count":2,"href":"https:\/\/zojopackaging.com\/pl\/wp-json\/wp\/v2\/product\/7929\/revisions"}],"predecessor-version":[{"id":7973,"href":"https:\/\/zojopackaging.com\/pl\/wp-json\/wp\/v2\/product\/7929\/revisions\/7973"}],"wp:featuredmedia":[{"embeddable":true,"href":"https:\/\/zojopackaging.com\/pl\/wp-json\/wp\/v2\/media\/7933"}],"wp:attachment":[{"href":"https:\/\/zojopackaging.com\/pl\/wp-json\/wp\/v2\/media?parent=7929"}],"wp:term":[{"taxonomy":"product_brand","embeddable":true,"href":"https:\/\/zojopackaging.com\/pl\/wp-json\/wp\/v2\/product_brand?post=7929"},{"taxonomy":"product_cat","embeddable":true,"href":"https:\/\/zojopackaging.com\/pl\/wp-json\/wp\/v2\/product_cat?post=7929"},{"taxonomy":"product_tag","embeddable":true,"href":"https:\/\/zojopackaging.com\/pl\/wp-json\/wp\/v2\/product_tag?post=7929"}],"curies":[{"name":"wp","href":"https:\/\/api.w.org\/{rel}","templated":true}]}}