{"id":7937,"date":"2025-03-22T18:06:03","date_gmt":"2025-03-22T10:06:03","guid":{"rendered":"https:\/\/zojopackaging.com\/?post_type=product&#038;p=7937"},"modified":"2025-03-22T21:27:23","modified_gmt":"2025-03-22T13:27:23","slug":"customized-logo-hair-straightener-packaging-boxes-wholesale","status":"publish","type":"product","link":"https:\/\/zojopackaging.com\/pl\/product\/customized-logo-hair-straightener-packaging-boxes-wholesale\/","title":{"rendered":"Dostosowane logo Pude\u0142ka do pakowania prostownic do w\u0142os\u00f3w Hurtownia"},"content":{"rendered":"<p>Klasyczne zamkni\u0119cie magnetyczne, wygodne i eleganckie: Ssawka z magnetycznym zamkni\u0119ciem ma klasyczny i nastrojowy design, a jej otwieranie i zamykanie jest \u0142atwe, dodaj\u0105c eleganckiego poczucia rytua\u0142u do produkt\u00f3w do prostowania w\u0142os\u00f3w i zwi\u0119kszaj\u0105c komfort u\u017cytkowania.<\/p>\n<p>Ekskluzywne dostosowanie, pe\u0142na opieka: Nasze pude\u0142ka do pakowania s\u0105 zaprojektowane specjalnie dla prostownic do w\u0142os\u00f3w, z pe\u0142nym uwzgl\u0119dnieniem kszta\u0142tu, rozmiaru i potrzeb w zakresie ochrony produktu. Wewn\u0119trzn\u0105 struktur\u0119 mo\u017cna dostosowa\u0107 do produktu, aby zapewni\u0107 stabilne umieszczenie prostownicy do w\u0142os\u00f3w i unikn\u0105\u0107 kolizji i tarcia podczas transportu.<\/p>\n<p>Nieograniczone mo\u017cliwo\u015bci, nieograniczona personalizacja: Zapewniamy naprawd\u0119 nieograniczone us\u0142ugi dostosowywania, a wszystko, od rozmiaru, kszta\u0142tu, koloru i wzoru, mo\u017cna spersonalizowa\u0107 zgodnie z w\u0142asnymi potrzebami. Mo\u017cesz w pe\u0142ni wykorzysta\u0107 swoj\u0105 kreatywno\u015b\u0107 i stworzy\u0107 unikalne, ekskluzywne opakowanie.<\/p>\n<p>Wspania\u0142a prezentacja, materia\u0142 kartonowy: U\u017cywamy wysokiej jako\u015bci kartonu o g\u0142adkiej i delikatnej powierzchni oraz doskona\u0142ym efekcie drukowania. W po\u0142\u0105czeniu z technologi\u0105 druku CMYK, odwzorowanie kolor\u00f3w jest wysokie, a obraz jest wyra\u017any i \u017cywy, dzi\u0119ki czemu opakowanie jest bardziej efektowne wizualnie i skutecznie przyci\u0105ga uwag\u0119 konsument\u00f3w.<\/p>\n<p>Bezp\u0142atne pr\u00f3bki, osobiste do\u015bwiadczenie: Aby umo\u017cliwi\u0107 bardziej intuicyjne zrozumienie jako\u015bci naszych produkt\u00f3w i us\u0142ug, zapewniamy bezp\u0142atne us\u0142ugi pr\u00f3bkowania. Mo\u017cesz osobi\u015bcie zapozna\u0107 si\u0119 z naszymi materia\u0142ami, wyko\u0144czeniem i projektem, aby upewni\u0107 si\u0119, \u017ce opakowanie idealnie spe\u0142nia Twoje oczekiwania.<\/p>\n<p>Dostawca z Chin, najni\u017csza cena: Jeste\u015bmy chi\u0144skim dostawc\u0105 \u017ar\u00f3d\u0142owym, z kompletnym systemem produkcyjnym i systemem \u0142a\u0144cucha dostaw, kt\u00f3ry mo\u017ce zapewni\u0107 najni\u017csz\u0105 cen\u0119, dzi\u0119ki czemu mo\u017cna zaoszcz\u0119dzi\u0107 koszty, jednocze\u015bnie ciesz\u0105c si\u0119 produktami wysokiej jako\u015bci.<\/p>\n<p>\u015acis\u0142a kontrola jako\u015bci, doskona\u0142o\u015b\u0107: Ustanowili\u015bmy \u015bcis\u0142y system kontroli jako\u015bci, od zaopatrzenia w surowce po kontrol\u0119 gotowego produktu, ka\u017cde ogniwo jest \u015bci\u015ble kontrolowane, aby zapewni\u0107 stabiln\u0105 i niezawodn\u0105 jako\u015b\u0107 produktu, dzi\u0119ki czemu mo\u017cna go u\u017cywa\u0107 z pewno\u015bci\u0105.<\/p>\n<p>Certyfikacja FSC i ISO, ochrona \u015brodowiska i zaanga\u017cowanie w jako\u015b\u0107: Nasze produkty przesz\u0142y certyfikacj\u0119 FSC i certyfikacj\u0119 ISO, co reprezentuje nasze zaanga\u017cowanie w ochron\u0119 \u015brodowiska i odpowiedzialno\u015b\u0107 spo\u0142eczn\u0105, a tak\u017ce surowe wymagania dotycz\u0105ce jako\u015bci produkt\u00f3w i systemu zarz\u0105dzania.<\/p>\n<p>Bezp\u0142atny projekt, profesjonalne doradztwo: Zapewniamy bezp\u0142atne us\u0142ugi projektowe, a profesjonalni projektanci dostosuj\u0105 dla Ciebie rozwi\u0105zania opakowaniowe. Mo\u017cesz przedstawi\u0107 swoje pomys\u0142y i potrzeby, a my udzielimy Ci profesjonalnych wskaz\u00f3wek i sugestii, kt\u00f3re pomog\u0105 Ci stworzy\u0107 unikalne opakowanie marki.<\/p>\n<p>Bezp\u0142atna wycena w ci\u0105gu 10 minut: Obiecujemy dostarczy\u0107 bezp\u0142atn\u0105 wycen\u0119 w ci\u0105gu 10 minut od otrzymania zapytania, aby\u015b m\u00f3g\u0142 szybko zrozumie\u0107 koszty i podj\u0105\u0107 skuteczne decyzje.<\/p>\n<p>Najszybsza dostawa: Posiadamy wydajny proces produkcji i profesjonalny zesp\u00f3\u0142 logistyczny, kt\u00f3ry mo\u017ce zapewni\u0107 najszybsz\u0105 dostaw\u0119, gwarantuj\u0105c, \u017ce zam\u00f3wienie mo\u017ce zosta\u0107 zrealizowane na czas bez op\u00f3\u017aniania planu sprzeda\u017cy.<br \/>\n24\/7 online: Zapewniamy ca\u0142odobow\u0105 obs\u0142ug\u0119 klienta online, aby w ka\u017cdej chwili odpowiedzie\u0107 na pytania i zapewni\u0107 terminowe i profesjonalne wsparcie.<\/p>\n<p>Specyfikacja produktu:<\/p>\n<p>Materia\u0142: wysokiej jako\u015bci karton<br \/>\nDrukowanie: Druk CMYK<br \/>\nTyp pude\u0142ka: pude\u0142ko z magnetycznym zamkni\u0119ciem<br \/>\nCertyfikaty: Certyfikat FSC, Certyfikat ISO<br \/>\nCechy:<br \/>\nMagnetyczne zamkni\u0119cie, wygodne i eleganckie<br \/>\nZaprojektowany specjalnie dla prostownic do w\u0142os\u00f3w, silna ochrona<br \/>\nPersonalizacja marki, ekskluzywny styl<br \/>\nBezp\u0142atna wycena w ci\u0105gu 10 minut, szybka reakcja<br \/>\nBezp\u0142atna us\u0142uga projektowania<br \/>\nNajszybsza dostawa spe\u0142niaj\u0105ca pilne potrzeby<br \/>\nUs\u0142uga online 7\/24 godziny<\/p>\n<p>Odpowiednie scenariusze:<\/p>\n<p>Wysokiej klasy prostownica do w\u0142os\u00f3w w opakowaniu prezentowym<br \/>\nPromocja wizerunku marki prostownic do w\u0142os\u00f3w<br \/>\nOpakowania detaliczne prostownic do w\u0142os\u00f3w<br \/>\nPromocyjne opakowania prostownic do w\u0142os\u00f3w<\/p>\n<p>Powody, dla kt\u00f3rych warto nas wybra\u0107:<\/p>\n<p>Profesjonalna us\u0142uga dostosowywania: Posiadamy profesjonalny zesp\u00f3\u0142 projektowy i produkcyjny, kt\u00f3ry mo\u017ce zapewni\u0107 pe\u0142en zakres us\u0142ug dostosowywania, od projektu po produkcj\u0119, bez obaw w ca\u0142ym procesie.<br \/>\nDoskona\u0142a jako\u015b\u0107: \u015aci\u015ble kontrolujemy ka\u017cde ogniwo produkcyjne, aby zapewni\u0107 stabiln\u0105 i niezawodn\u0105 jako\u015b\u0107 produktu, dzi\u0119ki czemu mo\u017cna go u\u017cywa\u0107 bez obaw.<br \/>\nOczywista przewaga cenowa: Jeste\u015bmy dostawc\u0105 \u017ar\u00f3d\u0142owym i mo\u017cemy zapewni\u0107 najbardziej konkurencyjn\u0105 cen\u0119, dzi\u0119ki czemu mo\u017cna uzyska\u0107 wy\u017csz\u0105 wydajno\u015b\u0107 kosztow\u0105.<br \/>\nWydajna i terminowa dostawa: Dysponujemy wydajnym procesem produkcji i profesjonalnym zespo\u0142em logistycznym, aby zapewni\u0107 terminow\u0105 dostaw\u0119 zam\u00f3wienia.<br \/>\nBezp\u0142atna us\u0142uga projektowania: Zapewniamy bezp\u0142atne us\u0142ugi projektowe w celu dostosowania rozwi\u0105za\u0144 opakowaniowych do potrzeb klienta.<br \/>\nSzybka reakcja: Zapewniamy bezp\u0142atne wyceny w ci\u0105gu 10 minut i ca\u0142odobow\u0105 obs\u0142ug\u0119 klienta online, dzi\u0119ki czemu mo\u017cesz uzyska\u0107 wsparcie w dowolnym miejscu i czasie.<br \/>\nPrzyjazne dla \u015brodowiska i zr\u00f3wnowa\u017cone: U\u017cywamy papieru z certyfikatem FSC, wspieramy zr\u00f3wnowa\u017con\u0105 gospodark\u0119 le\u015bn\u0105 i przyczyniamy si\u0119 do ochrony Ziemi.<\/p>","protected":false},"excerpt":{"rendered":"<p>Niestandardowe pude\u0142ko magnetyczne na prostownic\u0119 do w\u0142os\u00f3w, powlekany papier CMYK, jasne kolory. Nieograniczone mo\u017cliwo\u015bci dostosowania rozmiaru i projektu, stw\u00f3rz ekskluzywne opakowanie marki, aby chroni\u0107 swoje produkty!<\/p>","protected":false},"featured_media":7942,"template":"","meta":[],"product_brand":[],"product_cat":[31,30,413,424],"product_tag":[454,456,455],"class_list":{"0":"post-7937","1":"product","2":"type-product","3":"status-publish","4":"has-post-thumbnail","6":"product_cat-paper-box-style","7":"product_cat-by-industry","8":"product_cat-consumer-electronics-boxes","9":"product_cat-magnetic-closure-boxes","10":"product_tag-customized-hair-straightener-packaging-boxes","11":"product_tag-hair-straightener-boxes","12":"product_tag-hair-straightener-packaging-boxes-wholesale","14":"first","15":"instock","16":"shipping-taxable","17":"product-type-simple"},"_links":{"self":[{"href":"https:\/\/zojopackaging.com\/pl\/wp-json\/wp\/v2\/product\/7937","targetHints":{"allow":["GET"]}}],"collection":[{"href":"https:\/\/zojopackaging.com\/pl\/wp-json\/wp\/v2\/product"}],"about":[{"href":"https:\/\/zojopackaging.com\/pl\/wp-json\/wp\/v2\/types\/product"}],"version-history":[{"count":2,"href":"https:\/\/zojopackaging.com\/pl\/wp-json\/wp\/v2\/product\/7937\/revisions"}],"predecessor-version":[{"id":7972,"href":"https:\/\/zojopackaging.com\/pl\/wp-json\/wp\/v2\/product\/7937\/revisions\/7972"}],"wp:featuredmedia":[{"embeddable":true,"href":"https:\/\/zojopackaging.com\/pl\/wp-json\/wp\/v2\/media\/7942"}],"wp:attachment":[{"href":"https:\/\/zojopackaging.com\/pl\/wp-json\/wp\/v2\/media?parent=7937"}],"wp:term":[{"taxonomy":"product_brand","embeddable":true,"href":"https:\/\/zojopackaging.com\/pl\/wp-json\/wp\/v2\/product_brand?post=7937"},{"taxonomy":"product_cat","embeddable":true,"href":"https:\/\/zojopackaging.com\/pl\/wp-json\/wp\/v2\/product_cat?post=7937"},{"taxonomy":"product_tag","embeddable":true,"href":"https:\/\/zojopackaging.com\/pl\/wp-json\/wp\/v2\/product_tag?post=7937"}],"curies":[{"name":"wp","href":"https:\/\/api.w.org\/{rel}","templated":true}]}}