{"id":7946,"date":"2025-03-22T18:19:55","date_gmt":"2025-03-22T10:19:55","guid":{"rendered":"https:\/\/zojopackaging.com\/?post_type=product&#038;p=7946"},"modified":"2025-03-22T21:21:54","modified_gmt":"2025-03-22T13:21:54","slug":"featured-custom-wine-spirits-packaging-gift-box-wholesale","status":"publish","type":"product","link":"https:\/\/zojopackaging.com\/pl\/product\/featured-custom-wine-spirits-packaging-gift-box-wholesale\/","title":{"rendered":"Wyr\u00f3\u017cnione niestandardowe opakowania hurtowe na alkohol wysokoprocentowy"},"content":{"rendered":"<p>Klasyczne pude\u0142ka z magnetycznym zamkni\u0119ciem, szlachetne do\u015bwiadczenie: Pude\u0142ko z magnetycznym zamkni\u0119ciem ma klasyczny i elegancki design, \u0142atwo si\u0119 je otwiera i zamyka, dodaj\u0105c szlachetnego poczucia rytua\u0142u do produkt\u00f3w winiarskich i zwi\u0119kszaj\u0105c wra\u017cenia u\u017cytkownika. D\u017awi\u0119k \"klikni\u0119cia\" magnetycznego zamkni\u0119cia symbolizuje pocz\u0105tek wspania\u0142ej podr\u00f3\u017cy degustacyjnej.<\/p>\n<p>Ekskluzywne dla szlachetnych win, szyte na miar\u0119: Nasze pude\u0142ka do pakowania s\u0105 przeznaczone do r\u00f3\u017cnych rodzaj\u00f3w win, takich jak wino, napoje spirytusowe i czerwone wino, z pe\u0142nym uwzgl\u0119dnieniem kszta\u0142tu, rozmiaru i potrzeb w zakresie ochrony r\u00f3\u017cnych butelek wina. Wewn\u0119trzna struktura mo\u017ce by\u0107 dostosowana do produktu, aby zapewni\u0107, \u017ce butelka wina jest umieszczona stabilnie, aby unikn\u0105\u0107 kolizji i tarcia podczas transportu.<\/p>\n<p>Nieograniczone mo\u017cliwo\u015bci, nieograniczona personalizacja: Zapewniamy naprawd\u0119 nieograniczone us\u0142ugi dostosowywania, a wszystko mo\u017ce by\u0107 spersonalizowane zgodnie z Twoimi potrzebami pod wzgl\u0119dem rozmiaru, kszta\u0142tu, koloru i wzoru. Mo\u017cesz w pe\u0142ni wykorzysta\u0107 swoj\u0105 kreatywno\u015b\u0107, aby stworzy\u0107 unikalne, ekskluzywne opakowanie i podkre\u015bli\u0107 osobowo\u015b\u0107 swojej marki.<\/p>\n<p>Wspania\u0142a prezentacja, powlekany papier artystyczny C2S: U\u017cywamy wysokiej jako\u015bci powlekanego papieru artystycznego C2S o g\u0142adkiej i delikatnej powierzchni oraz doskona\u0142ym efekcie drukowania. W po\u0142\u0105czeniu z technologi\u0105 druku CMYK, odwzorowanie kolor\u00f3w jest wysokie, a obraz jest wyra\u017any i \u017cywy, dzi\u0119ki czemu opakowanie jest bardziej efektowne wizualnie i skutecznie przyci\u0105ga uwag\u0119 konsument\u00f3w.<\/p>\n<p>Luksusowe zdobienie, technologia srebrnej folii t\u0142oczonej na gor\u0105co: U\u017cywamy wyj\u0105tkowej technologii srebrnej folii t\u0142oczonej na gor\u0105co do t\u0142oczenia na gor\u0105co srebrnej folii metalowej na powierzchni opakowania, ukazuj\u0105c ol\u015bniewaj\u0105cy po\u0142ysk i tekstur\u0119. Srebrna folia do t\u0142oczenia na gor\u0105co mo\u017ce by\u0107 nak\u0142adana na logo marki, nazwy produkt\u00f3w, wzory dekoracyjne itp., natychmiast zwi\u0119kszaj\u0105c klas\u0119 i luksus opakowania oraz podkre\u015blaj\u0105c szlachetno\u015b\u0107 marki.<\/p>\n<p>Bezp\u0142atne pr\u00f3bki, osobiste do\u015bwiadczenie: Aby zapewni\u0107 bardziej intuicyjne zrozumienie jako\u015bci naszych produkt\u00f3w i us\u0142ug, zapewniamy bezp\u0142atne us\u0142ugi pr\u00f3bkowania. Mo\u017cesz osobi\u015bcie zapozna\u0107 si\u0119 z naszymi materia\u0142ami, wyko\u0144czeniem i projektem, aby upewni\u0107 si\u0119, \u017ce opakowanie idealnie spe\u0142nia Twoje oczekiwania.<\/p>\n<p>Chi\u0144ski dostawca \u017ar\u00f3d\u0142owy, najni\u017csza cena: Jeste\u015bmy dostawc\u0105 \u017ar\u00f3d\u0142owym w Chinach z kompletnym systemem produkcyjnym i systemem \u0142a\u0144cucha dostaw, kt\u00f3ry mo\u017ce zapewni\u0107 ci najni\u017csz\u0105 cen\u0119, pozwalaj\u0105c ci zaoszcz\u0119dzi\u0107 koszty, jednocze\u015bnie ciesz\u0105c si\u0119 produktami wysokiej jako\u015bci.<\/p>\n<p>\u015acis\u0142a kontrola jako\u015bci, doskona\u0142o\u015b\u0107: Ustanowili\u015bmy \u015bcis\u0142y system kontroli jako\u015bci. Od zakupu surowc\u00f3w po kontrol\u0119 gotowego produktu, ka\u017cde ogniwo jest \u015bci\u015ble kontrolowane, aby zapewni\u0107 stabiln\u0105 i niezawodn\u0105 jako\u015b\u0107 produktu, dzi\u0119ki czemu mo\u017cna go u\u017cywa\u0107 bez obaw.<\/p>\n<p>Certyfikacja FSC i ISO, ochrona \u015brodowiska i zaanga\u017cowanie w jako\u015b\u0107: Nasze produkty przesz\u0142y certyfikacj\u0119 FSC i certyfikacj\u0119 ISO, co reprezentuje nasze zaanga\u017cowanie w ochron\u0119 \u015brodowiska i odpowiedzialno\u015b\u0107 spo\u0142eczn\u0105, a tak\u017ce surowe wymagania dotycz\u0105ce jako\u015bci produkt\u00f3w i systemu zarz\u0105dzania.<\/p>\n<p>Bezp\u0142atny projekt, profesjonalne doradztwo: Zapewniamy bezp\u0142atne us\u0142ugi projektowe, a profesjonalni projektanci dostosuj\u0105 dla Ciebie rozwi\u0105zania opakowaniowe. Mo\u017cesz przedstawi\u0107 swoje pomys\u0142y i potrzeby, a my udzielimy Ci profesjonalnych wskaz\u00f3wek i sugestii, kt\u00f3re pomog\u0105 Ci stworzy\u0107 unikalne opakowanie marki.<\/p>\n<p>Bezp\u0142atna wycena w ci\u0105gu 10 minut: Obiecujemy dostarczy\u0107 bezp\u0142atn\u0105 wycen\u0119 w ci\u0105gu 10 minut od otrzymania zapytania, aby\u015b m\u00f3g\u0142 szybko zrozumie\u0107 koszty i podj\u0105\u0107 skuteczne decyzje.<br \/>\nNajszybsza dostawa: Posiadamy wydajny proces produkcji i profesjonalny zesp\u00f3\u0142 logistyczny, kt\u00f3ry mo\u017ce zapewni\u0107 najszybsz\u0105 dostaw\u0119, gwarantuj\u0105c, \u017ce zam\u00f3wienie mo\u017ce zosta\u0107 zrealizowane na czas bez op\u00f3\u017aniania planu sprzeda\u017cy.<\/p>\n<p>Szybki sampling w 2 dni, wykorzystaj szans\u0119 rynkow\u0105: Przyspieszone pobieranie pr\u00f3bek trwa tylko 2 dni, co pozwala szybko uzyska\u0107 fizyczne pr\u00f3bki i przyspieszy\u0107 tempo wprowadzania produktu na rynek.<\/p>\n<p>Specyfikacja produktu:<\/p>\n<p>Materia\u0142: wysokiej jako\u015bci karton<br \/>\nDrukowanie: Druk czterokolorowy CMYK<br \/>\nTechnologia: srebrna folia t\u0142oczona na gor\u0105co<br \/>\nTyp pude\u0142ka: pude\u0142ko z magnetycznym zamkni\u0119ciem<br \/>\nCertyfikaty: Certyfikat FSC, Certyfikat ISO<br \/>\nCechy:<br \/>\nMagnetyczne zamkni\u0119cie, szlachetne i eleganckie<br \/>\nZaprojektowany dla wina, silna ochrona<br \/>\nSrebrna folia t\u0142oczona na gor\u0105co, luksusowa tekstura<br \/>\nPersonalizacja marki, ekskluzywny styl<br \/>\nBezp\u0142atna wycena w ci\u0105gu 10 minut, szybka reakcja<br \/>\nBezp\u0142atna us\u0142uga projektowania<br \/>\nNajszybsza dostawa spe\u0142niaj\u0105ca pilne potrzeby<br \/>\n2-dniowa szybka pr\u00f3bka<\/p>\n<p>Odpowiednie scenariusze:<\/p>\n<p>Wysokiej klasy opakowanie prezentowe na wino<br \/>\nSilna promocja wizerunku marki alkoholowej<br \/>\nOpakowania detaliczne na wino czerwone, wino zagraniczne, wino bia\u0142e i inne produkty alkoholowe<br \/>\nOpakowanie na wino na prezent \u015bwi\u0105teczny<\/p>\n<p>Powody, dla kt\u00f3rych warto nas wybra\u0107:<\/p>\n<p>Profesjonalna us\u0142uga dostosowywania: Posiadamy profesjonalny zesp\u00f3\u0142 projektowy i zesp\u00f3\u0142 produkcyjny, kt\u00f3ry mo\u017ce zapewni\u0107 pe\u0142ny zakres niestandardowych us\u0142ug, od projektu po produkcj\u0119, bez obaw w ca\u0142ym procesie.<br \/>\nDoskona\u0142a jako\u015b\u0107: \u015aci\u015ble kontrolujemy ka\u017cde ogniwo produkcyjne, aby zapewni\u0107 stabiln\u0105 i niezawodn\u0105 jako\u015b\u0107 produktu, dzi\u0119ki czemu mo\u017cna go u\u017cywa\u0107 bez obaw.<br \/>\nOczywista przewaga cenowa: Jeste\u015bmy dostawc\u0105 \u017ar\u00f3d\u0142owym i mo\u017cemy zapewni\u0107 najbardziej konkurencyjn\u0105 cen\u0119, dzi\u0119ki czemu mo\u017cna uzyska\u0107 wy\u017csz\u0105 wydajno\u015b\u0107 kosztow\u0105.<br \/>\nWydajna i terminowa dostawa: Dysponujemy wydajnym procesem produkcji i profesjonalnym zespo\u0142em logistycznym, aby zapewni\u0107 terminow\u0105 dostaw\u0119 zam\u00f3wienia.<br \/>\nBezp\u0142atna us\u0142uga projektowania: Zapewniamy bezp\u0142atne us\u0142ugi projektowe i rozwi\u0105zania opakowaniowe dostosowane do indywidualnych potrzeb.<br \/>\nSzybka reakcja: Zapewniamy bezp\u0142atne wyceny w ci\u0105gu 10 minut i szybkie pr\u00f3bki w ci\u0105gu 2 dni, dzi\u0119ki czemu mo\u017cesz do\u015bwiadczy\u0107 wydajnych i wygodnych us\u0142ug.<br \/>\nPrzyjazne dla \u015brodowiska i zr\u00f3wnowa\u017cone: U\u017cywamy papieru z certyfikatem FSC, wspieramy zr\u00f3wnowa\u017con\u0105 gospodark\u0119 le\u015bn\u0105 i przyczyniamy si\u0119 do ochrony Ziemi.<\/p>","protected":false},"excerpt":{"rendered":"<p>Niestandardowe magnetyczne pude\u0142ko na wino, powlekany papier w technologii gor\u0105cego srebra, luksusowa faktura. Nieograniczone niestandardowe rozmiary i wzory, odpowiednie do wina, napoj\u00f3w spirytusowych, czerwonego wina itp. w celu stworzenia ekskluzywnego opakowania marki!<\/p>","protected":false},"featured_media":7950,"template":"","meta":[],"product_brand":[],"product_cat":[31,30,419,424],"product_tag":[459,457,458],"class_list":{"0":"post-7946","1":"product","2":"type-product","3":"status-publish","4":"has-post-thumbnail","6":"product_cat-paper-box-style","7":"product_cat-by-industry","8":"product_cat-custom-wines-spirits-boxes","9":"product_cat-magnetic-closure-boxes","10":"product_tag-custom-wine-spirits-box-wholesale","11":"product_tag-featured-custom-wine-spirits-box","12":"product_tag-wine-spirits-packaging-gift-box","14":"first","15":"instock","16":"shipping-taxable","17":"product-type-simple"},"_links":{"self":[{"href":"https:\/\/zojopackaging.com\/pl\/wp-json\/wp\/v2\/product\/7946","targetHints":{"allow":["GET"]}}],"collection":[{"href":"https:\/\/zojopackaging.com\/pl\/wp-json\/wp\/v2\/product"}],"about":[{"href":"https:\/\/zojopackaging.com\/pl\/wp-json\/wp\/v2\/types\/product"}],"version-history":[{"count":3,"href":"https:\/\/zojopackaging.com\/pl\/wp-json\/wp\/v2\/product\/7946\/revisions"}],"predecessor-version":[{"id":7971,"href":"https:\/\/zojopackaging.com\/pl\/wp-json\/wp\/v2\/product\/7946\/revisions\/7971"}],"wp:featuredmedia":[{"embeddable":true,"href":"https:\/\/zojopackaging.com\/pl\/wp-json\/wp\/v2\/media\/7950"}],"wp:attachment":[{"href":"https:\/\/zojopackaging.com\/pl\/wp-json\/wp\/v2\/media?parent=7946"}],"wp:term":[{"taxonomy":"product_brand","embeddable":true,"href":"https:\/\/zojopackaging.com\/pl\/wp-json\/wp\/v2\/product_brand?post=7946"},{"taxonomy":"product_cat","embeddable":true,"href":"https:\/\/zojopackaging.com\/pl\/wp-json\/wp\/v2\/product_cat?post=7946"},{"taxonomy":"product_tag","embeddable":true,"href":"https:\/\/zojopackaging.com\/pl\/wp-json\/wp\/v2\/product_tag?post=7946"}],"curies":[{"name":"wp","href":"https:\/\/api.w.org\/{rel}","templated":true}]}}