{"id":7954,"date":"2025-03-22T18:30:43","date_gmt":"2025-03-22T10:30:43","guid":{"rendered":"https:\/\/zojopackaging.com\/?post_type=product&#038;p=7954"},"modified":"2025-03-22T21:02:22","modified_gmt":"2025-03-22T13:02:22","slug":"custom-cosmetic-skincare-shipping-mailer-boxes-wholesale","status":"publish","type":"product","link":"https:\/\/zojopackaging.com\/pl\/product\/custom-cosmetic-skincare-shipping-mailer-boxes-wholesale\/","title":{"rendered":"Niestandardowe kosmetyczne pude\u0142ka wysy\u0142kowe do piel\u0119gnacji sk\u00f3ry Sprzeda\u017c hurtowa"},"content":{"rendered":"<p>Solidna i trwa\u0142a konstrukcja pude\u0142ka pocztowego: Pude\u0142ko wysy\u0142kowe wykonane jest z tektury falistej, o stabilnej strukturze, odporno\u015bci na \u015bciskanie i wstrz\u0105sy, kt\u00f3ra mo\u017ce skutecznie chroni\u0107 kosmetyki, produkty do piel\u0119gnacji sk\u00f3ry, olejki eteryczne, kremy i inne produkty przed \u015bci\u015bni\u0119ciem, kolizj\u0105 i uszkodzeniem podczas transportu.<\/p>\n<p>Szyte na miar\u0119 i szeroko stosowane: Nasze pude\u0142ka wysy\u0142kowe s\u0105 przeznaczone do kosmetyk\u00f3w, produkt\u00f3w do piel\u0119gnacji sk\u00f3ry, olejk\u00f3w eterycznych, krem\u00f3w i innych produkt\u00f3w i mo\u017cna je bezstopniowo dostosowywa\u0107 do rozmiaru i kszta\u0142tu produkt\u00f3w, aby zapewni\u0107 stabilne umieszczenie produkt\u00f3w i unikn\u0105\u0107 wstrz\u0105s\u00f3w i tarcia.<\/p>\n<p>Ekskluzywna, spersonalizowana personalizacja marki: \u015awiadczymy us\u0142ugi personalizacji marki. Mo\u017cesz wydrukowa\u0107 logo marki, slogan, informacje o produkcie itp. na opakowaniu, aby stworzy\u0107 unikalne, ekskluzywne opakowanie i zwi\u0119kszy\u0107 rozpoznawalno\u015b\u0107 marki.<\/p>\n<p>Przyjazny dla \u015brodowiska materia\u0142, tektura falista: U\u017cywamy wysokiej jako\u015bci tektury falistej, kt\u00f3ra jest przyjazna dla \u015brodowiska i nadaje si\u0119 do recyklingu, zgodnie z koncepcj\u0105 zr\u00f3wnowa\u017conego rozwoju. Tektura falista ma dobre w\u0142a\u015bciwo\u015bci amortyzuj\u0105ce, mo\u017ce skutecznie absorbowa\u0107 uderzenia i chroni\u0107 produkty.<\/p>\n<p>Bezp\u0142atne pr\u00f3bki, osobiste do\u015bwiadczenie: Aby umo\u017cliwi\u0107 bardziej intuicyjne zrozumienie jako\u015bci naszych produkt\u00f3w i us\u0142ug, zapewniamy bezp\u0142atne us\u0142ugi pr\u00f3bkowania. Mo\u017cesz osobi\u015bcie zapozna\u0107 si\u0119 z naszymi materia\u0142ami, wyko\u0144czeniem i projektem, aby upewni\u0107 si\u0119, \u017ce opakowanie idealnie spe\u0142nia Twoje oczekiwania.<\/p>\n<p>Dostawca z Chin, najni\u017csza cena: Jeste\u015bmy chi\u0144skim dostawc\u0105 \u017ar\u00f3d\u0142owym, z kompletnym systemem produkcyjnym i systemem \u0142a\u0144cucha dostaw, kt\u00f3ry mo\u017ce zapewni\u0107 najni\u017csz\u0105 cen\u0119, dzi\u0119ki czemu mo\u017cna zaoszcz\u0119dzi\u0107 koszty, jednocze\u015bnie ciesz\u0105c si\u0119 produktami wysokiej jako\u015bci.<\/p>\n<p>\u015acis\u0142a kontrola jako\u015bci, doskona\u0142o\u015b\u0107: Ustanowili\u015bmy \u015bcis\u0142y system kontroli jako\u015bci, od zaopatrzenia w surowce po kontrol\u0119 gotowego produktu, ka\u017cde ogniwo jest \u015bci\u015ble kontrolowane, aby zapewni\u0107 stabiln\u0105 i niezawodn\u0105 jako\u015b\u0107 produktu, dzi\u0119ki czemu mo\u017cna go u\u017cywa\u0107 z pewno\u015bci\u0105.<\/p>\n<p>Certyfikacja FSC i ISO, ochrona \u015brodowiska i zaanga\u017cowanie w jako\u015b\u0107: Nasze produkty przesz\u0142y certyfikacj\u0119 FSC i certyfikacj\u0119 ISO, co reprezentuje nasze zaanga\u017cowanie w ochron\u0119 \u015brodowiska i odpowiedzialno\u015b\u0107 spo\u0142eczn\u0105, a tak\u017ce surowe wymagania dotycz\u0105ce jako\u015bci produkt\u00f3w i systemu zarz\u0105dzania.<\/p>\n<p>Bezp\u0142atny projekt, profesjonalne doradztwo: Zapewniamy bezp\u0142atne us\u0142ugi projektowe, a profesjonalni projektanci dostosuj\u0105 dla Ciebie rozwi\u0105zania opakowaniowe. Mo\u017cesz przedstawi\u0107 swoje pomys\u0142y i potrzeby, a my udzielimy Ci profesjonalnych wskaz\u00f3wek i sugestii, kt\u00f3re pomog\u0105 Ci stworzy\u0107 unikalne opakowanie marki.<\/p>\n<p>Najszybsza dostawa, sprawna reakcja: Dysponujemy wydajnym procesem produkcji i profesjonalnym zespo\u0142em logistycznym, kt\u00f3ry mo\u017ce zapewni\u0107 najszybsz\u0105 dostaw\u0119, gwarantuj\u0105c, \u017ce zam\u00f3wienie mo\u017ce zosta\u0107 zrealizowane na czas bez op\u00f3\u017aniania planu sprzeda\u017cy.<\/p>\n<p>2-dniowa szybka produkcja pr\u00f3bek, wykorzystaj mo\u017cliwo\u015bci rynkowe: Obiecujemy szybk\u0105 produkcj\u0119 pr\u00f3bek w ci\u0105gu 2 dni, aby\u015b m\u00f3g\u0142 szybko potwierdzi\u0107 plan projektu, skr\u00f3ci\u0107 cykl produkcyjny i wykorzysta\u0107 okazj\u0119 rynkow\u0105.<\/p>\n<p>Dostawa krajowa, wygodna i bez zmartwie\u0144: \u015awiadczymy krajowe us\u0142ugi dostawy. Bez wzgl\u0119du na to, gdzie si\u0119 znajdujesz, mo\u017cemy bezpiecznie dostarczy\u0107 Twoje produkty, aby\u015b m\u00f3g\u0142 cieszy\u0107 si\u0119 wygodnymi i beztroskimi zakupami.<\/p>\n<p>Specyfikacja produktu:<\/p>\n<p>Materia\u0142: wysokiej jako\u015bci tektura falista<br \/>\nDrukowanie: Mo\u017cliwo\u015b\u0107 dostosowania<br \/>\nTyp pude\u0142ka: pude\u0142ko samolotowe<br \/>\nCertyfikaty: Certyfikat FSC, Certyfikat ISO<\/p>\n<p>Cechy:<br \/>\nKonstrukcja skrzynki wysy\u0142kowej, solidna i trwa\u0142a<br \/>\nZaprojektowany specjalnie dla kosmetyk\u00f3w i produkt\u00f3w do piel\u0119gnacji sk\u00f3ry<br \/>\nPersonalizacja marki, ekskluzywny styl<br \/>\nZapewniona jest bezp\u0142atna us\u0142uga projektowania<br \/>\n2-dniowa szybka produkcja pr\u00f3bek<br \/>\nDostawa krajowa<\/p>\n<p>Odpowiednie scenariusze:<\/p>\n<p>Opakowania transportowe dla handlu elektronicznego kosmetykami<br \/>\nOpakowania produkt\u00f3w do piel\u0119gnacji sk\u00f3ry w sprzeda\u017cy online<br \/>\nOchrona transportowa olejk\u00f3w eterycznych, krem\u00f3w i innych produkt\u00f3w<br \/>\nPromocja wizerunku marki<\/p>\n<p>Powody, dla kt\u00f3rych warto nas wybra\u0107:<\/p>\n<p>Profesjonalna us\u0142uga dostosowywania: Posiadamy profesjonalny zesp\u00f3\u0142 projektowy i zesp\u00f3\u0142 produkcyjny, kt\u00f3ry mo\u017ce zapewni\u0107 pe\u0142ny zakres niestandardowych us\u0142ug, od projektu po produkcj\u0119, bez obaw w ca\u0142ym procesie.<br \/>\nDoskona\u0142a jako\u015b\u0107: \u015aci\u015ble kontrolujemy ka\u017cde ogniwo produkcyjne, aby zapewni\u0107 stabiln\u0105 i niezawodn\u0105 jako\u015b\u0107 produktu, dzi\u0119ki czemu mo\u017cna go u\u017cywa\u0107 bez obaw.<br \/>\nOczywista przewaga cenowa: Jeste\u015bmy dostawc\u0105 \u017ar\u00f3d\u0142owym i mo\u017cemy zapewni\u0107 najbardziej konkurencyjn\u0105 cen\u0119, dzi\u0119ki czemu mo\u017cna uzyska\u0107 wy\u017csz\u0105 wydajno\u015b\u0107 kosztow\u0105.<br \/>\nWydajna i terminowa dostawa: Dysponujemy wydajnym procesem produkcji i profesjonalnym zespo\u0142em logistycznym, aby zapewni\u0107 terminow\u0105 dostaw\u0119 zam\u00f3wienia.<br \/>\nBezp\u0142atna us\u0142uga projektowania: Zapewniamy bezp\u0142atne us\u0142ugi projektowe i rozwi\u0105zania opakowaniowe dostosowane do indywidualnych potrzeb.<br \/>\nSzybka reakcja: Obiecujemy szybko wyprodukowa\u0107 pr\u00f3bki i dostarczy\u0107 je na terenie ca\u0142ego kraju w ci\u0105gu 2 dni, aby\u015b m\u00f3g\u0142 do\u015bwiadczy\u0107 wydajnych i wygodnych us\u0142ug.<br \/>\nPrzyjazne dla \u015brodowiska i zr\u00f3wnowa\u017cone: U\u017cywamy papieru z certyfikatem FSC, wspieramy zr\u00f3wnowa\u017con\u0105 gospodark\u0119 le\u015bn\u0105 i przyczyniamy si\u0119 do ochrony Ziemi.<\/p>","protected":false},"excerpt":{"rendered":"<p>Spersonalizowane pude\u0142ka na kosmetyki\/piel\u0119gnacj\u0119 sk\u00f3ry, wykonane z papieru falistego, bezpieczne i odporne na wstrz\u0105sy. Nieograniczone mo\u017cliwo\u015bci dostosowywania rozmiar\u00f3w i logo marki, odpowiednie do olejk\u00f3w eterycznych i krem\u00f3w, do tworzenia ekskluzywnych opakowa\u0144 transportowych marki.<\/p>","protected":false},"featured_media":7956,"template":"","meta":[],"product_brand":[],"product_cat":[31,30,390,433],"product_tag":[462,460,461],"class_list":{"0":"post-7954","1":"product","2":"type-product","3":"status-publish","4":"has-post-thumbnail","6":"product_cat-paper-box-style","7":"product_cat-by-industry","8":"product_cat-custom-cosmetics-boxes","9":"product_cat-shipping-mailer-boxes","10":"product_tag-cosmetic-skincare-boxes-wholesale","11":"product_tag-custom-cosmetic-shipping-boxes","12":"product_tag-skincare-mailer-boxes","14":"first","15":"instock","16":"shipping-taxable","17":"product-type-simple"},"_links":{"self":[{"href":"https:\/\/zojopackaging.com\/pl\/wp-json\/wp\/v2\/product\/7954","targetHints":{"allow":["GET"]}}],"collection":[{"href":"https:\/\/zojopackaging.com\/pl\/wp-json\/wp\/v2\/product"}],"about":[{"href":"https:\/\/zojopackaging.com\/pl\/wp-json\/wp\/v2\/types\/product"}],"version-history":[{"count":2,"href":"https:\/\/zojopackaging.com\/pl\/wp-json\/wp\/v2\/product\/7954\/revisions"}],"predecessor-version":[{"id":7969,"href":"https:\/\/zojopackaging.com\/pl\/wp-json\/wp\/v2\/product\/7954\/revisions\/7969"}],"wp:featuredmedia":[{"embeddable":true,"href":"https:\/\/zojopackaging.com\/pl\/wp-json\/wp\/v2\/media\/7956"}],"wp:attachment":[{"href":"https:\/\/zojopackaging.com\/pl\/wp-json\/wp\/v2\/media?parent=7954"}],"wp:term":[{"taxonomy":"product_brand","embeddable":true,"href":"https:\/\/zojopackaging.com\/pl\/wp-json\/wp\/v2\/product_brand?post=7954"},{"taxonomy":"product_cat","embeddable":true,"href":"https:\/\/zojopackaging.com\/pl\/wp-json\/wp\/v2\/product_cat?post=7954"},{"taxonomy":"product_tag","embeddable":true,"href":"https:\/\/zojopackaging.com\/pl\/wp-json\/wp\/v2\/product_tag?post=7954"}],"curies":[{"name":"wp","href":"https:\/\/api.w.org\/{rel}","templated":true}]}}