{"id":7981,"date":"2025-03-23T09:24:28","date_gmt":"2025-03-23T01:24:28","guid":{"rendered":"https:\/\/zojopackaging.com\/?post_type=product&#038;p=7981"},"modified":"2025-03-23T11:24:09","modified_gmt":"2025-03-23T03:24:09","slug":"premium-custom-rigid-candle-gift-packaging-box-manufacturer","status":"publish","type":"product","link":"https:\/\/zojopackaging.com\/pl\/product\/premium-custom-rigid-candle-gift-packaging-box-manufacturer\/","title":{"rendered":"Producent wysokiej jako\u015bci sztywnych opakowa\u0144 na \u015bwiece"},"content":{"rendered":"<h2 id=\"-customized-solution-for-high-end-lid-candle-packaging-box-chinese-quality-global-trust-\"><strong>Indywidualne rozwi\u0105zanie do pakowania \u015bwiec z pokrywk\u0105 i podstaw\u0105 - chi\u0144ska jako\u015b\u0107, globalne zaufanie<\/strong><\/h2>\n<h3 id=\"1-product-core-professional-lid-box\">1. Rdze\u0144 produktu: profesjonalna pokrywa i podstawa<\/h3>\n<p>Zaprojektowane dla przemys\u0142u \u015bwiecowego pude\u0142ko z pokryw\u0105 i podstaw\u0105 wykonane jest z powlekanego papieru o wysokiej wytrzyma\u0142o\u015bci (250-400 g), z uwzgl\u0119dnieniem eleganckiej tekstury i trwa\u0142o\u015bci. Procesy powierzchniowe, takie jak wz\u00f3r owczej sk\u00f3ry i folia dotykowa, s\u0105 opcjonalne, doskonale prezentuj\u0105c logo marki i projekt artystyczny. <a href=\"https:\/\/zojopackaging.com\/pl\/produkt\/custom-printing-luxury-candle-packaging-gift-boxes-wholesale\/\">https:\/\/zojoprint.en.alibaba.com\/<\/a><\/p>\n<h3 id=\"2-unlimited-customization-empowering-brand-uniqueness\">2. Nieograniczona personalizacja, wzmacniaj\u0105ca wyj\u0105tkowo\u015b\u0107 marki<\/h3>\n<ul>\n<li><strong>Wolno\u015b\u0107 tw\u00f3rcza<\/strong>: Od rozmiaru, struktury po efekt drukowania (UV \/ t\u0142oczenie na gor\u0105co \/ t\u0142oczenie), obs\u0142uguje g\u0142\u0119boko spersonalizowany projekt;<\/li>\n<li><strong>Gwarancja techniczna<\/strong>: Wyposa\u017cony w zaawansowany sprz\u0119t, taki jak sze\u015bciokolorowa maszyna Heidelberg i drukarka UV, aby osi\u0105gn\u0105\u0107 wysok\u0105 precyzj\u0119 odtwarzania z\u0142o\u017conych wzor\u00f3w; <a href=\"https:\/\/zojopackaging.com\/pl\/produkt\/custom-printing-luxury-candle-packaging-gift-boxes-wholesale\/\">https:\/\/zojopackaging.com\/<\/a><\/li>\n<li><strong>Potwierdzenie certyfikacji<\/strong>: Przeszed\u0142 certyfikacj\u0119 le\u015bn\u0105 FSC (przyjazny dla \u015brodowiska i identyfikowalny) oraz system zarz\u0105dzania jako\u015bci\u0105 ISO w celu zapewnienia zgodno\u015bci eksportu.<\/li>\n<\/ul>\n<h3 id=\"3-one-stop-export-service-competitive\">3. Kompleksowa us\u0142uga eksportowa, konkurencyjna<\/h3>\n<p>Jako eksporter wysokiej jako\u015bci opakowa\u0144 w Chinach zapewniamy: \u2705\u00a0<strong>Zerowy koszt uruchomienia<\/strong>bezp\u0142atny projekt + proofing 3D + natychmiastowa wycena, obni\u017caj\u0105ca pr\u00f3g wsp\u00f3\u0142pracy; \u2705\u00a0<strong>Przejrzysty system cenowy<\/strong>produkcja na du\u017c\u0105 skal\u0119 obni\u017ca koszty, a cena podobnych produkt\u00f3w jest 15%-20% ni\u017csza ni\u017c na rynku; \u2705\u00a0<strong>Pe\u0142na kontrola jako\u015bci \u0142\u0105cza<\/strong>od testowania surowc\u00f3w po pobieranie pr\u00f3bek gotowego produktu, wska\u017anik wadliwo\u015bci jest \u015bci\u015ble kontrolowany do &lt;0,3%; \u2705\u00a0<strong>Wydajna dostawa<\/strong>Niezwykle szybka wysy\u0142ka w ci\u0105gu 7-12 dni, wspieraj\u0105ca globaln\u0105 logistyk\u0119 DDP\/DDU. <a href=\"https:\/\/zojopackaging.com\/pl\/\">zojopackaging.com<\/a><\/p>\n<hr \/>\n<h3 id=\"4-why-choose-us-\">4. Dlaczego warto nas wybra\u0107?<\/h3>\n<ul>\n<li><strong>Bran\u017cowy przyk\u0142ad por\u00f3wnawczy<\/strong>: Dostarczanie opakowa\u0144 dla ponad 50 marek zapachowych na ca\u0142ym \u015bwiecie, w tym\u00a0<strong>Dongguan Tinbo Packing<\/strong>popularne metalowe puszki i pasuj\u0105ce do nich papierowe pude\u0142ka;<\/li>\n<li><strong>Gwarancja ryzyka pr\u00f3b i b\u0142\u0119d\u00f3w<\/strong>: Bezp\u0142atna dostawa pr\u00f3bek fizycznych, wsparcie dla ma\u0142ych zam\u00f3wie\u0144 seryjnych (minimalne zam\u00f3wienie 500 sztuk);<\/li>\n<li><strong>Us\u0142uga o warto\u015bci dodanej<\/strong>: Dostarczanie sugestii dotycz\u0105cych optymalizacji struktury opakowa\u0144 w celu zmniejszenia strat transportowych.<\/li>\n<\/ul>","protected":false},"excerpt":{"rendered":"<p>Pude\u0142ko na \u015bwiece z pokrywk\u0105 i podstaw\u0105, 157 g papieru powlekanego C2S + 1200 g szarej sztywnej tektury, druk CMYK + laminowanie matowe, nieograniczona personalizacja. Chi\u0144ska fabryka \u017ar\u00f3d\u0142owa, zapewnienie jako\u015bci.<\/p>","protected":false},"featured_media":7983,"template":"","meta":[],"product_brand":[],"product_cat":[31,30,416,425],"product_tag":[465,464,463],"class_list":{"0":"post-7981","1":"product","2":"type-product","3":"status-publish","4":"has-post-thumbnail","6":"product_cat-paper-box-style","7":"product_cat-by-industry","8":"product_cat-custom-candle-boxes","9":"product_cat-lid-and-base-gift-box","10":"product_tag-candle-gift-packaging-box-manufacturer","11":"product_tag-custom-rigid-candle-gift-packaging-box","12":"product_tag-premium-rigid-candle-gift-box","14":"first","15":"instock","16":"shipping-taxable","17":"product-type-simple"},"_links":{"self":[{"href":"https:\/\/zojopackaging.com\/pl\/wp-json\/wp\/v2\/product\/7981","targetHints":{"allow":["GET"]}}],"collection":[{"href":"https:\/\/zojopackaging.com\/pl\/wp-json\/wp\/v2\/product"}],"about":[{"href":"https:\/\/zojopackaging.com\/pl\/wp-json\/wp\/v2\/types\/product"}],"version-history":[{"count":2,"href":"https:\/\/zojopackaging.com\/pl\/wp-json\/wp\/v2\/product\/7981\/revisions"}],"predecessor-version":[{"id":8016,"href":"https:\/\/zojopackaging.com\/pl\/wp-json\/wp\/v2\/product\/7981\/revisions\/8016"}],"wp:featuredmedia":[{"embeddable":true,"href":"https:\/\/zojopackaging.com\/pl\/wp-json\/wp\/v2\/media\/7983"}],"wp:attachment":[{"href":"https:\/\/zojopackaging.com\/pl\/wp-json\/wp\/v2\/media?parent=7981"}],"wp:term":[{"taxonomy":"product_brand","embeddable":true,"href":"https:\/\/zojopackaging.com\/pl\/wp-json\/wp\/v2\/product_brand?post=7981"},{"taxonomy":"product_cat","embeddable":true,"href":"https:\/\/zojopackaging.com\/pl\/wp-json\/wp\/v2\/product_cat?post=7981"},{"taxonomy":"product_tag","embeddable":true,"href":"https:\/\/zojopackaging.com\/pl\/wp-json\/wp\/v2\/product_tag?post=7981"}],"curies":[{"name":"wp","href":"https:\/\/api.w.org\/{rel}","templated":true}]}}