{"id":7989,"date":"2025-03-23T09:59:02","date_gmt":"2025-03-23T01:59:02","guid":{"rendered":"https:\/\/zojopackaging.com\/?post_type=product&#038;p=7989"},"modified":"2025-03-23T10:28:33","modified_gmt":"2025-03-23T02:28:33","slug":"luxury-premium-chocolate-gift-boxes-from-china-distributor","status":"publish","type":"product","link":"https:\/\/zojopackaging.com\/pl\/product\/luxury-premium-chocolate-gift-boxes-from-china-distributor\/","title":{"rendered":"Luksusowe pude\u0142ka na prezenty z czekolady Premium od chi\u0144skiego dystrybutora"},"content":{"rendered":"<h2 id=\"-chocolate-box-with-lid-and-top-cover-unlimited-customization-of-high-end-packaging-solutions-\"><strong>Pude\u0142ko na czekolad\u0119 z pokrywk\u0105 i podstaw\u0105 - nieograniczona personalizacja wysokiej klasy rozwi\u0105za\u0144 opakowaniowych<\/strong><\/h2>\n<p><strong>1. Przegl\u0105d produkt\u00f3w<\/strong>\u00a0Pude\u0142ko z wieczkiem i g\u00f3rn\u0105 pokryw\u0105 to klasyczne, wysokiej klasy opakowanie z g\u00f3rn\u0105 i doln\u0105 pokryw\u0105. Jest \u0142atwe do otwierania i zamykania oraz posiada mocne uszczelnienie. Doskonale nadaje si\u0119 do produkt\u00f3w takich jak\u00a0<strong>czekolada<\/strong>, s\u0142odycze i towary luksusowe. Jego elegancki wygl\u0105d i praktyczno\u015b\u0107 mog\u0105 nada\u0107 marce wyj\u0105tkow\u0105 warto\u015b\u0107 i poprawi\u0107 wra\u017cenia konsumenta podczas rozpakowywania.<\/p>\n<p><strong>2. Podstawowe zalety<\/strong><\/p>\n<ul>\n<li><strong>Doskona\u0142y materia\u0142<\/strong>: Wykonane z wysokiej jako\u015bci\u00a0<strong>powlekany materia\u0142 papierowy<\/strong>Ma g\u0142adk\u0105 i delikatn\u0105 powierzchni\u0119 oraz niezwykle wysok\u0105 reprodukcj\u0119 kolor\u00f3w. Mo\u017ce drukowa\u0107 z\u0142o\u017cone wzory lub technologi\u0119 t\u0142oczenia na gor\u0105co, aby pokaza\u0107 wysokiej klasy tekstur\u0119 marki.<\/li>\n<li><strong>Nieograniczona personalizacja<\/strong>: Obs\u0142uguje pe\u0142ne dostosowanie rozmiaru, kszta\u0142tu, nadruku i struktury podszewki, aby spe\u0142ni\u0107 spersonalizowane potrzeby marki.\u00a0<a href=\"https:\/\/zojoprint.en.alibaba.com\" target=\"_blank\" rel=\"noopener\">Przypadki wsp\u00f3\u0142pracy mo\u017cna znale\u017a\u0107 w us\u0142udze ODM <\/a><a href=\"https:\/\/zojoprint.en.alibaba.com\/?spm=a2700.29482153.0.0.f2a871d2PoWaDJ\" target=\"_blank\" rel=\"noopener\">Przegl\u0105d sp\u00f3\u0142ki - Shenzhen Zojoprint Co., Ltd.<\/a>.<\/li>\n<li><strong>Certyfikacja \u015brodowiskowa<\/strong>: Zdany\u00a0<strong>Certyfikacja las\u00f3w FSC<\/strong>\u00a0zapewnienie zr\u00f3wnowa\u017conego \u017ar\u00f3d\u0142a papieru; uzyskane\u00a0<strong>Certyfikacja systemu zarz\u0105dzania jako\u015bci\u0105 ISO<\/strong>\u00a0w celu zapewnienia zgodno\u015bci ca\u0142ego procesu produkcyjnego.<\/li>\n<\/ul>\n<p><strong>3. Najwa\u017cniejsze us\u0142ugi<\/strong><\/p>\n<ul>\n<li><strong>Zalety chi\u0144skich dostawc\u00f3w \u017ar\u00f3d\u0142owych<\/strong>: Jako bezpo\u015bredni producent eliminujemy po\u015brednik\u00f3w, zapewniamy\u00a0<strong>najbardziej rozs\u0105dna cena<\/strong>\u00a0(oszcz\u0119dno\u015b\u0107 koszt\u00f3w 30%+ w por\u00f3wnaniu do opakowa\u0144 importowanych) i szybkie reagowanie na popyt.\u00a0<a href=\"https:\/\/zojoprint.en.alibaba.com\/\" target=\"_blank\" rel=\"noopener\">Patrz https:\/\/zojoprint.en.alibaba.com\/ <\/a>\u00a0w celu uzyskania kompleksowych us\u0142ug dostosowanych do indywidualnych potrzeb.<\/li>\n<li><strong>\u015acis\u0142a kontrola jako\u015bci<\/strong>: Przyj\u0119cie trzypoziomowego procesu kontroli jako\u015bci - kontrola surowc\u00f3w, testowanie p\u00f3\u0142produkt\u00f3w i pe\u0142na kontrola gotowego produktu w celu zapewnienia, \u017ce wska\u017anik kwalifikacji przesy\u0142ki wynosi&gt; 99%.<\/li>\n<li><strong>Szybka dostawa<\/strong>:\u00a0<strong>Pr\u00f3bki s\u0105 dost\u0119pne w ci\u0105gu 3 dni<\/strong>Obs\u0142ugiwana jest bezp\u0142atna przyk\u0142adowa aplikacja, aby pom\u00f3c klientom w podejmowaniu skutecznych decyzji.\u00a0<a href=\"https:\/\/zojoprint.en.alibaba.com\/\" target=\"_blank\" rel=\"noopener\">https:\/\/zojoprint.en.alibaba.com\/ <\/a>.<\/li>\n<\/ul>\n<p><strong>4. Scenariusze zastosowa\u0144<\/strong><\/p>\n<ul>\n<li>Czekoladowe pude\u0142ka na prezenty (np. z motywami \u015blubnymi i \u015bwi\u0105tecznymi)<\/li>\n<li>Wysokiej jako\u015bci \u017cywno\u015b\u0107 (trufle, ciastka itp.)<\/li>\n<li>Kosmetyki i towary luksusowe (perfumy, bi\u017cuteria itp.)\u00a0<em>(Inspiracja r\u00f3\u017cnorodnymi opakowaniami <a href=\"https:\/\/zojopackaging.com\/pl\/\">https:\/\/zojopackaging.com\/<\/a>)<\/em><\/li>\n<\/ul>\n<hr \/>\n<p><strong>5. Dlaczego warto nas wybra\u0107?<\/strong><\/p>\n<ul>\n<li><strong>Przejrzyste ceny<\/strong>: Wycena obejmuje ca\u0142y proces projektowania, sprawdzania i produkcji, bez ukrytych op\u0142at.<\/li>\n<li><strong>Us\u0142ugi wysokiej jako\u015bci<\/strong>: Wy\u0142\u0105czni konsultanci 1 na 1, pe\u0142ne wsparcie od analizy popytu po \u015bledzenie logistyki.<\/li>\n<li><strong>Gwarancja partii<\/strong>: Obs\u0142uga ma\u0142ych partii zam\u00f3wie\u0144 pr\u00f3bnych do masowej produkcji na poziomie miliona, elastyczne zaspokajanie potrzeb marki.<\/li>\n<\/ul>\n<p><strong>Podejmij dzia\u0142ania ju\u017c teraz!\u00a0<\/strong>\u2b07\ufe0f\u00a0<a href=\"https:\/\/zojopackaging.com\/pl\/contact-us\/\"><strong>Skontaktuj si\u0119 z nami<\/strong><\/a>\u00a0aby uzyska\u0107 bezp\u0142atne pr\u00f3bki i ekskluzywne wyceny oraz rozpocz\u0105\u0107 podr\u00f3\u017c w celu ulepszenia opakowania marki! \ud83d\udce6\u2728<\/p>","protected":false},"excerpt":{"rendered":"<p>Pude\u0142ko na czekolad\u0119 z pokrywk\u0105 i podstaw\u0105, dostosowane przez fabryk\u0119 \u017ar\u00f3d\u0142ow\u0105! Papier powlekany + druk CMYK, nieograniczony rozmiar i projekt, tworzenie ekskluzywnych opakowa\u0144<\/p>","protected":false},"featured_media":7990,"template":"","meta":[],"product_brand":[],"product_cat":[31,30,422,425],"product_tag":[467,466,449],"class_list":{"0":"post-7989","1":"product","2":"type-product","3":"status-publish","4":"has-post-thumbnail","6":"product_cat-paper-box-style","7":"product_cat-by-industry","8":"product_cat-custom-gourmet-boxes-by-industry","9":"product_cat-lid-and-base-gift-box","10":"product_tag-chocolate-boxes-distributor","11":"product_tag-luxury-chocolate-gift-boxes","12":"product_tag-premium-chocolate-gift-boxes","14":"first","15":"instock","16":"shipping-taxable","17":"product-type-simple"},"_links":{"self":[{"href":"https:\/\/zojopackaging.com\/pl\/wp-json\/wp\/v2\/product\/7989","targetHints":{"allow":["GET"]}}],"collection":[{"href":"https:\/\/zojopackaging.com\/pl\/wp-json\/wp\/v2\/product"}],"about":[{"href":"https:\/\/zojopackaging.com\/pl\/wp-json\/wp\/v2\/types\/product"}],"version-history":[{"count":1,"href":"https:\/\/zojopackaging.com\/pl\/wp-json\/wp\/v2\/product\/7989\/revisions"}],"predecessor-version":[{"id":7996,"href":"https:\/\/zojopackaging.com\/pl\/wp-json\/wp\/v2\/product\/7989\/revisions\/7996"}],"wp:featuredmedia":[{"embeddable":true,"href":"https:\/\/zojopackaging.com\/pl\/wp-json\/wp\/v2\/media\/7990"}],"wp:attachment":[{"href":"https:\/\/zojopackaging.com\/pl\/wp-json\/wp\/v2\/media?parent=7989"}],"wp:term":[{"taxonomy":"product_brand","embeddable":true,"href":"https:\/\/zojopackaging.com\/pl\/wp-json\/wp\/v2\/product_brand?post=7989"},{"taxonomy":"product_cat","embeddable":true,"href":"https:\/\/zojopackaging.com\/pl\/wp-json\/wp\/v2\/product_cat?post=7989"},{"taxonomy":"product_tag","embeddable":true,"href":"https:\/\/zojopackaging.com\/pl\/wp-json\/wp\/v2\/product_tag?post=7989"}],"curies":[{"name":"wp","href":"https:\/\/api.w.org\/{rel}","templated":true}]}}