{"id":8006,"date":"2025-03-23T10:48:38","date_gmt":"2025-03-23T02:48:38","guid":{"rendered":"https:\/\/zojopackaging.com\/?post_type=product&#038;p=8006"},"modified":"2025-03-23T11:16:01","modified_gmt":"2025-03-23T03:16:01","slug":"high-quality-custom-hat-packaging-boxes-wholesale-branding","status":"publish","type":"product","link":"https:\/\/zojopackaging.com\/pl\/product\/high-quality-custom-hat-packaging-boxes-wholesale-branding\/","title":{"rendered":"Wysokiej jako\u015bci niestandardowe pude\u0142ka do pakowania kapeluszy Hurtownia marki"},"content":{"rendered":"<h2 id=\"-core-advantages-of-the-product-\"><strong>G\u0142\u00f3wne zalety produktu<\/strong><\/h2>\n<ol>\n<li><strong>Magnetyczne zamkni\u0119cie pude\u0142ka + przeno\u015bny uchwyt<\/strong><\/li>\n<li>Pokrywa ma wbudowany arkusz magnetyczny, kt\u00f3ry otwiera si\u0119 i zamyka cicho i p\u0142ynnie, i jest wyposa\u017cony w mocny uchwyt. Nadaje si\u0119 do\u00a0<strong>czapki, ubrania<\/strong>\u00a0i inne lekkie produkty luksusowe, kt\u00f3re s\u0105 zar\u00f3wno pi\u0119kne, jak i \u0142atwe do przenoszenia.<\/li>\n<li>Nadaje si\u0119 do scenariuszy sprzeda\u017cy detalicznej online i offline, aby zwi\u0119kszy\u0107 poczucie klasy produktu.<\/li>\n<li><strong>Nieograniczone opcje personalizacji<\/strong><\/li>\n<li><strong>Rozmiar, kszta\u0142t, proces drukowania<\/strong>\u00a0Dowolny wyb\u00f3r, obs\u0142uga t\u0142oczenia na gor\u0105co \/ UV \/ wyt\u0142aczania i innych proces\u00f3w w celu spe\u0142nienia spersonalizowanych potrzeb marki.<\/li>\n<li>Wykonany z powlekanego papieru, z matow\u0105 \/ jasn\u0105 foli\u0105 na powierzchni, ma delikatn\u0105 tekstur\u0119 i jest odporny na zu\u017cycie, doskonale prezentuj\u0105c projekt marki VI.<\/li>\n<li><strong>Autorytatywna certyfikacja gwarantuje jako\u015b\u0107<\/strong><\/li>\n<li>Z\u00a0<strong>Certyfikacja las\u00f3w FSC<\/strong>\u00a0oraz\u00a0<strong>Certyfikacja systemu zarz\u0105dzania jako\u015bci\u0105 ISO<\/strong>Materia\u0142y s\u0105 przyjazne dla \u015brodowiska i nadaj\u0105 si\u0119 do recyklingu, a proces produkcji jest \u015bci\u015ble zgodny ze \u015bwiatowymi standardami.<\/li>\n<li>Od surowc\u00f3w do gotowych produkt\u00f3w,\u00a0<strong>100% pe\u0142na inspekcja<\/strong> jest wdra\u017cany w celu zapewnienia zerowej liczby usterek w ka\u017cdym \u0142\u0105czu.<\/li>\n<\/ol>\n<h2 id=\"-service-commitment-\"><strong>Zobowi\u0105zanie do \u015bwiadczenia us\u0142ug<\/strong><\/h2>\n<ul>\n<li><strong>Bezp\u0142atna wycena i projekt<\/strong>: Ekskluzywny zesp\u00f3\u0142 projektant\u00f3w zapewnia renderingi 3D i szybko reaguje na potrzeby modyfikacji.<\/li>\n<li><strong>Najbardziej konkurencyjna cena<\/strong>: Dzi\u0119ki wsparciu produkcji na du\u017c\u0105 skal\u0119 i lokalnemu \u0142a\u0144cuchowi dostaw wycena jest przejrzysta i nie ma ukrytych koszt\u00f3w.<\/li>\n<li><strong>Bezp\u0142atna pr\u00f3bka do\u015bwiadczenia<\/strong>: Najpierw sprawd\u017a jako\u015b\u0107, a nast\u0119pnie sk\u0142adaj zam\u00f3wienia partiami, aby zmniejszy\u0107 ryzyko wsp\u00f3\u0142pracy.<\/li>\n<li><strong>B\u0142yskawiczna dostawa<\/strong>: Regularne zam\u00f3wienia s\u0105 wysy\u0142ane w ci\u0105gu\u00a0<strong>15 dni<\/strong>Zam\u00f3wienia przyspieszone s\u0105 dostarczane w ci\u0105gu 7 dni, wspieraj\u0105c globaln\u0105 logistyk\u0119.<a href=\"https:\/\/zojopackaging.com\/pl\/\">https:\/\/zojopackaging.com\/<\/a>).<\/li>\n<\/ul>\n<p><strong>Podejmij dzia\u0142ania ju\u017c teraz i rozpocznij wsp\u00f3\u0142prac\u0119!\u00a0<\/strong>\ud83d\udce9\u00a0<strong>Zg\u0142o\u015b swoje potrzeby<\/strong>\u00a0\u2192\u00a0<strong>Uzyskaj ekskluzywne rozwi\u0105zania + pr\u00f3bki za darmo<\/strong>\u00a0\u2192\u00a0<strong>Produkcja masowa po weryfikacji jako\u015bci<\/strong> \u26a0\ufe0f zaufany przez \u015bwiat - z powodzeniem dostarczyli\u015bmy rozwi\u0105zania opakowaniowe dla wielu mi\u0119dzynarodowych marek i cieszymy si\u0119, \u017ce mo\u017cemy zosta\u0107 Twoim d\u0142ugoterminowym partnerem!<\/p>\n<hr \/>\n<p><strong>Dlaczego warto nas wybra\u0107?\u00a0<\/strong>\u2705\u00a0<strong>Bogate do\u015bwiadczenie w eksporcie<\/strong>: Eksportowane do ponad 30 kraj\u00f3w, w tym Europy, Ameryki, Japonii i Korei Po\u0142udniowej, zaznajomione ze standardami pakowania w r\u00f3\u017cnych krajach. \u2705\u00a0<strong>Technologia + us\u0142uga podw\u00f3jnej gwarancji<\/strong>20-osobowy zesp\u00f3\u0142 projektant\u00f3w + w pe\u0142ni zautomatyzowana linia produkcyjna, zar\u00f3wno wydajno\u015b\u0107, jak i kreatywno\u015b\u0107. \u2705\u00a0<strong>Zaanga\u017cowanie w ochron\u0119 \u015brodowiska<\/strong>: Wykorzystanie odnawialnych materia\u0142\u00f3w papierowych, aby pom\u00f3c markom w realizacji cel\u00f3w zr\u00f3wnowa\u017conego rozwoju.<\/p>","protected":false},"excerpt":{"rendered":"<p>Pude\u0142ko upominkowe z magnetycznym zamkni\u0119ciem, odpowiednie na czapki\/odzie\u017c, powlekany papier artystyczny C2S umo\u017cliwia nieograniczone dostosowywanie, chi\u0144ski eksporter z certyfikatem ISO\/SGS<\/p>","protected":false},"featured_media":8007,"template":"","meta":[],"product_brand":[],"product_cat":[31,30,427,414],"product_tag":[471,472,473],"class_list":{"0":"post-8006","1":"product","2":"type-product","3":"status-publish","4":"has-post-thumbnail","6":"product_cat-paper-box-style","7":"product_cat-by-industry","8":"product_cat-collapsible-gift-boxes","9":"product_cat-custom-apparel-boxes","10":"product_tag-custom-hat-packaging","11":"product_tag-hat-packaging-boxes","12":"product_tag-hat-packaging-wholesale","14":"first","15":"instock","16":"shipping-taxable","17":"product-type-simple"},"_links":{"self":[{"href":"https:\/\/zojopackaging.com\/pl\/wp-json\/wp\/v2\/product\/8006","targetHints":{"allow":["GET"]}}],"collection":[{"href":"https:\/\/zojopackaging.com\/pl\/wp-json\/wp\/v2\/product"}],"about":[{"href":"https:\/\/zojopackaging.com\/pl\/wp-json\/wp\/v2\/types\/product"}],"version-history":[{"count":1,"href":"https:\/\/zojopackaging.com\/pl\/wp-json\/wp\/v2\/product\/8006\/revisions"}],"predecessor-version":[{"id":8013,"href":"https:\/\/zojopackaging.com\/pl\/wp-json\/wp\/v2\/product\/8006\/revisions\/8013"}],"wp:featuredmedia":[{"embeddable":true,"href":"https:\/\/zojopackaging.com\/pl\/wp-json\/wp\/v2\/media\/8007"}],"wp:attachment":[{"href":"https:\/\/zojopackaging.com\/pl\/wp-json\/wp\/v2\/media?parent=8006"}],"wp:term":[{"taxonomy":"product_brand","embeddable":true,"href":"https:\/\/zojopackaging.com\/pl\/wp-json\/wp\/v2\/product_brand?post=8006"},{"taxonomy":"product_cat","embeddable":true,"href":"https:\/\/zojopackaging.com\/pl\/wp-json\/wp\/v2\/product_cat?post=8006"},{"taxonomy":"product_tag","embeddable":true,"href":"https:\/\/zojopackaging.com\/pl\/wp-json\/wp\/v2\/product_tag?post=8006"}],"curies":[{"name":"wp","href":"https:\/\/api.w.org\/{rel}","templated":true}]}}