{"id":8017,"date":"2025-03-23T11:29:24","date_gmt":"2025-03-23T03:29:24","guid":{"rendered":"https:\/\/zojopackaging.com\/?post_type=product&#038;p=8017"},"modified":"2025-03-23T16:53:44","modified_gmt":"2025-03-23T08:53:44","slug":"exquisite-unique-gourmet-gift-packaging-boxes-wholesaler","status":"publish","type":"product","link":"https:\/\/zojopackaging.com\/pl\/product\/exquisite-unique-gourmet-gift-packaging-boxes-wholesaler\/","title":{"rendered":"Wykwintne, unikalne opakowania na prezenty dla smakoszy - hurtownia"},"content":{"rendered":"<h3 id=\"manufacturer-s-description-of-custom-clothing-packaging-boxes-in-china\">Opis producenta niestandardowych pude\u0142ek do pakowania odzie\u017cy w Chinach<\/h3>\n<h4 id=\"1-magnetic-double-layer-pull-out-box-product-presentation-and-experience-upgrade\">1. Magnetyczne dwuwarstwowe wysuwane pude\u0142ko: prezentacja produktu i ulepszenie do\u015bwiadczenia<\/h4>\n<p>Chi\u0144scy producenci innowacyjnie wprowadzili na rynek\u00a0<strong>magnetyczny dwuwarstwowy wysuwany pojemnik<\/strong>\u00a0w dziedzinie wysokiej klasy opakowa\u0144 odzie\u017cowych, kt\u00f3re poprawiaj\u0105 efekt ekspozycji produktu dzi\u0119ki warstwowej konstrukcji. Na przyk\u0142ad, wbudowane urz\u0105dzenie magnetyczne s\u0142u\u017cy do osi\u0105gni\u0119cia cichego zamkni\u0119cia i precyzyjnej adsorpcji. G\u00f3rna warstwa mo\u017ce wy\u015bwietla\u0107 g\u0142\u00f3wn\u0105 odzie\u017c, a dolna warstwa mo\u017ce przechowywa\u0107 akcesoria lub instrukcje, aby zaspokoi\u0107 zapotrzebowanie marki na \"zmys\u0142 rytua\u0142u rozpakowywania\". Szuflada Guangzhou Kelda Packaging zosta\u0142a zaprojektowana z antypo\u015blizgowymi szczelinami na karty, kt\u00f3re nadaj\u0105 si\u0119 do niezale\u017cnego przechowywania cienkich akcesori\u00f3w, takich jak szaliki i krawaty. Jednocze\u015bnie magnetyczna metoda otwierania i zamykania nadaje opakowaniu luksusowy charakter. Ten rodzaj projektu nie tylko poprawia jako\u015b\u0107 produktu, ale tak\u017ce zwi\u0119ksza \u015bwiadomo\u015b\u0107 u\u017cytkownik\u00f3w na temat kunsztu marki poprzez interaktywne do\u015bwiadczenie.<\/p>\n<h4 id=\"2-natural-color-printing-emotional-visual-expression\">2. Naturalny druk kolorowy: emocjonalna ekspresja wizualna<\/h4>\n<p>Producenci u\u017cywaj\u0105\u00a0<strong>Naturalne kolory o niskim nasyceniu<\/strong>\u00a0aby stworzy\u0107 zr\u00f3\u017cnicowan\u0105 estetyk\u0119 opakowania. Gradientowe pude\u0142ko upominkowe w stylu INS firmy Yiwu Xianchuang Packaging Factory symuluje zmiany w naturalnym \u015bwietle za pomoc\u0105 kolor\u00f3w takich jak zamglony niebieski i mi\u0119towy zielony oraz tworzy mi\u0119kkie rozproszone odbicie dzi\u0119ki technologii laminowania matowego, co jest zgodne z d\u0105\u017ceniem miejskiej grupy konsument\u00f3w do \"zakup\u00f3w redukuj\u0105cych stres\". Przezroczyste pude\u0142ko z papieru pakowego wprowadzone na rynek przez Zhejiang Wenzhou Aoyin Packaging zachowuje naturaln\u0105 tekstur\u0119 oryginalnego materia\u0142u z papieru celulozowego i sprawia, \u017ce LOGO marki pojawia si\u0119 w procesie cz\u0119\u015bciowego przenikania na gor\u0105co, co nie tylko przekazuje koncepcj\u0119 ochrony \u015brodowiska, ale tak\u017ce tworzy wizualn\u0105 atmosfer\u0119 powrotu do natury. Badania wykaza\u0142y, \u017ce takie projekty mog\u0105 zwi\u0119kszy\u0107 poczucie przyjemno\u015bci konsument\u00f3w podczas rozpakowywania przez 32%.<\/p>\n<h4 id=\"3-diversified-accessories-system-brand-value-extension\">3. Zr\u00f3\u017cnicowany system akcesori\u00f3w: rozszerzenie warto\u015bci marki<\/h4>\n<p>Chi\u0144skie fabryki zapewniaj\u0105\u00a0<strong>Us\u0142ugi dostosowywania akcesori\u00f3w modu\u0142owych<\/strong>\u00a0aby pom\u00f3c markom zbudowa\u0107 tr\u00f3jwymiarow\u0105 matryc\u0119 produkt\u00f3w:<\/p>\n<ul>\n<li><strong>Funkcjonalne akcesoria<\/strong>Dok\u0142adno\u015b\u0107 kontroli wilgotno\u015bci osi\u0105ga \u00b13%RH, odpowiednia dla wysokiej jako\u015bci tkanin, takich jak kaszmir i jedwab;<\/li>\n<li><strong>Inteligentne akcesoria interaktywne<\/strong>: Po\u0142\u0105czenie z aplikacj\u0105 marki w celu realizacji weryfikacji podrabiania i przesy\u0142ania sugestii dotycz\u0105cych ubioru;<\/li>\n<li><strong>Dekoracja scenariusza<\/strong>Z odpinanymi satynowymi paskami, spe\u0142nia elastyczne potrzeby zmiany wakacyjnych limitowanych edycji i codziennych stylizacji.<\/li>\n<\/ul>\n<h4 id=\"4-full-size-customization-system-precise-adaptation-of-product-form\">4. Pe\u0142nowymiarowy system dostosowywania: precyzyjne dostosowanie formy produktu<\/h4>\n<p>Opieraj\u0105c si\u0119 na technologii precyzyjnej produkcji na poziomie milimetra, chi\u0144ski \u0142a\u0144cuch dostaw mo\u017ce zaspokoi\u0107 potrzeby w zakresie pe\u0142nowymiarowego pokrycia\u00a0<strong>5cm\u00d75cm do 120cm\u00d780cm<\/strong>. Wykorzystuj\u0105c technologi\u0119 dynamicznej regulacji linii sk\u0142adania, pojedyncza partia mo\u017ce by\u0107 kompatybilna z mieszan\u0105 odzie\u017c\u0105 o r\u00f3\u017cnej grubo\u015bci, tak\u0105 jak kurtki puchowe i suknie \u015blubne. Dzi\u0119ki projektowi wst\u0119pnego wci\u0119cia, tryb transportu i tryb wy\u015bwietlania mo\u017cna szybko prze\u0142\u0105czy\u0107, oszcz\u0119dzaj\u0105c 40% miejsca do przechowywania.<\/p>\n<h4 id=\"5-box-type-and-brand-visual-fusion-design\">5. Typ pude\u0142ka i projekt fuzji wizualnej marki<\/h4>\n<p>Producent stworzy\u0142 bibliotek\u0119 rozwi\u0105za\u0144 zawieraj\u0105c\u0105\u00a0<strong>Ponad 15 typ\u00f3w skrzynek podstawowych<\/strong>:<\/p>\n<ol>\n<li><strong>Przyssawka magnetyczna w kszta\u0142cie ksi\u0105\u017cki<\/strong>imituj\u0105cy kszta\u0142t grzbietu ksi\u0105\u017cki w twardej oprawie, z wbudowanymi wstawkami z histori\u0105 marki;<\/li>\n<li><strong>Zmienna pokrywa g\u00f3rna i dolna<\/strong>Obs\u0142uguje technologi\u0119 druku odwr\u00f3conego, dzi\u0119ki czemu LOGO prezentuje dynamiczne efekty wizualne pod r\u00f3\u017cnymi k\u0105tami otwierania i zamykania;<\/li>\n<li><strong>Magnetyczna klapka ss\u0105ca<\/strong>Wykorzystanie kombinacji specjalnego papieru i metalowych \u0142\u0105cznik\u00f3w w celu uzyskania tr\u00f3jwymiarowej prezentacji systemu marki VI.<\/li>\n<\/ol>\n<h4 id=\"vi-unlimited-customization-service-ecosystem\">VI. Nieograniczony ekosystem us\u0142ug dostosowywania<\/h4>\n<p>Chi\u0144skie fabryki prze\u0142amuj\u0105 tradycyjne bariery personalizacji poprzez\u00a0<strong>cyfrowy elastyczny system produkcji<\/strong>:<\/p>\n<ul>\n<li>Dongguan Yuhong Packaging stosuje technologi\u0119 dwustronnego druku kolorowego, obs\u0142uguje 500 pude\u0142ek na parti\u0119 i nie ponosi koszt\u00f3w wymiany wzoru;<\/li>\n<li>Shenzhen Shunhuang Paper Products wdra\u017ca bezformowy model produkcji i realizuje spersonalizowan\u0105 personalizacj\u0119 \"jedno pude\u0142ko, jeden obraz\" za pomoc\u0105 cyfrowej prasy drukarskiej HP Indigo;<\/li>\n<li>Producenci z Zhejiang zapewniaj\u0105 kompleksowe us\u0142ugi procesowe, od modelowania 3D po fizyczny proofing, ko\u0144cz\u0105c produkcj\u0119 zwyk\u0142ych bia\u0142ych pr\u00f3bek w ci\u0105gu 8 godzin i dostarczaj\u0105c barwione gotowe produkty w ci\u0105gu 24 godzin.<\/li>\n<\/ul>\n<h4 id=\"vii-factory-direct-service-and-quality-assurance\">VII. Bezpo\u015brednia obs\u0142uga fabryczna i zapewnienie jako\u015bci<\/h4>\n<p>Wiod\u0105ce chi\u0144skie firmy opakowaniowe wdra\u017caj\u0105\u00a0<strong>Polityka \"trzy zwolnienia i jedna gwarancja\"<\/strong>:<\/p>\n<ul>\n<li><strong>Darmowy projekt<\/strong>: Guangzhou Hainabaichuan Packaging zapewnia us\u0142ugi diagnostyki wizualnej marki w po\u0142\u0105czeniu z analiz\u0105 du\u017cych zbior\u00f3w danych w celu opracowania rozwi\u0105za\u0144 strategii pakowania;<\/li>\n<li><strong>Bezp\u0142atne pr\u00f3bki<\/strong>: Yiwu Lelang Packaging obs\u0142uguje 48-godzinn\u0105 globaln\u0105 dostaw\u0119 pr\u00f3bek, przy u\u017cyciu tych samych materia\u0142\u00f3w, co oryginalna fabryka;<\/li>\n<li><strong>Zaanga\u017cowanie w jako\u015b\u0107<\/strong>: Przeszed\u0142 certyfikacj\u0119 systemu jako\u015bci ISO9001, zapewnia 12-miesi\u0119czny okres gwarancji, a wska\u017anik uszkodze\u0144 transportowych jest mniejszy ni\u017c 0,5%.<\/li>\n<\/ul>","protected":false},"excerpt":{"rendered":"<p>Powlekany papier artystyczny C2S mo\u017ce by\u0107 dowolnie dostosowywany, obs\u0142uguje specjalne procesy drukowania \/ t\u0142oczenia na gor\u0105co, spe\u0142nia wymagania dotycz\u0105ce uszczelniania \u017cywno\u015bci i jest dostarczany bezpo\u015brednio z fabryki \u017ar\u00f3d\u0142owej przez 20 lat.<\/p>","protected":false},"featured_media":8018,"template":"","meta":[],"product_brand":[],"product_cat":[31,30,422,424],"product_tag":[474,476,475],"class_list":{"0":"post-8017","1":"product","2":"type-product","3":"status-publish","4":"has-post-thumbnail","6":"product_cat-paper-box-style","7":"product_cat-by-industry","8":"product_cat-custom-gourmet-boxes-by-industry","9":"product_cat-magnetic-closure-boxes","10":"product_tag-exquisite-gourmet-packaging","11":"product_tag-gourmet-boxes-wholesaler","12":"product_tag-unique-gourmet-packaging","14":"first","15":"instock","16":"shipping-taxable","17":"product-type-simple"},"_links":{"self":[{"href":"https:\/\/zojopackaging.com\/pl\/wp-json\/wp\/v2\/product\/8017","targetHints":{"allow":["GET"]}}],"collection":[{"href":"https:\/\/zojopackaging.com\/pl\/wp-json\/wp\/v2\/product"}],"about":[{"href":"https:\/\/zojopackaging.com\/pl\/wp-json\/wp\/v2\/types\/product"}],"version-history":[{"count":2,"href":"https:\/\/zojopackaging.com\/pl\/wp-json\/wp\/v2\/product\/8017\/revisions"}],"predecessor-version":[{"id":8063,"href":"https:\/\/zojopackaging.com\/pl\/wp-json\/wp\/v2\/product\/8017\/revisions\/8063"}],"wp:featuredmedia":[{"embeddable":true,"href":"https:\/\/zojopackaging.com\/pl\/wp-json\/wp\/v2\/media\/8018"}],"wp:attachment":[{"href":"https:\/\/zojopackaging.com\/pl\/wp-json\/wp\/v2\/media?parent=8017"}],"wp:term":[{"taxonomy":"product_brand","embeddable":true,"href":"https:\/\/zojopackaging.com\/pl\/wp-json\/wp\/v2\/product_brand?post=8017"},{"taxonomy":"product_cat","embeddable":true,"href":"https:\/\/zojopackaging.com\/pl\/wp-json\/wp\/v2\/product_cat?post=8017"},{"taxonomy":"product_tag","embeddable":true,"href":"https:\/\/zojopackaging.com\/pl\/wp-json\/wp\/v2\/product_tag?post=8017"}],"curies":[{"name":"wp","href":"https:\/\/api.w.org\/{rel}","templated":true}]}}