{"id":8027,"date":"2025-03-23T11:47:13","date_gmt":"2025-03-23T03:47:13","guid":{"rendered":"https:\/\/zojopackaging.com\/?post_type=product&#038;p=8027"},"modified":"2025-03-23T16:34:14","modified_gmt":"2025-03-23T08:34:14","slug":"custom-clothing-packaging-apparel-boxes-china-manufacturer","status":"publish","type":"product","link":"https:\/\/zojopackaging.com\/pl\/product\/custom-clothing-packaging-apparel-boxes-china-manufacturer\/","title":{"rendered":"Niestandardowe opakowania na odzie\u017c Pude\u0142ka na odzie\u017c Chiny Producent"},"content":{"rendered":"<h3 id=\"customized-clothing-packaging-box-chinese-manufacturer-description\">Niestandardowe pude\u0142ko do pakowania odzie\u017cy Opis chi\u0144skiego producenta<\/h3>\n<h4 id=\"1-double-sided-color-printing-professional-visual-shaping\">1. Dwustronny druk kolorowy: profesjonalne kszta\u0142towanie wizualne<\/h4>\n<p>Chi\u0144scy producenci powszechnie stosuj\u0105\u00a0<strong>Technologia druku dwustronnego w kolorze<\/strong>\u00a0w personalizacji opakowa\u0144 odzie\u017cowych, prezentuj\u0105c logo marki, wzory lub kolory gradientowe dzi\u0119ki precyzyjnej technologii druku. Nie tylko poprawia rozpoznawalno\u015b\u0107 produktu, ale tak\u017ce wzmacnia wizualn\u0105 jedno\u015b\u0107 marki poprzez superpozycj\u0119 kolor\u00f3w. Dwustronny nadruk w po\u0142\u0105czeniu z matow\u0105\/b\u0142yszcz\u0105c\u0105 technologi\u0105 laminowania sprawia, \u017ce opakowanie ma delikatn\u0105 tekstur\u0119 w r\u00f3\u017cnych warunkach o\u015bwietleniowych, spe\u0142niaj\u0105c podw\u00f3jne potrzeby wysokiej klasy marek odzie\u017cowych w zakresie profesjonalizmu i wyrafinowania.<\/p>\n<h4 id=\"2-macron-color-system-emotional-design-language\">2. System kolor\u00f3w Macron: emocjonalny j\u0119zyk projektowania<\/h4>\n<p>Zgodnie z trendem m\u0142odszej konsumpcji, producenci uwzgl\u0119dniaj\u0105\u00a0<strong>mi\u0119kki system kolor\u00f3w Macron<\/strong>\u00a0w projektowaniu opakowa\u0144. Na przyk\u0142ad: gradientowe pude\u0142ko upominkowe Qixi w stylu INS wykorzystuje pudrowy b\u0142\u0119kit o niskim nasyceniu, jasny fiolet i inne odcienie, aby stworzy\u0107 marzycielski efekt wizualny, kt\u00f3ry spe\u0142nia wymagania marek odzie\u017cy damskiej w zakresie emocjonalnych scen konsumpcji. Dzi\u0119ki niestandardowym us\u0142ugom dopasowywania kolor\u00f3w, system kolor\u00f3w Macron jest po\u0142\u0105czony z systemem marki VI, kt\u00f3ry nie tylko przekazuje zrelaksowany i przyjemny ton marki, ale tak\u017ce zwi\u0119ksza poczucie rytua\u0142u u\u017cytkownika podczas rozpakowywania poprzez psychologi\u0119 kolor\u00f3w.<\/p>\n<h4 id=\"3-magnetic-box-structure-high-end-interactive-experience-upgrade\">3. Magnetyczna struktura pude\u0142ka: wysokiej klasy interaktywne ulepszenie do\u015bwiadczenia<\/h4>\n<p><strong>Magnetyczna konstrukcja otwierania i zamykania<\/strong>\u00a0sta\u0142a si\u0119 jedn\u0105 z podstawowych technologii zwi\u0119kszaj\u0105cych poczucie warto\u015bci opakowania. Sk\u0142adane pude\u0142ko upominkowe z magnesem wykorzystuje wbudowane klamry magnetyczne, aby uzyska\u0107 ciche zamkni\u0119cie. Jego precyzyjna si\u0142a adsorpcji nie tylko zapewnia bezpiecze\u0144stwo transportu, ale tak\u017ce zapewnia wysokiej jako\u015bci dotykowe sprz\u0119\u017cenie zwrotne poprzez uczucie t\u0142umienia podczas otwierania i zamykania. Magnetyczne pude\u0142ko z klapk\u0105 \u0142\u0105czy w sobie metalowe klamry i specjalne materia\u0142y papierowe, aby zwi\u0119kszy\u0107 zrozumienie przez u\u017cytkownik\u00f3w poziomu rzemios\u0142a marki dzi\u0119ki interaktywnemu projektowi \"jednego dotkni\u0119cia, aby otworzy\u0107\". Ten rodzaj projektu jest szczeg\u00f3lnie odpowiedni dla linii produkt\u00f3w, takich jak lekka luksusowa odzie\u017c i niestandardowe garnitury, kt\u00f3re musz\u0105 podkre\u015bla\u0107 poczucie rytua\u0142u.<\/p>\n<h4 id=\"4-high-strength-material-safety-and-environmental-protection-are-equally-important\">4. Materia\u0142 o wysokiej wytrzyma\u0142o\u015bci: bezpiecze\u0144stwo i ochrona \u015brodowiska s\u0105 r\u00f3wnie wa\u017cne<\/h4>\n<p>Producenci zazwyczaj wykorzystuj\u0105 z\u0142o\u017con\u0105 struktur\u0119\u00a0<strong>Szara tektura 1200 GSM + papier powlekany 157 GSM<\/strong>. Oryginalne kolorowe pude\u0142ko z papieru pakowego ma no\u015bno\u015b\u0107 \u226550 kg dzi\u0119ki szarej podszewce z tektury, kt\u00f3ra mo\u017ce skutecznie oprze\u0107 si\u0119 wyt\u0142aczaniu logistycznemu. Pude\u0142ko prezentowe z g\u00f3rn\u0105 i doln\u0105 pokryw\u0105 zawiera przyjazn\u0105 dla \u015brodowiska pow\u0142ok\u0119 na bazie wody na powierzchni powlekanego papieru, kt\u00f3ra nie tylko zapewnia nasycenie kolor\u00f3w nadruku, ale tak\u017ce jest zgodna z unijn\u0105 norm\u0105 REACH, bior\u0105c pod uwag\u0119 trwa\u0142o\u015b\u0107 i zr\u00f3wnowa\u017cony rozw\u00f3j. Taka kombinacja materia\u0142\u00f3w sprawia, \u017ce wska\u017anik p\u0119kni\u0119cia opakowania jest ni\u017cszy ni\u017c 0,3% w te\u015bcie upadku, znacznie przekraczaj\u0105c \u015bredni\u0105 bran\u017cow\u0105.<\/p>\n<h4 id=\"5-full-size-customization-accurately-adapt-to-product-form\">5. Pe\u0142nowymiarowa personalizacja: Dok\u0142adne dostosowanie do kszta\u0142tu produktu<\/h4>\n<p>Chi\u0144ski \u0142a\u0144cuch dostaw zapewnia\u00a0<strong>Dostosowanie rozmiaru z milimetrow\u0105 precyzj\u0105<\/strong>\u00a0us\u0142ugi. Na przyk\u0142ad: pude\u0142ko do pakowania odzie\u017cy obs\u0142uguje pe\u0142nowymiarowe pokrycie od 5 cm \u00d7 5 cm do 120 cm \u00d7 80 cm, a b\u0142\u0105d specjalnych specyfikacji jest kontrolowany w zakresie \u00b1 0,5 mm. W przypadku nieregularnej odzie\u017cy (takiej jak suknie \u015blubne i kurtki puchowe), regulowana konstrukcja pude\u0142ka umo\u017cliwia dynamiczn\u0105 regulacj\u0119 g\u0142\u0119boko\u015bci pude\u0142ka poprzez projekt linii sk\u0142adania, a pojedyncza partia mo\u017ce by\u0107 kompatybilna z 3-5 r\u00f3\u017cnymi grubo\u015bciami odzie\u017cy mieszanej.<\/p>\n<h4 id=\"vi-multiple-box-type-system-brand-differentiation-carrier\">6. System wielu typ\u00f3w pude\u0142ek: No\u015bnik r\u00f3\u017cnicuj\u0105cy mark\u0119<\/h4>\n<p>Producenci stworzyli bibliotek\u0119 rozwi\u0105za\u0144 obejmuj\u0105c\u0105 ponad 10 g\u0142\u00f3wnych typ\u00f3w skrzynek:<\/p>\n<ol>\n<li><strong>Szuflada<\/strong>: Nadaje si\u0119 do warstwowego przechowywania akcesori\u00f3w, takich jak szaliki i krawaty, z antypo\u015blizgowymi kieszeniami na karty wewn\u0105trz;<\/li>\n<li><strong>Przyssawka magnetyczna w kszta\u0142cie ksi\u0105\u017cki<\/strong>: Imituj\u0105cy projekt grzbietu ksi\u0105\u017cki w twardej oprawie, odpowiedni do opowiadania historii opakowa\u0144 marek projektant\u00f3w;<\/li>\n<li><strong>Wymienne pude\u0142ko samolotu<\/strong>: Wst\u0119pne t\u0142oczenie s\u0142u\u017cy do szybkiej konwersji typu pude\u0142ka mi\u0119dzy trybem transportu a trybem wy\u015bwietlania.<\/li>\n<\/ol>\n<h4 id=\"vii-functional-inner-tray-product-protection-is-upgraded\">7. Funkcjonalna taca wewn\u0119trzna: Zwi\u0119kszona ochrona produktu<\/h4>\n<p>Opracowanie specjalnych system\u00f3w tacek wewn\u0119trznych dla r\u00f3\u017cnych kategorii odzie\u017cy:<\/p>\n<ul>\n<li><strong>Odporna na wilgo\u0107 podszewka<\/strong>: Stosowana jest w\u0142\u00f3knina powlekana PE o jako\u015bci spo\u017cywczej, a dok\u0142adno\u015b\u0107 kontroli wilgotno\u015bci osi\u0105ga \u00b13%RH, co jest odpowiednie dla delikatnych tkanin, takich jak kaszmir i jedwab;<\/li>\n<li><strong>Zdejmowany wspornik<\/strong>: Tr\u00f3jwymiarowy wspornik z materia\u0142u PP umo\u017cliwia przechowywanie garnitur\u00f3w i sukienek bez marszczenia;<\/li>\n<li><strong>Taca wewn\u0119trzna z inteligentnym czujnikiem<\/strong>: Wbudowany chip RFID, po\u0142\u0105czony z aplikacj\u0105 marki w celu realizacji weryfikacji podrabiania i sugestii dotycz\u0105cych ubioru.<\/li>\n<\/ul>","protected":false},"excerpt":{"rendered":"<p>Pude\u0142ko na ubrania z magnetycznym zamkni\u0119ciem nadaje si\u0119 do wszystkich rodzaj\u00f3w odzie\u017cy. Wykonane jest z papieru powlekanego C2S i obs\u0142uguje nieograniczon\u0105 liczb\u0119 niestandardowych projekt\u00f3w. Jest produkowany w chi\u0144skich fabrykach z zapewnieniem jako\u015bci.<\/p>","protected":false},"featured_media":8030,"template":"","meta":[],"product_brand":[],"product_cat":[31,30,414,424],"product_tag":[478,479,477],"class_list":{"0":"post-8027","1":"product","2":"type-product","3":"status-publish","4":"has-post-thumbnail","6":"product_cat-paper-box-style","7":"product_cat-by-industry","8":"product_cat-custom-apparel-boxes","9":"product_cat-magnetic-closure-boxes","10":"product_tag-apparel-boxes-manufacturer","11":"product_tag-apparel-packaging-china","12":"product_tag-custom-clothing-packaging","14":"first","15":"instock","16":"shipping-taxable","17":"product-type-simple"},"_links":{"self":[{"href":"https:\/\/zojopackaging.com\/pl\/wp-json\/wp\/v2\/product\/8027","targetHints":{"allow":["GET"]}}],"collection":[{"href":"https:\/\/zojopackaging.com\/pl\/wp-json\/wp\/v2\/product"}],"about":[{"href":"https:\/\/zojopackaging.com\/pl\/wp-json\/wp\/v2\/types\/product"}],"version-history":[{"count":3,"href":"https:\/\/zojopackaging.com\/pl\/wp-json\/wp\/v2\/product\/8027\/revisions"}],"predecessor-version":[{"id":8062,"href":"https:\/\/zojopackaging.com\/pl\/wp-json\/wp\/v2\/product\/8027\/revisions\/8062"}],"wp:featuredmedia":[{"embeddable":true,"href":"https:\/\/zojopackaging.com\/pl\/wp-json\/wp\/v2\/media\/8030"}],"wp:attachment":[{"href":"https:\/\/zojopackaging.com\/pl\/wp-json\/wp\/v2\/media?parent=8027"}],"wp:term":[{"taxonomy":"product_brand","embeddable":true,"href":"https:\/\/zojopackaging.com\/pl\/wp-json\/wp\/v2\/product_brand?post=8027"},{"taxonomy":"product_cat","embeddable":true,"href":"https:\/\/zojopackaging.com\/pl\/wp-json\/wp\/v2\/product_cat?post=8027"},{"taxonomy":"product_tag","embeddable":true,"href":"https:\/\/zojopackaging.com\/pl\/wp-json\/wp\/v2\/product_tag?post=8027"}],"curies":[{"name":"wp","href":"https:\/\/api.w.org\/{rel}","templated":true}]}}