{"id":8035,"date":"2025-03-23T12:14:07","date_gmt":"2025-03-23T04:14:07","guid":{"rendered":"https:\/\/zojopackaging.com\/?post_type=product&#038;p=8035"},"modified":"2025-03-23T16:14:54","modified_gmt":"2025-03-23T08:14:54","slug":"luxury-design-apparel-shirts-clothes-bikini-boxes-wholesale","status":"publish","type":"product","link":"https:\/\/zojopackaging.com\/pl\/product\/luxury-design-apparel-shirts-clothes-bikini-boxes-wholesale\/","title":{"rendered":"Luksusowy projekt odzie\u017cy Koszule Odzie\u017c Bikini Pude\u0142ka Hurtownia"},"content":{"rendered":"<h2 id=\"-fsc-environmentally-friendly-foldable-magnetic-window-packaging-box-special-solution-for-high-end-clothing-shirts-bikinis-wholesale-\"><strong>Przyjazne dla \u015brodowiska sk\u0142adane pude\u0142ko magnetyczne z okienkiem FSC<\/strong><\/h2>\n<h3 id=\"-material-and-environmental-certification-the-unity-of-quality-and-responsibility-\"><strong>1. Certyfikacja materia\u0142owa i \u015brodowiskowa: jedno\u015b\u0107 jako\u015bci i odpowiedzialno\u015bci<\/strong><\/h3>\n<ol>\n<li><strong>1200GSM szara tektura + 157GSM papier powlekany FSC<\/strong><\/li>\n<li><strong>Szara p\u0142yta o wysokiej g\u0119sto\u015bci<\/strong>No\u015bno\u015b\u0107 3 kg, odporno\u015b\u0107 na \u015bciskanie i odkszta\u0142cenia, idealna do ochrony w transporcie odzie\u017cy o du\u017cych rozmiarach (takiej jak p\u0142aszcze i sukienki).<\/li>\n<li><strong>Przyjazny dla \u015brodowiska papier powlekany FSC<\/strong>: matowa\/b\u0142yszcz\u0105ca folia na powierzchni, wodoodporna i olejoodporna, przesz\u0142a certyfikacj\u0119 REACH UE, 100% nadaj\u0105ca si\u0119 do recyklingu i degradacji, spe\u0142niaj\u0105ca potrzeby zr\u00f3wnowa\u017conego rozwoju \u015bwiatowych marek.<\/li>\n<\/ol>\n<h3 id=\"-box-design-minimalist-and-practical-cost-reduction-and-efficiency-improvement-\"><strong>2. konstrukcja pude\u0142ka: minimalistyczna i praktyczna, redukcja koszt\u00f3w i poprawa wydajno\u015bci<\/strong><\/h3>\n<ol>\n<li><strong>Sk\u0142adane pude\u0142ko w kszta\u0142cie ksi\u0105\u017cki + prze\u0142\u0105cznik magnetyczny<\/strong><\/li>\n<li>Grubo\u015b\u0107 po z\u0142o\u017ceniu wynosi tylko 2,5 cm, obj\u0119to\u015b\u0107 transportowa jest zmniejszona o 70%, a koszt transportu jest zmniejszony o 50%; konstrukcja magnetycznego zamkni\u0119cia jest cicha i p\u0142ynna w otwieraniu i zamykaniu oraz nie odkszta\u0142ca si\u0119 po wielokrotnym u\u017cyciu.<\/li>\n<li><strong>Przezroczyste okienko (opcjonalnie PVC\/PET)<\/strong>: Po\u0142o\u017cenie i kszta\u0142t okna mo\u017cna dostosowa\u0107 na \u017c\u0105danie, a szczeg\u00f3\u0142y odzie\u017cy (takie jak styl bikini, materia\u0142 koszuli) mog\u0105 by\u0107 wy\u015bwietlane intuicyjnie, zmniejszaj\u0105c wska\u017anik konsultacji z klientami o 30%+.<\/li>\n<li><strong>Technologia minimalnej powierzchni<\/strong><\/li>\n<li>Brak skomplikowanego nadruku, pokryty jedynie przyjazn\u0105 dla \u015brodowiska matow\u0105 foli\u0105 \/ jasn\u0105 foli\u0105, delikatny w dotyku i odporny na zarysowania odcisk\u00f3w palc\u00f3w, dostosowany do koncepcji projektowania \"mniej znaczy wi\u0119cej\" d\u00f3br luksusowych, zmniejszaj\u0105c koszty przetwarzania o 15%.<\/li>\n<\/ol>\n<h3 id=\"-customized-service-flexible-adaptation-to-all-categories-of-clothing-\"><strong>3. Indywidualna us\u0142uga: elastyczne dostosowanie do wszystkich kategorii odzie\u017cy<\/strong><\/h3>\n<ol>\n<li><strong>Dowolnie zdefiniowany rozmiar: <\/strong>Obs\u0142uguje pe\u0142n\u0105 regulacj\u0119 d\u0142ugo\u015bci, szeroko\u015bci i wysoko\u015bci pude\u0142ka (5-80 cm), a podszewka mo\u017ce by\u0107 wyposa\u017cona w rowki EVA, flokowane wsporniki lub wisz\u0105ce klamry, aby dok\u0142adnie przymocowa\u0107 \u0142atwo odkszta\u0142caj\u0105ce si\u0119 cz\u0119\u015bci, takie jak ko\u0142nierzyki koszul i paski bikini.<\/li>\n<li><strong>Link do szybkiej odpowiedzi<\/strong>\u00a0<strong>10-minutowa inteligentna wycena<\/strong>: Prze\u015blij wymagania dotycz\u0105ce rozmiaru\/okna online, a system AI wygeneruje arkusze ofertowe i renderingi 3D w czasie rzeczywistym bez r\u0119cznej weryfikacji.<\/li>\n<li><strong>3-dniowa bezp\u0142atna kontrola jako\u015bci pr\u00f3bki<\/strong>: Weryfikacja obejmuje raport z test\u00f3w materia\u0142owych SGS, obs\u0142uguje 5 modyfikacji szczeg\u00f3\u0142\u00f3w i zapewnia zero b\u0142\u0119d\u00f3w w produkcji masowej.<\/li>\n<\/ol>\n<h3 id=\"-global-delivery-guarantee-efficient-access-to-end-customers-\"><strong>4. Globalna gwarancja dostawy: skuteczny dost\u0119p do klient\u00f3w ko\u0144cowych<\/strong><\/h3>\n<ol>\n<li><strong><strong>Dostawa ekspresowa na ca\u0142ym \u015bwiecie w ci\u0105gu 5-7 dni roboczych<\/strong><\/strong>Wsp\u00f3\u0142praca z gigantami logistycznymi, takimi jak DHL i FedEx, 5 dni do Stan\u00f3w Zjednoczonych \/ Europy, 3 dni do Azji Po\u0142udniowo-Wschodniej i obs\u0142uga bezpo\u015bredniej dostawy z magazyn\u00f3w Amazon FBA.<\/li>\n<li><strong><strong>Przewaga kosztowa zam\u00f3wienia wsadowego<\/strong><\/strong>Minimalna ilo\u015b\u0107 zam\u00f3wienia to 1000 sztuk, cena jednostkowa tak niska jak\u00a0<strong>$0,89\/szt.<\/strong> (w tym globalna logistyka \"od drzwi do drzwi\"), obs\u0142uga zam\u00f3wienia pr\u00f3bnego MOQ 500 sztuk.<\/li>\n<\/ol>\n<h3 id=\"-application-scenarios-and-benefits-\"><strong>5. Scenariusze zastosowa\u0144 i korzy\u015bci<\/strong><\/h3>\n<p>\u2705\u00a0<strong>Wysokiej klasy marki odzie\u017cowe<\/strong>: Konstrukcja okna zwi\u0119ksza atrakcyjno\u015b\u0107 ekspozycji sklepowej, a matowa tekstura folii wzmacnia ton marki.<br \/>\n\u2705\u00a0<strong>Transgraniczny handel elektroniczny<\/strong>: P\u0142askie opakowanie zmniejsza wska\u017anik uszkodze\u0144 logistycznych, a dostawa w ci\u0105gu 5-7 dni przyspiesza rotacj\u0119 zapas\u00f3w.<br \/>\n\u2705\u00a0<strong>Personalizacja \u015bwi\u0105tecznego pude\u0142ka prezentowego<\/strong>: Nadaje si\u0119 do limitowanej edycji \u015bwi\u0105tecznej \/ walentynkowej, magnetyczne pude\u0142ko z przyssawk\u0105 mo\u017ce by\u0107 ponownie u\u017cyte jako pude\u0142ko do przechowywania, aby zwi\u0119kszy\u0107 przyczepno\u015b\u0107 klienta.<\/p>\n<p><strong>Proces wsp\u00f3\u0142pracy<\/strong><\/p>\n<ol>\n<li><strong>Projektowanie online<\/strong> \u21922.\u00a0<strong>10-minutowe notowanie<\/strong>\u00a0\u2192 3.\u00a0<strong>3-dniowe potwierdzenie pr\u00f3bki<\/strong>\u00a0\u2192 4.\u00a0<strong>Produkcja masowa<\/strong>\u00a0\u2192 5.\u00a0<strong>Dostawa globalna<\/strong><\/li>\n<\/ol>\n<p><strong>Dlaczego warto nas wybra\u0107?<\/strong><\/p>\n<ul>\n<li><strong>Chi\u0144ska fabryka \u017ar\u00f3d\u0142owa<\/strong>: Certyfikat ISO\/FSC, dzienna produkcja ponad 200 000 standardowych pude\u0142ek, 72-godzinna reakcja na zam\u00f3wienia awaryjne.<\/li>\n<li><strong>Zero ukrytych koszt\u00f3w<\/strong>: Oferta obejmuje op\u0142aty za formowanie i op\u0142aty logistyczne oraz obs\u0142uguje rozliczenia RMB\/USD.<\/li>\n<\/ul>","protected":false},"excerpt":{"rendered":"<p>Sk\u0142adane pude\u0142ko na ubrania z zamkni\u0119ciem magnetycznym, odpowiednie do przechowywania odzie\u017cy wysokiej klasy, powlekany papier przyjazny dla \u015brodowiska materia\u0142, obs\u0142uguje nieograniczone dostosowanie projektu rozmiaru. Chi\u0144ska fabryka 20 minut wyceny, 3 dni pr\u00f3bki<\/p>","protected":false},"featured_media":8036,"template":"","meta":[],"product_brand":[],"product_cat":[31,30,414,424],"product_tag":[480,482,481],"class_list":{"0":"post-8035","1":"product","2":"type-product","3":"status-publish","4":"has-post-thumbnail","6":"product_cat-paper-box-style","7":"product_cat-by-industry","8":"product_cat-custom-apparel-boxes","9":"product_cat-magnetic-closure-boxes","10":"product_tag-apparel-boxes","11":"product_tag-bikini-boxes-wholesale","12":"product_tag-luxury-clothes-boxes","14":"first","15":"instock","16":"shipping-taxable","17":"product-type-simple"},"_links":{"self":[{"href":"https:\/\/zojopackaging.com\/pl\/wp-json\/wp\/v2\/product\/8035","targetHints":{"allow":["GET"]}}],"collection":[{"href":"https:\/\/zojopackaging.com\/pl\/wp-json\/wp\/v2\/product"}],"about":[{"href":"https:\/\/zojopackaging.com\/pl\/wp-json\/wp\/v2\/types\/product"}],"version-history":[{"count":3,"href":"https:\/\/zojopackaging.com\/pl\/wp-json\/wp\/v2\/product\/8035\/revisions"}],"predecessor-version":[{"id":8060,"href":"https:\/\/zojopackaging.com\/pl\/wp-json\/wp\/v2\/product\/8035\/revisions\/8060"}],"wp:featuredmedia":[{"embeddable":true,"href":"https:\/\/zojopackaging.com\/pl\/wp-json\/wp\/v2\/media\/8036"}],"wp:attachment":[{"href":"https:\/\/zojopackaging.com\/pl\/wp-json\/wp\/v2\/media?parent=8035"}],"wp:term":[{"taxonomy":"product_brand","embeddable":true,"href":"https:\/\/zojopackaging.com\/pl\/wp-json\/wp\/v2\/product_brand?post=8035"},{"taxonomy":"product_cat","embeddable":true,"href":"https:\/\/zojopackaging.com\/pl\/wp-json\/wp\/v2\/product_cat?post=8035"},{"taxonomy":"product_tag","embeddable":true,"href":"https:\/\/zojopackaging.com\/pl\/wp-json\/wp\/v2\/product_tag?post=8035"}],"curies":[{"name":"wp","href":"https:\/\/api.w.org\/{rel}","templated":true}]}}