{"id":8044,"date":"2025-03-23T13:26:13","date_gmt":"2025-03-23T05:26:13","guid":{"rendered":"https:\/\/zojopackaging.com\/?post_type=product&#038;p=8044"},"modified":"2025-03-23T16:13:21","modified_gmt":"2025-03-23T08:13:21","slug":"custom-high-quality-pen-packaging-box-factory-wholesale","status":"publish","type":"product","link":"https:\/\/zojopackaging.com\/pl\/product\/custom-high-quality-pen-packaging-box-factory-wholesale\/","title":{"rendered":"Niestandardowe wysokiej jako\u015bci pude\u0142ko do pakowania d\u0142ugopis\u00f3w Fabryka hurtowa"},"content":{"rendered":"<h3 id=\"customized-high-quality-pen-packaging-factory-wholesale-instructions\">Indywidualne instrukcje hurtowe fabryki wysokiej jako\u015bci opakowa\u0144 na d\u0142ugopisy<\/h3>\n<h4 id=\"1-minimalist-design-and-environmental-sustainability\">1. Minimalistyczny design i zr\u00f3wnowa\u017cony rozw\u00f3j<\/h4>\n<p>Podstawow\u0105 koncepcj\u0105 spersonalizowanych, wysokiej jako\u015bci opakowa\u0144 na d\u0142ugopisy jest integracja\u00a0<strong>minimalistyczny design<\/strong>\u00a0oraz\u00a0<strong>zr\u00f3wnowa\u017cony rozw\u00f3j \u015brodowiska<\/strong>. Wykorzystanie materia\u0142\u00f3w degradowalnych (takich jak PLA, papier przyjazny dla \u015brodowiska) i lekkiej technologii mo\u017ce nie tylko zmniejszy\u0107 marnotrawstwo zasob\u00f3w, ale tak\u017ce obni\u017cy\u0107 koszty transportu. Przyk\u0142adowo, u\u017cycie 300 gram\u00f3w bia\u0142ego szarego kartonu lub materia\u0142u z pulpy z recyklingu nie tylko spe\u0142nia wymagania wsp\u00f3\u0142czesnego konsumenta w zakresie ochrony \u015brodowiska, ale tak\u017ce poprawia efektywno\u015b\u0107 kosztow\u0105 poprzez uproszczenie projektu konstrukcyjnego (np. redukcj\u0119 zb\u0119dnych ok\u0142adzin).<\/p>\n<h4 id=\"2-classic-color-matching-white-and-gray\">2. Klasyczne dopasowanie kolor\u00f3w: bia\u0142y i szary<\/h4>\n<p>Bia\u0142o-szary schemat kolor\u00f3w to\u00a0<strong>Klasyczny i wieloscenariuszowy<\/strong>\u00a0wyb\u00f3r. Biel symbolizuje czysto\u015b\u0107 i prostot\u0119, a szaro\u015b\u0107 stabilno\u015b\u0107 i dobre samopoczucie. Po\u0142\u0105czenie tych dw\u00f3ch kolor\u00f3w mo\u017cna dostosowa\u0107 do upomink\u00f3w biznesowych, papeterii studenckiej i innych scen. Na przyk\u0142ad, g\u00f3rny i dolny typ pude\u0142ka jest dopasowany do matowego szarego dna i bia\u0142ego t\u0142oczonego na gor\u0105co LOGO, co mo\u017ce nie tylko zwi\u0119kszy\u0107 rozpoznawalno\u015b\u0107 marki, ale tak\u017ce przekaza\u0107 stonowany i luksusowy ton marki.<\/p>\n<h4 id=\"3-diversified-box-customization\">3. Zr\u00f3\u017cnicowana personalizacja pude\u0142ka<\/h4>\n<p>Fabryka obs\u0142uguje\u00a0<strong>Wiele wzor\u00f3w pude\u0142ek<\/strong>, w tym:<\/p>\n<ul>\n<li><strong>Pojemniki z pokryw\u0105 g\u00f3rn\u0105 i doln\u0105<\/strong>nadaje si\u0119 do wysokiej klasy d\u0142ugopis\u00f3w, zwi\u0119kszaj\u0105c poczucie ceremonii otwarcia pude\u0142ka;<\/li>\n<li><strong>Wysuwane pude\u0142ka<\/strong>Wygodny do wy\u015bwietlania wielu zestaw\u00f3w pi\u00f3r, poprawiaj\u0105cy efekt wy\u015bwietlania;<\/li>\n<li><strong>Przyssawki magnetyczne z klapk\u0105<\/strong>W po\u0142\u0105czeniu z magnetycznym mechanizmem zamykaj\u0105cym, upraszczaj\u0105cym otwieranie i zamykanie;<\/li>\n<li><strong>Pude\u0142ka o specjalnym kszta\u0142cie<\/strong>takie jak pude\u0142ka cylindryczne lub sze\u015bciok\u0105tne, aby zaspokoi\u0107 potrzeby kreatywnych marek. Dzi\u0119ki zr\u00f3\u017cnicowanemu projektowi pude\u0142ka mo\u017cna wzmocni\u0107 punkty pami\u0119ci marki.<\/li>\n<\/ul>\n<h4 id=\"4-magnetic-suction-closing-mechanism\">4. Magnetyczny ss\u0105cy mechanizm zamykaj\u0105cy<\/h4>\n<p><strong>Magnetyczne zamkni\u0119cie<\/strong>\u00a0nie tylko zapewnia wygod\u0119 u\u017cytkowania, ale tak\u017ce zwi\u0119ksza interakcj\u0119 z konsumentem poprzez d\u017awi\u0119k \"klikni\u0119cia\" adsorpcji magnetycznej. Na przyk\u0142ad, zastosowanie wbudowanych magnes\u00f3w neodymowo-\u017celazowo-borowych, kt\u00f3re s\u0105 dobrze ukryte i maj\u0105 stabiln\u0105 si\u0142\u0119 adsorpcji, jest odpowiednie dla pude\u0142ek typu flip-top lub konstrukcji typu split-box. Konstrukcja ta by\u0142a szeroko stosowana w pude\u0142kach do pakowania instrument\u00f3w kosmetycznych w celu zmniejszenia wsp\u00f3\u0142czynnika strat podczas otwierania i zamykania.<\/p>\n<h4 id=\"5-material-selection-and-value-enhancement\">5. Wyb\u00f3r materia\u0142\u00f3w i zwi\u0119kszanie warto\u015bci<\/h4>\n<p>Fabryka zapewnia\u00a0<strong>r\u00f3\u017cne materia\u0142y<\/strong>\u00a0personalizacja:<\/p>\n<ul>\n<li><strong>Papier<\/strong>: bia\u0142y karton, szary papier kartonowy, odpowiedni do minimalistycznego stylu biznesowego;<\/li>\n<li><strong>Tworzywo sztuczne<\/strong>: PP, PETG przezroczyste pude\u0142ko, korpus d\u0142ugopisu;<\/li>\n<li><strong>Materia\u0142 kompozytowy<\/strong>flokowana podszewka EVA + twarda skorupa, uwzgl\u0119dniaj\u0105ca zar\u00f3wno ochron\u0119, jak i dotyk;<\/li>\n<li><strong>Ochrona \u015brodowiska<\/strong>: Biodegradowalny materia\u0142 PLA, zgodny z zielonym wizerunkiem marki.<\/li>\n<\/ul>\n<h4 id=\"6-inner-tray-customization-and-protection-function\">6. Funkcja dostosowywania i ochrony tacy wewn\u0119trznej<\/h4>\n<p><strong>Dostosowana taca wewn\u0119trzna<\/strong>\u00a0jest kluczem do ochrony i wy\u015bwietlania:<\/p>\n<ul>\n<li><strong>Pianka EVA<\/strong>Formowany zgodnie z kszta\u0142tem d\u0142ugopisu, odporny na wstrz\u0105sy i nacisk;<\/li>\n<li><strong>Flokowana podszewka<\/strong>Ulepszony dotyk, odpowiedni na wysokiej klasy prezenty;<\/li>\n<li><strong>Zdejmowana konstrukcja warstwowa<\/strong>Wygodny do klasyfikowania i przechowywania wielu d\u0142ugopis\u00f3w.<\/li>\n<\/ul>\n<h4 id=\"vii-advantages-of-the-source-factory\">VII. Zalety fabryki \u017ar\u00f3de\u0142<\/h4>\n<p>Jako\u00a0<strong>\u017ar\u00f3d\u0142o fabryka<\/strong>\u015bwiadczymy nast\u0119puj\u0105ce us\u0142ugi:<\/p>\n<ul>\n<li><strong>Bezp\u0142atny proofing i projekt<\/strong>Obs\u0142uga t\u0142oczenia na gor\u0105co LOGO, sitodruku i innych proces\u00f3w;<\/li>\n<li><strong>Kontrolowana jako\u015b\u0107<\/strong>Pe\u0142na kontrola jako\u015bci od zakupu surowc\u00f3w do dostawy gotowego produktu;<\/li>\n<li><strong>Szybka reakcja<\/strong>Personalizacja jest realizowana w ci\u0105gu 7-15 dni roboczych.<\/li>\n<\/ul>\n<h4 id=\"viii-fully-automatic-production-and-delivery-guarantee\">VIII. W pe\u0142ni automatyczna produkcja i gwarancja dostawy<\/h4>\n<p>Fabryka jest wyposa\u017cona w\u00a0<strong>w pe\u0142ni automatyczne linie produkcyjne<\/strong>, w tym:<\/p>\n<ul>\n<li><strong>Maszyna sztancuj\u0105ca CNC<\/strong>B\u0142\u0105d dok\u0142adno\u015bci \u22640,2 mm;<\/li>\n<li><strong>Szybkobie\u017cna wtryskarka<\/strong>Dzienna zdolno\u015b\u0107 produkcyjna przekracza 1 milion sztuk;<\/li>\n<li><strong>Inteligentny system logistyczny<\/strong>Automatyczne uk\u0142adanie i pakowanie, ograniczaj\u0105ce r\u0119czn\u0105 interwencj\u0119.<\/li>\n<\/ul>\n<h3 id=\"summary\">Podsumowanie<\/h3>\n<p>Dostosowanie wysokiej jako\u015bci opakowa\u0144 na d\u0142ugopisy wymaga uwzgl\u0119dnienia projektu, funkcji i wydajno\u015bci. Dzi\u0119ki minimalistycznym koncepcjom ochrony \u015brodowiska, klasycznemu dopasowaniu kolor\u00f3w, zr\u00f3\u017cnicowanym typom pude\u0142ek i magnetycznym zamkni\u0119ciom oraz innym innowacyjnym projektom, w po\u0142\u0105czeniu z produkcj\u0105 na du\u017c\u0105 skal\u0119 i \u015bcis\u0142\u0105 kontrol\u0105 jako\u015bci fabryki \u017ar\u00f3d\u0142owej, mo\u017cna stworzy\u0107 dla marki rozwi\u0105zanie opakowaniowe, kt\u00f3re jest zar\u00f3wno praktyczne, jak i pi\u0119kne. Od bezp\u0142atnych pr\u00f3bek po w pe\u0142ni automatyczn\u0105 dostaw\u0119, kompleksowa us\u0142uga fabryki pomaga markom wykorzysta\u0107 mo\u017cliwo\u015bci rynkowe.<\/p>","protected":false},"excerpt":{"rendered":"<p>Dzi\u0119ki minimalistycznym koncepcjom ochrony \u015brodowiska, klasycznemu dopasowaniu kolor\u00f3w, zr\u00f3\u017cnicowanym typom pude\u0142ek i magnetycznym zamkni\u0119ciom oraz innym innowacyjnym projektom.<\/p>","protected":false},"featured_media":8047,"template":"","meta":[],"product_brand":[],"product_cat":[31,30,413,424],"product_tag":[487,488,486],"class_list":{"0":"post-8044","1":"product","2":"type-product","3":"status-publish","4":"has-post-thumbnail","6":"product_cat-paper-box-style","7":"product_cat-by-industry","8":"product_cat-consumer-electronics-boxes","9":"product_cat-magnetic-closure-boxes","10":"product_tag-custom-pen-packaging","11":"product_tag-pen-box-wholesale","12":"product_tag-pen-packaging-factory","14":"first","15":"instock","16":"shipping-taxable","17":"product-type-simple"},"_links":{"self":[{"href":"https:\/\/zojopackaging.com\/pl\/wp-json\/wp\/v2\/product\/8044","targetHints":{"allow":["GET"]}}],"collection":[{"href":"https:\/\/zojopackaging.com\/pl\/wp-json\/wp\/v2\/product"}],"about":[{"href":"https:\/\/zojopackaging.com\/pl\/wp-json\/wp\/v2\/types\/product"}],"version-history":[{"count":1,"href":"https:\/\/zojopackaging.com\/pl\/wp-json\/wp\/v2\/product\/8044\/revisions"}],"predecessor-version":[{"id":8059,"href":"https:\/\/zojopackaging.com\/pl\/wp-json\/wp\/v2\/product\/8044\/revisions\/8059"}],"wp:featuredmedia":[{"embeddable":true,"href":"https:\/\/zojopackaging.com\/pl\/wp-json\/wp\/v2\/media\/8047"}],"wp:attachment":[{"href":"https:\/\/zojopackaging.com\/pl\/wp-json\/wp\/v2\/media?parent=8044"}],"wp:term":[{"taxonomy":"product_brand","embeddable":true,"href":"https:\/\/zojopackaging.com\/pl\/wp-json\/wp\/v2\/product_brand?post=8044"},{"taxonomy":"product_cat","embeddable":true,"href":"https:\/\/zojopackaging.com\/pl\/wp-json\/wp\/v2\/product_cat?post=8044"},{"taxonomy":"product_tag","embeddable":true,"href":"https:\/\/zojopackaging.com\/pl\/wp-json\/wp\/v2\/product_tag?post=8044"}],"curies":[{"name":"wp","href":"https:\/\/api.w.org\/{rel}","templated":true}]}}