{"id":8050,"date":"2025-03-23T14:37:18","date_gmt":"2025-03-23T06:37:18","guid":{"rendered":"https:\/\/zojopackaging.com\/?post_type=product&#038;p=8050"},"modified":"2025-03-23T14:47:26","modified_gmt":"2025-03-23T06:47:26","slug":"high-quality-low-moq-car-fragrance-packaging-box-gift-package","status":"publish","type":"product","link":"https:\/\/zojopackaging.com\/pl\/product\/high-quality-low-moq-car-fragrance-packaging-box-gift-package\/","title":{"rendered":"Wysokiej jako\u015bci opakowanie o niskim MOQ Zapach samochodowy Opakowanie prezentowe"},"content":{"rendered":"<h2 id=\"high-end-car-perfume-packaging-customization-guide-7-innovations-in-environmental-protection-texture-and-experience\">Wysokiej klasy przewodnik dostosowywania opakowa\u0144 perfum samochodowych: 7 innowacji w zakresie ochrony \u015brodowiska, tekstury i do\u015bwiadczenia<\/h2>\n<h3 id=\"introduction\">Wprowadzenie<\/h3>\n<p>Kieruj\u0105c si\u0119 podw\u00f3jnym d\u0105\u017ceniem do poprawy konsumpcji i ochrony \u015brodowiska, opakowania perfum samochodowych przechodz\u0105 jako\u015bciow\u0105 zmian\u0119 z \"funkcjonalnego pojemnika\" na \"no\u015bnik marki\". Dane pokazuj\u0105, \u017ce wska\u017anik odkupu marek perfum samochodowych wykorzystuj\u0105cych zr\u00f3wnowa\u017cone opakowania wzr\u00f3s\u0142 o 37%, a projekty z wysokim do\u015bwiadczeniem w rozpakowywaniu mog\u0105 zwi\u0119kszy\u0107 zdolno\u015b\u0107 premium o 50%. Niniejszy artyku\u0142 \u0142\u0105czy w sobie trendy bran\u017cowe i praktyki produkcyjne, aby przeanalizowa\u0107, jak osi\u0105gn\u0105\u0107 r\u00f3wnowag\u0119 mi\u0119dzy ochron\u0105 \u015brodowiska, funkcjonalno\u015bci\u0105 i warto\u015bci\u0105 marki dzi\u0119ki rozwi\u0105zaniom dostosowywania o niskim MOQ.<\/p>\n<h3 id=\"1-minimalist-design-pioneer-practice-of-sustainable-packaging\">1. Minimalistyczny design: Pionierska praktyka zr\u00f3wnowa\u017conego pakowania<\/h3>\n<p><strong>Innowacyjne materia\u0142y przyjazne dla \u015brodowiska<\/strong><\/p>\n<ul>\n<li><strong>System nadaj\u0105cy si\u0119 do recyklingu<\/strong>: U\u017cywaj\u0105c tektury falistej z certyfikatem FSC i plastiku PET pochodz\u0105cego z recyklingu, wska\u017anik recyklingu opakowa\u0144 mo\u017ce osi\u0105gn\u0105\u0107 92%, a emisja dwutlenku w\u0119gla w transporcie mo\u017ce zosta\u0107 zmniejszona o 30% (zob.\u00a0<a href=\"https:\/\/sustainablepackaging.org\/\" target=\"_blank\" rel=\"noopener\">Zr\u00f3wnowa\u017cony standard certyfikacji SEA<\/a>).<\/li>\n<li><strong>Roztw\u00f3r ulegaj\u0105cy degradacji<\/strong>: Taca wewn\u0119trzna z mieszanego materia\u0142u PLA + PBAT, ca\u0142kowicie roz\u0142o\u017cona w ci\u0105gu 120 dni w \u015brodowisku kompostowania przemys\u0142owego, unikaj\u0105c zanieczyszczenia mikroplastikami.<\/li>\n<li><strong>Projekt redukcji<\/strong>: Dzi\u0119ki in\u017cynierii strukturalnej obj\u0119to\u015b\u0107 opakowania zosta\u0142a skompresowana o 18%, a bezklejowe pude\u0142ko z zatyczk\u0105 (takie jak pude\u0142ko samolotowe, pude\u0142ko z haczykiem) jest u\u017cywane w celu zmniejszenia ilo\u015bci odpad\u00f3w materia\u0142owych.<\/li>\n<\/ul>\n<p><strong>Minimalizm wizualny<\/strong><\/p>\n<ul>\n<li>Podstawa w stylu skandynawskim w jednolitym kolorze z matowym z\u0142otym LOGO, pokazuj\u0105ca poczucie technologii, takie jak przezroczyste pude\u0142ko do sekcji Dyson;<\/li>\n<li>Cz\u0119\u015bciowa konstrukcja okna wykorzystuje akryl na bazie biologicznej, kt\u00f3ry nie tylko pokazuje kszta\u0142t butelki perfum, ale tak\u017ce zmniejsza zu\u017cycie atramentu.<\/li>\n<\/ul>\n<h3 id=\"2-box-matrix-8-major-structures-to-adapt-to-all-scene-needs\">2. Matryca pude\u0142kowa: 8 g\u0142\u00f3wnych struktur, aby dostosowa\u0107 si\u0119 do wszystkich potrzeb sceny<\/h3>\n<ol>\n<li><strong>Pude\u0142ko z g\u0142owic\u0105 i pokryw\u0105<\/strong>\u00a0(linia high-end): 2mm pogrubiona szara p\u0142yta pokryta foli\u0105 dotykow\u0105, t\u0142umienie otwierania i zamykania por\u00f3wnywalne do produkt\u00f3w Apple, odpowiednie do biznesowych scen prezentowych.<\/li>\n<li><strong>Szuflada<\/strong>\u00a0(kolekcja): dwuwarstwowe zagnie\u017cd\u017cenie + \u015bcie\u017cka magnetyczna, b\u0142\u0105d g\u0142adko\u015bci wyci\u0105gania &lt;0,3 mm, odpowiedni dla limitowanych zestaw\u00f3w perfum.<\/li>\n<li><strong>Pude\u0142ko w kszta\u0142cie ksi\u0105\u017cki<\/strong>\u00a0(kulturowe po\u0142\u0105czenie IP): otwierana z boku struktura magnetyczna + wyt\u0142aczane t\u0142oczenie na gor\u0105co, mo\u017ce by\u0107 osadzone z chipem AR, aby pokaza\u0107 histori\u0119 marki.<\/li>\n<li><strong>Pude\u0142ko o specjalnym kszta\u0142cie<\/strong>\u00a0(m\u0142ody rynek): Sze\u015bciok\u0105tne pude\u0142ko laserowe z lakierem miejscowym UV, rozpoznawalno\u015b\u0107 odblaskowa w nocy zwi\u0119kszona przez 60%.<\/li>\n<li><strong>Modu\u0142owa skrzynka kombinowana<\/strong>\u00a0(pakiet wielu butelek): 3-6 butelek mo\u017cna dowolnie \u0142\u0105czy\u0107 za pomoc\u0105 klamer, aby zmniejszy\u0107 koszty przechowywania.<\/li>\n<\/ol>\n<h3 id=\"3-the-revolution-of-inner-support-4-types-of-materials-protect-product-safety\">3. Rewolucja wewn\u0119trznego wsparcia: 4 rodzaje materia\u0142\u00f3w chroni\u0105 bezpiecze\u0144stwo produktu<\/h3>\n<table>\n<thead>\n<tr>\n<th>Rodzaj materia\u0142u<\/th>\n<th>Cechy<\/th>\n<th>Obowi\u0105zuj\u0105ce scenariusze<\/th>\n<\/tr>\n<\/thead>\n<tbody>\n<tr>\n<td><strong>Wykrawanie EVA<\/strong><\/td>\n<td>Amortyzacja o g\u0119sto\u015bci 30D, odporno\u015b\u0107 na wstrz\u0105sy przewy\u017csza bawe\u0142n\u0119 per\u0142ow\u0105<\/td>\n<td>Szklana butelka \/ transport butelek o specjalnym kszta\u0142cie<\/td>\n<\/tr>\n<tr>\n<td><strong>Formowanie masy celulozowej o strukturze plastra miodu<\/strong><\/td>\n<td>\u0141o\u017cysko 8 kg\/m\u00b2, konfigurowalne barwienie w\u0142\u00f3kien ro\u015blinnych<\/td>\n<td>Limitowana edycja z motywem ochrony \u015brodowiska<\/td>\n<\/tr>\n<tr>\n<td><strong>Pianka z pami\u0119ci\u0105 kszta\u0142tu<\/strong><\/td>\n<td>Adaptacyjna krzywa korpusu butelki, dok\u0142adno\u015b\u0107 otwarcia formy \u00b10,1 mm<\/td>\n<td>Wysokiej klasy kryszta\u0142owa butelka do ci\u0119cia<\/td>\n<\/tr>\n<tr>\n<td><strong>Aksamit pokryty jedwabiem<\/strong><\/td>\n<td>Mikrofibra 300 mesh, odporna na zarysowania i zwi\u0119kszaj\u0105ca poczucie otwierania pude\u0142ka<\/td>\n<td>Luksusowy wsp\u00f3lny model<\/td>\n<\/tr>\n<\/tbody>\n<\/table>\n<h3 id=\"4-brand-imprint-texture-upgrade-of-hot-stamping-process\">4. Nadruk marki: Ulepszenie tekstury w procesie t\u0142oczenia na gor\u0105co<\/h3>\n<ul>\n<li><strong>Tr\u00f3jwymiarowe t\u0142oczenie na gor\u0105co<\/strong>: U\u017cyj ultracienkiej elektrochemicznej folii aluminiowej o grubo\u015bci 0,1 mm, aby uzyska\u0107 efekt t\u0142oczenia 3D (np. t\u0142oczenie na gor\u0105co w kratk\u0119 BURBERRY);<\/li>\n<li><strong>Kolorowy laser<\/strong>: Dzi\u0119ki technologii nano-transferu LOGO mo\u017ce prezentowa\u0107 opalizuj\u0105cy gradient \u015bwiat\u0142a;<\/li>\n<li><strong>Dotykowe UV<\/strong>: Cz\u0119\u015bciowa matowa pow\u0142oka sitodrukowa, pocieranie opuszkami palc\u00f3w w celu uzyskania tekstury przypominaj\u0105cej zamsz.\u00a0<em>Przypadek<\/em>: Niemiecka marka zapach\u00f3w samochodowych wykorzystuje technologi\u0119 t\u0142oczenia na gor\u0105co i wyt\u0142aczania, aby zwi\u0119kszy\u0107 rozpoznawalno\u015b\u0107 marki o 43%.<\/li>\n<\/ul>\n<h3 id=\"5-unboxing-experience-5-major-accessories-to-create-memory-points\">5. Wra\u017cenia z rozpakowywania: 5 g\u0142\u00f3wnych akcesori\u00f3w do tworzenia punkt\u00f3w pami\u0119ci<\/h3>\n<ol>\n<li><strong>Ta\u015bma magnetyczna<\/strong>Ta\u015bma o szeroko\u015bci 6 mm z magnesami neodymowymi mo\u017ce by\u0107 wielokrotnie pakowana i wytrzymywa\u0107 obci\u0105\u017cenie do 2 kg;<\/li>\n<li><strong>Ekologiczna karta zapachowa<\/strong>: Karty nasienne drukowane atramentem sojowym, podlewanie mo\u017ce uprawia\u0107 ro\u015bliny takie jak lawenda;<\/li>\n<li><strong>Inteligentny pier\u015bcie\u0144 \u015bci\u0105gaj\u0105cy<\/strong>: Chip NFC wbudowany w uchwyt, skanowanie bezpo\u015brednio do strony cz\u0142onkostwa marki;<\/li>\n<li><strong>Sk\u0142adany wspornik<\/strong>: Pude\u0142ko opakowaniowe natychmiast staje si\u0119 stojakiem na samoch\u00f3d, a pow\u0142oka UV jest odporna na \u017c\u00f3\u0142kni\u0119cie pod wp\u0142ywem \u015bwiat\u0142a s\u0142onecznego;<\/li>\n<li><strong>Uszczelka zapachowa<\/strong>: Mikrokapsu\u0142ki s\u0105 fabrycznie umieszczone w pude\u0142ku, a zapach drzewa cedrowego uwalnia si\u0119 po jego otwarciu.<\/li>\n<\/ol>\n<h3 id=\"vi-flexible-customization-3-major-modes-to-solve-the-minimum-order-quantity-dilemma\">6. Elastyczne dostosowywanie: 3 g\u0142\u00f3wne tryby, aby rozwi\u0105za\u0107 dylemat minimalnej ilo\u015bci zam\u00f3wienia<\/h3>\n<ol>\n<li><strong>50 element\u00f3w lekkiej personalizacji<\/strong>Druk cyfrowy + wycinanie laserowe, dostawa w ci\u0105gu 72 godzin, obs\u0142uga 1 g\u0142\u00f3wnego obrazu + 3 prze\u0142\u0105czane typy pude\u0142ek;<\/li>\n<li><strong>Dynamiczny system cenowy<\/strong>U\u017cyj wielopoziomowej wyceny dla mniej ni\u017c 500 sztuk i zmniejsz op\u0142at\u0119 za otwarcie formy o 30% dzi\u0119ki wsp\u00f3\u0142dzielonym formom;<\/li>\n<li><strong>Wsp\u00f3\u0142praca projektowa AI<\/strong>: za\u0142aduj rozmiar butelki, aby automatycznie wygenerowa\u0107 rozwi\u0105zania opakowaniowe 3D, z ponad 200 kombinacjami materia\u0142\u00f3w i proces\u00f3w.<\/li>\n<\/ol>\n<h3 id=\"vii-factory-direct-sales-4-fold-guarantee-to-build-a-closed-loop-of-trust\">7. Fabryczna sprzeda\u017c bezpo\u015brednia: 4-krotna gwarancja zbudowania zamkni\u0119tej p\u0119tli zaufania<\/h3>\n<ol>\n<li><strong>Zero koszt\u00f3w pr\u00f3b i b\u0142\u0119d\u00f3w<\/strong>: 3 bia\u0142e pr\u00f3bki + 2 pr\u00f3bki kolor\u00f3w s\u0105 dostarczane bezp\u0142atnie, wspieraj\u0105c niszcz\u0105ce testy transportowe;<\/li>\n<li><strong>Przejrzysta produkcja<\/strong>24-godzinna transmisja na \u017cywo z warsztat\u00f3w, WeChat w kluczowych punktach;<\/li>\n<li><strong>Zaanga\u017cowanie w jako\u015b\u0107<\/strong>21 proces\u00f3w kontroli jako\u015bci, zobowi\u0105zanie do pe\u0142nej rekompensaty za wska\u017anik uszkodze\u0144 transportowych&gt; 1%;<\/li>\n<li><strong>Zielone finansowanie<\/strong>dost\u0119p do platformy finansowania \u0142a\u0144cucha dostaw, zaliczka 30% mo\u017ce rozpocz\u0105\u0107 produkcj\u0119<\/li>\n<\/ol>\n<h3 id=\"conclusion\">Wnioski<\/h3>\n<p>Gdy ochrona \u015brodowiska nie jest ju\u017c obci\u0105\u017ceniem kosztowym, a rozpakowywanie staje si\u0119 rytua\u0142em marki, opakowanie perfum samochodowych staje si\u0119 cichym konsultantem sprzeda\u017cy. Od degradowalnych tacek wewn\u0119trznych o strukturze plastra miodu po ta\u015bmy magnetyczne, od kolorowego t\u0142oczenia laserowego na gor\u0105co po inteligentn\u0105 personalizacj\u0119 AI, ka\u017cda innowacja na nowo definiuje granic\u0119 warto\u015bci \"opakowania\". Wyb\u00f3r rozwi\u0105zania opakowaniowego, kt\u00f3re wsp\u00f3\u0142gra z najnowocze\u015bniejsz\u0105 technologi\u0105, to nie tylko decyzja biznesowa, ale tak\u017ce odpowiedzialne zobowi\u0105zanie na rzecz zr\u00f3wnowa\u017conej przysz\u0142o\u015bci.<\/p>","protected":false},"excerpt":{"rendered":"<p>W czasach, gdy ochrona \u015brodowiska nie jest ju\u017c obci\u0105\u017ceniem kosztowym, a unboxing sublimuje w rytua\u0142 marki, opakowania perfum samochodowych staj\u0105 si\u0119 cichym konsultantem sprzeda\u017cy.<\/p>","protected":false},"featured_media":8051,"template":"","meta":[],"product_brand":[],"product_cat":[31,30,417,425],"product_tag":[483,485,484],"class_list":{"0":"post-8050","1":"product","2":"type-product","3":"status-publish","4":"has-post-thumbnail","6":"product_cat-paper-box-style","7":"product_cat-by-industry","8":"product_cat-custom-perfume-boxes-by-industry","9":"product_cat-lid-and-base-gift-box","10":"product_tag-car-fragrance-box","11":"product_tag-fragrance-gift-packaging","12":"product_tag-fragrance-packaging-box","14":"first","15":"instock","16":"shipping-taxable","17":"product-type-simple"},"_links":{"self":[{"href":"https:\/\/zojopackaging.com\/pl\/wp-json\/wp\/v2\/product\/8050","targetHints":{"allow":["GET"]}}],"collection":[{"href":"https:\/\/zojopackaging.com\/pl\/wp-json\/wp\/v2\/product"}],"about":[{"href":"https:\/\/zojopackaging.com\/pl\/wp-json\/wp\/v2\/types\/product"}],"version-history":[{"count":1,"href":"https:\/\/zojopackaging.com\/pl\/wp-json\/wp\/v2\/product\/8050\/revisions"}],"predecessor-version":[{"id":8057,"href":"https:\/\/zojopackaging.com\/pl\/wp-json\/wp\/v2\/product\/8050\/revisions\/8057"}],"wp:featuredmedia":[{"embeddable":true,"href":"https:\/\/zojopackaging.com\/pl\/wp-json\/wp\/v2\/media\/8051"}],"wp:attachment":[{"href":"https:\/\/zojopackaging.com\/pl\/wp-json\/wp\/v2\/media?parent=8050"}],"wp:term":[{"taxonomy":"product_brand","embeddable":true,"href":"https:\/\/zojopackaging.com\/pl\/wp-json\/wp\/v2\/product_brand?post=8050"},{"taxonomy":"product_cat","embeddable":true,"href":"https:\/\/zojopackaging.com\/pl\/wp-json\/wp\/v2\/product_cat?post=8050"},{"taxonomy":"product_tag","embeddable":true,"href":"https:\/\/zojopackaging.com\/pl\/wp-json\/wp\/v2\/product_tag?post=8050"}],"curies":[{"name":"wp","href":"https:\/\/api.w.org\/{rel}","templated":true}]}}