{"id":8220,"date":"2025-03-25T17:19:48","date_gmt":"2025-03-25T09:19:48","guid":{"rendered":"https:\/\/zojopackaging.com\/?post_type=product&#038;p=8220"},"modified":"2025-03-25T17:19:50","modified_gmt":"2025-03-25T09:19:50","slug":"premium-custom-made-headphone-packaging-boxes-wholesale","status":"publish","type":"product","link":"https:\/\/zojopackaging.com\/pl\/product\/premium-custom-made-headphone-packaging-boxes-wholesale\/","title":{"rendered":"Najwy\u017cszej jako\u015bci niestandardowe pude\u0142ka do pakowania s\u0142uchawek hurtowo"},"content":{"rendered":"<h1>Najwy\u017cszej jako\u015bci niestandardowe pude\u0142ka do pakowania s\u0142uchawek hurtowo<\/h1>\n<h3 id=\"-1-double-sided-printed-airplane-box-environmental-protection-and-brand-dual-effect-empowerment-\"><strong>1. Dwustronnie zadrukowane pude\u0142ko pocztowe: ochrona \u015brodowiska i wzmocnienie marki o podw\u00f3jnym dzia\u0142aniu<\/strong><\/h3>\n<p>Dwustronnie zadrukowane pude\u0142ko pocztowe wyprodukowane z przyjaznego dla \u015brodowiska papieru jest oparte na surowym papierze celulozowym z certyfikatem FSC i jest zgodne z unijnym standardem ochrony \u015brodowiska RoHS. Technologia druku dwustronnego mo\u017ce jednocze\u015bnie wy\u015bwietla\u0107 LOGO marki, punkty sprzeda\u017cy produktu i artystyczny projekt wizualny, tworz\u0105c 360-stopniowy zasi\u0119g informacji o marce. Na przyk\u0142ad, formowane z masy papierowej opakowanie s\u0142uchawek Sony WF-1000XM4 zmniejsza zu\u017cycie atramentu dzi\u0119ki technologii wyt\u0142aczania, osi\u0105gaj\u0105c r\u00f3wnowag\u0119 mi\u0119dzy ochron\u0105 \u015brodowiska a estetyk\u0105. Ten projekt mo\u017ce zwi\u0119kszy\u0107 rozpoznawalno\u015b\u0107 marki o 20%-30%, szczeg\u00f3lnie odpowiedni dla wysokiej klasy produkt\u00f3w elektroniki u\u017cytkowej.<\/p>\n<h3 id=\"-2-tearable-unboxing-design-extremely-fast-experience-upgrade-\"><strong>2. Konstrukcja z zamkiem b\u0142yskawicznym: Niezwykle szybka aktualizacja<\/strong><\/h3>\n<p>Innowacyjna struktura zrywalna (taka jak wst\u0119pnie przyci\u0119ta linia + \u0142atwa do rozerwania konstrukcja zamka b\u0142yskawicznego) pozwala na rozpakowanie w ci\u0105gu 1 sekundy, dzi\u0119ki czemu u\u017cytkownicy mog\u0105 szybko uzyska\u0107 dost\u0119p do produkt\u00f3w bez u\u017cycia narz\u0119dzi. Konstrukcja ta nawi\u0105zuje do koncepcji procesu \"warstwy hydrofobowej li\u015bcia lotosu\" etui ochronnego Donglaiye AirPods i poprawia wydajno\u015b\u0107 interakcji poprzez optymalizacj\u0119 struktury fizycznej. Wed\u0142ug statystyk, ten typ konstrukcji mo\u017ce zwi\u0119kszy\u0107 satysfakcj\u0119 u\u017cytkownika z rozpakowywania o 35%, szczeg\u00f3lnie zgodnie z potrzebami szybko zmieniaj\u0105cych si\u0119 scenariuszy konsumenckich.<\/p>\n<h3 id=\"-three-full-size-customization-service-precise-adaptation-to-multiple-categories-\"><strong>3. Pe\u0142nowymiarowa us\u0142uga dostosowywania: precyzyjne dostosowanie do wielu kategorii<\/strong><\/h3>\n<p>Obs\u0142uguje pe\u0142ne dostosowanie rozmiaru kategorii elektroniki u\u017cytkowej, obejmuj\u0105ce:<\/p>\n<ul>\n<li><strong>S\u0142uchawki<\/strong>: Przystosowanie do s\u0142uchawek TWS (150\u00d7100\u00d740mm do 300\u00d7200\u00d7100mm)<\/li>\n<li><strong>Akcesoria<\/strong>takie jak pojemniki do \u0142adowania, pojemniki do przechowywania kabli do transmisji danych<\/li>\n<li><strong>Rozszerzenia<\/strong>: Rozwi\u0105zania w zakresie opakowa\u0144 kompozytowych, takie jak inteligentne zegarki i g\u0142o\u015bniki Bluetooth Dzi\u0119ki technologii modelowania skanowania 3D zapewniaj\u0105, \u017ce b\u0142\u0105d przestrzeni wewn\u0119trznej wn\u0119ki wynosi \u22640,3 mm, spe\u0142niaj\u0105c wysoki standard bran\u017cowy kompresji obj\u0119to\u015bci 66% dla opakowa\u0144 telefon\u00f3w kom\u00f3rkowych Sony Xperia.<\/li>\n<\/ul>\n<h3 id=\"-fourth-matte-film-coating-process-triple-protection-system-\"><strong>4. Proces powlekania foli\u0105 matow\u0105: potr\u00f3jny system ochrony<\/strong><\/h3>\n<p>Przyj\u0119cie niemieckiej importowanej technologii powlekania matowego na bazie wody:<\/p>\n<ul>\n<li><strong>Ochrona fizyczna<\/strong>: Wodoodporno\u015b\u0107 osi\u0105ga poziom IPX4, a odporno\u015b\u0107 na olej przechodzi standardowy test ASTM D618.<\/li>\n<li><strong>Optymalizacja wizualna<\/strong>Twardo\u015b\u0107 powierzchni 7H, odporno\u015b\u0107 na zarysowania, utrzymanie r\u00f3\u017cnicy kolor\u00f3w nadruku marki \u0394E\u22641,5<\/li>\n<li><strong>Poprawa w\u0142a\u015bciwo\u015bci dotykowych<\/strong>: Matowa tekstura przypominaj\u0105ca sk\u00f3r\u0119, tworz\u0105ca zr\u00f3\u017cnicowan\u0105 konkurencj\u0119 z p\u0142ynnym silikonowym dotykiem etui ochronnego Apple AirPods Pro<\/li>\n<\/ul>\n<h3 id=\"-five-smart-lining-customization-brand-and-function-resonance-\"><strong>5. Inteligentna personalizacja podszewki: rezonans marki i funkcji<\/strong><\/h3>\n<p>Podaj rozwi\u0105zanie krok po kroku:<\/p>\n<ol>\n<li><strong>Wersja podstawowa<\/strong>: Odporna na wstrz\u0105sy podszewka EVA (redukcja koszt\u00f3w o 15%-20%)<\/li>\n<li><strong>Wersja zaawansowana<\/strong>: Flokowana\/per\u0142owa bawe\u0142na o specjalnym kszta\u0142cie (dopasowuj\u0105ca si\u0119 do konturu zakrzywionych s\u0142uchawek)<\/li>\n<li><strong>Wersja Ultimate<\/strong>: Inteligentna magnetyczna struktura warstwowa (zintegrowana funkcja przechowywania akcesori\u00f3w) Obs\u0142uga implantacji kolor\u00f3w marki (wsp\u00f3\u0142czynnik pokrycia kolor\u00f3w punktowych Pantone 98%), realizuj\u0105ca wci\u0105gaj\u0105ce wra\u017cenia \"po wyj\u0119ciu z pude\u0142ka jest mark\u0105\"<\/li>\n<\/ol>\n<h3 id=\"-sixth-corrugated-material-application-cost-and-protection-\"><strong>6. Zastosowanie materia\u0142\u00f3w falistych: koszt i ochrona<\/strong><\/h3>\n<p>Wybrano podw\u00f3jn\u0105 tektur\u0119 falist\u0105 BC (grubo\u015b\u0107 3,5-5 mm), kt\u00f3ra ma nast\u0119puj\u0105ce cechy:<\/p>\n<ul>\n<li><strong>Ekonomiczny<\/strong>: 30% ni\u017cszy koszt ni\u017c tradycyjne opakowanie typu blister<\/li>\n<li><strong>Ochronny<\/strong>: Wytrzyma\u0142o\u015b\u0107 kraw\u0119dzi na nacisk \u22658KN\/m, zgodnie ze standardami test\u00f3w transportowych ISTA 3A<\/li>\n<li><strong>\u015arodowisko<\/strong>: Wska\u017anik recyklingu materia\u0142\u00f3w przekracza 95%, emisja dwutlenku w\u0119gla jest zmniejszona o 62% w por\u00f3wnaniu z opakowaniami z tworzyw sztucznych Dzi\u0119ki konstrukcji o strukturze plastra miodu wska\u017anik uszkodze\u0144 transportowych jest mniejszy ni\u017c 0,5%.<\/li>\n<\/ul>\n<h3 id=\"-seventh-all-black-minimalist-aesthetics-high-end-visual-language-\"><strong>7. Ca\u0142kowicie czarna, minimalistyczna estetyka: wysokiej klasy j\u0119zyk wizualny<\/strong><\/h3>\n<p>Przyjmuj\u0105c 8-kolorow\u0105 technologi\u0119 druku UV, mo\u017ce osi\u0105gn\u0105\u0107:<\/p>\n<ul>\n<li><strong>Wydajno\u015b\u0107 kolor\u00f3w<\/strong>: Czysto\u015b\u0107 czerni Warto\u015b\u0107 L* \u22642,5, osi\u0105gaj\u0105ca standard karty kolor\u00f3w RAL 9005<\/li>\n<li><strong>Kombinacja proces\u00f3w<\/strong>: Cz\u0119\u015bciowe matowe srebro na gor\u0105co + wyt\u0142oczenia (takie jak tr\u00f3jwymiarowe przetwarzanie logo marki)<\/li>\n<li><strong>Rozszerzenie stylu<\/strong>: Nawi\u0105zanie do minimalistycznej koncepcji opakowania s\u0142uchawek Huawei w celu wzmocnienia skojarzenia marki z \"technologiczn\u0105 czerni\u0105\" i \"lekkim luksusem\".<\/li>\n<\/ul>\n<h3 id=\"-eight-china-smart-manufacturing-service-zero-risk-cooperation-model-\"><strong>8. China Smart Manufacturing Service: Model wsp\u00f3\u0142pracy bez ryzyka<\/strong><\/h3>\n<p>Bezpo\u015brednio obs\u0142ugiwane fabryki w Pasie Przemys\u0142owym Delty Rzeki Per\u0142owej zapewniaj\u0105:<\/p>\n<ul>\n<li><strong>Bezp\u0142atne wsparcie<\/strong>: 48-godzinna szybka wycena + 72-godzinny proofing + oryginalny projekt (w tym 3 zestawy propozycji)<\/li>\n<li><strong>System kontroli jako\u015bci<\/strong>: Przeszed\u0142 certyfikacj\u0119 ISO9001\/BSCI, wska\u017anik kwalifikacji partii produkcji masowej \u2265 99,3%<\/li>\n<li><strong>Gwarancja pojemno\u015bci<\/strong>20 zautomatyzowanych linii produkcyjnych, obs\u0142uguj\u0105cych 500 000 sztuk \/ miesi\u0105c elastycznych zam\u00f3wie\u0144 Opieraj\u0105c si\u0119 na dojrza\u0142ym do\u015bwiadczeniu lokalnych firm, takich jak Chengguang Color Printing, zapewniamy kompleksowe rozwi\u0105zanie od projektu po logistyk\u0119.<\/li>\n<\/ul>\n<p><strong>Natychmiastowe dzia\u0142anie<\/strong>:<\/p>\n<ol>\n<li>Ekskluzywny raport optymalizacji koszt\u00f3w<\/li>\n<li>Efekt makiety 3D<\/li>\n<li>48-godzinna us\u0142uga dostawy pr\u00f3bek<\/li>\n<\/ol>\n<p>Dzi\u0119ki spersonalizowanemu opakowaniu, premia za mark\u0119 wzrasta o 40%+, czyni\u0105c ka\u017cdy moment rozpakowania z\u0142otym punktem styczno\u015bci dla komunikacji marki.<\/p>","protected":false},"excerpt":{"rendered":"<p>Pude\u0142ko z tektury falistej z zamkiem b\u0142yskawicznym na s\u0142uchawki, nieograniczone dostosowanie rozmiaru, bezpo\u015brednie dostawy z chi\u0144skich fabryk, p\u0142aska wysy\u0142ka oszcz\u0119dza 60% miejsca, dwustronna marka druku jest bardziej przyci\u0105gaj\u0105ca wzrok.<\/p>","protected":false},"featured_media":8222,"template":"","meta":[],"product_brand":[],"product_cat":[413,433],"product_tag":[625,626,627],"class_list":{"0":"post-8220","1":"product","2":"type-product","3":"status-publish","4":"has-post-thumbnail","6":"product_cat-consumer-electronics-boxes","7":"product_cat-shipping-mailer-boxes","8":"product_tag-custom-headphone-packaging","9":"product_tag-headphone-packaging-boxes","10":"product_tag-premium-headphone-boxes-wholesale","12":"first","13":"instock","14":"shipping-taxable","15":"product-type-simple"},"_links":{"self":[{"href":"https:\/\/zojopackaging.com\/pl\/wp-json\/wp\/v2\/product\/8220","targetHints":{"allow":["GET"]}}],"collection":[{"href":"https:\/\/zojopackaging.com\/pl\/wp-json\/wp\/v2\/product"}],"about":[{"href":"https:\/\/zojopackaging.com\/pl\/wp-json\/wp\/v2\/types\/product"}],"version-history":[{"count":2,"href":"https:\/\/zojopackaging.com\/pl\/wp-json\/wp\/v2\/product\/8220\/revisions"}],"predecessor-version":[{"id":8230,"href":"https:\/\/zojopackaging.com\/pl\/wp-json\/wp\/v2\/product\/8220\/revisions\/8230"}],"wp:featuredmedia":[{"embeddable":true,"href":"https:\/\/zojopackaging.com\/pl\/wp-json\/wp\/v2\/media\/8222"}],"wp:attachment":[{"href":"https:\/\/zojopackaging.com\/pl\/wp-json\/wp\/v2\/media?parent=8220"}],"wp:term":[{"taxonomy":"product_brand","embeddable":true,"href":"https:\/\/zojopackaging.com\/pl\/wp-json\/wp\/v2\/product_brand?post=8220"},{"taxonomy":"product_cat","embeddable":true,"href":"https:\/\/zojopackaging.com\/pl\/wp-json\/wp\/v2\/product_cat?post=8220"},{"taxonomy":"product_tag","embeddable":true,"href":"https:\/\/zojopackaging.com\/pl\/wp-json\/wp\/v2\/product_tag?post=8220"}],"curies":[{"name":"wp","href":"https:\/\/api.w.org\/{rel}","templated":true}]}}