{"id":8241,"date":"2025-03-25T17:56:39","date_gmt":"2025-03-25T09:56:39","guid":{"rendered":"https:\/\/zojopackaging.com\/?post_type=product&#038;p=8241"},"modified":"2025-03-25T18:34:06","modified_gmt":"2025-03-25T10:34:06","slug":"premium-aquarius-crystal-healing-stones-gift-set-box-factory","status":"publish","type":"product","link":"https:\/\/zojopackaging.com\/pl\/product\/premium-aquarius-crystal-healing-stones-gift-set-box-factory\/","title":{"rendered":"Zestaw upominkowy Premium Aquarius Crystal Healing Stones Fabryka pude\u0142ek"},"content":{"rendered":"<h2 id=\"-customized-plan-for-aquarius-crystal-healing-stone-gift-set-box\">Indywidualny plan dla zestawu upominkowego z kryszta\u0142em uzdrawiaj\u0105cym Wodnika<\/h2>\n<h3><strong>1. zamkni\u0119cie magnetyczne <\/strong><strong>pude\u0142ko: prosta estetyka i zmys\u0142 rytualny<\/strong><\/h3>\n<ul>\n<li><strong>Magnetyczne zamkni\u0119cie pude\u0142ka <\/strong>: W obudowie zastosowano niewidoczn\u0105 konstrukcj\u0119 magnesu, bez ods\u0142oni\u0119tych metalowych akcesori\u00f3w, p\u0142ynne i ciche otwieranie i zamykanie, unikaj\u0105c problemu zu\u017cycia tradycyjnych sprz\u0105czek magnetycznych, podkre\u015blaj\u0105c jako\u015b\u0107 detali.<\/li>\n<li><strong>Znaczenie zamkni\u0119cia magnetycznego<\/strong>: Imitacja magnetycznego zamkni\u0119cia w twardej oprawie, zgodnie z cechami konstelacji Wodnika \"m\u0105dro\u015b\u0107 i duchowo\u015b\u0107\", proces otwierania przypomina przewracanie ksi\u0105\u017cki, wzmacniaj\u0105c rytualne poczucie do\u015bwiadczenia u\u017cytkownika.<\/li>\n<li><strong>Stabilna kombinacja materia\u0142\u00f3w<\/strong>: 1200 GSM szara tektura + 157 GSM powlekany papier artystyczny, odporny na nacisk i upadki, d\u0142ugotrwa\u0142e u\u017cytkowanie bez deformacji, odpowiedni do przechowywania i ochrony transportu cennych kryszta\u0142\u00f3w.<\/li>\n<\/ul>\n<h3 id=\"-2-double-sided-high-definition-printing-macaron-healing-color-system-\"><strong>2. Dwustronny system druku makaronowego o wysokiej rozdzielczo\u015bci, uzdrawiaj\u0105cy kolor<\/strong><\/h3>\n<ul>\n<li><strong>Precyzyjny druk dwustronny<\/strong>Technologia druku jest stosowana po obu stronach, rozdzielczo\u015b\u0107 wzoru osi\u0105ga 300 dpi, przej\u015bcie kolor\u00f3w jest naturalne, a elementy Aquarius, takie jak gwia\u017adziste niebo i przep\u0142yw wody, s\u0105 \u017cywe na powierzchni pude\u0142ka, z silnym efektem wizualnym.<\/li>\n<li><strong>Dopasowanie kolor\u00f3w gradientu Macaron<\/strong>: Jasnoniebieski, jasnofioletowy, mglisty szary i inne kolory o niskim nasyceniu to g\u0142\u00f3wne odcienie, kt\u00f3re delikatnie \u0142agodz\u0105 zm\u0119czenie wzroku i przekazuj\u0105 konotacj\u0119 produktu \"\u0142agodz\u0105c emocje i oczyszczaj\u0105c energi\u0119\".<\/li>\n<li><strong>Technologia matowej powierzchni<\/strong>: Ochrona przed odciskami palc\u00f3w, zarysowaniami, delikatny dotyk, zapewniaj\u0105, \u017ce nadrukowany wz\u00f3r jest trwa\u0142y i wyra\u017any, bez r\u00f3\u017cnicy kolor\u00f3w, a poczucie jako\u015bci zwi\u0119ksza przestrze\u0144 premium marki.<\/li>\n<\/ul>\n<h3 id=\"-3-deep-customization-service-exclusive-adaptation-from-lining-to-outer-box-\"><strong>3. Us\u0142uga g\u0142\u0119bokiego dostosowywania: ekskluzywna adaptacja od podszewki do zewn\u0119trznego pude\u0142ka<\/strong><\/h3>\n<ol>\n<li><strong>Elastyczna konstrukcja podszewki<\/strong><\/li>\n<li><strong>Sta\u0142a podszewka<\/strong>: Dostosowanie g\u0105bki EPE lub flaneli, precyzyjne dopasowanie do kszta\u0142tu kamieni leczniczych (takich jak piramidy, wahad\u0142a i surowe kamienie), zmniejszaj\u0105ce zu\u017cycie przez potrz\u0105sanie.<\/li>\n<li><strong>Podszewka wy\u015bwietlacza<\/strong>Przezroczysty akrylowy wspornik + warstwowa struktura, tr\u00f3jwymiarowa prezentacja kryszta\u0142owej tekstury i po\u0142ysku, wzmacniaj\u0105ca punkt sprzeda\u017cy \"wizualizacji energii\".<\/li>\n<li><strong>Spersonalizowana dekoracja pude\u0142ka zewn\u0119trznego<\/strong><\/li>\n<li><strong>Niestandardowy symbol konstelacji<\/strong>T\u0142oczenie na gor\u0105co \/ drukowanie na gor\u0105co srebrnej mapy konstelacji Wodnika lub amuletu stra\u017cnika konstelacji, dodaj\u0105c tajemniczo\u015bci.<\/li>\n<li><strong>Dodatkowe akcesoria<\/strong>: mog\u0105 by\u0107 osadzone w metalowych zak\u0142adkach, kartach interpretacji konstelacji, aby zwi\u0119kszy\u0107 warto\u015b\u0107 dodan\u0105 zestawu.<\/li>\n<\/ol>\n<h3 id=\"-fourth-the-core-advantages-of-china-s-source-factory-\"><strong>4. G\u0142\u00f3wne zalety chi\u0144skiej fabryki \u017ar\u00f3d\u0142owej<\/strong><\/h3>\n<ul>\n<li><strong>Pr\u00f3bka bez koszt\u00f3w<\/strong>Bezp\u0142atny projekt renderowania 3D, dostawa pr\u00f3bek materia\u0142\u00f3w, po potwierdzeniu, produkcja, zerowe ryzyko rozpocz\u0119cia wsp\u00f3\u0142pracy.<\/li>\n<li><strong>Obni\u017cka ceny 40%<\/strong>Bezpo\u015brednia dostawa fabryczna bez po\u015bredniej r\u00f3\u017cnicy cen, cena zam\u00f3wienia 500 sztuk ju\u017c od XX juan\u00f3w, obs\u0142uga elastycznych zam\u00f3wie\u0144 ma\u0142ych partii.<\/li>\n<li><strong>Szybka dostawa w ci\u0105gu 15 dni<\/strong>W\u0142asna linia produkcyjna + inteligentne magazynowanie, zam\u00f3wienia krajowe wysy\u0142ane w ci\u0105gu 7 dni, opcjonalnie globalne rozwi\u0105zania logistyczne (DHL\/FedEx).<\/li>\n<\/ul>\n<h3 id=\"-highlights-of-commercial-value-\"><strong>Najwa\u017cniejsze informacje o warto\u015bci handlowej<\/strong><\/h3>\n<p>\u2705\u00a0<strong>Zwi\u0119kszenie stopy odkupu<\/strong>: Pude\u0142ka prezentowe o wysokiej warto\u015bci stymuluj\u0105 ch\u0119\u0107 u\u017cytkownik\u00f3w do kolekcjonowania i promowania strategii marketingowej \"kolekcji zestaw\u00f3w\". \u2705\u00a0<strong>Redukcja koszt\u00f3w posprzeda\u017cowych<\/strong>: Odporny na ci\u015bnienie typ skrzyni + dostosowana podszewka kontroluje wska\u017anik uszkodze\u0144 transportowych poni\u017cej 0,5%. \u2705\u00a0<strong>Rozszczepienie komunikacji spo\u0142ecznej<\/strong>: Kolor Macaron + leczniczy design z \u0142atwo\u015bci\u0105 zach\u0119caj\u0105 u\u017cytkownik\u00f3w do robienia zdj\u0119\u0107 i udost\u0119pniania ich, zwi\u0119kszaj\u0105c ekspozycj\u0119 marki.<\/p>\n<p><strong>Podejmij dzia\u0142ania ju\u017c teraz, aby przej\u0105\u0107 rynek motyw\u00f3w Aquarius!\u00a0<\/strong>Podaj rozmiar produktu, koncepcj\u0119 projektu i minimaln\u0105 ilo\u015b\u0107 zam\u00f3wienia, a otrzymasz bezp\u0142atne plany projektowe i wyceny w ci\u0105gu 24 godzin. Dzi\u0119ki cenom \u017ar\u00f3d\u0142owym i kunsztowi wykonania, nadaj swoim kamieniom leczniczym niezast\u0105piony \"pojemnik na energi\u0119\"!<\/p>\n<p><strong>Scenariusze aplikacji do l\u0105dowania<\/strong><\/p>\n<ol>\n<li><strong>Wysokiej klasy pude\u0142ko upominkowe na pojedynczy produkt<\/strong>: W po\u0142\u0105czeniu z pojedynczym kamieniem leczniczym o wysokiej energii (takim jak akwamaryn, ametyst), koncentruje si\u0119 na rynku prezent\u00f3w urodzinowych \/ zodiakalnych.<\/li>\n<li><strong>Po\u0142\u0105czenie zestawu leczniczego<\/strong>: Zawiera 7 kryszta\u0142\u00f3w o r\u00f3\u017cnych funkcjach (zestaw czakr), z dodatkow\u0105 instrukcj\u0105 obs\u0142ugi, skierowan\u0105 do entuzjast\u00f3w cia\u0142a, umys\u0142u i ducha.<\/li>\n<li><strong>Produkty pod wsp\u00f3ln\u0105 mark\u0105<\/strong>: Wsp\u00f3\u0142praca z astrologami i blogerami energetycznymi w celu wprowadzenia limitowanej edycji pude\u0142ek upominkowych, dodaj\u0105c efekt ekonomiczny dla fan\u00f3w IP.<\/li>\n<\/ol>","protected":false},"excerpt":{"rendered":"<p>Dwustronne pude\u0142ko upominkowe z kolorowym nadrukiem o wysokiej rozdzielczo\u015bci, lecznicze kolory makaronu dostosowane do kryszta\u0142owych kamieni leczniczych, bezpo\u015brednie dostawy fabryczne wspieraj\u0105 ekskluzywny design, wizualnie proste i p\u0142ynne otwieranie i zamykanie!<\/p>","protected":false},"featured_media":8242,"template":"","meta":[],"product_brand":[],"product_cat":[30,423,424],"product_tag":[633,632,631],"class_list":{"0":"post-8241","1":"product","2":"type-product","3":"status-publish","4":"has-post-thumbnail","6":"product_cat-by-industry","7":"product_cat-custom-presentation-boxes-by-industry","8":"product_cat-magnetic-closure-boxes","9":"product_tag-crystal-gift-box-factory","10":"product_tag-crystal-healing-gift-set-box","11":"product_tag-crystal-healing-stones-box","13":"first","14":"instock","15":"shipping-taxable","16":"product-type-simple"},"_links":{"self":[{"href":"https:\/\/zojopackaging.com\/pl\/wp-json\/wp\/v2\/product\/8241","targetHints":{"allow":["GET"]}}],"collection":[{"href":"https:\/\/zojopackaging.com\/pl\/wp-json\/wp\/v2\/product"}],"about":[{"href":"https:\/\/zojopackaging.com\/pl\/wp-json\/wp\/v2\/types\/product"}],"version-history":[{"count":1,"href":"https:\/\/zojopackaging.com\/pl\/wp-json\/wp\/v2\/product\/8241\/revisions"}],"predecessor-version":[{"id":8247,"href":"https:\/\/zojopackaging.com\/pl\/wp-json\/wp\/v2\/product\/8241\/revisions\/8247"}],"wp:featuredmedia":[{"embeddable":true,"href":"https:\/\/zojopackaging.com\/pl\/wp-json\/wp\/v2\/media\/8242"}],"wp:attachment":[{"href":"https:\/\/zojopackaging.com\/pl\/wp-json\/wp\/v2\/media?parent=8241"}],"wp:term":[{"taxonomy":"product_brand","embeddable":true,"href":"https:\/\/zojopackaging.com\/pl\/wp-json\/wp\/v2\/product_brand?post=8241"},{"taxonomy":"product_cat","embeddable":true,"href":"https:\/\/zojopackaging.com\/pl\/wp-json\/wp\/v2\/product_cat?post=8241"},{"taxonomy":"product_tag","embeddable":true,"href":"https:\/\/zojopackaging.com\/pl\/wp-json\/wp\/v2\/product_tag?post=8241"}],"curies":[{"name":"wp","href":"https:\/\/api.w.org\/{rel}","templated":true}]}}