{"id":8261,"date":"2025-03-25T19:04:36","date_gmt":"2025-03-25T11:04:36","guid":{"rendered":"https:\/\/zojopackaging.com\/?post_type=product&#038;p=8261"},"modified":"2025-03-25T19:08:32","modified_gmt":"2025-03-25T11:08:32","slug":"custom-printed-quality-pen-packaging-gift-boxes-wholesale","status":"publish","type":"product","link":"https:\/\/zojopackaging.com\/pl\/product\/custom-printed-quality-pen-packaging-gift-boxes-wholesale\/","title":{"rendered":"Niestandardowe drukowane wysokiej jako\u015bci opakowania na d\u0142ugopisy Pude\u0142ka na prezenty Hurtownia"},"content":{"rendered":"<h2 id=\"-wholesale-instructions-for-customized-gift-boxes-for-high-end-pens-dual-empowerment-of-craftsmanship-and-brand-value-\"><strong>Instrukcje hurtowe dotycz\u0105ce niestandardowych pude\u0142ek upominkowych na wysokiej klasy d\u0142ugopisy<\/strong><\/h2>\n<h3 id=\"-1-environmentally-friendly-and-sturdy-materials-laying-a-high-end-tone-\"><strong>1. Przyjazne dla \u015brodowiska i wytrzyma\u0142e materia\u0142y, nadaj\u0105ce wysokiej klasy brzmienie<\/strong><\/h3>\n<ul>\n<li><strong>Szara tektura 1200 GSM + powlekany papier artystyczny 157 GSM<\/strong>: Podw\u00f3jne materia\u0142y o wysokiej gramaturze zapewniaj\u0105, \u017ce korpus skrzyni jest odporny na nacisk i upadek, z no\u015bno\u015bci\u0105 ponad 5 kg, skutecznie opieraj\u0105c si\u0119 zewn\u0119trznym uderzeniom podczas transportu i zmniejszaj\u0105c ryzyko uszkodzenia \u0142adunku.<\/li>\n<li><strong>Certyfikacja \u015brodowiskowa<\/strong>: Papier przeszed\u0142 certyfikacj\u0119 FSC, atrament jest zgodny z unijn\u0105 norm\u0105 REACH, nadaje si\u0119 do recyklingu i degradacji oraz jest zgodny ze strategi\u0105 zr\u00f3wnowa\u017conego rozwoju firmy.<\/li>\n<\/ul>\n<h3 id=\"-2-magnetic-book-shaped-box-design-luxury-in-simplicity-\"><strong>2. Magnetyczne zamkni\u0119cie pude\u0142ka: luksus w prostocie<\/strong><\/h3>\n<ul>\n<li><strong>Niewidoczne zamkni\u0119cie magnetyczne<\/strong>: Brak ods\u0142oni\u0119tego zamkni\u0119cia magnetycznego, p\u0142ynne i ciche otwieranie i zamykanie, unikanie problemu zu\u017cycia i odpadania tradycyjnej klamry magnetycznej, a \u017cywotno\u015b\u0107 jest zwi\u0119kszona ponad 3-krotnie.<\/li>\n<li><strong>Konstrukcja skrzynki z zamkni\u0119ciem magnetycznym<\/strong>: Otwieranie pude\u0142ka przypomina przegl\u0105danie ksi\u0105\u017cki, daj\u0105c u\u017cytkownikom poczucie rytua\u0142u, a korpus pude\u0142ka mo\u017ce by\u0107 ponownie wykorzystany jako pude\u0142ko do przechowywania i ekspozycyjne, aby przed\u0142u\u017cy\u0107 cykl ekspozycji marki.<\/li>\n<li><strong>Czarne, matowe t\u0142o<\/strong>: Czarny nadruk punktowy Pantone, na\u0142o\u017cony z drobnymi per\u0142owymi cz\u0105steczkami, o niskiej tonacji i teksturze, odpowiedni dla biznesu, lekkiego luksusu, sztuki i innych odcieni marki.<\/li>\n<\/ul>\n<h3 id=\"-three-high-definition-printing-deep-customization-accurate-delivery-of-brand-value-\"><strong>Trzy, drukowanie w wysokiej rozdzielczo\u015bci + g\u0142\u0119boka personalizacja, dok\u0142adne dostarczanie warto\u015bci marki<\/strong><\/h3>\n<ol>\n<li><strong>Drukowanie z podw\u00f3jn\u0105 zerow\u0105 r\u00f3\u017cnic\u0105 kolor\u00f3w<\/strong><\/li>\n<li>Korzystaj\u0105c z 8-kolorowej maszyny drukuj\u0105cej UV, dok\u0142adno\u015b\u0107 wzoru osi\u0105ga 300 dpi, linie tekstu s\u0105 wyra\u017ane i bez zadzior\u00f3w, a przej\u015bcie gradientu jest naturalne, zapewniaj\u0105c doskona\u0142\u0105 prezentacj\u0119 szczeg\u00f3\u0142\u00f3w, takich jak LOGO marki i tekstura t\u0142oczenia na gor\u0105co.<\/li>\n<li>Powierzchnia jest pokryta matow\u0105 foli\u0105 \/ foli\u0105 dotykow\u0105, kt\u00f3ra jest odporna na zarysowania i zu\u017cycie oraz nie blaknie po d\u0142ugotrwa\u0142ym u\u017cytkowaniu.<\/li>\n<li><strong>Indywidualna ochrona podszewki EVA<\/strong><\/li>\n<li><strong>Bufor przeciwwstrz\u0105sowy<\/strong>: Materia\u0142 EVA o wysokiej g\u0119sto\u015bci (twardo\u015b\u0107 40\u00b0-50\u00b0), sta\u0142y korpus pi\u00f3ra ze szczelinami, odpowiedni do wielu zestaw\u00f3w, takich jak pi\u00f3ra wieczne, butelki z atramentem, certyfikaty itp.<\/li>\n<li><strong>Aktualizacja wizualna<\/strong>Opcjonalne flokowanie, jedwabna wy\u015bci\u00f3\u0142ka zwi\u0119kszaj\u0105ca poczucie luksusu podczas otwierania pude\u0142ka lub przezroczysty akrylowy wspornik podkre\u015blaj\u0105cy kunsztowne detale, takie jak rze\u017abienie ko\u0144c\u00f3wki pi\u00f3ra.<\/li>\n<\/ol>\n<h3 id=\"-fourth-direct-supply-from-chinese-factories-0-risk-customized-service-\"><strong>4. Bezpo\u015brednie dostawy z chi\u0144skich fabryk, niestandardowa us\u0142uga 0 ryzyka<\/strong><\/h3>\n<ul>\n<li><strong>Bezp\u0142atne wsparcie projektowe<\/strong>: Dostarczanie rendering\u00f3w 3D, fizycznych wydruk\u00f3w pr\u00f3bnych, obs\u0142uga spersonalizowanych rozwi\u0105za\u0144, takich jak t\u0142oczenie na gor\u0105co LOGO, wyt\u0142aczana tekstura, dopasowywanie kolor\u00f3w wst\u0105\u017cek itp. i rozpocz\u0119cie produkcji 72 godziny po potwierdzeniu.<\/li>\n<li><strong>Obni\u017cka ceny 35%<\/strong>: Fabryka \u017ar\u00f3d\u0142owa eliminuje r\u00f3\u017cnic\u0119 cen po\u015brednik\u00f3w, a cena zam\u00f3wienia 500 sztuk wynosi zaledwie XX juan\u00f3w, a zam\u00f3wienia 10 000 sztuk s\u0105 obj\u0119te wielopoziomow\u0105 zni\u017ck\u0105.<\/li>\n<li><strong>Globalna dostawa w ci\u0105gu 15 dni<\/strong>: Zam\u00f3wienia krajowe s\u0105 dostarczane w ci\u0105gu 7 dni, obs\u0142uguj\u0105 mi\u0119dzynarodow\u0105 logistyk\u0119 DHL \/ FedEx i pe\u0142n\u0105 eskort\u0119 ubezpieczenia transportowego.<\/li>\n<\/ul>\n<h3 id=\"-highlights-of-cooperation-value-\"><strong>Najwa\u017cniejsze warto\u015bci wsp\u00f3\u0142pracy<\/strong><\/h3>\n<p>\u2705\u00a0<strong>Marka premium<\/strong>: Wysokiej klasy opakowanie zwi\u0119ksza cen\u0119 jednostkow\u0105 d\u0142ugopis\u00f3w o 20%-50%, szczeg\u00f3lnie nadaje si\u0119 do limitowanych edycji i marketingu pod wsp\u00f3ln\u0105 mark\u0105; \u2705\u00a0<strong>Lojalno\u015b\u0107 u\u017cytkownik\u00f3w<\/strong>: Poczucie otwarcia pude\u0142ka + projekt ponownego u\u017cycia stymuluje dzielenie si\u0119 przez u\u017cytkownik\u00f3w i formy wt\u00f3rnego rozpowszechniania; \u2705\u00a0<strong>Kontrolowany koszt<\/strong>: Materia\u0142y odporne na wysokie ci\u015bnienie zmniejszaj\u0105 straty transportowe, a ponowne u\u017cycie ok\u0142adziny EVA zmniejsza koszty zakupu akcesori\u00f3w.<\/p>\n<p><strong>Uzyskaj ekskluzywne rozwi\u0105zania ju\u017c teraz!\u00a0<\/strong>Podaj rozmiar pi\u00f3ra, styl projektu i minimaln\u0105 ilo\u015b\u0107 zam\u00f3wienia, a otrzymasz bezp\u0142atne renderingi i wyceny w ci\u0105gu 24 godzin. Dzi\u0119ki najwy\u017cszemu kunsztowi wykonania i cenie \u017ar\u00f3d\u0142owej, pozw\u00f3l swojemu d\u0142ugopisowi podbi\u0107 rynek high-end ju\u017c od opakowania!<\/p>\n<p><strong>Wybierz nas i pozw\u00f3l opakowaniom sta\u0107 si\u0119 Twoim cichym sprzedawc\u0105!<\/strong><\/p>","protected":false},"excerpt":{"rendered":"<p>Pude\u0142ko na d\u0142ugopisy z magnetycznym zamkni\u0119ciem wykonane jest z przyjaznego dla \u015brodowiska materia\u0142u 1200GSM garyboard, czarny nadruk w wysokiej rozdzielczo\u015bci bez kolor\u00f3w, konfigurowalna podszewka, bezpo\u015brednia dostawa z chi\u0144skich fabryk, bezp\u0142atny projekt!<\/p>","protected":false},"featured_media":8255,"template":"","meta":[],"product_brand":[],"product_cat":[30,413,424],"product_tag":[487,634,635],"class_list":{"0":"post-8261","1":"product","2":"type-product","3":"status-publish","4":"has-post-thumbnail","6":"product_cat-by-industry","7":"product_cat-consumer-electronics-boxes","8":"product_cat-magnetic-closure-boxes","9":"product_tag-custom-pen-packaging","10":"product_tag-pen-boxes-wholesale","11":"product_tag-pen-packaging-gift-boxes","13":"first","14":"instock","15":"shipping-taxable","16":"product-type-simple"},"_links":{"self":[{"href":"https:\/\/zojopackaging.com\/pl\/wp-json\/wp\/v2\/product\/8261","targetHints":{"allow":["GET"]}}],"collection":[{"href":"https:\/\/zojopackaging.com\/pl\/wp-json\/wp\/v2\/product"}],"about":[{"href":"https:\/\/zojopackaging.com\/pl\/wp-json\/wp\/v2\/types\/product"}],"version-history":[{"count":1,"href":"https:\/\/zojopackaging.com\/pl\/wp-json\/wp\/v2\/product\/8261\/revisions"}],"predecessor-version":[{"id":8262,"href":"https:\/\/zojopackaging.com\/pl\/wp-json\/wp\/v2\/product\/8261\/revisions\/8262"}],"wp:featuredmedia":[{"embeddable":true,"href":"https:\/\/zojopackaging.com\/pl\/wp-json\/wp\/v2\/media\/8255"}],"wp:attachment":[{"href":"https:\/\/zojopackaging.com\/pl\/wp-json\/wp\/v2\/media?parent=8261"}],"wp:term":[{"taxonomy":"product_brand","embeddable":true,"href":"https:\/\/zojopackaging.com\/pl\/wp-json\/wp\/v2\/product_brand?post=8261"},{"taxonomy":"product_cat","embeddable":true,"href":"https:\/\/zojopackaging.com\/pl\/wp-json\/wp\/v2\/product_cat?post=8261"},{"taxonomy":"product_tag","embeddable":true,"href":"https:\/\/zojopackaging.com\/pl\/wp-json\/wp\/v2\/product_tag?post=8261"}],"curies":[{"name":"wp","href":"https:\/\/api.w.org\/{rel}","templated":true}]}}