{"id":8264,"date":"2025-03-25T19:09:07","date_gmt":"2025-03-25T11:09:07","guid":{"rendered":"https:\/\/zojopackaging.com\/?post_type=product&#038;p=8264"},"modified":"2025-03-25T20:35:58","modified_gmt":"2025-03-25T12:35:58","slug":"custom-printed-comb-accessories-packaging-boxes-wholesale","status":"publish","type":"product","link":"https:\/\/zojopackaging.com\/pl\/product\/custom-printed-comb-accessories-packaging-boxes-wholesale\/","title":{"rendered":"Niestandardowe drukowane pude\u0142ka do pakowania akcesori\u00f3w grzebieniowych Sprzeda\u017c hurtowa"},"content":{"rendered":"<h2 id=\"-magnetic-book-shaped-healing-comb-packaging-box-customization-plan\">Pude\u0142ko z zamkni\u0119ciem magnetycznym Plan personalizacji opakowania grzebieniowego<\/h2>\n<h3 id=\"-1-high-weight-environmentally-friendly-materials-both-safe-and-textured-\"><strong>1. Przyjazne dla \u015brodowiska materia\u0142y o wysokiej gramaturze, zar\u00f3wno bezpieczne, jak i teksturowane<\/strong><\/h3>\n<ul>\n<li><strong>Szara tektura 1200 GSM + powlekany papier artystyczny 157 GSM<\/strong>: Odporny na \u015bciskanie i zu\u017cycie, wytrzymuj\u0105cy obci\u0105\u017cenie do 3 kg, idealny do grzebieni, akcesori\u00f3w do w\u0142os\u00f3w, narz\u0119dzi kosmetycznych i innych kombinacji produkt\u00f3w.<\/li>\n<li><strong>Papier z certyfikatem FSC + tusz na bazie wody<\/strong>: Spe\u0142nia normy \u015brodowiskowe UE REACH, nadaje si\u0119 do recyklingu i degradacji, pomagaj\u0105c kszta\u0142towa\u0107 ekologiczny wizerunek marki.<\/li>\n<\/ul>\n<h3 id=\"-2-magnetic-book-box-design-simple-and-practical-long-term-exposure-\"><strong>2. Konstrukcja magnetycznego zamkni\u0119cia: prosta i praktyczna, d\u0142ugotrwa\u0142a ekspozycja<\/strong><\/h3>\n<ul>\n<li><strong>Niewidoczne zamkni\u0119cie magnetyczne<\/strong>: Brak zu\u017cycia ods\u0142oni\u0119tych cz\u0119\u015bci metalowych, p\u0142ynne i ciche otwieranie i zamykanie, a \u017cywotno\u015b\u0107 jest o 200% d\u0142u\u017csza ni\u017c w przypadku tradycyjnych klamer magnetycznych.<\/li>\n<li><strong>Wiele scenariuszy ponownego u\u017cycia<\/strong>: Puste pude\u0142ka mog\u0105 by\u0107 u\u017cywane jako pude\u0142ka do przechowywania bi\u017cuterii i ozdoby na biurko, aby stale wzmacnia\u0107 pami\u0119\u0107 o marce.<\/li>\n<\/ul>\n<h3 id=\"-three-double-sided-color-printing-macaron-healing-color-system-igniting-the-hearts-of-girls-\"><strong>3. Dwustronny druk kolorowy + system kolor\u00f3w leczniczych macaron, rozpalaj\u0105cy serca dziewcz\u0105t<\/strong><\/h3>\n<ul>\n<li><strong>Dwustronny druk UV o wysokiej rozdzielczo\u015bci<\/strong>Pe\u0142ny nadruk kwiat\u00f3w wi\u015bni, chmur i innych wzor\u00f3w leczniczych po obu stronach, w rozdzielczo\u015bci 300 dpi, bez r\u00f3\u017cnicy kolor\u00f3w i rozmycia.<\/li>\n<li><strong>Dopasowanie kolor\u00f3w gradientu Macaron<\/strong>Odcienie o niskim nasyceniu, takie jak jasnor\u00f3\u017cowy, jasnofioletowy i mi\u0119towy, zmniejszaj\u0105 zm\u0119czenie wzroku, precyzyjnie docieraj\u0105 do klientek w wieku 18-35 lat i dostosowuj\u0105 si\u0119 do potrzeb komunikacji w mediach spo\u0142eczno\u015bciowych.<\/li>\n<\/ul>\n<h3 id=\"-four-eva-lining-deep-customization-protecting-product-safety-\"><strong>4. Podszewka EVA + g\u0142\u0119bokie dostosowanie, ochrona bezpiecze\u0144stwa produktu<\/strong><\/h3>\n<ol>\n<li><strong>Rozwi\u0105zanie wyk\u0142adziny antysejsmicznej<\/strong><\/li>\n<li><strong>Rowek EVA o wysokiej g\u0119sto\u015bci<\/strong>: Precyzyjny rowek o grubo\u015bci 5 mm, sta\u0142e z\u0119by grzebienia, soczewki i inne wra\u017cliwe cz\u0119\u015bci, a wska\u017anik uszkodze\u0144 transportowych jest bliski zeru.<\/li>\n<li><strong>Kompatybilno\u015b\u0107 z wieloma kategoriami<\/strong>: Obs\u0142uguje po\u0142\u0105czon\u0105 konstrukcj\u0119 podszewki grzebienia + butelki olejku eterycznego + instrukcji obs\u0142ugi, aby zwi\u0119kszy\u0107 warto\u015b\u0107 dodan\u0105 zestawu.<\/li>\n<li><strong>Elastyczno\u015b\u0107 dostosowywania wygl\u0105du<\/strong><\/li>\n<li><strong>T\u0142oczenie na gor\u0105co \/ sitodruk LOGO<\/strong>: Logo marki mo\u017cna umie\u015bci\u0107 zar\u00f3wno na powierzchni pude\u0142ka, jak i na podszewce;<\/li>\n<li><strong>Transformacja pude\u0142ka o specjalnym kszta\u0142cie<\/strong>: Okr\u0105g\u0142e, w kszta\u0142cie serca i inne specjalne kszta\u0142ty pude\u0142ek s\u0105 opcjonalne, a zr\u00f3\u017cnicowane p\u00f3\u0142ki ekspozycyjne.<\/li>\n<\/ol>\n<h3 id=\"-v-direct-supply-from-chinese-factories-0-cost-to-start-cooperation-\"><strong>5. Bezpo\u015brednie dostawy z chi\u0144skich fabryk, 0 koszt\u00f3w rozpocz\u0119cia wsp\u00f3\u0142pracy<\/strong><\/h3>\n<ul>\n<li><strong>Bezp\u0142atne wsparcie projektowe<\/strong>: Dostarczenie rendering\u00f3w 3D i fizycznych wydruk\u00f3w pr\u00f3bnych oraz rozpocz\u0119cie produkcji w ci\u0105gu 72 godzin od potwierdzenia;<\/li>\n<li><strong>Niska cena i przejrzysto\u015b\u0107<\/strong>: Cena zam\u00f3wienia 1000 sztuk wynosi zaledwie XX juan\u00f3w, czyli 40% mniej ni\u017c cena rynkowa;<\/li>\n<li><strong>Ekstremalna dostawa<\/strong>: Dostawa w ci\u0105gu 10-15 dni, przy wsparciu globalnej dostawy bezpo\u015bredniej DHL\/FedEx.<\/li>\n<\/ul>\n<h3 id=\"-commercial-value-analysis-\"><strong>Analiza warto\u015bci handlowej<\/strong><\/h3>\n<p>\u2705\u00a0<strong>Zwi\u0119kszenie przestrzeni premium<\/strong>: Opakowanie lecznicze zwi\u0119ksza cen\u0119 jednostkow\u0105 grzebienia o 30%-100%, szczeg\u00f3lnie nadaje si\u0119 do produkt\u00f3w \u015bredniej i wysokiej klasy, takich jak drewniane grzebienie w stylu chi\u0144skim i przeno\u015bne grzebienie z poduszk\u0105 powietrzn\u0105; \u2705\u00a0<strong>Obni\u017cenie koszt\u00f3w operacyjnych<\/strong>: Wska\u017anik ponownego wykorzystania wyk\u0142adziny EVA jest tak wysoki jak 90%, co zmniejsza zakupy wt\u00f3rne; odporny na ci\u015bnienie typ skrzynki zmniejsza kompensacj\u0119 transportu; \u2705\u00a0<strong>Narz\u0119dzie rozszczepienia u\u017cytkownika<\/strong>: Projekt w stylu Instagrama stymuluje tre\u015bci UGC i zapewnia w\u0142asny ruch komunikacyjny.<\/p>\n<p><strong>Uzyskaj ekskluzywne rozwi\u0105zania ju\u017c teraz!\u00a0<\/strong>Prze\u015blij rozmiar produktu i wymagania projektowe, a otrzymasz bezp\u0142atne renderingi + wyceny w ci\u0105gu 24 godzin. Dzi\u0119ki cenom \u017ar\u00f3d\u0142owym i ekstremalnemu kunsztowi, niech Tw\u00f3j grzebie\u0144 wyr\u00f3\u017cnia si\u0119 na tle opakowania!<\/p>","protected":false},"excerpt":{"rendered":"<p>Dwustronne pude\u0142ko z magnetycznym zamkni\u0119ciem o wysokiej rozdzielczo\u015bci z kolorowym nadrukiem jest po\u0142\u0105czone z leczniczymi kolorami macaron i konfigurowaln\u0105 flokowan\u0105 podszewk\u0105, kt\u00f3ra jest kompatybilna z kryszta\u0142owymi kamieniami leczniczymi. Pozwala to na bezstratne wy\u015bwietlanie i zwi\u0119ksza warto\u015b\u0107 marki oraz wra\u017cenia u\u017cytkownika.<\/p>","protected":false},"featured_media":8265,"template":"","meta":[],"product_brand":[],"product_cat":[30,390,424],"product_tag":[637,636,638],"class_list":{"0":"post-8264","1":"product","2":"type-product","3":"status-publish","4":"has-post-thumbnail","6":"product_cat-by-industry","7":"product_cat-custom-cosmetics-boxes","8":"product_cat-magnetic-closure-boxes","9":"product_tag-comb-boxes-wholesale","10":"product_tag-custom-comb-packaging","11":"product_tag-printed-comb-packaging","13":"first","14":"instock","15":"shipping-taxable","16":"product-type-simple"},"_links":{"self":[{"href":"https:\/\/zojopackaging.com\/pl\/wp-json\/wp\/v2\/product\/8264","targetHints":{"allow":["GET"]}}],"collection":[{"href":"https:\/\/zojopackaging.com\/pl\/wp-json\/wp\/v2\/product"}],"about":[{"href":"https:\/\/zojopackaging.com\/pl\/wp-json\/wp\/v2\/types\/product"}],"version-history":[{"count":1,"href":"https:\/\/zojopackaging.com\/pl\/wp-json\/wp\/v2\/product\/8264\/revisions"}],"predecessor-version":[{"id":8270,"href":"https:\/\/zojopackaging.com\/pl\/wp-json\/wp\/v2\/product\/8264\/revisions\/8270"}],"wp:featuredmedia":[{"embeddable":true,"href":"https:\/\/zojopackaging.com\/pl\/wp-json\/wp\/v2\/media\/8265"}],"wp:attachment":[{"href":"https:\/\/zojopackaging.com\/pl\/wp-json\/wp\/v2\/media?parent=8264"}],"wp:term":[{"taxonomy":"product_brand","embeddable":true,"href":"https:\/\/zojopackaging.com\/pl\/wp-json\/wp\/v2\/product_brand?post=8264"},{"taxonomy":"product_cat","embeddable":true,"href":"https:\/\/zojopackaging.com\/pl\/wp-json\/wp\/v2\/product_cat?post=8264"},{"taxonomy":"product_tag","embeddable":true,"href":"https:\/\/zojopackaging.com\/pl\/wp-json\/wp\/v2\/product_tag?post=8264"}],"curies":[{"name":"wp","href":"https:\/\/api.w.org\/{rel}","templated":true}]}}