{"id":8271,"date":"2025-03-25T20:36:16","date_gmt":"2025-03-25T12:36:16","guid":{"rendered":"https:\/\/zojopackaging.com\/?post_type=product&#038;p=8271"},"modified":"2025-03-25T21:06:13","modified_gmt":"2025-03-25T13:06:13","slug":"custom-glitter-fake-press-on-nail-packaging-box-wholesale","status":"publish","type":"product","link":"https:\/\/zojopackaging.com\/pl\/product\/custom-glitter-fake-press-on-nail-packaging-box-wholesale\/","title":{"rendered":"Niestandardowy brokat Fake Press On Nail Opakowanie hurtowe"},"content":{"rendered":"<h2 id=\"-customized-flashing-false-nails-magnetic-book-shaped-packaging-box-wholesale-instructions\">Dostosowane migaj\u0105ce sztuczne paznokcie magnetyczne zamkni\u0119cie opakowania hurtowe instrukcje<\/h2>\n<h3 id=\"-1-military-grade-material-sturdy-and-durable-worry-free-transportation-\"><strong>1. Materia\u0142 klasy wojskowej: wytrzyma\u0142y i trwa\u0142y, bezproblemowy transport<\/strong><\/h3>\n<ul>\n<li><strong>Szara tektura 1200 GSM + papier powlekany 157 GSM<\/strong>: Korpus pude\u0142ka mo\u017ce ud\u017awign\u0105\u0107 do 5 kg, a wytrzyma\u0142o\u015b\u0107 na \u015bciskanie przekracza 2-krotnie norm\u0119 krajow\u0105, skutecznie opieraj\u0105c si\u0119 wyciskaniu transportowemu i kolizjom, i nadaje si\u0119 do pakowania ci\u0119\u017ckich przedmiot\u00f3w, takich jak zestawy fa\u0142szywych gwo\u017adzi i zestawy narz\u0119dzi o r\u00f3\u017cnych specyfikacjach.<\/li>\n<li><strong>Per\u0142owy papier powlekany<\/strong>: Na powierzchni zastosowano technologi\u0119 powlekania per\u0142owego, kt\u00f3ra w \u015bwietle daje delikatny efekt gwiazdy, a atrakcyjno\u015b\u0107 wizualna jest zwi\u0119kszona o 60% w por\u00f3wnaniu ze zwyk\u0142ym papierem, co mo\u017ce szybko przyci\u0105gn\u0105\u0107 uwag\u0119 konsument\u00f3w podczas ekspozycji na p\u00f3\u0142kach.<\/li>\n<\/ul>\n<h3 id=\"-2-magnetic-book-box-design-simple-and-practical-long-term-reuse-\"><strong>2. Konstrukcja magnetycznego zamkni\u0119cia: prosta i praktyczna, d\u0142ugotrwa\u0142e ponowne u\u017cycie<\/strong><\/h3>\n<ul>\n<li><strong>Niewidoczne zamkni\u0119cie magnetyczne<\/strong>: Brak ods\u0142oni\u0119tego zamkni\u0119cia magnetycznego, pokrywa pude\u0142ka otwiera si\u0119 i zamyka p\u0142ynnie i cicho, unikaj\u0105c problem\u00f3w z zagnieceniami i p\u0119kni\u0119ciami tradycyjnych pude\u0142ek typu flip box, a \u017cywotno\u015b\u0107 otwierania i zamykania przekracza 1000 razy.<\/li>\n<li><strong>Wielofunkcyjne ponowne u\u017cycie<\/strong>: Puste pude\u0142ko mo\u017ce by\u0107 u\u017cywane jako pude\u0142ko do przechowywania bi\u017cuterii i pude\u0142ko do przechowywania kosmetyk\u00f3w na biurku, aby stale zwi\u0119ksza\u0107 ekspozycj\u0119 marki i lojalno\u015b\u0107 u\u017cytkownik\u00f3w.<\/li>\n<\/ul>\n<h3 id=\"-three-pink-healing-aesthetics-window-function-design-igniting-the-hearts-of-girls-\"><strong>3. R\u00f3\u017cowa estetyka lecznicza + projekt funkcji okna, rozpalaj\u0105cy serca dziewcz\u0105t<\/strong><\/h3>\n<ol>\n<li><strong>Wizualny plan personalizacji<\/strong><\/li>\n<li><strong>R\u00f3\u017cowy system kolor\u00f3w<\/strong>G\u0142\u00f3wne kolory o niskim nasyceniu, takie jak r\u00f3\u017cowy kwiat wi\u015bni i fioletowy taro, na\u0142o\u017cone na gradientow\u0105 per\u0142ow\u0105 tekstur\u0119, zmniejszaj\u0105 zm\u0119czenie wzroku i precyzyjnie docieraj\u0105 do klientek w wieku 18-30 lat.<\/li>\n<li><strong>Dodatek w postaci wst\u0105\u017cki\/wisiorka<\/strong>mo\u017cna dopasowa\u0107 do wst\u0105\u017cek, metalowych \u0142a\u0144cuszk\u00f3w lub akrylowych zawieszek w tym samym kolorze, otwarcie pude\u0142ka natychmiast wzmacnia poczucie ceremonii, a wska\u017anik udost\u0119pniania w mediach spo\u0142eczno\u015bciowych wzrasta o 45%.<\/li>\n<li><strong>Przezroczysta struktura okna<\/strong><\/li>\n<li><strong>Cz\u0119\u015bciowe okno<\/strong>: Powierzchnia pude\u0142ka jest pokryta przezroczystym PVC lub p\u0142yt\u0105 akrylow\u0105, aby intuicyjnie wy\u015bwietla\u0107 punkty sprzeda\u017cy, takie jak sztuczne paznokcie i ozdoby z d\u017cet\u00f3w, zachowuj\u0105c jednocze\u015bnie integralno\u015b\u0107 korpusu pude\u0142ka.<\/li>\n<li><strong>Okno o specjalnym kszta\u0142cie<\/strong>: obs\u0142uguje kreatywne kszta\u0142ty okien, takie jak w kszta\u0142cie serca i gwiazdy, aby zwi\u0119kszy\u0107 rozpoznawalno\u015b\u0107 p\u00f3\u0142ki.<\/li>\n<\/ol>\n<h3 id=\"-fourth-environmentally-friendly-inner-tray-deep-customization-protect-products-and-the-earth-\"><strong>4. Przyjazna dla \u015brodowiska taca wewn\u0119trzna + g\u0142\u0119bokie dostosowanie, ochrona produkt\u00f3w i ziemi<\/strong><\/h3>\n<ul>\n<li><strong>Plastikowa taca wewn\u0119trzna nadaj\u0105ca si\u0119 do recyklingu<\/strong>: Wykonany z materia\u0142u PET\/PP o jako\u015bci spo\u017cywczej, ka\u017cdy sztuczny gw\u00f3\u017ad\u017a jest szczelinowy do mocowania, odporny na wstrz\u0105sy i zarysowania, wielokrotnego u\u017cytku po czyszczeniu i 30% mniej plastiku ni\u017c podszewka EVA.<\/li>\n<li><strong>Elastyczny schemat adaptacji<\/strong>: \u2705\u00a0<strong>Kompatybilno\u015b\u0107 z wieloma rozmiarami<\/strong>: taca na pojedyncze paznokcie, 10-cz\u0119\u015bciowa taca kombinowana, taca na warstw\u0119 narz\u0119dzi mo\u017ce by\u0107 dowolnie dopasowana; \u2705\u00a0<strong>Nadruk marki<\/strong>: Sitodrukowe LOGO lub instrukcja piel\u0119gnacji na powierzchni wewn\u0119trznej tacy w celu wzmocnienia profesjonalnego wizerunku marki.<\/li>\n<\/ul>\n<h3 id=\"-five-direct-supply-from-chinese-factories-high-end-customization-for-0-yuan-\"><strong>5. Bezpo\u015brednie dostawy z chi\u0144skich fabryk, wysokiej klasy personalizacja za 0 juan\u00f3w<\/strong><\/h3>\n<ul>\n<li><strong>Bezp\u0142atna us\u0142uga projektowania<\/strong>: Profesjonalny zesp\u00f3\u0142 zapewnia renderingi 3D, rzeczywiste wydruki pr\u00f3bne, obs\u0142uguje ponad 20 kombinacji proces\u00f3w, takich jak t\u0142oczenie na gor\u0105co, sitodruk, dr\u0105\u017cenie itp. i potwierdza plan w ci\u0105gu 72 godzin.<\/li>\n<li><strong>Obni\u017cka ceny 50%<\/strong>: Cena zam\u00f3wienia 1000 sztuk jest tak niska, jak XX juan\u00f3w, a zam\u00f3wienie 10 000 sztuk cieszy si\u0119 dodatkowymi rabatami, bez po\u015brednik\u00f3w dodaj\u0105cych cen\u0119.<\/li>\n<li><strong>15-dniowa dostawa globalna<\/strong>: Zam\u00f3wienia krajowe s\u0105 wysy\u0142ane w ci\u0105gu 7 dni, obs\u0142uguj\u0105 logistyk\u0119 transgraniczn\u0105 DHL\/FedEx i rekompensat\u0119 za uszkodzenia.<\/li>\n<\/ul>\n<h3 id=\"-commercial-value-analysis-\"><strong>Analiza warto\u015bci handlowej<\/strong><\/h3>\n<p>\u2705\u00a0<strong>Ulepszenie przestrzeni premium<\/strong>: Wysokiej klasy opakowanie zwi\u0119ksza cen\u0119 jednostkow\u0105 zestaw\u00f3w sztucznych paznokci o 50%-120%, szczeg\u00f3lnie nadaje si\u0119 do \u015bwi\u0105tecznych limitowanych edycji i modeli pod wsp\u00f3ln\u0105 mark\u0105 IP; \u2705\u00a0<strong>Obni\u017cenie koszt\u00f3w operacyjnych<\/strong>: Odporny na ci\u015bnienie typ pude\u0142ka + plastikowa taca wewn\u0119trzna kontroluje wsp\u00f3\u0142czynnik strat transportowych poni\u017cej 0,3%; \u2705\u00a0<strong>Spontaniczne rozpowszechnianie przez u\u017cytkownik\u00f3w<\/strong>: Projekt w stylu INS nap\u0119dza rozszczepienie tre\u015bci UGC i uzyskuje naturalny ruch przy niskich kosztach.<\/p>\n<p><strong>Skorzystaj z najlepiej sprzedaj\u0105cego si\u0119 planu ju\u017c teraz!\u00a0<\/strong>Prze\u015blij rozmiar produktu i wymagania projektowe, a otrzymasz bezp\u0142atne renderingi + wyceny w ci\u0105gu 24 godzin. Dzi\u0119ki najwy\u017cszej op\u0142acalno\u015bci i \u017ar\u00f3d\u0142owej jako\u015bci, pozw\u00f3l swoim sztucznym paznokciom podbi\u0107 rynek ju\u017c od opakowania!<\/p>\n<hr \/>\n<h3 id=\"-technical-parameters-\"><strong>Parametry techniczne<\/strong><\/h3>\n<table>\n<thead>\n<tr>\n<th><strong>Projekt<\/strong><\/th>\n<th><strong>Specyfikacje<\/strong><\/th>\n<\/tr>\n<\/thead>\n<tbody>\n<tr>\n<td>Proces drukowania<\/td>\n<td>Pow\u0142oka per\u0142owa + druk w kolorze dodatkowym \/ lakier miejscowy UV<\/td>\n<\/tr>\n<tr>\n<td>Materia\u0142 okna<\/td>\n<td>0,5 mm PVC o wysokiej przezroczysto\u015bci \/ 2 mm akryl<\/td>\n<\/tr>\n<tr>\n<td>Minimalna ilo\u015b\u0107 zam\u00f3wienia<\/td>\n<td>1000 sztuk (obs\u0142uguje 100 pr\u00f3bek)<\/td>\n<\/tr>\n<tr>\n<td>Certyfikacja \u015brodowiskowa<\/td>\n<td>FSC, REACH, FDA (taca wewn\u0119trzna przeznaczona do kontaktu z \u017cywno\u015bci\u0105)<\/td>\n<\/tr>\n<tr>\n<td>Cykl dostosowywania<\/td>\n<td>5 dni na proofing + 10 dni na wysy\u0142k\u0119 zbiorcz\u0105<\/td>\n<\/tr>\n<\/tbody>\n<\/table>","protected":false},"excerpt":{"rendered":"<p>Szara tektura 1200GSM + powlekany papier artystyczny 157 C2S z magnetycznym zamkni\u0119ciem, niewidoczne magnetyczne otwieranie i zamykanie, trwa\u0142a i odporna na uszkodzenia, per\u0142owa wst\u0105\u017cka wyko\u0144czeniowa podkre\u015bla tekstur\u0119 marki, przyjazna dla \u015brodowiska taca wewn\u0119trzna nadaje si\u0119 do recyklingu, pierwszy wyb\u00f3r do lekkich luksusowych opakowa\u0144.<\/p>","protected":false},"featured_media":8272,"template":"","meta":[],"product_brand":[],"product_cat":[30,390,424],"product_tag":[640,641,639],"class_list":{"0":"post-8271","1":"product","2":"type-product","3":"status-publish","4":"has-post-thumbnail","6":"product_cat-by-industry","7":"product_cat-custom-cosmetics-boxes","8":"product_cat-magnetic-closure-boxes","9":"product_tag-custom-press-on-nail-boxes","10":"product_tag-fake-nails-packaging","11":"product_tag-press-on-nail-packaging","13":"first","14":"instock","15":"shipping-taxable","16":"product-type-simple"},"_links":{"self":[{"href":"https:\/\/zojopackaging.com\/pl\/wp-json\/wp\/v2\/product\/8271","targetHints":{"allow":["GET"]}}],"collection":[{"href":"https:\/\/zojopackaging.com\/pl\/wp-json\/wp\/v2\/product"}],"about":[{"href":"https:\/\/zojopackaging.com\/pl\/wp-json\/wp\/v2\/types\/product"}],"version-history":[{"count":1,"href":"https:\/\/zojopackaging.com\/pl\/wp-json\/wp\/v2\/product\/8271\/revisions"}],"predecessor-version":[{"id":8278,"href":"https:\/\/zojopackaging.com\/pl\/wp-json\/wp\/v2\/product\/8271\/revisions\/8278"}],"wp:featuredmedia":[{"embeddable":true,"href":"https:\/\/zojopackaging.com\/pl\/wp-json\/wp\/v2\/media\/8272"}],"wp:attachment":[{"href":"https:\/\/zojopackaging.com\/pl\/wp-json\/wp\/v2\/media?parent=8271"}],"wp:term":[{"taxonomy":"product_brand","embeddable":true,"href":"https:\/\/zojopackaging.com\/pl\/wp-json\/wp\/v2\/product_brand?post=8271"},{"taxonomy":"product_cat","embeddable":true,"href":"https:\/\/zojopackaging.com\/pl\/wp-json\/wp\/v2\/product_cat?post=8271"},{"taxonomy":"product_tag","embeddable":true,"href":"https:\/\/zojopackaging.com\/pl\/wp-json\/wp\/v2\/product_tag?post=8271"}],"curies":[{"name":"wp","href":"https:\/\/api.w.org\/{rel}","templated":true}]}}