{"id":8279,"date":"2025-03-25T21:06:31","date_gmt":"2025-03-25T13:06:31","guid":{"rendered":"https:\/\/zojopackaging.com\/?post_type=product&#038;p=8279"},"modified":"2025-03-25T21:27:58","modified_gmt":"2025-03-25T13:27:58","slug":"custom-luxury-hair-extension-gift-packaging-boxes-wholesale","status":"publish","type":"product","link":"https:\/\/zojopackaging.com\/pl\/product\/custom-luxury-hair-extension-gift-packaging-boxes-wholesale\/","title":{"rendered":"Niestandardowe luksusowe pude\u0142ka na prezenty do przed\u0142u\u017cania w\u0142os\u00f3w hurtowo"},"content":{"rendered":"<h2 id=\"customized-luxury-hair-extension-gift-box-wholesale-instructions\">Indywidualne luksusowe pude\u0142ko upominkowe na przed\u0142u\u017canie w\u0142os\u00f3w instrukcje hurtowe<\/h2>\n<h3 id=\"-1-military-grade-material-strong-and-load-bearing-fearless-of-transportation-challenges-\"><strong>1. Materia\u0142 klasy wojskowej: mocny i no\u015bny, odporny na wyzwania transportowe<\/strong><\/h3>\n<ul>\n<li><strong>Szara tektura 1200 GSM + powlekany papier artystyczny 157 GSM<\/strong>Korpus pude\u0142ka mo\u017ce ud\u017awign\u0105\u0107 do 8 kg, a wytrzyma\u0142o\u015b\u0107 na \u015bciskanie 3-krotnie przekracza norm\u0119 krajow\u0105, co jest odpowiednie dla produkt\u00f3w o du\u017cej obj\u0119to\u015bci, takich jak zestawy do przed\u0142u\u017cania d\u0142ugich w\u0142os\u00f3w i ci\u0119\u017ckie zestawy narz\u0119dzi; \u2705 Powierzchnia jest pokryta matow\u0105 \/ b\u0142yszcz\u0105c\u0105 foli\u0105, kt\u00f3ra jest wodoodporna, olejoodporna i odporna na zarysowania oraz mo\u017ce wytrzyma\u0107 zagro\u017cenia, takie jak wilgo\u0107 magazynowa i rozpryski logistyczne, zapewniaj\u0105c trwa\u0142o\u015b\u0107 i nowo\u015b\u0107 nadruku na powierzchni pude\u0142ka.<\/li>\n<\/ul>\n<hr \/>\n<h3 id=\"-2-magnetic-book-box-design-the-pinnacle-combination-of-visual-aesthetics-and-practicality-\"><strong>2. Magnetyczne zamkni\u0119cie pude\u0142ka: szczytowe po\u0142\u0105czenie estetyki i praktyczno\u015bci.<\/strong><\/h3>\n<ul>\n<li><strong>Niewidoczny magnetyczny system zamykania<\/strong>: Wbudowane magnesy zapobiegaj\u0105 zu\u017cyciu i problemowi od\u015bluzowywania tradycyjnych klamer magnetycznych, a \u017cywotno\u015b\u0107 otwierania i zamykania przekracza 5000 razy, jest cicha i p\u0142ynna jak wcze\u015bniej;<\/li>\n<li><strong>Minimalistyczny wygl\u0105d w stylu biznesowym<\/strong>: Brak zb\u0119dnych akcesori\u00f3w, jednolity kolor podstawy + t\u0142oczone na gor\u0105co LOGO, zgodnie z niskim, luksusowym tonem wysokiej klasy marek peruk.<\/li>\n<\/ul>\n<h3 id=\"-three-deep-customization-service-precise-adaptation-from-size-to-inner-tray-\"><strong>3. Us\u0142uga g\u0142\u0119bokiego dostosowywania: precyzyjne dostosowanie od rozmiaru do wewn\u0119trznej tacy<\/strong><\/h3>\n<ol>\n<li><strong>Pe\u0142nowymiarowa, elastyczna personalizacja<\/strong><\/li>\n<li>Obs\u0142uguje dostosowywanie pude\u0142ek do przed\u0142u\u017cania w\u0142os\u00f3w o d\u0142ugo\u015bci 30 cm-150 cm, z jednowarstwowymi, podw\u00f3jnymi drzwiami i szufladami do swobodnego wyboru;<\/li>\n<li>Kompatybilny z wieloma elementami: warstwowe tace wewn\u0119trzne mog\u0105 by\u0107 zaprojektowane do jednoczesnego przechowywania przed\u0142u\u017ce\u0144 w\u0142os\u00f3w, rozwi\u0105za\u0144 piel\u0119gnacyjnych, narz\u0119dzi do noszenia i innych akcesori\u00f3w.<\/li>\n<li><strong>Wysokiej klasy tacka wewn\u0119trzna<\/strong><\/li>\n<li><strong>Wewn\u0119trzna taca antysejsmiczna EPE<\/strong>: Precyzyjnie wyrze\u017abione rowki 3D utrwalaj\u0105 krzywizn\u0119 przed\u0142u\u017canych w\u0142os\u00f3w, zapobiegaj\u0105c ich deformacji podczas transportu;<\/li>\n<li><strong>Flokowana taca ekspozycyjna<\/strong>czarna\/bordowa aksamitna podszewka, aby wzmocni\u0107 poczucie ceremonii podczas otwierania pude\u0142ka, odpowiednia dla wysokiej klasy produkt\u00f3w do przed\u0142u\u017cania w\u0142os\u00f3w w cenie powy\u017cej 1000 juan\u00f3w.<\/li>\n<li><strong>Technologia poprawy wizualnej<\/strong><\/li>\n<li><strong>Technologia t\u0142oczenia na gor\u0105co\/gor\u0105cego srebra<\/strong>: Lokalne t\u0142oczenie na gor\u0105co LOGO marki, klamry wst\u0105\u017cki itp., za\u0142amuj\u0105ce subtelny metaliczny po\u0142ysk pod \u017ar\u00f3d\u0142em \u015bwiat\u0142a;<\/li>\n<li><strong>Aktualizacja akcesori\u00f3w do ta\u015bm<\/strong>: Mo\u017ce by\u0107 dopasowany do jedwabnej wst\u0105\u017cki, metalowej zawieszki z tabliczk\u0105 znamionow\u0105, opakowanie na poziomie prezentu bezpo\u015brednio stymuluje ponowny zakup.<\/li>\n<\/ol>\n<h3 id=\"-fourth-china-s-smart-manufacturing-strength-extremely-fast-response-and-production-capacity-guarantee-\"><strong>4. Inteligentna si\u0142a produkcyjna Chin: niezwykle szybka reakcja i gwarancja zdolno\u015bci produkcyjnych<\/strong><\/h3>\n<ul>\n<li><strong>Dok\u0142adna wycena w ci\u0105gu 10 minut<\/strong>: Prze\u015blij wymagania (rozmiar, proces, ilo\u015b\u0107) online, system AI oblicza koszty w czasie rzeczywistym, przejrzyste ceny bez ukrytych op\u0142at;<\/li>\n<li><strong>W pe\u0142ni automatyczna linia produkcyjna<\/strong>: Niemiecka maszyna drukarska Heidelberg + inteligentna maszyna sztancuj\u0105ca, dzienna zdolno\u015b\u0107 produkcyjna 1 miliona sztuk, wsparcie 72-godzinnej dostawy zam\u00f3wie\u0144 awaryjnych;<\/li>\n<li><strong>Gwarancja potr\u00f3jnej kontroli jako\u015bci<\/strong>Kontrola na wej\u015bciu surowca, kontrola pr\u00f3bkowania procesu produkcyjnego, pe\u0142na kontrola wysy\u0142ki gotowego produktu, wska\u017anik defekt\u00f3w kontrolowany poni\u017cej 0,1%.<\/li>\n<\/ul>\n<h3 id=\"-v-commercial-value-empowerment-\"><strong>5. Wzmocnienie warto\u015bci handlowej<\/strong><\/h3>\n<p>\u2705\u00a0<strong>Wzrost premii za mark\u0119<\/strong>: Luksusowe opakowanie zwi\u0119ksza \u015bredni\u0105 cen\u0119 produkt\u00f3w do przed\u0142u\u017cania w\u0142os\u00f3w o 30%-80%, szczeg\u00f3lnie w przypadku linii z wy\u017cszej p\u00f3\u0142ki, takich jak czarne i z\u0142ote wersje oraz style celebryt\u00f3w; \u2705\u00a0<strong>Redukcja koszt\u00f3w transportu<\/strong>: Odporny na ci\u015bnienie typ skrzyni + wodoodporna pow\u0142oka zmniejsza wska\u017anik uszkodze\u0144 \u0142adunku do 0,5%, zmniejszaj\u0105c liczb\u0119 spor\u00f3w posprzeda\u017cowych; \u2705\u00a0<strong>Spontaniczne rozprzestrzenianie si\u0119 u\u017cytkownika<\/strong>: Poczucie rytua\u0142u rozpakowywania nap\u0119dza publikowanie post\u00f3w w mediach spo\u0142eczno\u015bciowych, szczeg\u00f3lnie przyci\u0105gaj\u0105c bloger\u00f3w kosmetycznych i fryzjer\u00f3w KOL do bezp\u0142atnej promocji.<\/p>\n<p><strong>Rozpocznij wsp\u00f3\u0142prac\u0119 high-end ju\u017c teraz!\u00a0<\/strong>Podaj rozmiar i wymagania projektowe produkt\u00f3w do przed\u0142u\u017cania w\u0142os\u00f3w i uzyskaj wycen\u0119 + renderowanie 3D w ci\u0105gu 10 minut. Dzi\u0119ki milionowym zdolno\u015bciom produkcyjnym i wojskowej jako\u015bci, chi\u0144skie fabryki pomog\u0105 Ci zdoby\u0107 szczyty rynku peruk z wy\u017cszej p\u00f3\u0142ki!<\/p>\n<h2 id=\"-technical-parameters-\"><strong>Parametry techniczne<\/strong><\/h2>\n<table>\n<thead>\n<tr>\n<th><strong>Projekt<\/strong><\/th>\n<th><strong>Specyfikacje<\/strong><\/th>\n<\/tr>\n<\/thead>\n<tbody>\n<tr>\n<td>Maksymalna no\u015bno\u015b\u0107<\/td>\n<td>8 kg (konfigurowalna wersja rozszerzona do 12 kg)<\/td>\n<\/tr>\n<tr>\n<td>Proces laminowania<\/td>\n<td>Folia matowa \/ folia b\u0142yszcz\u0105ca \/ folia dotykowa (zapobiegaj\u0105ca pozostawianiu odcisk\u00f3w palc\u00f3w)<\/td>\n<\/tr>\n<tr>\n<td>Dok\u0142adno\u015b\u0107 t\u0142oczenia na gor\u0105co<\/td>\n<td>Cienka linia 0,3 mm do t\u0142oczenia na gor\u0105co bez rozmazywania<\/td>\n<\/tr>\n<tr>\n<td>Minimalna ilo\u015b\u0107 zam\u00f3wienia<\/td>\n<td>500 sztuk (wsparcie 50 sztuk do prototypowania)<\/td>\n<\/tr>\n<tr>\n<td>Cykl dostawy<\/td>\n<td>7-12 dni (3 dni w przypadku zam\u00f3wie\u0144 przyspieszonych)<\/td>\n<\/tr>\n<\/tbody>\n<\/table>\n<p><strong>Wybierz nas i pozw\u00f3l ka\u017cdej peruce mie\u0107 \"luksusowy p\u0142aszcz\", kt\u00f3ry odpowiada jej warto\u015bci!<\/strong><\/p>","protected":false},"excerpt":{"rendered":"<p>Szara tektura 1200GSM + 157 powlekane papierowe pude\u0142ko z magnetycznym zamkni\u0119ciem, niewidoczne zamkni\u0119cie magnetyczne zapobiegaj\u0105ce zu\u017cyciu, powlekane foli\u0105 odporn\u0105 na wod\u0119 i olej, wst\u0105\u017cka o pe\u0142nym rozmiarze dostosowywania wewn\u0119trznej tacy, profesjonalne rozwi\u0105zanie do pakowania peruk<\/p>","protected":false},"featured_media":8280,"template":"","meta":[],"product_brand":[],"product_cat":[30,421,424],"product_tag":[643,644,642],"class_list":{"0":"post-8279","1":"product","2":"type-product","3":"status-publish","4":"has-post-thumbnail","6":"product_cat-by-industry","7":"product_cat-custom-hair-extension-boxes","8":"product_cat-magnetic-closure-boxes","9":"product_tag-custom-hair-extension-boxes","10":"product_tag-hair-extension-packaging-wholesale","11":"product_tag-luxury-hair-extension-packaging","13":"first","14":"instock","15":"shipping-taxable","16":"product-type-simple"},"_links":{"self":[{"href":"https:\/\/zojopackaging.com\/pl\/wp-json\/wp\/v2\/product\/8279","targetHints":{"allow":["GET"]}}],"collection":[{"href":"https:\/\/zojopackaging.com\/pl\/wp-json\/wp\/v2\/product"}],"about":[{"href":"https:\/\/zojopackaging.com\/pl\/wp-json\/wp\/v2\/types\/product"}],"version-history":[{"count":1,"href":"https:\/\/zojopackaging.com\/pl\/wp-json\/wp\/v2\/product\/8279\/revisions"}],"predecessor-version":[{"id":8286,"href":"https:\/\/zojopackaging.com\/pl\/wp-json\/wp\/v2\/product\/8279\/revisions\/8286"}],"wp:featuredmedia":[{"embeddable":true,"href":"https:\/\/zojopackaging.com\/pl\/wp-json\/wp\/v2\/media\/8280"}],"wp:attachment":[{"href":"https:\/\/zojopackaging.com\/pl\/wp-json\/wp\/v2\/media?parent=8279"}],"wp:term":[{"taxonomy":"product_brand","embeddable":true,"href":"https:\/\/zojopackaging.com\/pl\/wp-json\/wp\/v2\/product_brand?post=8279"},{"taxonomy":"product_cat","embeddable":true,"href":"https:\/\/zojopackaging.com\/pl\/wp-json\/wp\/v2\/product_cat?post=8279"},{"taxonomy":"product_tag","embeddable":true,"href":"https:\/\/zojopackaging.com\/pl\/wp-json\/wp\/v2\/product_tag?post=8279"}],"curies":[{"name":"wp","href":"https:\/\/api.w.org\/{rel}","templated":true}]}}