{"id":8318,"date":"2025-03-26T20:58:19","date_gmt":"2025-03-26T12:58:19","guid":{"rendered":"https:\/\/zojopackaging.com\/?post_type=product&#038;p=8318"},"modified":"2025-03-26T21:47:04","modified_gmt":"2025-03-26T13:47:04","slug":"custom-bakery-cupcake-cookie-packaging-box-manufacturer","status":"publish","type":"product","link":"https:\/\/zojopackaging.com\/pl\/product\/custom-bakery-cupcake-cookie-packaging-box-manufacturer\/","title":{"rendered":"Producent niestandardowych opakowa\u0144 na ciasteczka piekarnicze"},"content":{"rendered":"<h1 id=\"-customized-solution-for-high-end-art-baking-packaging-box-\"><strong>Indywidualne rozwi\u0105zanie dla wysokiej klasy opakowa\u0144 do pieczenia<\/strong><\/h1>\n<h2 id=\"-1-innovative-box-design-the-craft-aesthetics-of-book-shaped-magnetic-suction-box-\"><strong>1. Innowacyjna konstrukcja pude\u0142ka: rzemie\u015blnicza estetyka magnetycznego pude\u0142ka zamykaj\u0105cego<\/strong><\/h2>\n<p>Zastosowano opatentowan\u0105 konstrukcj\u0119 magnetycznych pude\u0142ek zamykaj\u0105cych, a wbudowany w magnes system zamykania s\u0142u\u017cy do otwierania \"przewracania stron\", a wyczucie t\u0142umienia otwierania i zamykania jest precyzyjnie kontrolowane w zakresie 0,5 N-m. Konstrukcja korpusu pude\u0142ka o z\u0142otych proporcjach w po\u0142\u0105czeniu z procesem obszywania pod k\u0105tem 45\u00b0 sprawia, \u017ce pude\u0142ko pe\u0142ni r\u00f3wnie\u017c funkcj\u0119 stojaka wystawowego. Zgodnie z testami laboratoryjnymi wytrzyma\u0142o\u015b\u0107 na \u015bciskanie konstrukcji osi\u0105ga 120 kg\/\u33a1, czyli jest o 40% wy\u017csza ni\u017c w przypadku tradycyjnych pude\u0142ek.<\/p>\n<h2 id=\"-2-visual-experience-upgrade-macaron-color-double-sided-printing-system-\"><strong>2. Ulepszenie wra\u017ce\u0144 wizualnych: dwustronny system drukowania w kolorze macaron<\/strong><\/h2>\n<p>Opieraj\u0105c si\u0119 na niemieckim 8-kolorowym sprz\u0119cie do druku UV Heidelberg, realizuje dwustronny druk w pe\u0142nym kolorze i lokalny proces superpozycji lakieru UV, a stopie\u0144 odwzorowania kolor\u00f3w \u0394E\u22641,2 (mi\u0119dzynarodowy standard \u0394E\u22643 jest kwalifikowany). Specjalnie opracowana \"biblioteka kolor\u00f3w makaronowych o niskim nasyceniu\" zawiera 12 leczniczych kolor\u00f3w g\u0142\u00f3wnych + 24 kolory przej\u015bciowe. Test wska\u017anika zm\u0119czenia wzroku wykaza\u0142, \u017ce ten system kolor\u00f3w mo\u017ce wyd\u0142u\u017cy\u0107 czas patrzenia konsument\u00f3w o 30%. Powierzchnia jest wykonana z powlekanego papieru atr 157GSM pokrytego przyjazn\u0105 dla \u015brodowiska matow\u0105 foli\u0105, a warto\u015b\u0107 zamglenia jest kontrolowana w zakresie 28-32GU, doskonale r\u00f3wnowa\u017c\u0105c tekstur\u0119 i wyrazisto\u015b\u0107 druku.<\/p>\n<h2 id=\"-three-military-grade-material-system-structural-protection-solution-\"><strong>3. System materia\u0142\u00f3w klasy wojskowej: rozwi\u0105zanie ochrony strukturalnej<\/strong><\/h2>\n<p>Materia\u0142 bazowy przyjmuje struktur\u0119 kompozytow\u0105 szarej tektury spo\u017cywczej 1200GSM (g\u0119sto\u015b\u0107 0,85g\/cm\u00b3, wska\u017anik nacisku pier\u015bcienia \u226518kN\/m) i odpornego na wilgo\u0107 papieru powlekanego. Posiada certyfikat testu transportowego ISTA 3A i mo\u017ce wytrzyma\u0107 zmiany temperatury od -20 \u2103 do 50 \u2103. System ok\u0142adzin zapewnia trzy rozwi\u0105zania buforowe z formowania 3D CNC EPE\/EVA\/PETG i dostosowuje ekskluzywne gniazda kart za pomoc\u0105 analizy element\u00f3w sko\u0144czonych FEA. Test upadku wykaza\u0142, \u017ce wska\u017anik ochrony babeczek wynosi 99,7%.<\/p>\n<h2 id=\"-fourth-flexible-intelligent-manufacturing-system-unlimited-customization-driven-by-mes-\"><strong>4. Elastyczny inteligentny system produkcyjny: nieograniczona personalizacja nap\u0119dzana przez MES<\/strong><\/h2>\n<p>-\u00a0<strong>Elastyczno\u015b\u0107 rozmiaru<\/strong>Obs\u0142uguje rozw\u00f3j dowolnego typu skrzynki od 10 mm do 600 mm, a oryginalny system modelowania parametrycznego mo\u017ce wykona\u0107 proofing 3D w ci\u0105gu 24 godzin.\u00a0<strong>Wizualizacja produkcji<\/strong>: Warsztat wdra\u017ca inteligentny pulpit nawigacyjny 5G + MES, klienci mog\u0105 przegl\u0105da\u0107 post\u0119py zam\u00f3wie\u0144 w 12 procesach w czasie rzeczywistym, a wska\u017anik wykorzystania sprz\u0119tu wzr\u00f3s\u0142 do 92%.\u00a0<strong>Zielona inteligentna produkcja<\/strong>Wyposa\u017cony w inteligentny system ci\u0119cia zasilany fotowoltaik\u0105, wska\u017anik wykorzystania materia\u0142u osi\u0105ga 98,5%, czyli o 15% wi\u0119cej ni\u017c \u015brednia w bran\u017cy.<\/p>\n<h2 id=\"-five-source-factory-service-advantages-\"><strong>5. Zalety serwisu fabrycznego<\/strong><\/h2>\n<p>Jako g\u0142\u00f3wne przedsi\u0119biorstwo w bran\u017cy opakowa\u0144 do pieczenia w Chinach, zapewniamy: \u221a Bezp\u0142atna us\u0142uga projektowania: 10 profesjonalnych zespo\u0142\u00f3w odpowiada w ci\u0105gu 48 godzin, z ponad 2000 przypadk\u00f3w projektowania rocznie \u221a System cen drabinkowych: ciesz si\u0119 cen\u0105 fabryczn\u0105 przy zam\u00f3wieniach 500 sztuk, a koszt zam\u00f3wie\u0144 powy\u017cej 5000 sztuk jest obni\u017cony o 18% \u221a Zobowi\u0105zanie do jako\u015bci: Przeszed\u0142 podw\u00f3jn\u0105 certyfikacj\u0119 ISO22000\/BRCGS, obieca\u0142 72-godzinny szybki proofing, 30-dniow\u0105 ultra-d\u0142ug\u0105 identyfikowalno\u015b\u0107 jako\u015bci<\/p>\n<h2 id=\"-technical-parameter-comparison-table-\"><strong>Tabela por\u00f3wnawcza parametr\u00f3w technicznych<\/strong><\/h2>\n<table>\n<thead>\n<tr>\n<th>Indeks<\/th>\n<th>Ten produkt<\/th>\n<th>Standard bran\u017cowy<\/th>\n<th>Wska\u017anik poprawy<\/th>\n<\/tr>\n<\/thead>\n<tbody>\n<tr>\n<td>Cykl dostawy<\/td>\n<td>7-12 dni roboczych<\/td>\n<td>15-25 dni roboczych<\/td>\n<td>40%<\/td>\n<\/tr>\n<tr>\n<td>Stabilno\u015b\u0107 koloru<\/td>\n<td>\u00b12% r\u00f3\u017cnica kolor\u00f3w<\/td>\n<td>\u00b15% r\u00f3\u017cnica kolor\u00f3w<\/td>\n<td>60%<\/td>\n<\/tr>\n<tr>\n<td>Wytrzyma\u0142o\u015b\u0107 na \u015bciskanie<\/td>\n<td>120kg\/\u33a1<\/td>\n<td>85kg\/\u33a1<\/td>\n<td>41%<\/td>\n<\/tr>\n<tr>\n<td>Minimalna ilo\u015b\u0107 zam\u00f3wienia<\/td>\n<td>100 sztuk<\/td>\n<td>500 sztuk<\/td>\n<td>80%<\/td>\n<\/tr>\n<\/tbody>\n<\/table>","protected":false},"excerpt":{"rendered":"<p>Wysokiej jako\u015bci pude\u0142ko z magnetycznym zamkni\u0119ciem, dwustronny nadruk w dziewcz\u0119cym stylu, wyra\u017ane logo marki, elastyczny niestandardowy rozmiar, specjalnie zaprojektowane do tworzenia przyci\u0105gaj\u0105cych wzrok pude\u0142ek na ciasta i ciastka.<\/p>","protected":false},"featured_media":8319,"template":"","meta":[],"product_brand":[],"product_cat":[30,422,424,31],"product_tag":[653,652,651],"class_list":{"0":"post-8318","1":"product","2":"type-product","3":"status-publish","4":"has-post-thumbnail","6":"product_cat-by-industry","7":"product_cat-custom-gourmet-boxes-by-industry","8":"product_cat-magnetic-closure-boxes","9":"product_cat-paper-box-style","10":"product_tag-cookie-packaging-box","11":"product_tag-cupcake-box-manufacturer","12":"product_tag-custom-bakery-packaging","14":"first","15":"instock","16":"shipping-taxable","17":"product-type-simple"},"_links":{"self":[{"href":"https:\/\/zojopackaging.com\/pl\/wp-json\/wp\/v2\/product\/8318","targetHints":{"allow":["GET"]}}],"collection":[{"href":"https:\/\/zojopackaging.com\/pl\/wp-json\/wp\/v2\/product"}],"about":[{"href":"https:\/\/zojopackaging.com\/pl\/wp-json\/wp\/v2\/types\/product"}],"version-history":[{"count":1,"href":"https:\/\/zojopackaging.com\/pl\/wp-json\/wp\/v2\/product\/8318\/revisions"}],"predecessor-version":[{"id":8324,"href":"https:\/\/zojopackaging.com\/pl\/wp-json\/wp\/v2\/product\/8318\/revisions\/8324"}],"wp:featuredmedia":[{"embeddable":true,"href":"https:\/\/zojopackaging.com\/pl\/wp-json\/wp\/v2\/media\/8319"}],"wp:attachment":[{"href":"https:\/\/zojopackaging.com\/pl\/wp-json\/wp\/v2\/media?parent=8318"}],"wp:term":[{"taxonomy":"product_brand","embeddable":true,"href":"https:\/\/zojopackaging.com\/pl\/wp-json\/wp\/v2\/product_brand?post=8318"},{"taxonomy":"product_cat","embeddable":true,"href":"https:\/\/zojopackaging.com\/pl\/wp-json\/wp\/v2\/product_cat?post=8318"},{"taxonomy":"product_tag","embeddable":true,"href":"https:\/\/zojopackaging.com\/pl\/wp-json\/wp\/v2\/product_tag?post=8318"}],"curies":[{"name":"wp","href":"https:\/\/api.w.org\/{rel}","templated":true}]}}