{"id":8325,"date":"2025-03-26T21:47:14","date_gmt":"2025-03-26T13:47:14","guid":{"rendered":"https:\/\/zojopackaging.com\/?post_type=product&#038;p=8325"},"modified":"2025-03-26T22:26:07","modified_gmt":"2025-03-26T14:26:07","slug":"personalized-custom-wedding-keepsake-gift-boxes-wholesale","status":"publish","type":"product","link":"https:\/\/zojopackaging.com\/pl\/product\/personalized-custom-wedding-keepsake-gift-boxes-wholesale\/","title":{"rendered":"Spersonalizowane niestandardowe pude\u0142ka na prezenty \u015blubne hurtowo"},"content":{"rendered":"<h3 id=\"-1-high-end-material-the-cornerstone-of-solid-protection-and-brand-presentation-\"><strong>Spersonalizowane niestandardowe pude\u0142ka na prezenty \u015blubne hurtowo<br \/>\n<\/strong><strong>1. Wysokiej klasy materia\u0142: kamie\u0144 w\u0119gielny solidnej ochrony i prezentacji marki<\/strong><\/h3>\n<ul>\n<li><strong>Szara tektura 1200 GSM + powlekany papier artystyczny 157 GSM<\/strong>\u2705 Wytrzyma\u0142o\u015b\u0107 na \u015bciskanie osi\u0105ga 10 kg, odpowiednia dla delikatnych pami\u0105tek, takich jak kryszta\u0142owe kubki, spersonalizowane albumy fotograficzne, \u015bwiece zapachowe itp. \u2705 Powierzchnia papieru jest g\u0142adka, a wska\u017anik odtwarzania kolor\u00f3w punktowych Pantone osi\u0105ga 98%, dok\u0142adnie przekazuj\u0105c spersonalizowane informacje, takie jak LOGO marki, data imienia pary itp.<\/li>\n<\/ul>\n<h3 id=\"-second-the-box-shaped-design-of-the-top-and-bottom-lid-the-first-act-of-happiness-\"><strong>2. Magnetyczne zamkni\u0119cie pokrywy i podstawy: pierwszy akt szcz\u0119\u015bcia<\/strong><\/h3>\n<ul>\n<li><strong>Wbudowana struktura g\u00f3rnej i dolnej powieki<\/strong>: Podczas otwierania i zamykania zapewnia uczucie t\u0142umienia, symuluj\u0105c otwieranie pude\u0142ka z bi\u017cuteri\u0105 i wzmacniaj\u0105c emocjonalne skojarzenia z \"cennymi chwilami\";<\/li>\n<li><strong>Humanizowany sk\u00f3rzany uchwyt<\/strong>: \u2705\u00a0<strong>G\u00f3rna warstwa ze sk\u00f3ry bydl\u0119cej, przyjazna dla \u015brodowiska sk\u00f3ra PU<\/strong>: Szeroko\u015b\u0107 uchwytu wynosi 3 cm, co pasuje do krzywizny d\u0142oni i nie \u015bciska d\u0142oni podczas podnoszenia przez d\u0142ugi czas; \u2705\u00a0<strong>Metalowy pier\u015bcie\u0144 dekoracyjny<\/strong>: Poz\u0142acana klamra w kolorze r\u00f3\u017cowego z\u0142ota \u0142\u0105czy korpus skrzyni, o no\u015bno\u015bci 15 kg, i jest zar\u00f3wno trwa\u0142a, jak i wykwintna.<\/li>\n<\/ul>\n<h3 id=\"-three-macaron-healing-color-system-the-secret-weapon-of-visual-stickiness-\"><strong>3. Leczniczy system kolor\u00f3w Macaron: tajna bro\u0144 wizualnej lepko\u015bci<\/strong><\/h3>\n<ul>\n<li><strong>Dopasowanie kolor\u00f3w mi\u0119kkiego \u015bwiat\u0142a o niskim nasyceniu<\/strong>: Mist blue, nude pink, vanilla white i inne kolory przesz\u0142y certyfikacj\u0119 SGS, d\u0142ugotrwa\u0142e ogl\u0105danie bez zm\u0119czenia, odpowiednie do le\u015bnych, korea\u0144skich, retro i innych motyw\u00f3w \u015blubnych;<\/li>\n<li><strong>Dwukana\u0142owy proces kolorowania<\/strong>: \u2705\u00a0<strong>Matowa podstawa<\/strong>: U\u017cywany jest przyjazny dla \u015brodowiska atrament na bazie wody, kt\u00f3ry jest delikatny w dotyku i nie odbija \u015bwiat\u0142a; \u2705\u00a0<strong>Cz\u0119\u015bciowa ulga UV<\/strong>: Sylwetka nowo\u017ce\u0144c\u00f3w i przysi\u0119ga mog\u0105 by\u0107 wyt\u0142oczone na pokrywie pude\u0142ka, a tr\u00f3jwymiarowy efekt \u015bwiat\u0142a i cienia mo\u017ce by\u0107 prezentowany pod \u017ar\u00f3d\u0142em \u015bwiat\u0142a.<\/li>\n<\/ul>\n<h3 id=\"-four-environmentally-friendly-lining-high-definition-printing-a-balance-between-sustainability-and-aesthetics-\"><strong>4. Przyjazna dla \u015brodowiska podszewka i nadruk w wysokiej rozdzielczo\u015bci: r\u00f3wnowaga mi\u0119dzy zr\u00f3wnowa\u017conym rozwojem a estetyk\u0105<\/strong><\/h3>\n<ol>\n<li><strong>Wy\u015bci\u00f3\u0142ka z w\u0142\u00f3kien ro\u015blinnych<\/strong>:<\/li>\n<li>Taca wewn\u0119trzna formowana z wyt\u0142ok\u00f3w trzciny cukrowej \/ pulpy bambusowej, degradowalna 100%, g\u0142\u0119boko\u015b\u0107 rowka i krzywizna s\u0105 dostosowywane do kszta\u0142tu pami\u0105tki, a w\u0142a\u015bciwo\u015bci antysejsmiczne s\u0105 por\u00f3wnywalne z EVA;<\/li>\n<li>Opcjonalne flokowanie\/jedwabne opakowanie zwi\u0119kszaj\u0105ce poczucie luksusu podczas rozpakowywania.<\/li>\n<li><strong>Gwarancja druku bez r\u00f3\u017cnicy kolor\u00f3w<\/strong>:<\/li>\n<li>Niemiecka 8-kolorowa maszyna drukarska Heidelberg, minimalna dok\u0142adno\u015b\u0107 druku 0,1 mm, gradientowe przej\u015bcie blok\u00f3w kolor\u00f3w bez nieci\u0105g\u0142o\u015bci;<\/li>\n<li>Matowa folia \/ folia dotykowa na powierzchni, odporna na odciski palc\u00f3w i zarysowania, zapewniaj\u0105ca, \u017ce pozostanie tak jasna i czysta jak nowa po obiegu przez wiele os\u00f3b na weselu.<\/li>\n<\/ol>\n<h3 id=\"-v-china-s-smart-manufacturing-strength-extremely-fast-response-and-ultimate-cost-effectiveness-\"><strong>5. Si\u0142a inteligentnej produkcji w Chinach: niezwykle szybka reakcja i najwy\u017csza op\u0142acalno\u015b\u0107<\/strong><\/h3>\n<ul>\n<li><strong>Dok\u0142adna wycena w ci\u0105gu 10 minut<\/strong>: Prze\u015blij wymagania (rozmiar, kolor, proces) online, a system AI wygeneruje ofert\u0119 w czasie rzeczywistym, z cen\u0105 ni\u017csz\u0105 o 40% w por\u00f3wnaniu do rynku;<\/li>\n<li><strong>W pe\u0142ni automatyczna linia produkcyjna<\/strong>Inteligentna maszyna sztancuj\u0105ca + sprz\u0119t do grawerowania laserowego, o dziennej zdolno\u015bci produkcyjnej 1 miliona sztuk, obs\u0142uguj\u0105ca 72-godzinn\u0105 dostaw\u0119 przyspieszonych zam\u00f3wie\u0144;<\/li>\n<li><strong>Potr\u00f3jna linia obrony dla kontroli jako\u015bci<\/strong>Kontrola partii surowca, pe\u0142na kontrola procesu produkcyjnego i kontrola wyrywkowa wysy\u0142ki gotowego produktu, ze wska\u017anikiem defekt\u00f3w poni\u017cej 0,3%.<\/li>\n<\/ul>\n<h3 id=\"-six-commercial-empowerment-highlights-\"><strong>6, Najwa\u017cniejsze informacje dotycz\u0105ce wzmocnienia pozycji handlowej<\/strong><\/h3>\n<p>\u2705\u00a0<strong>Wzrost premii<\/strong>: Wysokiej klasy pude\u0142ka upominkowe zwi\u0119kszaj\u0105 cen\u0119 zestaw\u00f3w pami\u0105tkowych o 50%-150%, odpowiednie do scenariuszy o wysokim zysku, takich jak pami\u0105tki \u015blubne i rocznicowe; \u2705\u00a0<strong>Nadruk marki<\/strong>: Nowo\u017ce\u0144cy dziel\u0105 si\u0119 spersonalizowanymi pude\u0142kami na prezenty jako walut\u0105 spo\u0142eczno\u015bciow\u0105, co przynosi w\u0142asny ruch rozszczepienia; \u2705\u00a0<strong>B\u0142ogos\u0142awie\u0144stwo certyfikacji \u015brodowiskowej<\/strong>: Certyfikacja FSC+ISO14001 pomaga markom wej\u015b\u0107 na rynek wysokiej klasy \u015blub\u00f3w w Europie i Stanach Zjednoczonych.<\/p>\n<p><strong>Zacznij romantyczn\u0105 personalizacj\u0119 ju\u017c teraz!\u00a0<\/strong>Podaj rozmiar prezentu i inspiracj\u0119 projektow\u0105, a otrzymasz renderingi 3D + list\u0119 koszt\u00f3w w ci\u0105gu 10 minut. Dzi\u0119ki milionowym zdolno\u015bciom produkcyjnym i artystycznemu kunsztowi, chi\u0144skie fabryki sprawiaj\u0105, \u017ce ka\u017cda pami\u0105tka \u015blubna jest godna wiecznej kolekcji!<\/p>\n<h3 id=\"-technical-parameters-\"><strong>Parametry techniczne<\/strong><\/h3>\n<table>\n<thead>\n<tr>\n<th><strong>Projekt<\/strong><\/th>\n<th><strong>Specyfikacje<\/strong><\/th>\n<\/tr>\n<\/thead>\n<tbody>\n<tr>\n<td>Obci\u0105\u017cenie uchwytu<\/td>\n<td>15 kg (sk\u00f3ra bydl\u0119ca) \/ 10 kg (PU)<\/td>\n<\/tr>\n<tr>\n<td>Rozdzielczo\u015b\u0107 druku<\/td>\n<td>300 dpi (wz\u00f3r), 600 dpi (tekst)<\/td>\n<\/tr>\n<tr>\n<td>Minimalna ilo\u015b\u0107 zam\u00f3wienia<\/td>\n<td>300 sztuk (obs\u0142uga 50 pr\u00f3bek)<\/td>\n<\/tr>\n<tr>\n<td>Cykl dostosowywania<\/td>\n<td>5 dni na wydruki pr\u00f3bne + 7 dni na przesy\u0142k\u0119 zbiorcz\u0105 (obs\u0142uga przyspieszonej dostawy)<\/td>\n<\/tr>\n<tr>\n<td>Certyfikacja \u015brodowiskowa<\/td>\n<td>FSC, SGS, ISO14001<\/td>\n<\/tr>\n<\/tbody>\n<\/table>\n<hr \/>\n<p><strong>Wybierz nas, niech s\u0142odycz \u015blubu rozprzestrzenia si\u0119 od momentu otwarcia pude\u0142ka z prezentem!<\/strong><\/p>","protected":false},"excerpt":{"rendered":"<p>Kolory makaronik\u00f3w o niskim nasyceniu, spersonalizowane pami\u0105tki, gwarancja bezpo\u015bredniej ceny fabrycznej i dok\u0142adna dostawa w ci\u0105gu 7-12 dni.<\/p>","protected":false},"featured_media":8293,"template":"","meta":[],"product_brand":[],"product_cat":[30,423,425,31],"product_tag":[656,655,654],"class_list":{"0":"post-8325","1":"product","2":"type-product","3":"status-publish","4":"has-post-thumbnail","6":"product_cat-by-industry","7":"product_cat-custom-presentation-boxes-by-industry","8":"product_cat-lid-and-base-gift-box","9":"product_cat-paper-box-style","10":"product_tag-custom-wedding-gift-boxes","11":"product_tag-keepsake-boxes-wholesale","12":"product_tag-wedding-gift-boxes","14":"first","15":"instock","16":"shipping-taxable","17":"product-type-simple"},"_links":{"self":[{"href":"https:\/\/zojopackaging.com\/pl\/wp-json\/wp\/v2\/product\/8325","targetHints":{"allow":["GET"]}}],"collection":[{"href":"https:\/\/zojopackaging.com\/pl\/wp-json\/wp\/v2\/product"}],"about":[{"href":"https:\/\/zojopackaging.com\/pl\/wp-json\/wp\/v2\/types\/product"}],"version-history":[{"count":1,"href":"https:\/\/zojopackaging.com\/pl\/wp-json\/wp\/v2\/product\/8325\/revisions"}],"predecessor-version":[{"id":8326,"href":"https:\/\/zojopackaging.com\/pl\/wp-json\/wp\/v2\/product\/8325\/revisions\/8326"}],"wp:featuredmedia":[{"embeddable":true,"href":"https:\/\/zojopackaging.com\/pl\/wp-json\/wp\/v2\/media\/8293"}],"wp:attachment":[{"href":"https:\/\/zojopackaging.com\/pl\/wp-json\/wp\/v2\/media?parent=8325"}],"wp:term":[{"taxonomy":"product_brand","embeddable":true,"href":"https:\/\/zojopackaging.com\/pl\/wp-json\/wp\/v2\/product_brand?post=8325"},{"taxonomy":"product_cat","embeddable":true,"href":"https:\/\/zojopackaging.com\/pl\/wp-json\/wp\/v2\/product_cat?post=8325"},{"taxonomy":"product_tag","embeddable":true,"href":"https:\/\/zojopackaging.com\/pl\/wp-json\/wp\/v2\/product_tag?post=8325"}],"curies":[{"name":"wp","href":"https:\/\/api.w.org\/{rel}","templated":true}]}}