{"id":8328,"date":"2025-03-27T09:28:32","date_gmt":"2025-03-27T01:28:32","guid":{"rendered":"https:\/\/zojopackaging.com\/?post_type=product&#038;p=8328"},"modified":"2025-03-27T10:44:18","modified_gmt":"2025-03-27T02:44:18","slug":"custom-boutique-garment-swimwear-underwear-box-wholesale","status":"publish","type":"product","link":"https:\/\/zojopackaging.com\/pl\/product\/custom-boutique-garment-swimwear-underwear-box-wholesale\/","title":{"rendered":"Niestandardowa odzie\u017c butikowa Stroje k\u0105pielowe Pude\u0142ko na bielizn\u0119 Hurtownia"},"content":{"rendered":"<h3 id=\"customized-boutique-clothing-swimwear-lingerie-box-wholesale-product-description\">Indywidualna odzie\u017c butikowa stroje k\u0105pielowe bielizna pude\u0142ko hurtowe opis produktu<\/h3>\n<h4 id=\"-i-core-materials-and-craftsmanship-\"><strong>I. Podstawowe materia\u0142y i rzemios\u0142o<\/strong><\/h4>\n<ol>\n<li><strong>Szara tektura 1200 GSM + powlekany papier artystyczny o strukturze kompozytowej 157 GSM<\/strong><\/li>\n<li>Szara tektura o wysokiej gramaturze (np. 1200 g szarej tektury klasy K5 wspomnianej na stronie 2) i technologia powlekanego papieru kompozytowego s\u0105 stosowane w celu uwzgl\u0119dnienia sztywno\u015bci i tekstury druku powierzchni, z doskona\u0142\u0105 wytrzyma\u0142o\u015bci\u0105 na \u015bciskanie, odpowiedni\u0105 do transportu na du\u017ce odleg\u0142o\u015bci i potrzeb magazynowych.<\/li>\n<li>Papier powlekany 157 GSM zapewnia delikatn\u0105 powierzchni\u0119 do drukowania, kt\u00f3ra mo\u017ce prezentowa\u0107 doskona\u0142e efekty LOGO marki i wzor\u00f3w, jednocze\u015bnie zwi\u0119kszaj\u0105c wodoodporno\u015b\u0107 i odporno\u015b\u0107 na wilgo\u0107.<\/li>\n<\/ol>\n<h4 id=\"-ii-humanized-design-highlights-\"><strong>2. Humanizowana konstrukcja<\/strong><\/h4>\n<ol>\n<li><strong>Dopasowanie kolor\u00f3w czarnego i niebieskiego w celu zmniejszenia niepokoju wzrokowego<\/strong><\/li>\n<li>G\u0142\u00f3wnym kolorem jest po\u0142\u0105czenie g\u0142\u0119bokiego morskiego b\u0142\u0119kitu i matowej czerni, nawi\u0105zuj\u0105ce do teorii psychologii kolor\u00f3w, tworz\u0105ce spokojne i profesjonalne wra\u017cenie wizualne, \u0142agodz\u0105ce zdenerwowanie konsument\u00f3w podczas rozpakowywania i zwi\u0119kszaj\u0105ce zaufanie do marki.<\/li>\n<li><strong>Magnetyczne zamkni\u0119cie pude\u0142ka + magnetyczne wbudowane otwieranie i zamykanie<\/strong><\/li>\n<li>Innowacyjna sk\u0142adana konstrukcja w kszta\u0142cie ksi\u0105\u017cki, z wbudowan\u0105 klamr\u0105 magnetyczn\u0105 (patrz tr\u00f3jwymiarowy proces formowania pude\u0142ka na stronie 2), \u0142atwa do otwierania i zamykania oraz artystyczna.<\/li>\n<li>P\u0142askie opakowanie po z\u0142o\u017ceniu (podobne do koncepcji optymalizacji logistycznej skrzyni samolotu na stronie 3), zmniejszaj\u0105ce obj\u0119to\u015b\u0107 transportu, zwi\u0119kszaj\u0105ce wykorzystanie przestrzeni przez 50% i znacznie zmniejszaj\u0105ce koszty transportu.<\/li>\n<li><strong>Przyjazny dla \u015brodowiska papier do pisania<\/strong><\/li>\n<li>Wbudowana w przyjazny dla \u015brodowiska karton z recyklingu, powierzchnia mo\u017ce by\u0107 odr\u0119cznie napisana b\u0142ogos\u0142awie\u0144stwami lub informacjami o produkcie (takimi jak pomys\u0142 personalizacji akcesori\u00f3w wst\u0105\u017ckowych na stronie 2), wspiera ponowne u\u017cycie i wpisuje si\u0119 w trend ekologicznych opakowa\u0144.<\/li>\n<\/ol>\n<h4 id=\"-three-flexible-customization-service-\"><strong>3. Elastyczna us\u0142uga dostosowywania<\/strong><\/h4>\n<ol>\n<li><strong>Wielowymiarowa adaptacja rozmiaru<\/strong><\/li>\n<li>Obs\u0142uga pe\u0142nowymiarowego dostosowywania (np. elastyczne specyfikacje 23<em>16<\/em>7,5 cm), obejmuj\u0105ce r\u00f3\u017cne kategorie, takie jak bielizna, stroje k\u0105pielowe, sukienki itp., aby zaspokoi\u0107 potrzeby niezale\u017cnego pakowania lub \u0142\u0105czenia zestaw\u00f3w.<\/li>\n<li><strong>Personalizacja markowej podszewki<\/strong><\/li>\n<li>Zapewnij g\u0105bk\u0119 EVA, jedwab, flanel\u0119 i inne opcje podszewki (rozszerz us\u0142ug\u0119 dostosowywania akcesori\u00f3w na stronie 2), dok\u0142adnie napraw produkt i wzmocnij poczucie ceremonii rozpakowywania, dostosuj si\u0119 do wysokiej klasy tonu marki.<\/li>\n<\/ol>\n<h4 id=\"-fourth-factory-advantages-and-service-commitments-\"><strong>4. Zalety fabryki i zobowi\u0105zania serwisowe<\/strong><\/h4>\n<ol>\n<li><strong>Gwarancja jednego \u0142a\u0144cucha dostaw<\/strong><\/li>\n<li><strong>Bezp\u0142atne pr\u00f3bki<\/strong>: Obs\u0142uga proofingu w ci\u0105gu 3 dni (patrz wydajna us\u0142uga \"cykl proofingu 3 dni\" na stronie 3) w celu zapewnienia wizualizacji efekt\u00f3w projektowych.<\/li>\n<li><strong>Cena i czas dostawy<\/strong>: Produkcja na du\u017c\u0105 skal\u0119 obni\u017ca koszty (np. przewaga partii \"10 juan\u00f3w\/100 000 sztuk\" na stronie 1), regularne zam\u00f3wienia s\u0105 dostarczane w ci\u0105gu 7 dni, a pilne potrzeby mo\u017cna przyspieszy\u0107 do 5 dni.<\/li>\n<li><strong>Zapewnienie jako\u015bci<\/strong>: Obejmuj\u0105c ca\u0142y proces drukowania, laminowania i sztancowania (opis sprz\u0119tu do przetwarzania na stronie 3), zapewnia pe\u0142n\u0105 kontrol\u0119 ryzyka procesowego, tak\u0105 jak rekompensata za b\u0142\u0119dy drukowania i rekompensata za op\u00f3\u017anienia w dostawie.<\/li>\n<\/ol>\n<h4 id=\"-v-application-scenarios-and-competitiveness-\"><strong>5. Scenariusze zastosowa\u0144 i konkurencyjno\u015b\u0107<\/strong><\/h4>\n<ul>\n<li><strong>Odpowiednie obiekty<\/strong>: marki transgraniczne (takie jak kompatybilne z Amazon, niezale\u017cnymi witrynami i innymi platformami na stronie 2), fizyczny handel detaliczny i rynki wysokiej klasy prezent\u00f3w.<\/li>\n<li><strong>Podstawowa konkurencyjno\u015b\u0107<\/strong>: Poprzez ulepszenia materia\u0142\u00f3w, optymalizacj\u0119 strukturaln\u0105 i dog\u0142\u0119bn\u0105 personalizacj\u0119, zr\u00f3wnowa\u017cy\u0107 kontrol\u0119 koszt\u00f3w i wra\u017cenia u\u017cytkownika, aby pom\u00f3c marce premium.<\/li>\n<\/ul>","protected":false},"excerpt":{"rendered":"<p>Pude\u0142ko z magnetycznym zamkni\u0119ciem mo\u017cna z\u0142o\u017cy\u0107, aby zaoszcz\u0119dzi\u0107 68% koszt\u00f3w wysy\u0142ki, pisana podszewka z certyfikatem FSC, pe\u0142nowymiarowa personalizacja odzie\u017cy, 15-dniowa dostawa<\/p>","protected":false},"featured_media":8329,"template":"","meta":[],"product_brand":[],"product_cat":[30,414,424,31],"product_tag":[657,658,659],"class_list":{"0":"post-8328","1":"product","2":"type-product","3":"status-publish","4":"has-post-thumbnail","6":"product_cat-by-industry","7":"product_cat-custom-apparel-boxes","8":"product_cat-magnetic-closure-boxes","9":"product_cat-paper-box-style","10":"product_tag-custom-garment-box","11":"product_tag-swimwear-box-wholesale","12":"product_tag-underwear-box-wholesale","14":"first","15":"instock","16":"shipping-taxable","17":"product-type-simple"},"_links":{"self":[{"href":"https:\/\/zojopackaging.com\/pl\/wp-json\/wp\/v2\/product\/8328","targetHints":{"allow":["GET"]}}],"collection":[{"href":"https:\/\/zojopackaging.com\/pl\/wp-json\/wp\/v2\/product"}],"about":[{"href":"https:\/\/zojopackaging.com\/pl\/wp-json\/wp\/v2\/types\/product"}],"version-history":[{"count":3,"href":"https:\/\/zojopackaging.com\/pl\/wp-json\/wp\/v2\/product\/8328\/revisions"}],"predecessor-version":[{"id":8337,"href":"https:\/\/zojopackaging.com\/pl\/wp-json\/wp\/v2\/product\/8328\/revisions\/8337"}],"wp:featuredmedia":[{"embeddable":true,"href":"https:\/\/zojopackaging.com\/pl\/wp-json\/wp\/v2\/media\/8329"}],"wp:attachment":[{"href":"https:\/\/zojopackaging.com\/pl\/wp-json\/wp\/v2\/media?parent=8328"}],"wp:term":[{"taxonomy":"product_brand","embeddable":true,"href":"https:\/\/zojopackaging.com\/pl\/wp-json\/wp\/v2\/product_brand?post=8328"},{"taxonomy":"product_cat","embeddable":true,"href":"https:\/\/zojopackaging.com\/pl\/wp-json\/wp\/v2\/product_cat?post=8328"},{"taxonomy":"product_tag","embeddable":true,"href":"https:\/\/zojopackaging.com\/pl\/wp-json\/wp\/v2\/product_tag?post=8328"}],"curies":[{"name":"wp","href":"https:\/\/api.w.org\/{rel}","templated":true}]}}