{"id":8338,"date":"2025-03-27T10:44:33","date_gmt":"2025-03-27T02:44:33","guid":{"rendered":"https:\/\/zojopackaging.com\/?post_type=product&#038;p=8338"},"modified":"2025-03-27T11:06:25","modified_gmt":"2025-03-27T03:06:25","slug":"oem-luxury-hair-tie-accessories-scrunchies-packaging-box","status":"publish","type":"product","link":"https:\/\/zojopackaging.com\/pl\/product\/oem-luxury-hair-tie-accessories-scrunchies-packaging-box\/","title":{"rendered":"OEM Luksusowe akcesoria do w\u0142os\u00f3w Scrunchies Pude\u0142ko do pakowania"},"content":{"rendered":"<h3 id=\"oem-luxury-headband-accessories-packaging-box-product-description\">Luksusowe akcesoria do pakowania opasek na g\u0142ow\u0119 OEM opis produktu<\/h3>\n<h4 id=\"-i-core-materials-and-process-guarantee-\"><strong>I. Podstawowe materia\u0142y i gwarancja procesu<\/strong><\/h4>\n<ol>\n<li><strong>Szara tektura 1200 GSM + powlekany papier artystyczny o strukturze kompozytowej 157 GSM<\/strong><\/li>\n<li>Dzi\u0119ki zastosowaniu szarej tektury o wysokiej g\u0119sto\u015bci 1200 GSM i powlekanego papieru artystycznego 157 GSM, szara tektura zapewnia doskona\u0142\u0105 odporno\u015b\u0107 na \u015bciskanie i zu\u017cycie oraz mo\u017ce wytrzyma\u0107 ponad 5 kg, spe\u0142niaj\u0105c potrzeby transportu na du\u017ce odleg\u0142o\u015bci i uk\u0142adania w stosy.<\/li>\n<li>Powierzchnia powlekanego papieru jest pokryta b\u0142yszcz\u0105c\u0105 foli\u0105, aby uzyska\u0107 w pe\u0142ni czarny, precyzyjny nadruk, z nasyceniem czerni wi\u0119kszym ni\u017c 98%, bez smug, bez r\u00f3\u017cnicy kolor\u00f3w i doskonale prezentuje LOGO marki i szczeg\u00f3\u0142y projektu.<\/li>\n<\/ol>\n<h4 id=\"-ii-luxury-design-and-functional-innovation-\"><strong>2. Luksusowe wzornictwo i funkcjonalne innowacje<\/strong><\/h4>\n<ol>\n<li><strong>W pe\u0142ni czarny nadruk, interpretuj\u0105cy luksusow\u0105 estetyk\u0119<\/strong><\/li>\n<li>Ca\u0142a obudowa wykonana jest w technologii matowej czerni lub b\u0142yszcz\u0105cej czerni, w po\u0142\u0105czeniu ze z\u0142ot\u0105 foli\u0105, wyt\u0142oczeniami i innymi dekoracjami (z mo\u017cliwo\u015bci\u0105 dostosowania), nadaj\u0105c marce luksusowy ton, kt\u00f3ry pasuje do pozycjonowania produkt\u00f3w wysokiej klasy akcesori\u00f3w do opasek na g\u0142ow\u0119.<\/li>\n<li><strong>Pude\u0142ko z magnetycznym zamkni\u0119ciem, pi\u0119kne i praktyczne<\/strong><\/li>\n<li>Konstrukcja magnetycznego zamkni\u0119cia jest dopasowana do wbudowanej klamry magnetycznej, kt\u00f3ra otwiera si\u0119 i zamyka p\u0142ynnie bez zacinania si\u0119. Pozycja magnetyczna jest ukryta wewn\u0105trz pude\u0142ka, aby unikn\u0105\u0107 zewn\u0119trznego zu\u017cycia i poprawi\u0107 og\u00f3ln\u0105 integralno\u015b\u0107 wizualn\u0105.<\/li>\n<li>Grubo\u015b\u0107 po z\u0142o\u017ceniu wynosi tylko 1 cm, a p\u0142askie opakowanie zmniejsza obj\u0119to\u015b\u0107 transportow\u0105, oszcz\u0119dzaj\u0105c ponad 40% koszt\u00f3w logistycznych.<\/li>\n<\/ol>\n<h4 id=\"-three-full-dimensional-customization-service-\"><strong>3. Pe\u0142nowymiarowa us\u0142uga dostosowywania<\/strong><\/h4>\n<ol>\n<li><strong>Elastyczne dostosowanie rozmiaru i typu obudowy<\/strong><\/li>\n<li>Obs\u0142uguje prostok\u0105tne, kwadratowe i inne pude\u0142ka o rozmiarach od 5x5x3 cm do 50x30x15 cm (z mo\u017cliwo\u015bci\u0105 rozbudowy), odpowiednie do r\u00f3\u017cnych akcesori\u00f3w, takich jak opaski na g\u0142ow\u0119, akcesoria do w\u0142os\u00f3w, opaski na g\u0142ow\u0119 itp.<\/li>\n<li><strong>Ekskluzywny system ochrony podszewki<\/strong><\/li>\n<li>Zapewniaj\u0105 materia\u0142y podszewkowe, takie jak g\u0105bka EVA, flanela, papier flokowany itp., otwieraj\u0105 i dostosowuj\u0105 rowki do kszta\u0142tu produktu, mocuj\u0105 akcesoria, aby zapobiec wstrz\u0105som, a wska\u017anik uszkodze\u0144 transportowych jest mniejszy ni\u017c 0,5%.<\/li>\n<li>Obs\u0142uga nadruku slogan\u00f3w marki lub wzor\u00f3w na podszewce w celu poprawy wra\u017ce\u0144 podczas rozpakowywania.<\/li>\n<li><strong>Precyzyjne drukowanie i ulepszanie logo marki<\/strong><\/li>\n<li>Wykorzystanie technologii druku punktowego CMYK + Pantone, kontrola r\u00f3\u017cnicy kolor\u00f3w \u0394E\u22641,5, wyrazisto\u015b\u0107 kraw\u0119dzi LOGO do 300 dpi, aby zapewni\u0107 wysok\u0105 rozpoznawalno\u015b\u0107 logo marki.<\/li>\n<\/ol>\n<h4 id=\"-fourth-factory-advantages-and-service-commitments-\"><strong>4. Zalety fabryki i zobowi\u0105zania serwisowe<\/strong><\/h4>\n<ol>\n<li><strong>Produkcja na du\u017c\u0105 skal\u0119 i niezwykle szybka dostawa<\/strong><\/li>\n<li><strong>W pe\u0142ni automatyczna linia produkcyjna<\/strong>Wyposa\u017cony w zintegrowany sprz\u0119t do sztancowania, laminowania i t\u0142oczenia na gor\u0105co, o dziennej zdolno\u015bci produkcyjnej 1 000 000 sztuk, p\u0142ynnie obs\u0142uguj\u0105cy du\u017ce zam\u00f3wienia i pilne zam\u00f3wienia.<\/li>\n<li><strong>Bezp\u0142atne pr\u00f3bki i gwarancja niskiej ceny<\/strong>: Weryfikacja jest wykonywana w ci\u0105gu 3 dni roboczych, regularne zam\u00f3wienia s\u0105 dostarczane w ci\u0105gu 7 dni od potwierdzenia, a pilne zam\u00f3wienia mog\u0105 zosta\u0107 skr\u00f3cone do 5 dni.<\/li>\n<li><strong>Zobowi\u0105zanie do efektywno\u015bci kosztowej<\/strong>: Cena zam\u00f3wienia na 10 000 sztuk jest tak niska jak US$0.5\/sztuk\u0119, wspieraj\u0105c r\u00f3\u017cne warunki handlowe, takie jak FOB i EXW.<\/li>\n<\/ol>\n<h4 id=\"-v-application-scenarios-and-competitiveness-\"><strong>5. Scenariusze zastosowa\u0144 i konkurencyjno\u015b\u0107<\/strong><\/h4>\n<ul>\n<li><strong>Obowi\u0105zuj\u0105ce pola<\/strong>Transgraniczny handel elektroniczny (taki jak Amazon, niezale\u017cna stacja Shopify), luksusowy handel detaliczny, opakowania akcesori\u00f3w do w\u0142os\u00f3w pod wsp\u00f3ln\u0105 mark\u0105 celebryt\u00f3w.<\/li>\n<li><strong>G\u0142\u00f3wne zalety<\/strong>: Dzi\u0119ki ulepszonym materia\u0142om, ca\u0142kowicie czarnemu estetycznemu wzornictwu i elastycznemu dostosowywaniu, pomaga markom wyr\u00f3\u017cni\u0107 si\u0119 w\u015br\u00f3d podobnych produkt\u00f3w i zwi\u0119kszy\u0107 przestrze\u0144 premium o 20%-30%.<\/li>\n<\/ul>","protected":false},"excerpt":{"rendered":"<p>Ca\u0142kowicie czarne, luksusowe pude\u0142ko z magnetycznym zamkni\u0119ciem, magnetyczne ssanie zapobiegaj\u0105ce zu\u017cyciu. Niestandardowy rozmiar podszewki, odpowiedni do ochrony transportu akcesori\u00f3w do opasek do w\u0142os\u00f3w<\/p>","protected":false},"featured_media":8339,"template":"","meta":[],"product_brand":[],"product_cat":[30,414,424,31],"product_tag":[660,662,661],"class_list":{"0":"post-8338","1":"product","2":"type-product","3":"status-publish","4":"has-post-thumbnail","6":"product_cat-by-industry","7":"product_cat-custom-apparel-boxes","8":"product_cat-magnetic-closure-boxes","9":"product_cat-paper-box-style","10":"product_tag-hair-tie-packaging","11":"product_tag-oem-scrunchies-packaging","12":"product_tag-tie-accessories-packaging","14":"first","15":"instock","16":"shipping-taxable","17":"product-type-simple"},"_links":{"self":[{"href":"https:\/\/zojopackaging.com\/pl\/wp-json\/wp\/v2\/product\/8338","targetHints":{"allow":["GET"]}}],"collection":[{"href":"https:\/\/zojopackaging.com\/pl\/wp-json\/wp\/v2\/product"}],"about":[{"href":"https:\/\/zojopackaging.com\/pl\/wp-json\/wp\/v2\/types\/product"}],"version-history":[{"count":1,"href":"https:\/\/zojopackaging.com\/pl\/wp-json\/wp\/v2\/product\/8338\/revisions"}],"predecessor-version":[{"id":8345,"href":"https:\/\/zojopackaging.com\/pl\/wp-json\/wp\/v2\/product\/8338\/revisions\/8345"}],"wp:featuredmedia":[{"embeddable":true,"href":"https:\/\/zojopackaging.com\/pl\/wp-json\/wp\/v2\/media\/8339"}],"wp:attachment":[{"href":"https:\/\/zojopackaging.com\/pl\/wp-json\/wp\/v2\/media?parent=8338"}],"wp:term":[{"taxonomy":"product_brand","embeddable":true,"href":"https:\/\/zojopackaging.com\/pl\/wp-json\/wp\/v2\/product_brand?post=8338"},{"taxonomy":"product_cat","embeddable":true,"href":"https:\/\/zojopackaging.com\/pl\/wp-json\/wp\/v2\/product_cat?post=8338"},{"taxonomy":"product_tag","embeddable":true,"href":"https:\/\/zojopackaging.com\/pl\/wp-json\/wp\/v2\/product_tag?post=8338"}],"curies":[{"name":"wp","href":"https:\/\/api.w.org\/{rel}","templated":true}]}}