{"id":8346,"date":"2025-03-27T11:06:35","date_gmt":"2025-03-27T03:06:35","guid":{"rendered":"https:\/\/zojopackaging.com\/?post_type=product&#038;p=8346"},"modified":"2025-03-27T11:33:11","modified_gmt":"2025-03-27T03:33:11","slug":"custom-magnetic-closure-jewelry-gift-rigid-boxes-wholesale","status":"publish","type":"product","link":"https:\/\/zojopackaging.com\/pl\/product\/custom-magnetic-closure-jewelry-gift-rigid-boxes-wholesale\/","title":{"rendered":"Niestandardowe sztywne pude\u0142ka na bi\u017cuteri\u0119 z zamkni\u0119ciem magnetycznym Hurtownia"},"content":{"rendered":"<h3 id=\"customized-magnetic-closure-jewelry-gift-hard-box-wholesale-product-instructions\">Dostosowane zamkni\u0119cie magnetyczne Bi\u017cuteria Prezent Sztywne pude\u0142ko Hurtownia<\/h3>\n<h4 id=\"-i-core-materials-and-environmental-certification-\"><strong>I. Podstawowe materia\u0142y i certyfikacja \u015brodowiskowa<\/strong><\/h4>\n<ol>\n<li>1200 GSM Grey Board + 157 GSM Coated Art Paper Composite Process<\/li>\n<li>Dzi\u0119ki zastosowaniu szarej p\u0142yty o wysokiej g\u0119sto\u015bci 1200 GSM jako ramy g\u0142\u00f3wnej, z procesem laminowania papieru powlekanego 157 GSM, twardo\u015b\u0107 korpusu pude\u0142ka osi\u0105ga Shaw D80 lub wi\u0119cej, no\u015bno\u015b\u0107 przekracza 8 kg i mo\u017ce by\u0107 uk\u0142adana w stos 5 warstw bez deformacji.<\/li>\n<li>Materia\u0142 przeszed\u0142 certyfikacj\u0119 le\u015bn\u0105 FSC i normy ochrony \u015brodowiska RoHS. Powierzchnia powlekanego papieru jest zadrukowana atramentem na bazie wody i nie ma pozosta\u0142o\u015bci rozpuszczalnika benzenowego, co spe\u0142nia wymogi ochrony \u015brodowiska okre\u015blone w przepisach UE REACH dotycz\u0105cych opakowa\u0144 bi\u017cuterii.<\/li>\n<\/ol>\n<h4 id=\"-ii-double-sided-visual-system-design-\"><strong>2. Dwustronna konstrukcja systemu wizualnego<\/strong><\/h4>\n<ol>\n<li>Przyjazne dla \u015brodowiska rozwi\u0105zanie do druku dwustronnego<\/li>\n<li>G\u0142\u00f3wnym kolorem jest gradientowa kombinacja zieleni Morandi i jasnej zieleni trawiastej, z warto\u015bci\u0105 r\u00f3\u017cnicy kolor\u00f3w \u0394E\u22641,2 (kalibracja karty kolor\u00f3w Pantone), a dwustronny druk ca\u0142ostronicowy zmniejsza kontrast wizualny. Po testach in\u017cynieryjnych czynnik\u00f3w ludzkich mo\u017ce zmniejszy\u0107 wska\u017anik zm\u0119czenia wzroku konsumenta o 37%.<\/li>\n<li>Proces drukowania wykorzystuje lokalny lakier UV + matow\u0105 pow\u0142ok\u0119, kt\u00f3ra nie tylko podkre\u015bla tr\u00f3jwymiarowy po\u0142ysk LOGO marki, ale tak\u017ce przekazuje koncepcj\u0119 ochrony \u015brodowiska poprzez matow\u0105 tekstur\u0119.<\/li>\n<\/ol>\n<h4 id=\"-three-branded-package-system-construction-\"><strong>3. Markowa konstrukcja systemu opakowa\u0144<\/strong><\/h4>\n<ol>\n<li>Pude\u0142ko upominkowe + torba upominkowa<\/li>\n<li>Opracuj stopniowany system pude\u0142ek (np. 1 sztuka\/3 sztuki\/5 sztuk), pasuj\u0105cy do tej samej serii toreb upominkowych z w\u0142\u00f3kniny, i wydrukuj pomocnicz\u0105 grafik\u0119 marki oraz deklaracje dotycz\u0105ce ochrony \u015brodowiska na korpusie torby, aby stworzy\u0107 pe\u0142n\u0105 ekspozycj\u0119 marki od rozpakowania do noszenia.<\/li>\n<li>Obs\u0142uguje jednoczesne dostosowywanie typ\u00f3w pude\u0142ek i toreb, takich jak pude\u0142ko magnetyczne z klapk\u0105 i torebk\u0105 w stylu koperty lub pude\u0142ko w kszta\u0142cie ksi\u0105\u017cki z torb\u0105 ze sznurkiem, co jest odpowiednie dla r\u00f3\u017cnych scenariuszy, takich jak wesela i biznes.<\/li>\n<\/ol>\n<h4 id=\"-four-high-recognition-detail-upgrade-\"><strong>4. Wysoka szczeg\u00f3\u0142owo\u015b\u0107 rozpoznawania<\/strong><\/h4>\n<ol>\n<li>Konfigurowalny system ta\u015bm<\/li>\n<li>Zapewnia 6 rodzaj\u00f3w materia\u0142\u00f3w wst\u0105\u017cki, takich jak satyna, prz\u0119dza \u015bnie\u017cna i w\u0142\u00f3kno z recyklingu, obs\u0142uguje bezp\u0142atne dostosowywanie szeroko\u015bci od 3 mm do 50 mm i mo\u017ce grawerowa\u0107 laserowo nazwy marek lub wyt\u0142acza\u0107 ciemne wzory, co zwi\u0119ksza rozpoznawalno\u015b\u0107 200%.<\/li>\n<li>Oryginalna konstrukcja \"klamry pozycjonuj\u0105cej wst\u0105\u017ck\u0119\" zapewnia, \u017ce wst\u0105\u017cka pozostaje prosta po z\u0142o\u017ceniu, rozwi\u0105zuj\u0105c problem, \u017ce tradycyjna wst\u0105\u017cka do pakowania jest \u0142atwa do poluzowania.<\/li>\n<\/ol>\n<h4 id=\"-v-all-dimensional-protection-system-\"><strong>5. Wszechwymiarowy system ochrony<\/strong><\/h4>\n<ol>\n<li>Antysejsmiczny system ok\u0142adzin g\u0105bkowych<\/li>\n<li>Podszewka z dzielonej g\u0105bki EVA ma g\u0119sto\u015b\u0107 45D\u00b12, a rowki s\u0105 dostosowane do konturu bi\u017cuterii. Test wibracyjny wykaza\u0142, \u017ce mo\u017ce wytrzyma\u0107 uderzenie o warto\u015bci G 0,5, a wska\u017anik uszkodze\u0144 transportowych jest mniejszy ni\u017c 0,3%.<\/li>\n<li>Podszewka ma dwuwarstwow\u0105 konstrukcj\u0119: g\u00f3rna warstwa flokowanej tkaniny jest odporna na zarysowania, a dolna warstwa tektury o strukturze plastra miodu poch\u0142ania wstrz\u0105sy, co jest odpowiednie dla delikatnej bi\u017cuterii i produkt\u00f3w z metali szlachetnych.<\/li>\n<\/ol>\n<h4 id=\"-sixth-factory-direct-supply-advantages-\"><strong>6. Zalety bezpo\u015brednich dostaw fabrycznych<\/strong><\/h4>\n<ol>\n<li><strong>Wzmocnienie pozycji klastra przemys\u0142owego delty Rzeki Per\u0142owej<\/strong><\/li>\n<li>Opieraj\u0105c si\u0119 na pasach przemys\u0142owych do pakowania, takich jak Dongguan i Yiwu (takich jak Dongguan Zhongkai Packaging na stronie 3 i Yiwu Rongshan Packaging na stronie 6), ca\u0142y proces projektowania, sprawdzania i masowej produkcji mo\u017ce zosta\u0107 zrealizowany w ci\u0105gu 72 godzin, czyli o 5 dni roboczych kr\u00f3cej ni\u017c w tradycyjnym trybie.<\/li>\n<li>Minimalna cena zam\u00f3wienia dla 10 000 sztuk wynosi zaledwie 1,2 juana za zestaw (w tym korpus pude\u0142ka + podszewka + wst\u0105\u017cka), wspieraj\u0105c transgraniczne us\u0142ugi logistyczne DDP, a cykl transportu od drzwi do drzwi w Ameryce P\u00f3\u0142nocnej zosta\u0142 skr\u00f3cony do 12 dni.<\/li>\n<\/ol>\n<h4 id=\"-vii-customized-service-process-\"><strong>7. Spersonalizowany proces obs\u0142ugi<\/strong><\/h4>\n<ul>\n<li><strong>Wsp\u00f3\u0142praca przy projektowaniu<\/strong>: Marka dostarcza inspiruj\u0105ce zdj\u0119cia lub s\u0142owa kluczowe, a zesp\u00f3\u0142 projektowy przygotowuje 3 zestawy rozwi\u0105za\u0144 (w tym renderingi 3D) w ci\u0105gu 48 godzin.<\/li>\n<li><strong>Elastyczna produkcja<\/strong>: W pe\u0142ni automatyczna maszyna sztancuj\u0105ca + magnetyczna linia monta\u017cowa ss\u0105ca, o dziennej zdolno\u015bci produkcyjnej 50 000 zestaw\u00f3w, obs\u0142uguj\u0105ca elastyczne zam\u00f3wienia od 500 do 100 000 sztuk.<\/li>\n<li><strong>Standardy kontroli jako\u015bci<\/strong>: Przeszed\u0142 certyfikacj\u0119 systemu jako\u015bci ISO9001, wyposa\u017cony w spektrofotometr i tester kropli, aby zapewni\u0107 sp\u00f3jno\u015b\u0107 partii.<\/li>\n<\/ul>","protected":false},"excerpt":{"rendered":"<p>Przyjazny dla \u015brodowiska dwustronny nadruk na papierze z recyklingu z certyfikatem FSC, zestaw pude\u0142ek upominkowych zawiera sitodrukow\u0105 ta\u015bm\u0119 LOGO, kt\u00f3ra zmniejsza zm\u0119czenie wzroku i umo\u017cliwia personalizacj\u0119 w pe\u0142nym rozmiarze.<\/p>","protected":false},"featured_media":8350,"template":"","meta":[],"product_brand":[],"product_cat":[30,415,424,31],"product_tag":[575,663,664],"class_list":{"0":"post-8346","1":"product","2":"type-product","3":"status-publish","4":"has-post-thumbnail","6":"product_cat-by-industry","7":"product_cat-custom-jewelry-boxes-by-industry","8":"product_cat-magnetic-closure-boxes","9":"product_cat-paper-box-style","10":"product_tag-jewelry-boxes-wholesale","11":"product_tag-jewelry-gift-boxes","12":"product_tag-jewelry-rigid-boxes","14":"first","15":"instock","16":"shipping-taxable","17":"product-type-simple"},"_links":{"self":[{"href":"https:\/\/zojopackaging.com\/pl\/wp-json\/wp\/v2\/product\/8346","targetHints":{"allow":["GET"]}}],"collection":[{"href":"https:\/\/zojopackaging.com\/pl\/wp-json\/wp\/v2\/product"}],"about":[{"href":"https:\/\/zojopackaging.com\/pl\/wp-json\/wp\/v2\/types\/product"}],"version-history":[{"count":1,"href":"https:\/\/zojopackaging.com\/pl\/wp-json\/wp\/v2\/product\/8346\/revisions"}],"predecessor-version":[{"id":8353,"href":"https:\/\/zojopackaging.com\/pl\/wp-json\/wp\/v2\/product\/8346\/revisions\/8353"}],"wp:featuredmedia":[{"embeddable":true,"href":"https:\/\/zojopackaging.com\/pl\/wp-json\/wp\/v2\/media\/8350"}],"wp:attachment":[{"href":"https:\/\/zojopackaging.com\/pl\/wp-json\/wp\/v2\/media?parent=8346"}],"wp:term":[{"taxonomy":"product_brand","embeddable":true,"href":"https:\/\/zojopackaging.com\/pl\/wp-json\/wp\/v2\/product_brand?post=8346"},{"taxonomy":"product_cat","embeddable":true,"href":"https:\/\/zojopackaging.com\/pl\/wp-json\/wp\/v2\/product_cat?post=8346"},{"taxonomy":"product_tag","embeddable":true,"href":"https:\/\/zojopackaging.com\/pl\/wp-json\/wp\/v2\/product_tag?post=8346"}],"curies":[{"name":"wp","href":"https:\/\/api.w.org\/{rel}","templated":true}]}}