{"id":8354,"date":"2025-03-27T11:34:12","date_gmt":"2025-03-27T03:34:12","guid":{"rendered":"https:\/\/zojopackaging.com\/?post_type=product&#038;p=8354"},"modified":"2025-03-27T12:08:41","modified_gmt":"2025-03-27T04:08:41","slug":"custom-lotion-foundation-cosmetic-makeup-set-box-wholesale","status":"publish","type":"product","link":"https:\/\/zojopackaging.com\/pl\/product\/custom-lotion-foundation-cosmetic-makeup-set-box-wholesale\/","title":{"rendered":"Niestandardowy zestaw kosmetyk\u00f3w do makija\u017cu Lotion Foundation Wholesale"},"content":{"rendered":"<h3 id=\"customized-lotion-foundation-makeup-set-box-wholesale-product-instructions\">Dostosowany balsam do makija\u017cu zestaw do makija\u017cu hurtowo<\/h3>\n<h4 id=\"-i-innovative-structural-design-and-functional-optimization-\"><strong>I. Innowacyjny projekt strukturalny i optymalizacja funkcjonalna<\/strong><\/h4>\n<ol>\n<li><strong>System szuflad na papier<\/strong><\/li>\n<li>Zastosowano w nim warstwow\u0105 konstrukcj\u0119 szuflady o wsp\u00f3\u0142czynniku oporu \u015blizgowego \u22640,15 N, a p\u0142ynno\u015b\u0107 otwierania i zamykania zosta\u0142a zwi\u0119kszona o 60%. Operacj\u0119 pobierania przedmiot\u00f3w mo\u017cna wykona\u0107 jedn\u0105 r\u0119k\u0105, co doskonale nadaje si\u0119 do produkt\u00f3w cylindrycznych, takich jak butelki z balsamem i s\u0142oiki z podk\u0142adem.<\/li>\n<li>Wewn\u0105trz korpusu pude\u0142ka znajduje si\u0119 antypo\u015blizgowa klamra, kt\u00f3ra nie odkszta\u0142ca si\u0119 po 5000 testach papieru do szuflad, ma no\u015bno\u015b\u0107 3 kg i mo\u017ce by\u0107 uk\u0142adana w stosy w celu przechowywania wielu produkt\u00f3w do makija\u017cu.<\/li>\n<li><strong>System ochrony przed matow\u0105 pow\u0142ok\u0105<\/strong><\/li>\n<li>Powierzchnia jest pokryta matow\u0105 pow\u0142ok\u0105 na bazie wody, kt\u00f3ra tworzy hydrofobow\u0105 warstw\u0119 w skali nano. Zosta\u0142a przetestowana pod k\u0105tem odporno\u015bci na przenikanie p\u0142yn\u00f3w, takich jak olej jadalny i pot, i nie blaknie ani nie wypacza si\u0119 po przechowywaniu w \u015brodowisku o wilgotno\u015bci 40 \u2103 \/ 75% przez 12 miesi\u0119cy.<\/li>\n<li>W po\u0142\u0105czeniu z przyjaznym dla \u015brodowiska drukiem atramentem sojowym, przeszed\u0142 standardy bezpiecze\u0144stwa \u017cywno\u015bci certyfikowane przez SGS i mo\u017ce bezpo\u015brednio styka\u0107 si\u0119 z zewn\u0119trznym opakowaniem kosmetyk\u00f3w.<\/li>\n<\/ol>\n<h4 id=\"-second-brand-visual-system-construction-\"><strong>2. Budowa systemu wizualnego Drand<\/strong><\/h4>\n<ol>\n<li><strong>Precyzyjne drukowanie wizualizacji sk\u0142adnik\u00f3w<\/strong><\/li>\n<li>Wykorzystuj\u0105c technologi\u0119 sze\u015bciokolorowego druku offsetowego (CMYK + kolor spotowy), r\u00f3\u017cnica kolor\u00f3w jest kontrolowana do \u0394E\u22641,0, a schemat struktury molekularnej i opis skuteczno\u015bci sk\u0142adnik\u00f3w aktywnych (takich jak kwas hialuronowy i niacynamid) s\u0105 drukowane bezpo\u015brednio na powierzchni pude\u0142ka, co zwi\u0119ksza zaufanie konsument\u00f3w o 45%.<\/li>\n<li>Oryginalny projekt \"etykiety z przezroczystym okienkiem\" otwiera przezroczyste okienko z boku pude\u0142ka, aby jednocze\u015bnie wy\u015bwietla\u0107 rzeczywisty produkt i dane sk\u0142adnik\u00f3w wewn\u0105trz.<\/li>\n<li><strong>Indywidualny system identyfikacji ta\u015bmy<\/strong><\/li>\n<li>Zapewnia 8 rodzaj\u00f3w materia\u0142\u00f3w ta\u015bmowych, takich jak satyna, prz\u0119dza \u015bnie\u017cna i folia laserowa, obs\u0142uguje dostosowywanie szeroko\u015bci 3 mm-30 mm i mo\u017ce grawerowa\u0107 laserowo slogany marki lub wyt\u0142acza\u0107 ciemne wzory zapobiegaj\u0105ce podrabianiu.<\/li>\n<li>Innowacyjna struktura \"gniazda karty pozycjonuj\u0105cej ta\u015bm\u0119\" zapewnia sztywno\u015b\u0107 ta\u015bmy po z\u0142o\u017ceniu \u226590%, rozwi\u0105zuj\u0105c problem \u0142atwego marszczenia si\u0119 tradycyjnych ta\u015bm pakowych.<\/li>\n<\/ol>\n<h4 id=\"-three-full-dimensional-protection-and-customization-services-\"><strong>3. Pe\u0142nowymiarowa ochrona i us\u0142ugi dostosowywania<\/strong><\/h4>\n<ol>\n<li><strong>System ok\u0142adzin antysejsmicznych EVA<\/strong><\/li>\n<li>Zastosowano dzielon\u0105 wy\u015bci\u00f3\u0142k\u0119 EVA (g\u0119sto\u015b\u0107 35D\u00b12) i dostosowano warstw\u0119 buforow\u0105 o strukturze plastra miodu do kszta\u0142tu produktu. Test wibracyjny wykaza\u0142, \u017ce mo\u017ce wytrzyma\u0107 uderzenie o warto\u015bci G 0,7, a wska\u017anik uszkodze\u0144 transportowych jest mniejszy ni\u017c 0,2%.<\/li>\n<li>Podszewka ma dwuwarstwow\u0105 struktur\u0119 kompozytow\u0105: g\u00f3rna warstwa tkaniny flokowanej jest odporna na zarysowania (wsp\u00f3\u0142czynnik tarcia \u2264 0,3), a dolna warstwa podk\u0142adki silikonowej jest antypo\u015blizgowa, odpowiednia dla delikatnych produkt\u00f3w, takich jak esencja szklanej butelki.<\/li>\n<li><strong>Elastyczne inteligentne rozwi\u0105zanie produkcyjne<\/strong><\/li>\n<li><strong>Elastyczne dostosowanie rozmiaru<\/strong>: Obs\u0142uguje pe\u0142ne dostosowanie rozmiaru od 5x5x3 cm do 30x20x15 cm, zaspokajaj\u0105c potrzeby pojedynczych zestaw\u00f3w szminek do dziesi\u0119ciocz\u0119\u015bciowych pude\u0142ek prezentowych do makija\u017cu.<\/li>\n<\/ol>\n<h4 id=\"-fourth-factory-direct-supply-service-guarantee-\"><strong>4. Gwarancja bezpo\u015bredniej dostawy fabrycznej<\/strong><\/h4>\n<ol>\n<li><strong>Wzmocnienie zintegrowanego \u0142a\u0144cucha dostaw<\/strong><\/li>\n<li><strong>Szybka reakcja<\/strong>: Zesp\u00f3\u0142 projektowy tworzy renderingi 3D w ci\u0105gu 24 godzin, ko\u0144czy proofing w ci\u0105gu 72 godzin, a cykl produkcji masowej skraca si\u0119 do 7 dni roboczych.<\/li>\n<li><strong>System kontroli jako\u015bci<\/strong>: Certyfikat jako\u015bci ISO9001.<\/li>\n<\/ol>","protected":false},"excerpt":{"rendered":"<p>1. Konstrukcja szuflady na papier i przesuwne otwieranie u\u0142atwiaj\u0105 u\u017cytkownikom otwieranie i zamykanie, co mo\u017ce skr\u00f3ci\u0107 czas obs\u0142ugi i poprawi\u0107 wra\u017cenia z rozpakowywania.<br \/>\n2. Powierzchnia jest pokryta matow\u0105 foli\u0105, kt\u00f3ra jest wodoodporna i olejoodporna, dzi\u0119ki czemu produkt mo\u017ce pozosta\u0107 nienaruszony nawet po d\u0142ugotrwa\u0142ym przechowywaniu<br \/>\n3. Akcesoria wst\u0105\u017ckowe zwi\u0119kszaj\u0105 pi\u0119kno i rozpoznawalno\u015b\u0107 marki oraz wzmacniaj\u0105 wra\u017cenie konsument\u00f3w o Twojej marce<br \/>\n4. Podszewka EVA mo\u017ce buforowa\u0107 i by\u0107 odporna na wstrz\u0105sy podczas transportu, chroni\u0105c produkty, aby mog\u0142y by\u0107 bezpiecznie dostarczone do r\u0105k u\u017cytkownika.<\/p>","protected":false},"featured_media":8357,"template":"","meta":[],"product_brand":[],"product_cat":[30,390,31,426],"product_tag":[667,665,666],"class_list":{"0":"post-8354","1":"product","2":"type-product","3":"status-publish","4":"has-post-thumbnail","6":"product_cat-by-industry","7":"product_cat-custom-cosmetics-boxes","8":"product_cat-paper-box-style","9":"product_cat-paper-drawer-boxes","10":"product_tag-cosmetic-makeup-set-box","11":"product_tag-custom-lotion-box","12":"product_tag-foundation-box-wholesale","14":"first","15":"instock","16":"shipping-taxable","17":"product-type-simple"},"_links":{"self":[{"href":"https:\/\/zojopackaging.com\/pl\/wp-json\/wp\/v2\/product\/8354","targetHints":{"allow":["GET"]}}],"collection":[{"href":"https:\/\/zojopackaging.com\/pl\/wp-json\/wp\/v2\/product"}],"about":[{"href":"https:\/\/zojopackaging.com\/pl\/wp-json\/wp\/v2\/types\/product"}],"version-history":[{"count":1,"href":"https:\/\/zojopackaging.com\/pl\/wp-json\/wp\/v2\/product\/8354\/revisions"}],"predecessor-version":[{"id":8361,"href":"https:\/\/zojopackaging.com\/pl\/wp-json\/wp\/v2\/product\/8354\/revisions\/8361"}],"wp:featuredmedia":[{"embeddable":true,"href":"https:\/\/zojopackaging.com\/pl\/wp-json\/wp\/v2\/media\/8357"}],"wp:attachment":[{"href":"https:\/\/zojopackaging.com\/pl\/wp-json\/wp\/v2\/media?parent=8354"}],"wp:term":[{"taxonomy":"product_brand","embeddable":true,"href":"https:\/\/zojopackaging.com\/pl\/wp-json\/wp\/v2\/product_brand?post=8354"},{"taxonomy":"product_cat","embeddable":true,"href":"https:\/\/zojopackaging.com\/pl\/wp-json\/wp\/v2\/product_cat?post=8354"},{"taxonomy":"product_tag","embeddable":true,"href":"https:\/\/zojopackaging.com\/pl\/wp-json\/wp\/v2\/product_tag?post=8354"}],"curies":[{"name":"wp","href":"https:\/\/api.w.org\/{rel}","templated":true}]}}