{"id":8362,"date":"2025-03-27T12:10:51","date_gmt":"2025-03-27T04:10:51","guid":{"rendered":"https:\/\/zojopackaging.com\/?post_type=product&#038;p=8362"},"modified":"2025-03-27T13:49:20","modified_gmt":"2025-03-27T05:49:20","slug":"high-quality-custom-drawer-paper-jewellery-boxes-wholesale","status":"publish","type":"product","link":"https:\/\/zojopackaging.com\/pl\/product\/high-quality-custom-drawer-paper-jewellery-boxes-wholesale\/","title":{"rendered":"Wysokiej jako\u015bci niestandardowe papierowe pude\u0142ka na bi\u017cuteri\u0119 hurtowo"},"content":{"rendered":"<h3 id=\"high-end-custom-drawer-type-jewelry-box-wholesale-product-instructions\">Wysokiej jako\u015bci niestandardowe papierowe pude\u0142ko na bi\u017cuteri\u0119 hurtowo<\/h3>\n<h4 id=\"-i-innovative-structure-and-material-technology-\"><strong>I. Innowacyjna struktura i technologia materia\u0142owa<\/strong><\/h4>\n<ol>\n<li><strong>System szuflad z prowadnicami do papieru<\/strong>\u00a0Zastosowano w nim warstwow\u0105, wysuwan\u0105 konstrukcj\u0119 o wsp\u00f3\u0142czynniku oporu \u015blizgowego \u22640,15 N, kt\u00f3r\u0105 mo\u017cna p\u0142ynnie otwiera\u0107 i zamyka\u0107 jedn\u0105 r\u0119k\u0105. Korpus skrzynki jest wyposa\u017cony w klamr\u0119 zapobiegaj\u0105c\u0105 spadaniu. Nie odkszta\u0142ca si\u0119 po 5000 pr\u00f3bach wyci\u0105gania, a no\u015bno\u015b\u0107 si\u0119ga 3 kg. Nadaje si\u0119 do pier\u015bcionk\u00f3w, naszyjnik\u00f3w, bransoletek i innej bi\u017cuterii.<\/li>\n<li><strong>Wzmocnienie materia\u0142u<\/strong>: 1200 GSM szara p\u0142yta o wysokiej g\u0119sto\u015bci i 157 GSM powlekany papier kompozytowy, twardo\u015b\u0107 korpusu pude\u0142ka osi\u0105ga Shaw D85, przeszed\u0142 certyfikacj\u0119 le\u015bn\u0105 FSC i normy ochrony \u015brodowiska RoHS oraz obs\u0142uguje 5-warstwowe przechowywanie w stosie.<\/li>\n<li><strong>Wysokowydajna technologia utwardzania punktowego UV<\/strong>\u00a0Lokalny proces lakierowania UV mo\u017ce osi\u0105gn\u0105\u0107 3 sekundy szybkiego utwardzania. W po\u0142\u0105czeniu z w pe\u0142ni automatyczn\u0105 lini\u0105 do laminowania, wydajno\u015b\u0107 suszenia jest zwi\u0119kszona przez 70% i obs\u0142uguje ci\u0105g\u0142y druk oraz t\u0142oczenie na gor\u0105co i wyt\u0142aczanie. Operacja synchronizacji po zako\u0144czeniu procesu, dzienna zdolno\u015b\u0107 produkcyjna przekracza 50 000 sztuk.<\/li>\n<\/ol>\n<h4 id=\"-2-brand-identification-and-protection-system-\"><strong>2. System identyfikacji i ochrony marki<\/strong><\/h4>\n<ol>\n<li><strong>Indywidualny system wizualizacji wst\u0119gowej<\/strong>\u00a0Zapewnia 8 rodzaj\u00f3w materia\u0142\u00f3w ta\u015bmowych, takich jak satyna, prz\u0119dza \u015bnie\u017cna, folia laserowa itp., obs\u0142uguje bezp\u0142atne dostosowywanie szeroko\u015bci 3 mm-50 mm, mo\u017ce grawerowa\u0107 laserowo LOGO marki lub wyt\u0142acza\u0107 ciemny wz\u00f3r zapobiegaj\u0105cy podrabianiu, oryginaln\u0105 konstrukcj\u0119 \"gniazda karty pozycjonuj\u0105cej ta\u015bm\u0119\", a wsp\u00f3\u0142czynnik retencji sztywno\u015bci po z\u0142o\u017ceniu wynosi \u226590%.<\/li>\n<li><strong>Antysejsmiczna wy\u015bci\u00f3\u0142ka z flokowanej pianki EVA<\/strong>\u00a0Dzielona wy\u015bci\u00f3\u0142ka flokowana EVA (g\u0119sto\u015b\u0107 45D\u00b12), dostosowane rowki zgodnie z form\u0105 konturu bi\u017cuterii, mo\u017ce wytrzyma\u0107 si\u0142\u0119 uderzenia o warto\u015bci G 0,7, a wska\u017anik uszkodze\u0144 transportowych jest mniejszy ni\u017c 0,3%. Wsp\u00f3\u0142czynnik tarcia warstwy flokowanej powierzchni wynosi \u22640,3, aby unikn\u0105\u0107 zarysowa\u0144 metali szlachetnych i kamieni szlachetnych.<\/li>\n<\/ol>\n<h4 id=\"-iii-printing-technology-and-environmental-protection-adaptation-\"><strong>3. Technologia druku i dostosowanie do ochrony \u015brodowiska<\/strong><\/h4>\n<ol>\n<li><strong>Precyzyjny druk CMYK<\/strong>\u00a0Zastosowano sze\u015bciokolorow\u0105 technologi\u0119 druku offsetowego (CMYK + kolor punktowy), a kontrola r\u00f3\u017cnicy kolor\u00f3w \u0394E \u2264 1,0 obs\u0142uguje drukowanie schemat\u00f3w struktury molekularnej sk\u0142adnik\u00f3w aktywnych i projektowanie gradient\u00f3w oraz jest dopasowana do przyjaznego dla \u015brodowiska atramentu sojowego. Drukarka przesz\u0142a certyfikacj\u0119 bezpiecze\u0144stwa SGS i mo\u017ce bezpo\u015brednio kontaktowa\u0107 si\u0119 z bi\u017cuteri\u0105.<\/li>\n<li><strong>Przyjazny dla \u015brodowiska atrament i degradowalny proces<\/strong>\u00a0Atrament na bazie wody stanowi ponad 80%, emisja LZO jest mniejsza ni\u017c 50 g\/l, zgodnie z unijnymi przepisami REACH, a materia\u0142 podszewki wspomaga biodegradacj\u0119, realizuj\u0105c koncepcj\u0119 ekologicznego opakowania.<\/li>\n<\/ol>\n<h4 id=\"-iv-flexible-customization-and-production-guarantee-\"><strong>4. Elastyczne dostosowywanie i gwarancja produkcji<\/strong><\/h4>\n<ol>\n<li><strong>Nieograniczona us\u0142uga dostosowywania wymiar\u00f3w<\/strong><\/li>\n<li><strong>Dostosowanie rozmiaru<\/strong>: Obejmuje pe\u0142ne specyfikacje od 5x5x3 cm do 30x20x15 cm, wspieraj\u0105c jednoczesne opracowywanie wielu typ\u00f3w pude\u0142ek, takich jak typ ksi\u0105\u017cki, klapka oraz g\u00f3rna i dolna pokrywa;<\/li>\n<li><strong>Wsp\u00f3\u0142praca przy projektowaniu<\/strong>: Marka dostarcza inspiruj\u0105ce zdj\u0119cia lub s\u0142owa kluczowe, a zesp\u00f3\u0142 projektant\u00f3w tworzy renderingi 3D 24 godziny na dob\u0119, wspieraj\u0105c pe\u0142n\u0105 personalizacj\u0119 LOGO, wzor\u00f3w i tekstu.<\/li>\n<li><strong>Niezwykle szybka dostawa i przewaga kosztowa<\/strong><\/li>\n<li><strong>Bezpo\u015brednia dostawa z fabryki \u017ar\u00f3d\u0142owej<\/strong>: Opieraj\u0105c si\u0119 na klastrze przemys\u0142owym Pearl River Delta, cena jednostkowa 10 000 sztuk zam\u00f3wie\u0144 wynosi zaledwie 1,2 juana \/ zestaw, oszcz\u0119dzaj\u0105c 30% koszt\u00f3w w por\u00f3wnaniu z tradycyjnym modelem;<\/li>\n<li><strong>System weryfikacji pr\u00f3bek<\/strong>: Prototypowanie i kontrola jako\u015bci s\u0105 zako\u0144czone w ci\u0105gu 3 dni roboczych, a dostawa masowej produkcji jest zako\u0144czona w ci\u0105gu 5-7 dni roboczych po potwierdzeniu, a przyspieszone zam\u00f3wienia mo\u017cna skr\u00f3ci\u0107 do 72 godzin.<\/li>\n<\/ol>\n<h4 id=\"-v-application-scenarios-and-competitiveness-\"><strong>5. Scenariusze zastosowa\u0144 i konkurencyjno\u015b\u0107<\/strong><\/h4>\n<ul>\n<li><strong>Warto\u015b\u0107 podstawowa<\/strong>: Dzi\u0119ki innowacyjnemu pude\u0142ku z szufladami, markowemu systemowi wst\u0105\u017cek i podszewce antysejsmicznej, pom\u00f3\u017c markom bi\u017cuterii zwi\u0119kszy\u0107 ich premi\u0119 o 20%-30%;<\/li>\n<li><strong>Obowi\u0105zuj\u0105ce pola<\/strong>: transgraniczny handel elektroniczny, luksusowe lady, personalizacja bi\u017cuterii \u015blubnej.<\/li>\n<\/ul>","protected":false},"excerpt":{"rendered":"<p>1. Szuflada Konstrukcja pude\u0142ka na papier, przesuwana w celu otwarcia, u\u0142atwia u\u017cytkownikom otwieranie i zamykanie, zwi\u0119kszaj\u0105c komfort rozpakowywania.<br \/>\n2. Akcesoria do wst\u0105\u017cek Wst\u0105\u017cki podkre\u015blaj\u0105 pi\u0119kno i rozpoznawalno\u015b\u0107 marki oraz wzmacniaj\u0105 wra\u017cenie konsument\u00f3w o Twojej marce<br \/>\n3. Punktowe promieniowanie UV, w pe\u0142ni utwardzone w ci\u0105gu kilku sekund, znacznie skracaj\u0105ce czas schni\u0119cia, wspomagaj\u0105ce drukowanie ci\u0105g\u0142e i obr\u00f3bk\u0119 ko\u0144cow\u0105, znacznie poprawiaj\u0105ce wydajno\u015b\u0107 produkcji.<\/p>","protected":false},"featured_media":8365,"template":"","meta":[],"product_brand":[],"product_cat":[30,415,31,426],"product_tag":[669,668,670],"class_list":{"0":"post-8362","1":"product","2":"type-product","3":"status-publish","4":"has-post-thumbnail","6":"product_cat-by-industry","7":"product_cat-custom-jewelry-boxes-by-industry","8":"product_cat-paper-box-style","9":"product_cat-paper-drawer-boxes","10":"product_tag-custom-jewellery-boxes","11":"product_tag-jewellery-boxes-wholesale","12":"product_tag-jewellery-drawer-paper-boxes","14":"first","15":"instock","16":"shipping-taxable","17":"product-type-simple"},"_links":{"self":[{"href":"https:\/\/zojopackaging.com\/pl\/wp-json\/wp\/v2\/product\/8362","targetHints":{"allow":["GET"]}}],"collection":[{"href":"https:\/\/zojopackaging.com\/pl\/wp-json\/wp\/v2\/product"}],"about":[{"href":"https:\/\/zojopackaging.com\/pl\/wp-json\/wp\/v2\/types\/product"}],"version-history":[{"count":1,"href":"https:\/\/zojopackaging.com\/pl\/wp-json\/wp\/v2\/product\/8362\/revisions"}],"predecessor-version":[{"id":8369,"href":"https:\/\/zojopackaging.com\/pl\/wp-json\/wp\/v2\/product\/8362\/revisions\/8369"}],"wp:featuredmedia":[{"embeddable":true,"href":"https:\/\/zojopackaging.com\/pl\/wp-json\/wp\/v2\/media\/8365"}],"wp:attachment":[{"href":"https:\/\/zojopackaging.com\/pl\/wp-json\/wp\/v2\/media?parent=8362"}],"wp:term":[{"taxonomy":"product_brand","embeddable":true,"href":"https:\/\/zojopackaging.com\/pl\/wp-json\/wp\/v2\/product_brand?post=8362"},{"taxonomy":"product_cat","embeddable":true,"href":"https:\/\/zojopackaging.com\/pl\/wp-json\/wp\/v2\/product_cat?post=8362"},{"taxonomy":"product_tag","embeddable":true,"href":"https:\/\/zojopackaging.com\/pl\/wp-json\/wp\/v2\/product_tag?post=8362"}],"curies":[{"name":"wp","href":"https:\/\/api.w.org\/{rel}","templated":true}]}}