{"id":8370,"date":"2025-03-27T13:49:35","date_gmt":"2025-03-27T05:49:35","guid":{"rendered":"https:\/\/zojopackaging.com\/?post_type=product&#038;p=8370"},"modified":"2025-03-27T14:26:28","modified_gmt":"2025-03-27T06:26:28","slug":"custom-face-cleanser-skin-care-packaging-boxes-wholesale","status":"publish","type":"product","link":"https:\/\/zojopackaging.com\/pl\/product\/custom-face-cleanser-skin-care-packaging-boxes-wholesale\/","title":{"rendered":"Niestandardowe opakowania do piel\u0119gnacji twarzy Pude\u0142ka hurtowe"},"content":{"rendered":"<h3 id=\"high-end-customized-cleanser-skin-care-product-box-with-lid-and-top-cover-wholesale-product-manual\">Wysokiej jako\u015bci spersonalizowane pude\u0142ko na produkty do piel\u0119gnacji sk\u00f3ry z pokrywk\u0105 i podstaw\u0105 hurtow\u0105<\/h3>\n<h4 id=\"-i-innovative-box-type-and-protection-system-\"><strong>1. Innowacyjny typ skrzynki i system ochrony<\/strong><\/h4>\n<ol>\n<li><strong>Pokrywa i podstawa pude\u0142ka <\/strong>\u00a0Precyzyjnie zagnie\u017cd\u017cona konstrukcja g\u00f3rnej i dolnej pokrywy, z tolerancj\u0105 kontrolowan\u0105 na poziomie \u00b10,3 mm, wsp\u00f3\u0142czynnikiem odporno\u015bci na otwieranie i zamykanie \u22640,2 N oraz brakiem deformacji po 5000 test\u00f3w otwierania i zamykania. Gniazda kart antykolizyjnych s\u0105 umieszczone w pude\u0142ku, aby zmniejszy\u0107 wska\u017anik kolizji produkt\u00f3w podczas transportu przez 90%.<\/li>\n<li><strong>Wzmocnienie materia\u0142u<\/strong>: Sztywna tektura 1200 GSM i powlekany papier artystyczny 157 GSM, twardo\u015b\u0107 korpusu pude\u0142ka osi\u0105ga Shaw D85, g\u0142adko\u015b\u0107 powierzchni \u2265300 sekund (metoda Bekk) i obs\u0142uguje dok\u0142adne drukowanie kolor\u00f3w dodatkowych Pantone i kolor\u00f3w gradientowych.<\/li>\n<li><strong>Przyjazny dla \u015brodowiska kartonowy wewn\u0119trzny system no\u015bny<\/strong>\u00a0Podszewka z kartonu 450 GSM z recyklingu z certyfikatem FSC, dostosowana do kszta\u0142tu butelki ze \u015brodkiem czyszcz\u0105cym i \u015bci\u0119tymi kraw\u0119dziami, aby unikn\u0105\u0107 zarysowa\u0144. W po\u0142\u0105czeniu z warstw\u0105 flokowan\u0105 EVA (wsp\u00f3\u0142czynnik tarcia \u2264 0,3), uzyskano podw\u00f3jn\u0105 ochron\u0119 amortyzuj\u0105c\u0105, a test wibracji wykaza\u0142, \u017ce mo\u017ce wytrzyma\u0107 uderzenie o warto\u015bci G 0,6.<\/li>\n<\/ol>\n<h4 id=\"-ii-visual-technology-and-brand-recognition-\"><strong>2. Technologia wizualna i rozpoznawalno\u015b\u0107 marki<\/strong><\/h4>\n<ol>\n<li><strong>Modernizacja technologii t\u0142oczenia na gor\u0105co<\/strong>\u00a0Przyj\u0119cie technologii termotransferowego t\u0142oczenia na gor\u0105co, grubo\u015b\u0107 z\u0142otej folii wynosi 0,15 mm, minimalna rozdzielczo\u015b\u0107 tekstu wynosi 0,2 mm, w po\u0142\u0105czeniu z technologi\u0105 pokrywania matow\u0105 foli\u0105, odporno\u015b\u0107 na zu\u017cycie jest ponad 500 razy. Obs\u0142uga t\u0142oczenia 3D na gor\u0105co, tr\u00f3jwymiarowa g\u0142\u0119boko\u015b\u0107 wynosi 0,5 mm, a pami\u0119\u0107 dotykowa LOGO marki jest ulepszona.<\/li>\n<li><strong>Kolorystyka przyjazna dla \u015brodowiska<\/strong>\u00a0Wykorzystuj\u0105c atrament na bazie wody z technologi\u0105 utwardzania UV, kontrola r\u00f3\u017cnicy kolor\u00f3w \u0394E\u22641,0 (kalibracja spektrofotometru), emisja LZO jest mniejsza ni\u017c 50 g \/ L, zgodnie z przepisami UE REACH. Obs\u0142uga drukowania w wysokiej rozdzielczo\u015bci schemat\u00f3w struktury molekularnej komponent\u00f3w, poprawa zaufania konsument\u00f3w dzi\u0119ki 45%.<\/li>\n<\/ol>\n<h4 id=\"-three-flexible-intelligent-manufacturing-and-production-efficiency-\"><strong>3. Elastyczna, inteligentna produkcja i wydajno\u015b\u0107 produkcji<\/strong><\/h4>\n<ol>\n<li><strong>Pe\u0142nowymiarowa us\u0142uga dostosowywania<\/strong><\/li>\n<li><strong>Dostosowanie rozmiaru<\/strong>: Obejmuje specyfikacje \u015brodk\u00f3w czyszcz\u0105cych 50 ml-200 ml, obs\u0142uguje cylindryczne butelki, kwadratowe butelki, w\u0119\u017ce i inne opakowania wieloformatowe;<\/li>\n<li><strong>Rozw\u00f3j typu pude\u0142kowego<\/strong>: Dostarczamy 12 podstawowych typ\u00f3w pude\u0142ek, takich jak pude\u0142ka w kszta\u0142cie ksi\u0105\u017cki, pude\u0142ka z szufladami, pude\u0142ka o specjalnych kszta\u0142tach, obs\u0142ugujemy modelowanie 3D i szybki proofing oraz dostarczamy fizyczne pr\u00f3bki w ci\u0105gu 72 godzin.<\/li>\n<li><strong>System zarz\u0105dzania produkcj\u0105 MES<\/strong>\u00a0Warsztat jest wyposa\u017cony w inteligentny modu\u0142 planowania produkcji, kt\u00f3ry umo\u017cliwia synchronizacj\u0119 w czasie rzeczywistym danych dotycz\u0105cych zam\u00f3wie\u0144, planowania i produkcji, skracaj\u0105c czas prze\u0142\u0105czania form do 15 minut i przekraczaj\u0105c 30 000 sztuk dziennie. Dzi\u0119ki monitorowaniu sprz\u0119tu IoT, wska\u017anik wydajno\u015bci kluczowych proces\u00f3w zosta\u0142 zwi\u0119kszony do 99,6%.<\/li>\n<\/ol>\n<h4 id=\"-fourth-direct-supply-from-the-source-and-cost-advantage-\"><strong>4. Bezpo\u015brednie dostawy ze \u017ar\u00f3d\u0142a i przewaga kosztowa<\/strong><\/h4>\n<ol>\n<li><strong>System zapewnienia jako\u015bci<\/strong>\u00a0Przeszed\u0142 certyfikacj\u0119 ISO9001, wyposa\u017cony w tester upadku (symulacja transportu na wysoko\u015bci 1,2 m) oraz komor\u0119 sta\u0142ej temperatury i wilgotno\u015bci (test \u015brodowiskowy 40 \u2103 \/ 75%RH), wska\u017anik kwalifikacji partii \u226599,8%.<\/li>\n<\/ol>\n<h4 id=\"-five-application-scenarios-and-competitiveness-\"><strong>5. Scenariusze zastosowa\u0144 i konkurencyjno\u015b\u0107<\/strong><\/h4>\n<ul>\n<li><strong>Warto\u015b\u0107 podstawowa<\/strong>: Dzi\u0119ki ochronnej strukturze g\u00f3rnej i dolnej pokrywy, procesowi t\u0142oczenia na gor\u0105co i elastycznej produkcji, pomaga zwi\u0119kszy\u0107 premi\u0119 marki o 25%-40%;<\/li>\n<li><strong>Obowi\u0105zuj\u0105ce kategorie<\/strong>: Krem oczyszczaj\u0105cy w butelce, mus oczyszczaj\u0105cy w w\u0119\u017cu, \u017cel oczyszczaj\u0105cy w rozmiarze podr\u00f3\u017cnym;<\/li>\n<li><strong>Weryfikacja rynku<\/strong>: Obs\u0142ugiwa\u0142 wschodz\u0105ce marki, takie jak UNNY i AOEO, a wska\u017anik odkupu transgranicznego handlu elektronicznego przekracza 82%.<\/li>\n<\/ul>","protected":false},"excerpt":{"rendered":"<p>1. Typ pude\u0142ka z pokryw\u0105 i podstaw\u0105 przyjmuje g\u00f3rn\u0105 i doln\u0105 struktur\u0119 pokrywy, kt\u00f3ra mo\u017ce skutecznie zapobiega\u0107 zderzaniu si\u0119 element\u00f3w w opakowaniu i powodowaniu uszkodze\u0144 powierzchni produktu.<br \/>\n2. Wykonany ze sztywnej tektury 1200 GSM i powlekanego papieru artystycznego 157 GSM, powierzchnia jest g\u0142adka i \u0142atwa do pokolorowania<br \/>\n3. Z\u0142ota folia t\u0142oczona na gor\u0105co mo\u017ce wyra\u017anie wy\u015bwietla\u0107 ma\u0142e teksty, odpowiednie dla marek z wy\u017cszej p\u00f3\u0142ki<br \/>\n4. Karton mocuje i chroni przedmioty przed uszkodzeniem podczas transportu, a wewn\u0119trzna taca jest przyjazna dla \u015brodowiska i pi\u0119kna.<\/p>","protected":false},"featured_media":8371,"template":"","meta":[],"product_brand":[],"product_cat":[30,390,425,31],"product_tag":[673,671,672],"class_list":{"0":"post-8370","1":"product","2":"type-product","3":"status-publish","4":"has-post-thumbnail","6":"product_cat-by-industry","7":"product_cat-custom-cosmetics-boxes","8":"product_cat-lid-and-base-gift-box","9":"product_cat-paper-box-style","10":"product_tag-face-cleanser-boxes-wholesale","11":"product_tag-face-cleanser-packaging","12":"product_tag-skin-care-packaging","14":"first","15":"instock","16":"shipping-taxable","17":"product-type-simple"},"_links":{"self":[{"href":"https:\/\/zojopackaging.com\/pl\/wp-json\/wp\/v2\/product\/8370","targetHints":{"allow":["GET"]}}],"collection":[{"href":"https:\/\/zojopackaging.com\/pl\/wp-json\/wp\/v2\/product"}],"about":[{"href":"https:\/\/zojopackaging.com\/pl\/wp-json\/wp\/v2\/types\/product"}],"version-history":[{"count":1,"href":"https:\/\/zojopackaging.com\/pl\/wp-json\/wp\/v2\/product\/8370\/revisions"}],"predecessor-version":[{"id":8377,"href":"https:\/\/zojopackaging.com\/pl\/wp-json\/wp\/v2\/product\/8370\/revisions\/8377"}],"wp:featuredmedia":[{"embeddable":true,"href":"https:\/\/zojopackaging.com\/pl\/wp-json\/wp\/v2\/media\/8371"}],"wp:attachment":[{"href":"https:\/\/zojopackaging.com\/pl\/wp-json\/wp\/v2\/media?parent=8370"}],"wp:term":[{"taxonomy":"product_brand","embeddable":true,"href":"https:\/\/zojopackaging.com\/pl\/wp-json\/wp\/v2\/product_brand?post=8370"},{"taxonomy":"product_cat","embeddable":true,"href":"https:\/\/zojopackaging.com\/pl\/wp-json\/wp\/v2\/product_cat?post=8370"},{"taxonomy":"product_tag","embeddable":true,"href":"https:\/\/zojopackaging.com\/pl\/wp-json\/wp\/v2\/product_tag?post=8370"}],"curies":[{"name":"wp","href":"https:\/\/api.w.org\/{rel}","templated":true}]}}