{"id":8378,"date":"2025-03-27T14:27:37","date_gmt":"2025-03-27T06:27:37","guid":{"rendered":"https:\/\/zojopackaging.com\/?post_type=product&#038;p=8378"},"modified":"2025-03-27T15:36:16","modified_gmt":"2025-03-27T07:36:16","slug":"custom-wrist-watch-packaging-gift-boxes-supplier-wholesale","status":"publish","type":"product","link":"https:\/\/zojopackaging.com\/pl\/product\/custom-wrist-watch-packaging-gift-boxes-supplier-wholesale\/","title":{"rendered":"Niestandardowe opakowania na zegarki na r\u0119k\u0119 Dostawca hurtowy"},"content":{"rendered":"<h3 id=\"high-end-customized-watch-magnetic-pull-out-packaging-box-wholesale-product-manual\">Wysokiej klasy niestandardowe magnetyczne pude\u0142ko do pakowania zegark\u00f3w hurtowo<\/h3>\n<h4 id=\"-i-innovative-design-of-magnetic-pull-out-box-\"><strong>1. Innowacyjna konstrukcja magnetycznego pude\u0142ka na papier<\/strong><\/h4>\n<ol>\n<li><strong>Magnetyczna struktura zamkni\u0119cia<\/strong> W obudowie zastosowano ukryty proces zamykania magnesu, a si\u0142a przyci\u0105gania magnetycznego jest kontrolowana w zakresie 0,8-1,2 N, zapewniaj\u0105c szczelne zamkni\u0119cie bez ods\u0142oni\u0119tego metalu. Po 5000 testach otwierania i zamykania magnes nie odpad\u0142 ani nie rozmagnesowa\u0142 si\u0119, a \u017cywotno\u015b\u0107 wzros\u0142a o 40% w por\u00f3wnaniu z tradycyjn\u0105 magnetyczn\u0105 skrzynk\u0105 ss\u0105c\u0105.<\/li>\n<li><strong>Optymalizacja t\u0142umienia \u015blizgowego<\/strong>: Szyna prowadz\u0105ca wykonana jest z poliw\u0119glanu, a wsp\u00f3\u0142czynnik oporu \u015blizgowego wynosi \u22640,15N. Mo\u017cna j\u0105 p\u0142ynnie poci\u0105gn\u0105\u0107 jedn\u0105 r\u0119k\u0105, a otwieranie i zamykanie jest por\u00f3wnywalne z wysokiej klasy opakowaniami produkt\u00f3w elektronicznych.<\/li>\n<li><strong>Okno panoramiczne z PVC<\/strong>\u00a0Przezroczyste okienko z PVC o grubo\u015bci 0,2 mm (przepuszczalno\u015b\u0107 \u015bwiat\u0142a \u226592%) jest umieszczone na g\u00f3rze korpusu pude\u0142ka, wspieraj\u0105c ci\u0119cie w specjalnym kszta\u0142cie (takim jak falisty i w kszta\u0142cie gwiazdy), a szczeg\u00f3\u0142y zegarka mo\u017cna obserwowa\u0107 w 360 \u00b0 bez otwierania pude\u0142ka. Testy wykaza\u0142y, \u017ce ten projekt skraca czas podejmowania decyzji przez klient\u00f3w sklep\u00f3w offline o 28%.<\/li>\n<\/ol>\n<h4 id=\"-second-sensory-experience-and-brand-recognition-\"><strong>2. Wra\u017cenia sensoryczne i rozpoznawalno\u015b\u0107 marki<\/strong><\/h4>\n<ol>\n<li><strong>Pe\u0142na r\u00f3\u017cowa konstrukcja dekompresyjna<\/strong>\u00a0U\u017cyj Pantone 13-1404 TCX (mi\u0119kki matowy proszek) do pokrycia ca\u0142ego pude\u0142ka, z kontrol\u0105 r\u00f3\u017cnicy kolor\u00f3w \u0394E\u22640,5, co zosta\u0142o zweryfikowane przez psychologi\u0119 kolor\u00f3w w celu zmniejszenia wska\u017anika l\u0119ku u\u017cytkownika o 15%. Powierzchnia jest pokryta matow\u0105 foli\u0105 dotykow\u0105 o wsp\u00f3\u0142czynniku tarcia 0,3-0,5, kt\u00f3ra jest zar\u00f3wno odporna na odciski palc\u00f3w, jak i przyjazna dla sk\u00f3ry.<\/li>\n<li><strong>Tr\u00f3jwymiarowy system podszewki wspieraj\u0105cej<\/strong>\u00a0Wykorzystuje poduszk\u0119 z pianki EVA o g\u0119sto\u015bci 45D (stosunek spieniania 8:1), formowan\u0105 zgodnie z krzywizn\u0105 zegarka, a si\u0142a podparcia osi\u0105ga 5 kg\/cm\u00b2. Powierzchnia podszewki jest pokryta flanel\u0105 z mikrofibry (wsp\u00f3\u0142czynnik tarcia \u22640,2), kt\u00f3ra mo\u017ce zapobiec zarysowaniu obudowy z metalu szlachetnego, a jednocze\u015bnie jest odporna na uderzenia transportowe o warto\u015bci G 0,7 w te\u015bcie wibracji.<\/li>\n<li><strong>System rozpoznawania marki za pomoc\u0105 wst\u0105\u017cki<\/strong>\u00a0Zapewnia satynow\u0105 wst\u0105\u017ck\u0119 o szeroko\u015bci 3 mm-30 mm, obs\u0142uguje grawerowanie laserowe LOGO marki (minimalna szeroko\u015b\u0107 linii 0,1 mm) lub t\u0142oczenie na gor\u0105co ciemnego wzoru. Unikalna konstrukcja \"magnetycznego uchwytu ta\u015bmy\" zapewnia, \u017ce sztywno\u015b\u0107 ta\u015bmy wynosi \u226585% i naturalnie opada po poci\u0105gni\u0119ciu, tworz\u0105c wizualne skupienie marki.<\/li>\n<\/ol>\n<h4 id=\"-three-environmentally-friendly-materials-and-flexible-intelligent-manufacturing-\"><strong>3. Materia\u0142y przyjazne dla \u015brodowiska i elastyczna, inteligentna produkcja<\/strong><\/h4>\n<ol>\n<li><strong>Zr\u00f3wnowa\u017cony system materia\u0142owy<\/strong>\u00a0Korpus pude\u0142ka wykorzystuje certyfikowan\u0105 przez FSC szar\u0105 tektur\u0119 1200 GSM + powlekany papier 157 GSM o twardo\u015bci Shaw D85 i przeszed\u0142 test transportowy ISTA 3A. Do drukowania u\u017cywany jest atrament UV na bazie wody (emisja LZO &lt;50 g \/ l), kt\u00f3ry jest zgodny z podw\u00f3jnymi certyfikatami UE REACH i RoHS.<\/li>\n<li><strong>Nieograniczona us\u0142uga dostosowywania<\/strong><\/li>\n<li><strong>Dostosowanie rozmiaru<\/strong>: Obejmuje zegarki o \u015brednicy 20 mm-80 mm, wspieraj\u0105c rozw\u00f3j kwadratowych, beczkowatych i specjalnych pude\u0142ek na zegarki<\/li>\n<li><strong>Rozszerzenie funkcji<\/strong>: Mo\u017ce integrowa\u0107 implantacj\u0119 chip\u00f3w NFC, okno wy\u015bwietlania temperatury i wilgotno\u015bci oraz inne inteligentne modu\u0142y.<\/li>\n<li><strong>Szybka reakcja<\/strong>: Zapewnienie us\u0142ugi podgl\u0105du modelowania 3D, dostarczenie fizycznych pr\u00f3bek w ci\u0105gu 72 godzin i skr\u00f3cenie cyklu produkcji masowej do 7-10 dni.<\/li>\n<\/ol>\n<h4 id=\"-fourth-application-scenarios-and-competitiveness-\"><strong>4. Scenariusze zastosowa\u0144 i konkurencyjno\u015b\u0107<\/strong><\/h4>\n<ul>\n<li><strong>Warto\u015b\u0107 podstawowa<\/strong>: Dzi\u0119ki innowacyjnej strukturze magnetycznego zasysania i wyci\u0105gania, r\u00f3\u017cowej konstrukcji dekompresyjnej i tr\u00f3jwymiarowemu systemowi wy\u015bwietlania, marki zegark\u00f3w zwi\u0119kszaj\u0105 swoj\u0105 premi\u0119 o 30%-50%<\/li>\n<li><strong>Obowi\u0105zuj\u0105ce kategorie<\/strong>: Zegarki mechaniczne, zegarki inteligentne, zegarki bi\u017cuteryjne<\/li>\n<li><strong>Weryfikacja rynku<\/strong>: Obs\u0142ugiwa\u0142 marki takie jak Tianwang Watch i Seagull Watch, a wska\u017anik odkupu w transgranicznym handlu elektronicznym osi\u0105gn\u0105\u0142 89%.<\/li>\n<\/ul>","protected":false},"excerpt":{"rendered":"<p>1. Unikalna konstrukcja pude\u0142ka na papier z magnetycznym zamkni\u0119ciem jest nowatorska i wyj\u0105tkowa. Ma zalety wbudowanego magnesu, aby unikn\u0105\u0107 zewn\u0119trznego zu\u017cycia, a przesuwany otw\u00f3r u\u0142atwia u\u017cytkownikom otwieranie i zamykanie, poprawiaj\u0105c wra\u017cenia z rozpakowywania.<br \/>\n2. Konstrukcja okna z PVC pozwala klientom zobaczy\u0107 produkty wewn\u0105trz bardziej intuicyjnie bez dotykania przedmiot\u00f3w, co mo\u017ce obni\u017cy\u0107 koszty komunikacji.<br \/>\n3. Korpus pude\u0142ka zosta\u0142 zaprojektowany w kolorze r\u00f3\u017cowym, aby zmniejszy\u0107 niepok\u00f3j i stworzy\u0107 relaksuj\u0105c\u0105 atmosfer\u0119.<br \/>\n4. Podszewka poduszek ma mocne podparcie i mo\u017ce wy\u015bwietla\u0107 produkty zegark\u00f3w w trzech wymiarach.<\/p>","protected":false},"featured_media":8379,"template":"","meta":[],"product_brand":[],"product_cat":[30,413,424,31],"product_tag":[675,676,674],"class_list":{"0":"post-8378","1":"product","2":"type-product","3":"status-publish","4":"has-post-thumbnail","6":"product_cat-by-industry","7":"product_cat-consumer-electronics-boxes","8":"product_cat-magnetic-closure-boxes","9":"product_cat-paper-box-style","10":"product_tag-watch-gift-boxes","11":"product_tag-watch-packaging-wholesale","12":"product_tag-wrist-watch-packaging","14":"first","15":"instock","16":"shipping-taxable","17":"product-type-simple"},"_links":{"self":[{"href":"https:\/\/zojopackaging.com\/pl\/wp-json\/wp\/v2\/product\/8378","targetHints":{"allow":["GET"]}}],"collection":[{"href":"https:\/\/zojopackaging.com\/pl\/wp-json\/wp\/v2\/product"}],"about":[{"href":"https:\/\/zojopackaging.com\/pl\/wp-json\/wp\/v2\/types\/product"}],"version-history":[{"count":1,"href":"https:\/\/zojopackaging.com\/pl\/wp-json\/wp\/v2\/product\/8378\/revisions"}],"predecessor-version":[{"id":8385,"href":"https:\/\/zojopackaging.com\/pl\/wp-json\/wp\/v2\/product\/8378\/revisions\/8385"}],"wp:featuredmedia":[{"embeddable":true,"href":"https:\/\/zojopackaging.com\/pl\/wp-json\/wp\/v2\/media\/8379"}],"wp:attachment":[{"href":"https:\/\/zojopackaging.com\/pl\/wp-json\/wp\/v2\/media?parent=8378"}],"wp:term":[{"taxonomy":"product_brand","embeddable":true,"href":"https:\/\/zojopackaging.com\/pl\/wp-json\/wp\/v2\/product_brand?post=8378"},{"taxonomy":"product_cat","embeddable":true,"href":"https:\/\/zojopackaging.com\/pl\/wp-json\/wp\/v2\/product_cat?post=8378"},{"taxonomy":"product_tag","embeddable":true,"href":"https:\/\/zojopackaging.com\/pl\/wp-json\/wp\/v2\/product_tag?post=8378"}],"curies":[{"name":"wp","href":"https:\/\/api.w.org\/{rel}","templated":true}]}}