{"id":8386,"date":"2025-03-27T15:36:36","date_gmt":"2025-03-27T07:36:36","guid":{"rendered":"https:\/\/zojopackaging.com\/?post_type=product&#038;p=8386"},"modified":"2025-03-27T16:01:14","modified_gmt":"2025-03-27T08:01:14","slug":"custom-food-supplements-gift-packaging-boxes-wholesale","status":"publish","type":"product","link":"https:\/\/zojopackaging.com\/pl\/product\/custom-food-supplements-gift-packaging-boxes-wholesale\/","title":{"rendered":"Niestandardowe pude\u0142ka do pakowania prezent\u00f3w z suplementami diety - sprzeda\u017c hurtowa"},"content":{"rendered":"<h3 id=\"high-end-customized-food-supplement-gift-packaging-box-wholesale-products\">Wysokiej klasy niestandardowe pude\u0142ko na prezenty z suplementami diety produkty hurtowe<\/h3>\n<h4 id=\"-i-box-structure-and-protection-system-\"><strong>I. Struktura skrzynki i system ochrony<\/strong><\/h4>\n<ol>\n<li><strong>Podw\u00f3jny system ochrony pokrywy i podstawy<\/strong> Przyjmuj\u0105c precyzyjnie zagnie\u017cd\u017con\u0105 pokryw\u0119 i struktur\u0119 pokrywy podstawy, tolerancja jest kontrolowana na poziomie \u00b10,3 mm, a korpus pude\u0142ka tworzy pe\u0142n\u0105 ochron\u0119 360 \u00b0 po zamkni\u0119ciu. Po te\u015bcie transportowym ISTA 3A mo\u017ce wytrzyma\u0107 si\u0142\u0119 uderzenia o warto\u015bci G 0,7, a wytrzyma\u0142o\u015b\u0107 na \u015bciskanie jest zwi\u0119kszona o 50% w por\u00f3wnaniu z tradycyjnym typem pude\u0142ka.<\/li>\n<li><strong>Wzmocnienie materia\u0142u<\/strong>: 157 g powlekanego papieru artystycznego C2S + 1200 g sztywnej tektury kompozytowej, g\u0142adko\u015b\u0107 powierzchni \u2265300 sekund, r\u00f3\u017cnica kolor\u00f3w druku \u0394E\u22641,0, obs\u0142uga kolor\u00f3w dodatkowych Pantone i dok\u0142adne odtworzenie diagramu struktury molekularnej.<\/li>\n<li><strong>Inteligentna ok\u0142adzina antysejsmiczna EVA<\/strong>\u00a0Podszewka z pianki EVA o g\u0119sto\u015bci 45D (stosunek spieniania 8:1), zgodnie z niestandardowym rowkiem typu butelki suplementu, wsp\u00f3\u0142czynnik absorpcji uderze\u0144 \u226585%. Powierzchnia jest pokryta flanel\u0105 z mikrofibry, aby zapobiec zarysowaniu szklanych butelek i przesz\u0142a test upadku z wysoko\u015bci 1,2 m.<\/li>\n<\/ol>\n<h4 id=\"-second-sensory-design-and-production-efficiency-\"><strong>2. Projekt sensoryczny i wydajno\u015b\u0107 produkcji<\/strong><\/h4>\n<ol>\n<li><strong>Dopaminowy r\u00f3\u017cowy system dekompresyjny<\/strong>\u00a0Ca\u0142e pude\u0142ko jest pokryte Pantone 13-1404 TCX (mi\u0119kki proszek mgie\u0142kowy), kt\u00f3ry zosta\u0142 zweryfikowany przez psychologi\u0119 kolor\u00f3w w celu zmniejszenia wska\u017anika niepokoju u\u017cytkownika o 18%. Powierzchnia jest pokryta matow\u0105 foli\u0105 dotykow\u0105, kt\u00f3ra spe\u0142nia podw\u00f3jn\u0105 funkcj\u0119: zapobiega pozostawianiu odcisk\u00f3w palc\u00f3w i jest przyjazna dla sk\u00f3ry, a wsp\u00f3\u0142czynnik tarcia wynosi 0,3-0,5, dzi\u0119ki czemu rozpakowywanie jest por\u00f3wnywalne z wysokiej klasy opakowaniem kosmetycznym.<\/li>\n<li><strong>Inteligentne zarz\u0105dzanie produkcj\u0105 MES<\/strong>\u00a0Warsztat jest wyposa\u017cony w urz\u0105dzenia IoT i po\u0142\u0105czony z systemem MES w celu wizualizacji w czasie rzeczywistym harmonogramu zam\u00f3wie\u0144, prze\u0142\u0105czania form i danych z kontroli jako\u015bci. Czas prze\u0142\u0105czania form zosta\u0142 skr\u00f3cony do 15 minut, wska\u017anik wydajno\u015bci kluczowych proces\u00f3w zosta\u0142 zwi\u0119kszony do 99,6%, a wska\u017anik op\u00f3\u017anienia dostawy zosta\u0142 zmniejszony do 0,3%.<\/li>\n<\/ol>\n<h4 id=\"-three-flexible-customization-and-production-capacity-guarantee-\"><strong>3. Elastyczne dostosowywanie i gwarancja zdolno\u015bci produkcyjnych<\/strong><\/h4>\n<ol>\n<li><strong>Pe\u0142nowymiarowa us\u0142uga dostosowywania<\/strong><\/li>\n<li><strong>Dostosowanie rozmiaru<\/strong>: Obejmuje specyfikacje suplement\u00f3w 5 ml-500 ml, obs\u0142uguj\u0105c opakowania w wielu formach, takie jak butelki z zakraplaczem, butelki na kapsu\u0142ki, mi\u0119kkie kapsu\u0142ki itp;<\/li>\n<li><strong>Rozw\u00f3j typu pude\u0142kowego<\/strong>: Zapewnia 12 podstawowych typ\u00f3w pude\u0142ek, takich jak pude\u0142ka w kszta\u0142cie ksi\u0105\u017cki, pude\u0142ka z szufladami, pude\u0142ka o specjalnych kszta\u0142tach itp., obs\u0142uguje modelowanie 3D i 72-godzinn\u0105 dostaw\u0119 pr\u00f3bek fizycznych.<\/li>\n<li><strong>Zautomatyzowany inteligentny system produkcyjny<\/strong>\u00a0Wyposa\u017cona w pe\u0142ni automatyczne maszyny sztancuj\u0105ce (dok\u0142adno\u015b\u0107 \u00b10,1 mm) i sze\u015bciokolorowe linie do druku offsetowego, dzienna zdolno\u015b\u0107 produkcyjna przekracza 1 000 000 sztuk. Firma przesz\u0142a podw\u00f3jn\u0105 certyfikacj\u0119 ISO22000 i FSC, a wska\u017anik kwalifikacji partii wynosi \u226599,8%.<\/li>\n<\/ol>\n<h4 id=\"-four-market-competitiveness-and-cost-advantages-\"><strong>4. Konkurencyjno\u015b\u0107 rynkowa i przewaga kosztowa<\/strong><\/h4>\n<ol>\n<li><strong>Model bezpo\u015bredniego zaopatrzenia fabrycznego<\/strong>\u00a0Opieraj\u0105c si\u0119 na \u0142a\u0144cuchu dostaw klastra przemys\u0142owego delty Rzeki Per\u0142owej (Dongguan\/Guangzhou), cena jednostkowa 10 000 zam\u00f3wie\u0144 wynosi zaledwie 0,8 juana\/zestaw, co zmniejsza koszty o 40% w por\u00f3wnaniu z tradycyjnym modelem. Obs\u0142uga logistyki transgranicznej DDP, a cykl transportu od drzwi do drzwi w Europie i Stanach Zjednoczonych jest skr\u00f3cony do 7 dni.<\/li>\n<li><strong>Mechanizm szybkiego reagowania<\/strong><\/li>\n<li><strong>Szybka wycena<\/strong>: Inteligentny system wyceny z analiz\u0105 koszt\u00f3w w ci\u0105gu 1 godziny;<\/li>\n<li><strong>Bezp\u0142atna pr\u00f3bka<\/strong>: Uko\u0144czenie proofingu w ci\u0105gu 3 dni roboczych i wsparcie kontroli jako\u015bci.<\/li>\n<\/ol>\n<h4 id=\"-v-application-scenarios-and-verification-data-\"><strong>5. Scenariusze zastosowa\u0144 i dane weryfikacyjne<\/strong><\/h4>\n<ul>\n<li><strong>Warto\u015b\u0107 podstawowa<\/strong>: Dzi\u0119ki ochronie g\u00f3rnej i dolnej pokrywy, dopaminie w kolorze r\u00f3\u017cowym i inteligentnemu systemowi produkcji, marki \u017cywieniowe mog\u0105 zwi\u0119kszy\u0107 swoj\u0105 premi\u0119 o 25%-35%;<\/li>\n<li><strong>Obowi\u0105zuj\u0105ce kategorie<\/strong>: \u017belki witaminowe, kapsu\u0142ki probiotyczne, p\u0142yn doustny z kolagenem;<\/li>\n<\/ul>","protected":false},"excerpt":{"rendered":"<p>1. Typ pude\u0142ka z pokryw\u0105 i podstaw\u0105 tworzy podw\u00f3jn\u0105 struktur\u0119 ochronn\u0105, aby skutecznie zapobiega\u0107 \u015bciskaniu podczas transportu i przechowywania<br \/>\n2. Wykonane ze 157g papieru powlekanego C2S + 1200g sztywnej tektury, nadruk na powierzchni jest wyra\u017any i nie ma r\u00f3\u017cnicy kolor\u00f3w<br \/>\n3. Korpus pude\u0142ka zosta\u0142 zaprojektowany w kolorze r\u00f3\u017cowym, aby promowa\u0107 wydzielanie dopaminy i \u0142agodzi\u0107 niepok\u00f3j<br \/>\n4. Dostosowana podszewka EVA skutecznie rozprasza zewn\u0119trzn\u0105 si\u0142\u0119 uderzenia, poch\u0142ania wibracje i chroni produkt przed uszkodzeniem podczas transportu.<br \/>\n5. Dostosowany rozmiar i konstrukcja pude\u0142ka w celu dostosowania do r\u00f3\u017cnych serii suplement\u00f3w diety<\/p>","protected":false},"featured_media":8387,"template":"","meta":[],"product_brand":[],"product_cat":[30,422,425,31],"product_tag":[677,678,679],"class_list":{"0":"post-8386","1":"product","2":"type-product","3":"status-publish","4":"has-post-thumbnail","6":"product_cat-by-industry","7":"product_cat-custom-gourmet-boxes-by-industry","8":"product_cat-lid-and-base-gift-box","9":"product_cat-paper-box-style","10":"product_tag-food-packaging-boxes","11":"product_tag-supplements-boxes-wholesale","12":"product_tag-supplements-gift-boxes","14":"first","15":"instock","16":"shipping-taxable","17":"product-type-simple"},"_links":{"self":[{"href":"https:\/\/zojopackaging.com\/pl\/wp-json\/wp\/v2\/product\/8386","targetHints":{"allow":["GET"]}}],"collection":[{"href":"https:\/\/zojopackaging.com\/pl\/wp-json\/wp\/v2\/product"}],"about":[{"href":"https:\/\/zojopackaging.com\/pl\/wp-json\/wp\/v2\/types\/product"}],"version-history":[{"count":1,"href":"https:\/\/zojopackaging.com\/pl\/wp-json\/wp\/v2\/product\/8386\/revisions"}],"predecessor-version":[{"id":8393,"href":"https:\/\/zojopackaging.com\/pl\/wp-json\/wp\/v2\/product\/8386\/revisions\/8393"}],"wp:featuredmedia":[{"embeddable":true,"href":"https:\/\/zojopackaging.com\/pl\/wp-json\/wp\/v2\/media\/8387"}],"wp:attachment":[{"href":"https:\/\/zojopackaging.com\/pl\/wp-json\/wp\/v2\/media?parent=8386"}],"wp:term":[{"taxonomy":"product_brand","embeddable":true,"href":"https:\/\/zojopackaging.com\/pl\/wp-json\/wp\/v2\/product_brand?post=8386"},{"taxonomy":"product_cat","embeddable":true,"href":"https:\/\/zojopackaging.com\/pl\/wp-json\/wp\/v2\/product_cat?post=8386"},{"taxonomy":"product_tag","embeddable":true,"href":"https:\/\/zojopackaging.com\/pl\/wp-json\/wp\/v2\/product_tag?post=8386"}],"curies":[{"name":"wp","href":"https:\/\/api.w.org\/{rel}","templated":true}]}}