{"id":8394,"date":"2025-03-27T16:04:37","date_gmt":"2025-03-27T08:04:37","guid":{"rendered":"https:\/\/zojopackaging.com\/?post_type=product&#038;p=8394"},"modified":"2025-03-27T16:26:19","modified_gmt":"2025-03-27T08:26:19","slug":"custom-luxury-adult-sex-toys-packaging-boxes-manufacturer","status":"publish","type":"product","link":"https:\/\/zojopackaging.com\/pl\/product\/custom-luxury-adult-sex-toys-packaging-boxes-manufacturer\/","title":{"rendered":"Niestandardowe luksusowe opakowania na zabawki erotyczne dla doros\u0142ych Producent"},"content":{"rendered":"<h3 id=\"high-end-customized-luxury-adult-sex-toy-packaging-box-product-manual\">Wysokiej klasy luksusowe opakowanie na zabawki erotyczne dla doros\u0142ych<\/h3>\n<h4 id=\"-i-magnetic-box-system-and-visual-aesthetics-\"><strong>I. System magnetycznego zamkni\u0119cia pude\u0142ka i estetyka wizualna<\/strong><\/h4>\n<ol>\n<li><strong>Niewidoczna technologia magnetycznego zamkni\u0119cia<\/strong>\u00a0Dzi\u0119ki zastosowaniu wbudowanych magnes\u00f3w neodymowo-\u017celazowo-borowych, si\u0142a przyci\u0105gania magnetycznego jest precyzyjnie kontrolowana w zakresie 1,0-1,5 N, tworz\u0105c minimalistyczn\u0105, zamkni\u0119t\u0105 konstrukcj\u0119 bez ods\u0142oni\u0119tego metalu. Po 5000 testach otwierania i zamykania, magnes nie wykazuje zjawiska przemieszczenia lub rozmagnesowania, a \u017cywotno\u015b\u0107 jest zwi\u0119kszona o 45% w por\u00f3wnaniu z tradycyjn\u0105 magnetyczn\u0105 skrzynk\u0105 ss\u0105c\u0105.<\/li>\n<li><strong>Optymalizacja t\u0142umienia \u015blizgowego<\/strong>: Szyna prowadz\u0105ca wykonana jest z poliw\u0119glanu, a wsp\u00f3\u0142czynnik oporu \u015blizgowego wynosi \u22640,15N. Mo\u017cna go p\u0142ynnie otworzy\u0107 jedn\u0105 r\u0119k\u0105, a wra\u017cenia z obs\u0142ugi s\u0105 por\u00f3wnywalne z luksusowym opakowaniem.<\/li>\n<li><strong>Ca\u0142kowicie czarny, luksusowy design<\/strong>\u00a0Przyj\u0119cie pe\u0142nego pokrycia pude\u0142ka Pantone Black 7 C, powierzchnia jest pokryta matow\u0105 foli\u0105 dotykow\u0105 (wsp\u00f3\u0142czynnik tarcia 0,3-0,5), w po\u0142\u0105czeniu z procesem t\u0142oczenia na gor\u0105co bia\u0142ym tuszem, minimalna dok\u0142adno\u015b\u0107 tekstu t\u0142oczonego na gor\u0105co wynosi 0,2 mm. Zgodnie z weryfikacj\u0105 psychologii kolor\u00f3w, czarne opakowanie mo\u017ce zwi\u0119kszy\u0107 postrzeganie produkt\u00f3w przez konsument\u00f3w o 35%.<\/li>\n<\/ol>\n<h4 id=\"-2-environmentally-friendly-materials-and-intelligent-protection-\"><strong>2. Materia\u0142y przyjazne dla \u015brodowiska i inteligentna ochrona<\/strong><\/h4>\n<ol>\n<li><strong>Zr\u00f3wnowa\u017cony system materia\u0142owy<\/strong> Korpus pude\u0142ka wykorzystuje powlekany papier artystyczny FSC 157g C2S + sztywn\u0105 tektur\u0119 kompozytow\u0105 1200g, o twardo\u015bci Shaw D85 i przeszed\u0142 test transportowy ISTA 3A. Do drukowania u\u017cywany jest atrament UV na bazie wody (emisja LZO &lt;50 g \/ l), kt\u00f3ry jest zgodny z podw\u00f3jn\u0105 certyfikacj\u0105 UE REACH i RoHS.<\/li>\n<li><strong>Inteligentny system ok\u0142adzin antysejsmicznych<\/strong>\u00a0Zapewniaj\u0105 wy\u015bci\u00f3\u0142k\u0119 z pianki EVA o g\u0119sto\u015bci 45D, tac\u0119 blistrow\u0105 PS, tac\u0119 formowan\u0105 z w\u0142\u00f3kien pochodz\u0105cych z recyklingu i inne rozwi\u0105zania:<\/li>\n<li><strong>Warstwa pianki EVA<\/strong>Formowany zgodnie z konturem produktu, wsp\u00f3\u0142czynnik poch\u0142aniania uderze\u0144 \u226585%, powierzchnia z kompozytowej mikrofibry flanelowej (wsp\u00f3\u0142czynnik tarcia \u22640,2);<\/li>\n<li><strong>Tacka blistrowa<\/strong>Obs\u0142uguje przezroczyste okno PVC o grubo\u015bci 0,5 mm, przepuszczalno\u015b\u0107 \u015bwiat\u0142a \u226592%, mo\u017ce zobaczy\u0107 szczeg\u00f3\u0142y produktu.<\/li>\n<\/ol>\n<h4 id=\"-three-flexible-intelligent-manufacturing-and-global-services-\"><strong>3. Elastyczna inteligentna produkcja i globalne us\u0142ugi<\/strong><\/h4>\n<ol>\n<li><strong>Nieograniczone wymiary personalizacji<\/strong><\/li>\n<li><strong>Dostosowanie rozmiaru<\/strong>: Obejmuje pe\u0142ny zakres specyfikacji od 10 cm do 50 cm, wspieraj\u0105c rozw\u00f3j 12 rodzaj\u00f3w pude\u0142ek, takich jak pude\u0142ka o specjalnych kszta\u0142tach, pude\u0142ka z szufladami i pude\u0142ka w kszta\u0142cie ksi\u0105\u017cki;<\/li>\n<li><strong>Proces drukowania<\/strong>: Zapewnienie 20 rozwi\u0105za\u0144 w zakresie obr\u00f3bki powierzchni, takich jak wyt\u0142aczanie 3D na gor\u0105co (tr\u00f3jwymiarowa g\u0142\u0119boko\u015b\u0107 0,5 mm), miejscowe lakierowanie UV i laminowanie laserowe.<\/li>\n<li><strong>Inteligentny system produkcji w Shenzhen<\/strong>\u00a0Korzystaj\u0105c z zalet klastra przemys\u0142owego w delcie Rzeki Per\u0142owej, warsztat jest wyposa\u017cony w system zarz\u0105dzania MES, kt\u00f3ry umo\u017cliwia wizualizacj\u0119 ca\u0142ego procesu produkcyjnego:<\/li>\n<li><strong>Gwarancja kontroli jako\u015bci<\/strong>: Przeszed\u0142 certyfikacj\u0119 ISO9001, wyposa\u017cony w tester upadku z wysoko\u015bci 1,2 m oraz komor\u0119 o sta\u0142ej temperaturze i wilgotno\u015bci, ze wska\u017anikiem kwalifikacji partii \u226599,8%;<\/li>\n<li><strong>Przewaga produktywno\u015bci<\/strong>: W pe\u0142ni automatyczna maszyna sztancuj\u0105ca (dok\u0142adno\u015b\u0107 \u00b10,1 mm) i sze\u015bciokolorowa linia do druku offsetowego, o dziennej zdolno\u015bci produkcyjnej ponad 50 000 sztuk.<\/li>\n<\/ol>\n<h4 id=\"-fourth-application-scenarios-and-market-verification-\"><strong>4, Scenariusze zastosowa\u0144 i weryfikacja rynku<\/strong><\/h4>\n<ul>\n<li><strong>Warto\u015b\u0107 podstawowa<\/strong>: Dzi\u0119ki magnetycznemu minimalistycznemu wzornictwu, czarnemu systemowi estetycznemu i elastycznemu systemowi produkcji, pom\u00f3\u017c markom dla doros\u0142ych zwi\u0119kszy\u0107 ich premi\u0119 o 40%-60%;<\/li>\n<li><strong>Obowi\u0105zuj\u0105ce kategorie<\/strong>: inteligentne zabawki erotyczne, silikonowe lalki erotyczne, wysokiej klasy pude\u0142ka na prezerwatywy;<\/li>\n<li><strong>Udane przypadki<\/strong>: Obs\u0142ugiwa\u0142 g\u0142\u00f3wnego dostawc\u0119 Durex, Dingfu Plastic, transgraniczny handel elektroniczny gotowymi produktami Chunmeng i innymi markami, ze wska\u017anikiem odkupu 89%.<\/li>\n<\/ul>","protected":false},"excerpt":{"rendered":"<p>1. Pude\u0142ko z zamkni\u0119ciem magnetycznym, wbudowany magnes, aby unikn\u0105\u0107 zewn\u0119trznego zu\u017cycia, wizualna prostota, mo\u017ce w wi\u0119kszym stopniu podkre\u015bli\u0107 cechy produktu<br \/>\n2. Obudowa zosta\u0142a zaprojektowana w ca\u0142o\u015bci w kolorze czarnym, kt\u00f3ry doskonale \u0142\u0105czy w sobie symbol luksusu i nowoczesno\u015bci<br \/>\n3. Wykonane z powlekanego papieru artystycznego C2S o gramaturze 157 g + sztywnej tektury o gramaturze 1200 g, zr\u00f3wnowa\u017conych i przyjaznych dla \u015brodowiska materia\u0142\u00f3w chroni\u0105cych \u015brodowisko przed zanieczyszczeniem.<br \/>\n4. Dostosowanie odpowiedniej podszewki produktu do produktu i pozycji rynkowej marki.<\/p>","protected":false},"featured_media":8395,"template":"","meta":[],"product_brand":[],"product_cat":[30,413,424,31],"product_tag":[682,680,681],"class_list":{"0":"post-8394","1":"product","2":"type-product","3":"status-publish","4":"has-post-thumbnail","6":"product_cat-by-industry","7":"product_cat-consumer-electronics-boxes","8":"product_cat-magnetic-closure-boxes","9":"product_cat-paper-box-style","10":"product_tag-adult-sex-toy-packaging","11":"product_tag-custom-sex-toy-boxes","12":"product_tag-sex-toys-packaging","14":"first","15":"instock","16":"shipping-taxable","17":"product-type-simple"},"_links":{"self":[{"href":"https:\/\/zojopackaging.com\/pl\/wp-json\/wp\/v2\/product\/8394","targetHints":{"allow":["GET"]}}],"collection":[{"href":"https:\/\/zojopackaging.com\/pl\/wp-json\/wp\/v2\/product"}],"about":[{"href":"https:\/\/zojopackaging.com\/pl\/wp-json\/wp\/v2\/types\/product"}],"version-history":[{"count":1,"href":"https:\/\/zojopackaging.com\/pl\/wp-json\/wp\/v2\/product\/8394\/revisions"}],"predecessor-version":[{"id":8400,"href":"https:\/\/zojopackaging.com\/pl\/wp-json\/wp\/v2\/product\/8394\/revisions\/8400"}],"wp:featuredmedia":[{"embeddable":true,"href":"https:\/\/zojopackaging.com\/pl\/wp-json\/wp\/v2\/media\/8395"}],"wp:attachment":[{"href":"https:\/\/zojopackaging.com\/pl\/wp-json\/wp\/v2\/media?parent=8394"}],"wp:term":[{"taxonomy":"product_brand","embeddable":true,"href":"https:\/\/zojopackaging.com\/pl\/wp-json\/wp\/v2\/product_brand?post=8394"},{"taxonomy":"product_cat","embeddable":true,"href":"https:\/\/zojopackaging.com\/pl\/wp-json\/wp\/v2\/product_cat?post=8394"},{"taxonomy":"product_tag","embeddable":true,"href":"https:\/\/zojopackaging.com\/pl\/wp-json\/wp\/v2\/product_tag?post=8394"}],"curies":[{"name":"wp","href":"https:\/\/api.w.org\/{rel}","templated":true}]}}