{"id":8401,"date":"2025-03-27T16:26:34","date_gmt":"2025-03-27T08:26:34","guid":{"rendered":"https:\/\/zojopackaging.com\/?post_type=product&#038;p=8401"},"modified":"2025-03-27T17:04:04","modified_gmt":"2025-03-27T09:04:04","slug":"oem-custom-drawer-mini-fragrance-perfume-gift-paper-box","status":"publish","type":"product","link":"https:\/\/zojopackaging.com\/pl\/product\/oem-custom-drawer-mini-fragrance-perfume-gift-paper-box\/","title":{"rendered":"Niestandardowa szuflada OEM Mini perfumy Perfumy na prezent Pude\u0142ko papierowe"},"content":{"rendered":"<h3 id=\"oem-customized-drawer-style-mini-perfume-gift-box\">OEM Dostosowane papierowe pude\u0142ko na perfumy Mini Perfumy<\/h3>\n<h4 id=\"-i-innovative-box-type-and-user-experience-\"><strong>I. Innowacyjny typ pude\u0142ka i do\u015bwiadczenie u\u017cytkownika<\/strong><\/h4>\n<ol>\n<li><strong>System typu szufladowego<\/strong>\u00a0Przyjmuje precyzyjn\u0105 konstrukcj\u0119 wysuwanej szyny, wsp\u00f3\u0142czynnik oporu \u015blizgowego \u22640,15N i mo\u017ce by\u0107 p\u0142ynnie otwierany i zamykany jedn\u0105 r\u0119k\u0105. Klamra zapobiegaj\u0105ca upadkowi znajduje si\u0119 wewn\u0105trz korpusu pude\u0142ka, kt\u00f3ry nie odkszta\u0142ca si\u0119 po 5000 testach wyci\u0105gania, a no\u015bno\u015b\u0107 wynosi 2 kg, odpowiednia dla butelek perfum 1 ml-50 ml.<\/li>\n<li><strong>Wzmocnienie materia\u0142u<\/strong>: 1200 GSM szara p\u0142yta o wysokiej g\u0119sto\u015bci i 157 GSM powlekany papier kompozytowy, twardo\u015b\u0107 osi\u0105ga Shaw D80, przeszed\u0142 test transportowy ISTA 3A i mo\u017ce by\u0107 uk\u0142adany w stos 5 warstw bez deformacji.<\/li>\n<li><strong>Dopamina Kolorowy system wizualny<\/strong>\u00a0Ca\u0142e pude\u0142ko jest pokryte rocznym kolorem Pantone (takim jak 13-0755 TCX kremowy \u017c\u00f3\u0142ty, 16-1546 TPX koralowy r\u00f3\u017cowy), a kontrola r\u00f3\u017cnicy kolor\u00f3w \u0394E\u22640,8. Zweryfikowany przez psychologi\u0119 kolor\u00f3w, system kolor\u00f3w Macron mo\u017ce zwi\u0119kszy\u0107 wska\u017anik przyjemno\u015bci u\u017cytkownika o 25%. Powierzchnia jest pokryta matow\u0105 warstw\u0105 dotykow\u0105 (wsp\u00f3\u0142czynnik tarcia 0,3-0,5), kt\u00f3ra zapobiega pozostawianiu odcisk\u00f3w palc\u00f3w i jest przyjazna dla sk\u00f3ry.<\/li>\n<\/ol>\n<h4 id=\"-second-protection-system-and-brand-recognition-\"><strong>2. System ochrony i rozpoznawalno\u015b\u0107 marki<\/strong><\/h4>\n<ol>\n<li><strong>Inteligentna ok\u0142adzina antysejsmiczna EVA<\/strong>\u00a0Dzi\u0119ki zastosowaniu wy\u015bci\u00f3\u0142ki z pianki EVA o g\u0119sto\u015bci 45D, rowek jest dostosowany do konturu butelki perfum, a wsp\u00f3\u0142czynnik absorpcji uderze\u0144 wynosi \u226585%. Powierzchnia jest pokryta flanel\u0105 z mikrofibry (wsp\u00f3\u0142czynnik tarcia \u22640,2), a wska\u017anik uszkodze\u0144 transportowych jest mniejszy ni\u017c 0,3% po te\u015bcie upadku z wysoko\u015bci 1,2 m.<\/li>\n<li><strong>Wysoce rozpoznawalny system ta\u015bm<\/strong>\u00a0Zapewnia 6 rodzaj\u00f3w materia\u0142\u00f3w wst\u0105\u017cki, takich jak satyna, prz\u0119dza \u015bnie\u017cna i folia laserowa, i obs\u0142uguje bezp\u0142atne dostosowywanie szeroko\u015bci od 3 mm do 30 mm. Oryginalna konstrukcja \"magnetycznego lokalizatora wst\u0105\u017cki\" umo\u017cliwia laserowe grawerowanie LOGO marki (minimalna szeroko\u015b\u0107 linii 0,1 mm). Po poci\u0105gni\u0119ciu wst\u0105\u017cka naturalnie opada, tworz\u0105c wizualne skupienie, a rozpoznawalno\u015b\u0107 marki wzrasta o 200%.<\/li>\n<\/ol>\n<h4 id=\"-iii-printing-technology-and-flexible-intelligent-manufacturing-\"><strong>3. Technologia druku i elastyczna inteligentna produkcja<\/strong><\/h4>\n<ol>\n<li><strong>Precyzyjny druk CMYK<\/strong>\u00a0Wykorzystanie sze\u015bciokolorowej technologii druku offsetowego (CMYK + kolor punktowy), kontrola r\u00f3\u017cnicy kolor\u00f3w \u0394E\u22641,0, obs\u0142uga drukowania w wysokiej rozdzielczo\u015bci schemat\u00f3w struktury molekularnej sk\u0142adnik\u00f3w perfum i wzor\u00f3w artystycznych. U\u017cywaj\u0105c przyjaznego dla \u015brodowiska atramentu sojowego, spe\u0142niaj\u0105cego normy bezpiecze\u0144stwa \u017cywno\u015bci certyfikowane przez SGS, mo\u017ce bezpo\u015brednio kontaktowa\u0107 si\u0119 z produktem.<\/li>\n<li><strong>Nieograniczone wymiary niestandardowe<\/strong><\/li>\n<li><strong>Dostosowanie rozmiaru<\/strong>: Obejmuje pe\u0142ny zakres specyfikacji od 5 ml do 100 ml, wspieraj\u0105c rozw\u00f3j butelek cylindrycznych, kwadratowych i butelek o specjalnych kszta\u0142tach (takich jak w kszta\u0142cie serca i rombu);<\/li>\n<li><strong>Technologia powierzchniowa<\/strong>: Zapewnia 15 opcji procesowych, takich jak t\u0142oczenie 3D na gor\u0105co (tr\u00f3jwymiarowa g\u0142\u0119boko\u015b\u0107 0,5 mm), lokalny lakier UV i laminowanie laserowe;<\/li>\n<li><strong>Ekstremalna reakcja<\/strong>: Modelowanie 3D jest dost\u0119pne w ci\u0105gu 24 godzin, fizyczne pr\u00f3bki s\u0105 dostarczane w ci\u0105gu 72 godzin, a cykl masowej produkcji jest skr\u00f3cony do 7 dni roboczych.<\/li>\n<\/ol>\n<h4 id=\"-fourth-shenzhen-smart-manufacturing-and-cost-advantages-\"><strong>4. Inteligentna produkcja w Shenzhen i przewaga kosztowa<\/strong><\/h4>\n<ol>\n<li><strong>System bezpo\u015bredniego zasilania z fabryki \u017ar\u00f3d\u0142owej<\/strong><\/li>\n<li><strong>Gwarancja pojemno\u015bci<\/strong>: Dzienna zdolno\u015b\u0107 produkcyjna przekracza 80 000 sztuk, wspieraj\u0105c elastyczne zam\u00f3wienia na poziomie 50-100 000 sztuk;<\/li>\n<li><strong>Przewaga cenowa<\/strong>: Cena jednostkowa 10 000 sztuk wynosi zaledwie 1,2 juana za zestaw, co pozwala zaoszcz\u0119dzi\u0107 40% koszt\u00f3w w por\u00f3wnaniu z tradycyjnym modelem.<\/li>\n<\/ol>\n<h4 id=\"-five-market-competitiveness-and-verification-data-\"><strong>5. Konkurencyjno\u015b\u0107 rynkowa i dane weryfikacyjne<\/strong><\/h4>\n<ul>\n<li><strong>Warto\u015b\u0107 podstawowa<\/strong>: Dzi\u0119ki innowacyjno\u015bci typu wysuwanego pude\u0142ka, kolorystyce dopaminy i elastycznej produkcji, pomaga markom perfum zwi\u0119kszy\u0107 ich premi\u0119 o 30%-50%;<\/li>\n<li><strong>Obowi\u0105zuj\u0105ce kategorie<\/strong>: EDP lekkie perfumy, EDT lekkie perfumy, perfumy sta\u0142e, perfumy w rolce;<\/li>\n<li><strong>Udane przypadki<\/strong>: Obs\u0142ugiwa\u0142 marki takie jak Jo Malone OEM i Bing Xili, a wska\u017anik odkupu transgranicznego handlu elektronicznego przekracza 85%.<\/li>\n<\/ul>","protected":false},"excerpt":{"rendered":"<p>1. Konstrukcja szuflady na papier otwiera si\u0119, u\u0142atwiaj\u0105c u\u017cytkownikom otwieranie i zamykanie, skracaj\u0105c czas obs\u0142ugi.<br \/>\n2. Wst\u0105\u017cka z akcesoriami u\u0142atwia rysowanie i zwi\u0119ksza rozpoznawalno\u015b\u0107 marki.<br \/>\n3. Podszewka EVA mo\u017ce amortyzowa\u0107 i by\u0107 odporna na wstrz\u0105sy podczas transportu, chroni\u0105c produkt przed uszkodzeniem.<\/p>","protected":false},"featured_media":8407,"template":"","meta":[],"product_brand":[],"product_cat":[30,417,31,426],"product_tag":[683,685,684],"class_list":{"0":"post-8401","1":"product","2":"type-product","3":"status-publish","4":"has-post-thumbnail","6":"product_cat-by-industry","7":"product_cat-custom-perfume-boxes-by-industry","8":"product_cat-paper-box-style","9":"product_cat-paper-drawer-boxes","10":"product_tag-mini-fragrance-box","11":"product_tag-oem-perfume-packaging","12":"product_tag-perfume-gift-paper-box","14":"first","15":"instock","16":"shipping-taxable","17":"product-type-simple"},"_links":{"self":[{"href":"https:\/\/zojopackaging.com\/pl\/wp-json\/wp\/v2\/product\/8401","targetHints":{"allow":["GET"]}}],"collection":[{"href":"https:\/\/zojopackaging.com\/pl\/wp-json\/wp\/v2\/product"}],"about":[{"href":"https:\/\/zojopackaging.com\/pl\/wp-json\/wp\/v2\/types\/product"}],"version-history":[{"count":1,"href":"https:\/\/zojopackaging.com\/pl\/wp-json\/wp\/v2\/product\/8401\/revisions"}],"predecessor-version":[{"id":8408,"href":"https:\/\/zojopackaging.com\/pl\/wp-json\/wp\/v2\/product\/8401\/revisions\/8408"}],"wp:featuredmedia":[{"embeddable":true,"href":"https:\/\/zojopackaging.com\/pl\/wp-json\/wp\/v2\/media\/8407"}],"wp:attachment":[{"href":"https:\/\/zojopackaging.com\/pl\/wp-json\/wp\/v2\/media?parent=8401"}],"wp:term":[{"taxonomy":"product_brand","embeddable":true,"href":"https:\/\/zojopackaging.com\/pl\/wp-json\/wp\/v2\/product_brand?post=8401"},{"taxonomy":"product_cat","embeddable":true,"href":"https:\/\/zojopackaging.com\/pl\/wp-json\/wp\/v2\/product_cat?post=8401"},{"taxonomy":"product_tag","embeddable":true,"href":"https:\/\/zojopackaging.com\/pl\/wp-json\/wp\/v2\/product_tag?post=8401"}],"curies":[{"name":"wp","href":"https:\/\/api.w.org\/{rel}","templated":true}]}}