{"id":8490,"date":"2025-03-28T17:50:25","date_gmt":"2025-03-28T09:50:25","guid":{"rendered":"https:\/\/zojopackaging.com\/?post_type=product&#038;p=8490"},"modified":"2025-03-28T17:55:33","modified_gmt":"2025-03-28T09:55:33","slug":"luxury-custom-nail-polish-packaging-gift-boxes-wholesale","status":"publish","type":"product","link":"https:\/\/zojopackaging.com\/pl\/product\/luxury-custom-nail-polish-packaging-gift-boxes-wholesale\/","title":{"rendered":"Luksusowe niestandardowe opakowania na lakier do paznokci Pude\u0142ka na prezenty Hurtownia"},"content":{"rendered":"<h3 id=\"-luxury-customized-nail-polish-packaging-gift-box-wholesale-product-description-\"><strong>Luksusowe niestandardowe opakowanie na lakier do paznokci Hurtownia upomink\u00f3w<\/strong><\/h3>\n<h4 id=\"-i-magnetic-embedded-packaging-box-design-a-double-breakthrough-of-convenience-and-aesthetics-\"><strong>I. Projekt opakowania z zamkni\u0119ciem magnetycznym: Podw\u00f3jny prze\u0142om wygody i estetyki<\/strong><\/h4>\n<ol>\n<li><strong>Struktura zamkni\u0119cia magnetycznego<\/strong>: Dzi\u0119ki zastosowaniu ukrytego magnetycznego systemu otwierania i zamykania, magnes jest ca\u0142kowicie osadzony w obudowie i pokrywie, co pozwala unikn\u0105\u0107 problem\u00f3w ze zu\u017cyciem lub utlenianiem spowodowanych ekspozycj\u0105 tradycyjnych magnes\u00f3w i wyd\u0142u\u017cy\u0107 \u017cywotno\u015b\u0107. D\u017awi\u0119k \"klikni\u0119cia\" po zamkni\u0119ciu pokrywy pude\u0142ka daje poczucie rytua\u0142u, a p\u0142ynno\u015b\u0107 otwierania i zamykania zosta\u0142a poprawiona przez 300%, a u\u017cytkownicy mog\u0105 obs\u0142ugiwa\u0107 go jedn\u0105 r\u0119k\u0105.<\/li>\n<li><strong>Obiegowe i przyjazne dla \u015brodowiska w\u0142a\u015bciwo\u015bci<\/strong>: Struktura magnetyczna umo\u017cliwia nieograniczone otwieranie i zamykanie bez uszkodze\u0144. Dzi\u0119ki wymiennej podszewce opakowanie mo\u017cna przekszta\u0142ci\u0107 w pude\u0142ko na bi\u017cuteri\u0119, pude\u0142ko na artyku\u0142y papiernicze itp., realizuj\u0105c koncepcj\u0119 modernizacji konsumenta \"opakowanie jest produktem\".<\/li>\n<\/ol>\n<h4 id=\"-ii-environmentally-friendly-material-system-sustainable-development-from-raw-materials-to-process-\"><strong>2. Przyjazny dla \u015brodowiska system materia\u0142owy: zr\u00f3wnowa\u017cony rozw\u00f3j od surowc\u00f3w do procesu<\/strong><\/h4>\n<ol>\n<li><strong>Schemat \u0142\u0105czenia materia\u0142\u00f3w<\/strong>:<\/li>\n<li><strong>Warstwa zewn\u0119trzna<\/strong>: Powlekany papier artystyczny C2S o gramaturze 157 g (papier dwustronnie powlekany), o jedwabistym dotyku i wysokim odwzorowaniu kolor\u00f3w.<\/li>\n<li><strong>Warstwa wewn\u0119trzna<\/strong>: Sztywna tektura 1200 g (szara tektura o wysokiej wytrzyma\u0142o\u015bci), wytrzyma\u0142o\u015b\u0107 na \u015bciskanie 15 kg\/cm\u00b2<\/li>\n<li><strong>Standard certyfikacji<\/strong>: Certyfikat le\u015bny FSC, drukowany ekologicznym tuszem na bazie wody, zgodnie z dyrektyw\u0105 \u015brodowiskow\u0105 UE REACH<\/li>\n<li><strong>Wizualne logo ochrony \u015brodowiska<\/strong>:<\/li>\n<li>Korpus pude\u0142ka wykorzystuje Pantone PANTONE 17-5936 TPG (ekologiczny zielony) jako g\u0142\u00f3wny kolor, kt\u00f3ry zosta\u0142 uznany za symbol ochrony \u015brodowiska przez 87% konsument\u00f3w na ca\u0142ym \u015bwiecie.<\/li>\n<li>Na spodzie pude\u0142ka nadrukowano degradowalne logo i kod QR \u015bladu w\u0119glowego, kt\u00f3ry mo\u017cna zeskanowa\u0107 w celu prze\u015bledzenia danych dotycz\u0105cych ochrony \u015brodowiska w ca\u0142ym cyklu \u017cycia opakowania.<\/li>\n<\/ol>\n<h4 id=\"-iii-eva-anti-seismic-lining-system-a-scientific-solution-for-transportation-safety-\"><strong>3. System ok\u0142adzin antysejsmicznych EVA: naukowe rozwi\u0105zanie dla bezpiecze\u0144stwa transportu<\/strong><\/h4>\n<ol>\n<li><strong>Wydajno\u015b\u0107 buforowania<\/strong>:<\/li>\n<li>Dostosowana podszewka z pianki EVA o wysokiej g\u0119sto\u015bci 3 mm, wsp\u00f3\u0142czynnik poch\u0142aniania uderze\u0144 \u226585%<\/li>\n<li>Precyzyjnie uformowana struktura rowk\u00f3w mo\u017ce zamocowa\u0107 6-12 butelek lakieru do paznokci, aby zapobiec kolizjom i przemieszczaniu si\u0119 podczas transportu.<\/li>\n<li><strong>Modernizacja \u015brodowiskowa<\/strong>:<\/li>\n<li>Opcjonalny biodegradowalny materia\u0142 EVA na bazie skrobi kukurydzianej, naturalna szybko\u015b\u0107 rozk\u0142adu przekracza 90% w ci\u0105gu 180 dni<\/li>\n<li>Powierzchnia podszewki jest pokryta flokowan\u0105 tkanin\u0105, aby zwi\u0119kszy\u0107 wizualne poczucie luksusu i komfort dotykowy podczas rozpakowywania.<\/li>\n<\/ol>\n<h4 id=\"-fourth-full-dimensional-customization-service-seamless-connection-from-concept-to-finished-product-\"><strong>4. Pe\u0142nowymiarowa us\u0142uga dostosowywania: p\u0142ynne po\u0142\u0105czenie od koncepcji do gotowego produktu<\/strong><\/h4>\n<ol>\n<li><strong>Innowacje strukturalne<\/strong>:<\/li>\n<li>Obs\u0142uguje 27 rodzaj\u00f3w dostosowywania pude\u0142ek, takich jak szuflady, pude\u0142ka w kszta\u0142cie ksi\u0105\u017cki i pokrywy, ze specjaln\u0105 dok\u0142adno\u015bci\u0105 ci\u0119cia \u00b10,3 mm.<\/li>\n<li><strong>Dostosowywanie systemu wizualnego<\/strong>:<\/li>\n<li>Przyj\u0119cie niemieckiej 7-kolorowej offsetowej maszyny drukarskiej Heidelberg, r\u00f3\u017cnica kolor\u00f3w \u0394E\u22641,5 (mi\u0119dzynarodowy standard \u0394E\u22643)<\/li>\n<li>Obs\u0142uguje 12 proces\u00f3w powierzchniowych, takich jak t\u0142oczenie na gor\u0105co \/ UV \/ wyt\u0142aczanie, a przyczepno\u015b\u0107 tekstury metalu do t\u0142oczenia na gor\u0105co osi\u0105ga poziom 5B (standard ASTM D3359).<\/li>\n<\/ol>\n<h3 id=\"-v-china-s-smart-manufacturing-advantages-flexible-production-capacity-of-the-source-factory-\"><strong>5. Zalety inteligentnej produkcji w Chinach: elastyczna zdolno\u015b\u0107 produkcyjna fabryki \u017ar\u00f3d\u0142owej<\/strong><\/h3>\n<ol>\n<li><strong>Gwarancja zdolno\u015bci produkcyjnej<\/strong>:<\/li>\n<li>12 w pe\u0142ni automatycznych linii produkcyjnych, o dziennej zdolno\u015bci produkcyjnej ponad 100 000 pude\u0142ek, obs\u0142uguj\u0105cych 48-godzinny ultraszybki proofing.<\/li>\n<li>Inteligentne dopasowanie bazy danych 1000+SKU w celu zmniejszenia koszt\u00f3w pozyskiwania nowych klient\u00f3w<\/li>\n<li><strong>System kontroli jako\u015bci<\/strong>:<\/li>\n<li>Wdro\u017cenie standard\u00f3w jako\u015bci druku GB\/T 7705-2023, 36 procedur kontroli jako\u015bci w ca\u0142ym procesie.<\/li>\n<li>Wyposa\u017cony w spektrofotometr X-Rite do monitorowania koloru w czasie rzeczywistym w celu zapewnienia sp\u00f3jno\u015bci partii.<\/li>\n<\/ol>\n<p><strong>Warto\u015b\u0107 wsp\u00f3\u0142pracy<\/strong>\u00a0Jako g\u0142\u00f3wne przedsi\u0119biorstwo w bran\u017cy opakowa\u0144 w Chinach, wykorzystujemy my\u015blenie \"opakowanie jako medium\", aby pom\u00f3c markom osi\u0105gn\u0105\u0107 nast\u0119puj\u0105ce cele dzi\u0119ki trzem innowacyjnym modu\u0142om: magnetyczne otwieranie i zamykanie, materia\u0142y przyjazne dla \u015brodowiska i wyk\u0142adzina antysejsmiczna:<\/p>\n<ul>\n<li><strong>Produkt premium<\/strong>: Koszt pakowania wynosi \u226415%, a cena ko\u0144cowa mo\u017ce zosta\u0107 zwi\u0119kszona o 40-60%.<\/li>\n<li><strong>Zatrzymanie u\u017cytkownika<\/strong>92% konsument\u00f3w jest sk\u0142onnych zachowa\u0107 opakowania wielokrotnego u\u017cytku (dane z badania Nielsen z 2024 r.)<\/li>\n<li><strong>Warto\u015b\u0107 ESG<\/strong>: Zmniejszenie emisji dwutlenku w\u0119gla o 3,2 tony na 100 000 opakowa\u0144, pomagaj\u0105c markom osi\u0105gn\u0105\u0107 cele neutralno\u015bci w\u0119glowej.<\/li>\n<\/ul>","protected":false},"excerpt":{"rendered":"<p>1. Pude\u0142ko z zamkni\u0119ciem magnetycznym, wbudowany magnes, aby unikn\u0105\u0107 zewn\u0119trznego zu\u017cycia, \u0142atwe do otwierania i zamykania, przyjazne dla \u015brodowiska i wielokrotnego u\u017cytku<br \/>\n2. 157 g powlekanego papieru artystycznego C2S + 1200 g sztywnej tektury, opakowanie zgodne z zasadami zr\u00f3wnowa\u017conego rozwoju<br \/>\n3. Zielony kolor ochrony \u015brodowiska korpusu pude\u0142ka jest uniwersalny jako symbol ochrony \u015brodowiska, kt\u00f3ry mo\u017ce szybko ustanowi\u0107 marki i zr\u00f3wnowa\u017cony rozw\u00f3j<br \/>\n4. Podszewka EVA mo\u017ce buforowa\u0107 wstrz\u0105sy podczas transportu i chroni\u0107 opakowanie lakieru do paznokci przed uszkodzeniem.<br \/>\n5. Typ pude\u0142ka, materia\u0142, kolor i rozmiar mo\u017cna dostosowa\u0107 do pude\u0142ka prezentowego na lakier do paznokci<\/p>","protected":false},"featured_media":8491,"template":"","meta":[],"product_brand":[],"product_cat":[30,390,424,31],"product_tag":[837,838,839],"class_list":{"0":"post-8490","1":"product","2":"type-product","3":"status-publish","4":"has-post-thumbnail","6":"product_cat-by-industry","7":"product_cat-custom-cosmetics-boxes","8":"product_cat-magnetic-closure-boxes","9":"product_cat-paper-box-style","10":"product_tag-custom-nail-polish-packaging","11":"product_tag-luxury-nail-polish-boxes","12":"product_tag-nail-polish-gift-boxes-wholesale","14":"first","15":"instock","16":"shipping-taxable","17":"product-type-simple"},"_links":{"self":[{"href":"https:\/\/zojopackaging.com\/pl\/wp-json\/wp\/v2\/product\/8490","targetHints":{"allow":["GET"]}}],"collection":[{"href":"https:\/\/zojopackaging.com\/pl\/wp-json\/wp\/v2\/product"}],"about":[{"href":"https:\/\/zojopackaging.com\/pl\/wp-json\/wp\/v2\/types\/product"}],"version-history":[{"count":2,"href":"https:\/\/zojopackaging.com\/pl\/wp-json\/wp\/v2\/product\/8490\/revisions"}],"predecessor-version":[{"id":8493,"href":"https:\/\/zojopackaging.com\/pl\/wp-json\/wp\/v2\/product\/8490\/revisions\/8493"}],"wp:featuredmedia":[{"embeddable":true,"href":"https:\/\/zojopackaging.com\/pl\/wp-json\/wp\/v2\/media\/8491"}],"wp:attachment":[{"href":"https:\/\/zojopackaging.com\/pl\/wp-json\/wp\/v2\/media?parent=8490"}],"wp:term":[{"taxonomy":"product_brand","embeddable":true,"href":"https:\/\/zojopackaging.com\/pl\/wp-json\/wp\/v2\/product_brand?post=8490"},{"taxonomy":"product_cat","embeddable":true,"href":"https:\/\/zojopackaging.com\/pl\/wp-json\/wp\/v2\/product_cat?post=8490"},{"taxonomy":"product_tag","embeddable":true,"href":"https:\/\/zojopackaging.com\/pl\/wp-json\/wp\/v2\/product_tag?post=8490"}],"curies":[{"name":"wp","href":"https:\/\/api.w.org\/{rel}","templated":true}]}}