{"id":8494,"date":"2025-03-28T17:55:43","date_gmt":"2025-03-28T09:55:43","guid":{"rendered":"https:\/\/zojopackaging.com\/?post_type=product&#038;p=8494"},"modified":"2025-03-28T21:44:01","modified_gmt":"2025-03-28T13:44:01","slug":"custom-printed-presentation-boxes-wholesale-with-logo","status":"publish","type":"product","link":"https:\/\/zojopackaging.com\/pl\/product\/custom-printed-presentation-boxes-wholesale-with-logo\/","title":{"rendered":"Niestandardowe drukowane pude\u0142ka prezentacyjne hurtowo z logo"},"content":{"rendered":"<h3 id=\"custom-printed-display-box-wholesale-with-logo-product-description\">Niestandardowe drukowane pude\u0142ko ekspozycyjne hurtowo z logo<\/h3>\n<h4 id=\"-i-environmentally-friendly-material-system-dual-guarantee-of-sustainability-and-quality-\"><strong>I. System materia\u0142\u00f3w przyjaznych dla \u015brodowiska: podw\u00f3jna gwarancja trwa\u0142o\u015bci i jako\u015bci<\/strong><\/h4>\n<ol>\n<li><strong>Papier powlekany C2S 157 g + szara tektura o wysokiej wytrzyma\u0142o\u015bci 1200 g<\/strong>:<\/li>\n<li><strong>Warstwa zewn\u0119trzna<\/strong>: Zastosowano dwustronnie powlekany papier o gramaturze 157 g (powlekany papier artystyczny C2S), kt\u00f3rego powierzchnia jest jedwabista w dotyku, a odwzorowanie kolor\u00f3w jest tak wysokie, jak 98%, i umo\u017cliwia drukowanie logo marki i z\u0142o\u017conych wzor\u00f3w w wysokiej rozdzielczo\u015bci.<\/li>\n<li><strong>Warstwa wewn\u0119trzna<\/strong>: Szara tektura o wysokiej wytrzyma\u0142o\u015bci 1200 g (sztywna tektura) zapewnia bardzo wysok\u0105 wytrzyma\u0142o\u015b\u0107 na \u015bciskanie (\u226515 kg\/cm\u00b2), dzi\u0119ki czemu korpus pude\u0142ka nie odkszta\u0142ca si\u0119 podczas transportu i uk\u0142adania w stosy.<\/li>\n<li><strong>Certyfikacja \u015brodowiskowa<\/strong>: Materia\u0142 przeszed\u0142 certyfikacj\u0119 le\u015bn\u0105 FSC, a nadruk wykorzystuje przyjazny dla \u015brodowiska atrament na bazie wody, kt\u00f3ry jest zgodny z dyrektyw\u0105 UE REACH, bior\u0105c pod uwag\u0119 zar\u00f3wno wizerunek marki, jak i potrzeby zr\u00f3wnowa\u017conego rozwoju.<\/li>\n<li><strong>Wizualne logo ochrony \u015brodowiska<\/strong>: G\u0142\u00f3wny kolor pude\u0142ka mo\u017cna wybra\u0107 spo\u015br\u00f3d Pantone Classic Blue. Kolor ten, jak udowodniono w badaniach, zmniejsza zm\u0119czenie wzroku i tworzy relaksuj\u0105c\u0105 i uzdrawiaj\u0105c\u0105 atmosfer\u0119 marki. Jednocze\u015bnie jest on uzupe\u0142niony degradowalnym logo i kodem QR \u015bladu w\u0119glowego, aby wzmocni\u0107 rozpowszechnianie koncepcji ochrony \u015brodowiska.<\/li>\n<\/ol>\n<h4 id=\"-second-the-design-of-the-top-and-bottom-lid-box-type-the-perfect-combination-of-ritual-sense-and-functionality-\"><strong>2. Konstrukcja g\u00f3rnej i dolnej pokrywy pude\u0142ka: idealne po\u0142\u0105czenie rytua\u0142u i funkcjonalno\u015bci.<\/strong><\/h4>\n<ol>\n<li><strong>Optymalizacja struktury g\u00f3rnej i dolnej powieki<\/strong>:<\/li>\n<li>Zastosowano typ skrzynki z g\u00f3rn\u0105 i doln\u0105 pokryw\u0105, a g\u00f3rna i dolna pokrywa s\u0105 zamykane z dok\u0142adno\u015bci\u0105 \u00b10,5 mm. Podczas otwierania i zamykania, ssanie magnetyczne wspomaga pozycjonowanie. U\u017cytkownicy mog\u0105 obs\u0142ugiwa\u0107 urz\u0105dzenie jedn\u0105 r\u0119k\u0105, a rozpakowywanie jest p\u0142ynniejsze dzi\u0119ki 40%.<\/li>\n<li>Kraw\u0119d\u017a korpusu pude\u0142ka ma zaokr\u0105glon\u0105 konstrukcj\u0119 zapobiegaj\u0105c\u0105 zarysowaniom, w po\u0142\u0105czeniu z otworem na kart\u0119 o grubo\u015bci 3 mm, aby poprawi\u0107 mocowanie i efekt wy\u015bwietlania r\u0119cznie robionych produkt\u00f3w.<\/li>\n<li><strong>Niestandardowe rozszerzenie<\/strong>: Obs\u0142uguje 27 rodzaj\u00f3w pude\u0142ek, takich jak szuflady, pude\u0142ka w kszta\u0142cie ksi\u0105\u017cki i ci\u0119cia o specjalnych kszta\u0142tach. Dok\u0142adno\u015b\u0107 struktury o specjalnym kszta\u0142cie wynosi \u00b10,3 mm, co pozwala dostosowa\u0107 si\u0119 do wymaga\u0144 dotycz\u0105cych rozmiaru i kszta\u0142tu r\u00f3\u017cnych r\u0119cznie robionych produkt\u00f3w, takich jak bi\u017cuteria, ceramika i tkaniny.<\/li>\n<\/ol>\n<h4 id=\"-iii-eva-anti-seismic-lining-system-all-round-protection-solution-\"><strong>3. System ok\u0142adzin antysejsmicznych EVA: wszechstronne rozwi\u0105zanie ochronne<\/strong><\/h4>\n<ol>\n<li><strong>Niestandardowa ok\u0142adzina zderzaka<\/strong>:<\/li>\n<li>Dzi\u0119ki zastosowaniu pianki EVA o wysokiej g\u0119sto\u015bci 3 mm, wsp\u00f3\u0142czynnik poch\u0142aniania uderze\u0144 wynosi \u226585%, a precyzyjny rowek formy mo\u017ce mocowa\u0107 delikatne przedmioty, aby unikn\u0105\u0107 kolizji i przemieszczania si\u0119 podczas transportu.<\/li>\n<li>Powierzchnia ok\u0142adziny mo\u017ce by\u0107 flokowana lub pokryta matow\u0105 foli\u0105, kt\u00f3ra jest delikatna i antypo\u015blizgowa, chroni\u0105c powierzchni\u0119 r\u0119cznie wykonanych produkt\u00f3w przed zarysowaniami.<\/li>\n<li><strong>Modernizacja \u015brodowiskowa<\/strong>: Zapewnia biodegradowalny materia\u0142 EVA na bazie skrobi kukurydzianej, z naturalnym wsp\u00f3\u0142czynnikiem rozk\u0142adu ponad 90% w ci\u0105gu 180 dni, co pasuje do pozycjonowania marki w zakresie ochrony \u015brodowiska.<\/li>\n<\/ol>\n<h4 id=\"-iv-high-precision-printing-and-craftsmanship-luxurious-presentation-of-brand-vision-\"><strong>4. Precyzyjny druk i rzemios\u0142o: luksusowa prezentacja wizji marki<\/strong><\/h4>\n<ol>\n<li><strong>Technologia druku z zerow\u0105 r\u00f3\u017cnic\u0105 kolor\u00f3w<\/strong>:<\/li>\n<li>Dzi\u0119ki zastosowaniu niemieckiej 7-kolorowej offsetowej maszyny drukarskiej Heidelberg, kontrola r\u00f3\u017cnicy kolor\u00f3w \u0394E\u22641,5 (mi\u0119dzynarodowy standard \u0394E\u22643) zapewnia, \u017ce LOGO marki i nadruk wzoru s\u0105 wyra\u017ane i ostre.<\/li>\n<li>Obs\u0142uguje drukowanie w kolorze dodatkowym i efekty gradientu, a nasycenie kolor\u00f3w osi\u0105ga 98% dopasowanie do kart kolor\u00f3w Pantone.<\/li>\n<li><strong>Technologia t\u0142oczenia na gor\u0105co wzmacnia tekstur\u0119<\/strong>:<\/li>\n<li>Cz\u0119\u015bciowe t\u0142oczenie na gor\u0105co wykorzystuje 24-karatow\u0105 z\u0142ot\u0105 foli\u0119 o przyczepno\u015bci na poziomie 5B (norma ASTM D3359), kt\u00f3ra mo\u017ce prezentowa\u0107 wiele tekstur, takich jak relief i lukier, nadaj\u0105c opakowaniu poczucie luksusu i warto\u015bci kolekcjonerskiej.<\/li>\n<li>Odporno\u015b\u0107 na zu\u017cycie obszaru t\u0142oczenia na gor\u0105co jest zwi\u0119kszona przez 50% i nie blaknie po d\u0142ugotrwa\u0142ym u\u017cytkowaniu, wzmacniaj\u0105c wysokiej klasy wizerunek marki.<\/li>\n<\/ol>\n<h4 id=\"-v-direct-supply-from-china-s-source-factory-flexible-production-and-efficient-response-\"><strong>5. Bezpo\u015brednie dostawy z chi\u0144skiej fabryki \u017ar\u00f3d\u0142owej: elastyczna produkcja i wydajna reakcja<\/strong><\/h4>\n<ol>\n<li><strong>Gwarancja systemu kontroli jako\u015bci<\/strong>:<\/li>\n<li>Wdro\u017cenie standard\u00f3w jako\u015bci produkt\u00f3w drukowanych GB\/T 7705-2023, 36 procedur kontroli jako\u015bci w ca\u0142ym procesie i wyposa\u017cenie w spektrofotometr X-Rite do monitorowania sp\u00f3jno\u015bci kolor\u00f3w w czasie rzeczywistym.<\/li>\n<li>Wsparcie inspekcji zewn\u0119trznych i \u015bledzenie logistyki w celu zapewnienia przejrzysto\u015bci i kontroli od produkcji do dostawy.<\/li>\n<\/ol>\n<p><strong>Warto\u015b\u0107 wsp\u00f3\u0142pracy<\/strong>\u00a0Dzi\u0119ki czterem podstawowym modu\u0142om, takim jak przyjazne dla \u015brodowiska materia\u0142y, struktura pokrywy, niestandardowa podszewka i technologia t\u0142oczenia na gor\u0105co, marka mo\u017ce to osi\u0105gn\u0105\u0107:<\/p>\n<ul>\n<li><strong>Produkt premium<\/strong>: Koszt opakowania wynosi \u226412%, a ko\u0144cowa cena sprzeda\u017cy mo\u017ce zosta\u0107 zwi\u0119kszona o 30-50%;<\/li>\n<li><strong>Ulepszenie do\u015bwiadczenia u\u017cytkownika<\/strong>92% u\u017cytkownik\u00f3w ma punkty pami\u0119ci marki za wysokiej jako\u015bci opakowanie;<\/li>\n<li><strong>Warto\u015b\u0107 dla \u015brodowiska<\/strong>: Zmniejszenie emisji dwutlenku w\u0119gla o 2,8 tony na ka\u017cde 100 000 pude\u0142ek, pomagaj\u0105c firmie osi\u0105gn\u0105\u0107 cele ESG.<\/li>\n<\/ul>","protected":false},"excerpt":{"rendered":"<p>1. Powlekany papier artystyczny C2S 157 g + sztywny karton 1200 g, przyjazne dla \u015brodowiska i zr\u00f3wnowa\u017cone materia\u0142y<br \/>\n2. typ pokrywy i podstawy pude\u0142ka, z g\u00f3rn\u0105 i doln\u0105 struktur\u0105 pokrywy, aby poprawi\u0107 wra\u017cenia klienta podczas rozpakowywania<br \/>\n3. Nieograniczone dostosowanie typu pude\u0142ka, materia\u0142u, koloru i rozmiaru do r\u0119cznie robionego pude\u0142ka prezentowego<\/p>","protected":false},"featured_media":8496,"template":"","meta":[],"product_brand":[],"product_cat":[30,423,425,31],"product_tag":[857,859,858],"class_list":{"0":"post-8494","1":"product","2":"type-product","3":"status-publish","4":"has-post-thumbnail","6":"product_cat-by-industry","7":"product_cat-custom-presentation-boxes-by-industry","8":"product_cat-lid-and-base-gift-box","9":"product_cat-paper-box-style","10":"product_tag-custom-presentation-boxes","11":"product_tag-presentation-boxes","12":"product_tag-presentation-boxes-wholesale","14":"first","15":"instock","16":"shipping-taxable","17":"product-type-simple"},"_links":{"self":[{"href":"https:\/\/zojopackaging.com\/pl\/wp-json\/wp\/v2\/product\/8494","targetHints":{"allow":["GET"]}}],"collection":[{"href":"https:\/\/zojopackaging.com\/pl\/wp-json\/wp\/v2\/product"}],"about":[{"href":"https:\/\/zojopackaging.com\/pl\/wp-json\/wp\/v2\/types\/product"}],"version-history":[{"count":1,"href":"https:\/\/zojopackaging.com\/pl\/wp-json\/wp\/v2\/product\/8494\/revisions"}],"predecessor-version":[{"id":8508,"href":"https:\/\/zojopackaging.com\/pl\/wp-json\/wp\/v2\/product\/8494\/revisions\/8508"}],"wp:featuredmedia":[{"embeddable":true,"href":"https:\/\/zojopackaging.com\/pl\/wp-json\/wp\/v2\/media\/8496"}],"wp:attachment":[{"href":"https:\/\/zojopackaging.com\/pl\/wp-json\/wp\/v2\/media?parent=8494"}],"wp:term":[{"taxonomy":"product_brand","embeddable":true,"href":"https:\/\/zojopackaging.com\/pl\/wp-json\/wp\/v2\/product_brand?post=8494"},{"taxonomy":"product_cat","embeddable":true,"href":"https:\/\/zojopackaging.com\/pl\/wp-json\/wp\/v2\/product_cat?post=8494"},{"taxonomy":"product_tag","embeddable":true,"href":"https:\/\/zojopackaging.com\/pl\/wp-json\/wp\/v2\/product_tag?post=8494"}],"curies":[{"name":"wp","href":"https:\/\/api.w.org\/{rel}","templated":true}]}}