{"id":8509,"date":"2025-03-28T21:44:24","date_gmt":"2025-03-28T13:44:24","guid":{"rendered":"https:\/\/zojopackaging.com\/?post_type=product&#038;p=8509"},"modified":"2025-03-29T10:02:44","modified_gmt":"2025-03-29T02:02:44","slug":"custom-luxury-medal-gold-coin-gift-packaging-boxes-wholesale","status":"publish","type":"product","link":"https:\/\/zojopackaging.com\/pl\/product\/custom-luxury-medal-gold-coin-gift-packaging-boxes-wholesale\/","title":{"rendered":"Niestandardowe luksusowe pude\u0142ka na z\u0142ote monety na prezenty hurtowe"},"content":{"rendered":"<h3 id=\"-customized-luxury-medal-gold-coin-gift-packaging-box-wholesale-\"><strong>Dostosowane luksusowe pude\u0142ko na z\u0142ote monety z medalem hurtowo<\/strong><\/h3>\n<h4 id=\"-1-top-and-bottom-cover-box-type-full-wrapping-structure-ultimate-protection-\"><strong>1. Typ pokrywy i podstawy: pe\u0142na struktura opakowania, najwy\u017csza ochrona<\/strong><\/h4>\n<p>Przyjmuj\u0105c klasyczn\u0105 konstrukcj\u0119 pokrywy i podstawy pude\u0142ka, g\u00f3rna pokrywa i podstawa pude\u0142ka s\u0105 precyzyjnie zagnie\u017cd\u017cone, tworz\u0105c pe\u0142n\u0105 struktur\u0119 opakowania, kt\u00f3ra jest skutecznie py\u0142oszczelna i odporna na wyciskanie, unikaj\u0105c ryzyka deformacji lub wycieku spowodowanego si\u0142ami zewn\u0119trznymi podczas transportu lub przechowywania. Typ pude\u0142ka jest inspirowany koncepcj\u0105 wysokiej klasy opakowa\u0144 butikowych, kt\u00f3re nie tylko spe\u0142niaj\u0105 potrzeby funkcjonalne, ale tak\u017ce nadaj\u0105 produktowi poczucie godno\u015bci. Na przyk\u0142ad, g\u00f3rna pokrywa mo\u017ce zarezerwowa\u0107 miejsce na otwarcie, a dolna pokrywa wykorzystuje wewn\u0119trzn\u0105 struktur\u0119 wzmacniaj\u0105c\u0105 kraw\u0119d\u017a, aby zapewni\u0107 stabilno\u015b\u0107 pude\u0142ka po zamkni\u0119ciu. Ponadto obs\u0142uguje niestandardowe sko\u015bne usta, ods\u0142oni\u0119t\u0105 tali\u0119 lub specjalne typy pude\u0142ek (takie jak sze\u015bciok\u0105tne, okr\u0105g\u0142e), aby zaspokoi\u0107 potrzeby wystawy artystycznej.<\/p>\n<h4 id=\"-second-unlimited-customization-comprehensive-adaptation-of-materials-sizes-and-processes-\"><strong>2. Nieograniczona personalizacja: wszechstronne dostosowanie materia\u0142\u00f3w, rozmiar\u00f3w i proces\u00f3w<\/strong><\/h4>\n<ol>\n<li><strong>Elastyczny wyb\u00f3r materia\u0142\u00f3w<\/strong><\/li>\n<li><strong>Materia\u0142 podstawowy<\/strong>: 120g Soft Touch Paper (delikatny w dotyku) + 1200g Paperboard (karton o wysokiej g\u0119sto\u015bci), kt\u00f3ry jest zar\u00f3wno przyjazny dla \u015brodowiska, jak i no\u015bny, zgodnie z trendem zr\u00f3wnowa\u017conego pakowania.<\/li>\n<li><strong>Precyzyjne dopasowanie rozmiaru i koloru<\/strong>\u00a0Obs\u0142uguje dostosowywanie rozmiaru na poziomie milimetra, dostosowuj\u0105c si\u0119 do specjalnych specyfikacji r\u00f3\u017cnych medali, z\u0142otych monet lub dzie\u0142 sztuki. Czerwone pude\u0142ko o wysokim kontra\u015bcie mo\u017ce znacznie zwi\u0119kszy\u0107 atrakcyjno\u015b\u0107 ekspozycji na p\u00f3\u0142kach sklepowych, a dzi\u0119ki matowemu procesowi laminowania mo\u017cna unikn\u0105\u0107 odbi\u0107, kt\u00f3re zak\u0142\u00f3caj\u0105 skupienie wzroku.<\/li>\n<li><strong>Proces drukowania i obr\u00f3bka powierzchni<\/strong><\/li>\n<li><strong>Drukowanie w wysokiej rozdzielczo\u015bci<\/strong>: Wykorzystuj\u0105c technologi\u0119 grawerowania CNC i druku offsetowego, aby zapewni\u0107, \u017ce wz\u00f3r i tekst s\u0105 wyra\u017ane i bez zjawy, wspieraj\u0105c t\u0142oczenie na gor\u0105co, wyt\u0142aczanie UV, sitodruk i inne procesy, dok\u0142adnie przywracaj\u0105 logo marki.<\/li>\n<li><strong>Matowa pow\u0142oka<\/strong>: Powierzchnia jest pokryta matow\u0105 foli\u0105, kt\u00f3ra jest wodoodporna i olejoodporna, co wyd\u0142u\u017ca \u017cywotno\u015b\u0107 opakowania, zachowuj\u0105c jednocze\u015bnie delikatn\u0105 tekstur\u0119 papieru dotykowego.<\/li>\n<\/ol>\n<h4 id=\"-iii-eva-customized-lining-shock-resistant-cushioning-and-brand-value-added-\"><strong>3. Spersonalizowana podszewka EVA: odporna na wstrz\u0105sy amortyzacja i warto\u015b\u0107 dodana marki<\/strong><\/h4>\n<ol>\n<li><strong>Ochrona rdzenia<\/strong>: Wy\u015bci\u00f3\u0142ka EVA jest standardem w pude\u0142ku, kt\u00f3re pasuje do konturu medalu \/ monety dzi\u0119ki precyzyjnemu otworowi formy, aby zapewni\u0107 odporn\u0105 na wstrz\u0105sy ochron\u0119 amortyzuj\u0105c\u0105 i unikn\u0105\u0107 uszkodzenia produktu spowodowanego wstrz\u0105sami transportowymi.<\/li>\n<li><strong>Personalizacja marki<\/strong>: Obs\u0142uguje aktualizacj\u0119 do aksamitnej g\u0105bki, flokowania lub degradowalnej, przyjaznej dla \u015brodowiska podszewki. Powierzchnia podszewki mo\u017ce by\u0107 zadrukowana sloganami marki lub wzorami opowiadaj\u0105cymi histori\u0119, aby wzmocni\u0107 poczucie ceremonii rozpakowywania i punkt\u00f3w pami\u0119ci klienta.<\/li>\n<\/ol>\n<h4 id=\"-iv-advantages-of-china-s-source-factory-one-stop-service-guarantee-\"><strong>4. Zalety chi\u0144skiej fabryki \u017ar\u00f3d\u0142owej: gwarancja kompleksowej obs\u0142ugi<\/strong><\/h4>\n<p>Jako chi\u0144ska fabryka opakowa\u0144 \u017ar\u00f3d\u0142owych integrujemy ca\u0142y \u0142a\u0144cuch projektowania, sprawdzania i produkcji, aby zapewni\u0107 skuteczn\u0105 reakcj\u0119:<\/p>\n<ol>\n<li><strong>Szybki proofing<\/strong>: Modelowanie 3D i pr\u00f3bki fizyczne s\u0105 r\u00f3wnoleg\u0142e, a rygorystyczny proces kalibracji kolor\u00f3w pozwala unikn\u0105\u0107 r\u00f3\u017cnic w kolorach, aby zapewni\u0107 sp\u00f3jno\u015b\u0107 projekt\u00f3w i gotowych produkt\u00f3w.<\/li>\n<li><strong>Produkcja masowa<\/strong>: Opieraj\u0105c si\u0119 na zautomatyzowanych liniach produkcyjnych i elastycznych \u0142a\u0144cuchach dostaw, obs\u0142uguje 500 sztuk minimalnego zam\u00f3wienia i 72-godzinn\u0105 dostaw\u0119 ekspresow\u0105, aby zaspokoi\u0107 pilne potrzeby klient\u00f3w hurtowych.<\/li>\n<li><strong>Zaanga\u017cowanie w ochron\u0119 \u015brodowiska<\/strong>: U\u017cywaj papieru z certyfikatem FSC i atramentu na bazie wody, spe\u0142niaj standardy eksportowe i pomagaj markom w praktykowaniu odpowiedzialno\u015bci spo\u0142ecznej.<\/li>\n<\/ol>\n<h4 id=\"-v-application-scenarios-and-successful-cases-\"><strong>5. Scenariusze zastosowa\u0144 i udane przypadki<\/strong><\/h4>\n<ul>\n<li><strong>Wyr\u00f3\u017cnienia korporacyjne<\/strong>: Dostosowane sze\u015bciok\u0105tne matowe czarne pude\u0142ko dla znanej firmy technologicznej, z wbudowan\u0105 magnetyczn\u0105 struktur\u0105 otwierania i zamykania oraz gor\u0105cym srebrnym LOGO, do corocznej nagrody medalowej dla pracownik\u00f3w.<\/li>\n<li><strong>Kolekcja sztuki<\/strong>: Spersonalizowane okr\u0105g\u0142e akrylowe pude\u0142ko z baldachimem na wystaw\u0119 monet, z przezroczyst\u0105 g\u00f3rn\u0105 pokryw\u0105, kt\u00f3ra intuicyjnie wy\u015bwietla szczeg\u00f3\u0142y z\u0142otej monety, a dolna aksamitna podszewka jest zadrukowana numerem kolekcji.<\/li>\n<li><strong>Wy\u015bwietlacz detaliczny<\/strong>: Czerwone pude\u0142ko upominkowe jest po\u0142\u0105czone ze z\u0142ot\u0105 piecz\u0119ci\u0105 w talii, kt\u00f3ra pomog\u0142a limitowanej serii z\u0142otych monet luksusowej marki sprzeda\u0107 si\u0119 w pierwszym dniu premiery.<\/li>\n<\/ul>","protected":false},"excerpt":{"rendered":"<p>1. Pokrywa i podstawa pude\u0142ka s\u0105 ciasno zagnie\u017cd\u017cone, tworz\u0105c w pe\u0142ni owini\u0119t\u0105 struktur\u0119, kt\u00f3ra skutecznie zapobiega kurzowi i wyt\u0142aczaniu oraz chroni zawarto\u015b\u0107 przed wyciekiem<br \/>\n2. Typ pude\u0142ka, materia\u0142, kolor, rozmiar i proces drukowania powierzchni mo\u017cna dostosowa\u0107 do medalu, z\u0142otej monety, prezentu i opakowania grafiki<br \/>\n3. Jeste\u015bmy fabryk\u0105 opakowa\u0144 \u017ar\u00f3d\u0142owych w Chinach, zajmuj\u0105c\u0105 si\u0119 g\u0142\u00f3wnie r\u00f3\u017cnymi pude\u0142kami na prezenty, kolorowymi pude\u0142kami, pude\u0142kami na karty, cylindrycznymi puszkami papierowymi, torebkami z metkami i innymi produktami do pakowania papieru<\/p>","protected":false},"featured_media":8511,"template":"","meta":[],"product_brand":[],"product_cat":[30,423,425,31],"product_tag":[871,872,873],"class_list":{"0":"post-8509","1":"product","2":"type-product","3":"status-publish","4":"has-post-thumbnail","6":"product_cat-by-industry","7":"product_cat-custom-presentation-boxes-by-industry","8":"product_cat-lid-and-base-gift-box","9":"product_cat-paper-box-style","10":"product_tag-custom-medal-packaging-boxes","11":"product_tag-gold-coin-boxes-wholesale","12":"product_tag-medal-gold-coin-packaging","14":"first","15":"instock","16":"shipping-taxable","17":"product-type-simple"},"_links":{"self":[{"href":"https:\/\/zojopackaging.com\/pl\/wp-json\/wp\/v2\/product\/8509","targetHints":{"allow":["GET"]}}],"collection":[{"href":"https:\/\/zojopackaging.com\/pl\/wp-json\/wp\/v2\/product"}],"about":[{"href":"https:\/\/zojopackaging.com\/pl\/wp-json\/wp\/v2\/types\/product"}],"version-history":[{"count":2,"href":"https:\/\/zojopackaging.com\/pl\/wp-json\/wp\/v2\/product\/8509\/revisions"}],"predecessor-version":[{"id":8523,"href":"https:\/\/zojopackaging.com\/pl\/wp-json\/wp\/v2\/product\/8509\/revisions\/8523"}],"wp:featuredmedia":[{"embeddable":true,"href":"https:\/\/zojopackaging.com\/pl\/wp-json\/wp\/v2\/media\/8511"}],"wp:attachment":[{"href":"https:\/\/zojopackaging.com\/pl\/wp-json\/wp\/v2\/media?parent=8509"}],"wp:term":[{"taxonomy":"product_brand","embeddable":true,"href":"https:\/\/zojopackaging.com\/pl\/wp-json\/wp\/v2\/product_brand?post=8509"},{"taxonomy":"product_cat","embeddable":true,"href":"https:\/\/zojopackaging.com\/pl\/wp-json\/wp\/v2\/product_cat?post=8509"},{"taxonomy":"product_tag","embeddable":true,"href":"https:\/\/zojopackaging.com\/pl\/wp-json\/wp\/v2\/product_tag?post=8509"}],"curies":[{"name":"wp","href":"https:\/\/api.w.org\/{rel}","templated":true}]}}