{"id":8524,"date":"2025-03-29T10:02:57","date_gmt":"2025-03-29T02:02:57","guid":{"rendered":"https:\/\/zojopackaging.com\/?post_type=product&#038;p=8524"},"modified":"2025-03-29T10:25:48","modified_gmt":"2025-03-29T02:25:48","slug":"custom-game-controller-joystick-packaging-paper-box-wholesale","status":"publish","type":"product","link":"https:\/\/zojopackaging.com\/pl\/product\/custom-game-controller-joystick-packaging-paper-box-wholesale\/","title":{"rendered":"Niestandardowy kontroler gier Joystick Opakowanie papierowe Hurtownia"},"content":{"rendered":"<h2 id=\"controller-joystick-packaging-paper-box-wholesale-product-description-\">Niestandardowe opakowanie papierowe na joystick kontrolera gier hurtowo<\/h2>\n<h3 id=\"-1-350g-high-weight-cardboard-substrate-professional-grade-printing-and-protection-\"><strong>1. Kartonowe pod\u0142o\u017ce o gramaturze 350 g: profesjonalny druk i ochrona<\/strong><\/h3>\n<p>U\u017cywaj\u0105c kartonu o wysokiej g\u0119sto\u015bci 350g jako podstawowego materia\u0142u, powierzchnia jest precyzyjnie polerowana, a g\u0142adko\u015b\u0107 osi\u0105ga standard poziomu drukowania, aby zapewni\u0107 prezentacj\u0119 wzor\u00f3w, tekst\u00f3w i logo marki w wysokiej rozdzielczo\u015bci. Charakterystyka materia\u0142u obejmuje:<\/p>\n<ul>\n<li><strong>Wysoka no\u015bno\u015b\u0107<\/strong>: Grubo\u015b\u0107 i g\u0119sto\u015b\u0107 kartonu s\u0105 dostosowane do wagi kontrolera do gier (np. \u015brednio 0,2-0,55 kg uchwytu z materia\u0142u ABS), a wytrzyma\u0142o\u015b\u0107 na \u015bciskanie jest 1,5 razy wi\u0119ksza ni\u017c standard bran\u017cowy, aby unikn\u0105\u0107 deformacji podczas transportu.<\/li>\n<li><strong>Reprodukcja kolor\u00f3w<\/strong>: Obs\u0142uga druku punktowego Pantone, kontrola r\u00f3\u017cnicy kolor\u00f3w \u22645%, idealnie dopasowany system marki VI, taki jak niebiesko-bia\u0142y gradient, mo\u017ce zmniejszy\u0107 zm\u0119czenie wzroku i stworzy\u0107 relaksuj\u0105c\u0105 atmosfer\u0119.<\/li>\n<li><strong>Certyfikacja \u015brodowiskowa<\/strong>: Przeszed\u0142 certyfikacj\u0119 gospodarki le\u015bnej FSC, spe\u0142nia europejskie i ameryka\u0144skie standardy eksportowe i pomaga markom w stosowaniu koncepcji zr\u00f3wnowa\u017conego rozwoju.<\/li>\n<\/ul>\n<h3 id=\"-second-full-dimensional-customized-design-exclusive-adaptation-from-box-type-to-lining-\"><strong>2. Pe\u0142nowymiarowy, spersonalizowany projekt: ekskluzywne dostosowanie od typu pude\u0142ka do podszewki<\/strong><\/h3>\n<ol>\n<li><strong>Innowacyjny typ i struktura skrzynki<\/strong><\/li>\n<li><strong>Nieograniczone mo\u017cliwo\u015bci dostosowywania typu pude\u0142ka<\/strong>: Obs\u0142uguje podstawowe typy pude\u0142ek, takie jak pokrywy g\u00f3rne i dolne, flip-top, pude\u0142ka z szufladami itp., a tak\u017ce mo\u017ce tworzy\u0107 struktury o specjalnych kszta\u0142tach (takie jak sze\u015bciok\u0105ty dostosowane do stylu retro arcade), a konstrukcja haka optymalizuje wykorzystanie pionowej przestrzeni ekspozycyjnej.<\/li>\n<li><strong>Integracja funkcji<\/strong>: Mo\u017ce by\u0107 wyposa\u017cony w magnetyczne otwieranie i zamykanie, przezroczyste okna (takie jak akrylowe pokrywy g\u00f3rne do intuicyjnego wy\u015bwietlania szczeg\u00f3\u0142\u00f3w joysticka) lub zarezerwowa\u0107 otwory interfejsu USB-C, aby dostosowa\u0107 si\u0119 do potrzeb bezprzewodowego \u0142adowania kontrolera.<\/li>\n<li><strong>Modernizacja procesu powierzchniowego<\/strong><\/li>\n<li><strong>B\u0142yszcz\u0105ca pow\u0142oka<\/strong>: Powierzchnia jest pokryta foli\u0105 o wysokim po\u0142ysku, aby zwi\u0119kszy\u0107 nasycenie kolor\u00f3w i odporno\u015b\u0107 na zarysowania, a matowy proces podkre\u015bla technologiczny sens produkt\u00f3w e-sportowych.<\/li>\n<li><strong>Efekty specjalne<\/strong>: Obs\u0142uguje lokalne wyt\u0142aczanie UV (takie jak symulacja tekstury przycisku), t\u0142oczenie na gor\u0105co srebrem \/ z\u0142otem (takie jak tr\u00f3jwymiarowe LOGO marki) i zwi\u0119ksza warto\u015b\u0107 dodan\u0105 opakowania.<\/li>\n<li><strong>Precyzyjne dopasowanie podszewki<\/strong><\/li>\n<li><strong>Wyk\u0142adzina antywibracyjna<\/strong>: Formowana ok\u0142adzina EVA jest standardem, kt\u00f3ry pasuje do konturu joysticka (takiego jak wybrzuszenie joysticka i wg\u0142\u0119bienie spustu), a wydajno\u015b\u0107 amortyzacji osi\u0105ga standard ASTM D4169.<\/li>\n<li><strong>Aktualizacja marki<\/strong>: Opcjonalna podszewka flokowana (pozycjonowanie high-end) lub degradowalna podszewka z papieru o strukturze plastra miodu (pozycjonowanie \u015brodowiskowe), powierzchnia podszewki mo\u017ce by\u0107 sitodrukiem z wzorami IP postaci z gry.<\/li>\n<\/ol>\n<h3 id=\"-three-blue-and-white-visual-system-deep-empowerment-from-psychology-to-marketing-\"><strong>3. Niebiesko-bia\u0142y system wizualny: g\u0142\u0119bokie wzmocnienie od psychologii do marketingu<\/strong><\/h3>\n<ol>\n<li><strong>Aplikacja do nauki o kolorach<\/strong><\/li>\n<li><strong>Niebieski i bia\u0142y odcie\u0144 g\u0142\u00f3wny<\/strong>: Po\u0142\u0105czenie niebieskiego o niskim nasyceniu (Pantone 14-4123) i bieli ko\u015bci s\u0142oniowej zmniejsza zm\u0119czenie wzroku spowodowane d\u0142ugotrwa\u0142\u0105 gr\u0105, co jest zgodne z koncepcj\u0105 zdrowego e-sportu.<\/li>\n<li><strong>Dynamiczny gradient<\/strong>: Technologia druku UV jest wykorzystywana do uzyskania efektu niebieskiego i bia\u0142ego cieniowania, symuluj\u0105c motyw \"gwia\u017adzistego nieba\" lub \"zorzy polarnej\", aby wzmocni\u0107 narracj\u0119 opakowania.<\/li>\n<li><strong>Optymalizacja ekspozycji w handlu detalicznym<\/strong><\/li>\n<li><strong>Mo\u017cliwo\u015b\u0107 dostosowania haka<\/strong>: Plastikowe haczyki PP s\u0105 osadzone w g\u00f3rnej cz\u0119\u015bci pude\u0142ka, co jest kompatybilne z pionowymi scenami, takimi jak p\u00f3\u0142ki w supermarketach i gabloty e-sportowe, i zwi\u0119ksza zasi\u0119g przep\u0142ywu klient\u00f3w o 30% w por\u00f3wnaniu z tradycyjnym p\u0142askim wy\u015bwietlaczem.<\/li>\n<li><strong>Kombinacja Multi-SKU<\/strong>: Obs\u0142uguje seryjne opakowania (takie jak podstawowe niebieskie i bia\u0142e pude\u0142ko), tworz\u0105c efekt matrycy p\u00f3\u0142ki.<\/li>\n<\/ol>\n<h3 id=\"-fourth-china-s-source-factory-advantages-extreme-cost-performance-and-rapid-response-\"><strong>4. Zalety chi\u0144skich fabryk \u017ar\u00f3d\u0142owych: ekstremalna wydajno\u015b\u0107 kosztowa i szybka reakcja<\/strong><\/h3>\n<p>Jako fabryka \u017ar\u00f3d\u0142owa g\u0142\u00f3wnego pasa przemys\u0142u opakowaniowego w delcie Rzeki Per\u0142owej w Chinach, integrujemy zalety \u0142a\u0144cucha przemys\u0142owego:<\/p>\n<ol>\n<li><strong>Kontrola koszt\u00f3w<\/strong>: Opieraj\u0105c si\u0119 na zakupach na du\u017c\u0105 skal\u0119 (roczne zu\u017cycie tektury przekracza 5000 ton) i zautomatyzowanych liniach produkcyjnych, cena tej samej jako\u015bci jest 15%-20% ni\u017csza ni\u017c na rynku.<\/li>\n<li><strong>Zwinne dostarczanie<\/strong><\/li>\n<li><strong>Cykl sprawdzania<\/strong>: Dostarczenie rendering\u00f3w 3D + fizycznych pude\u0142ek z pr\u00f3bkami w ci\u0105gu 3 dni roboczych i wsparcie zdalnej inspekcji wideo.<\/li>\n<li><strong>Produkcja masowa<\/strong>: 1000 sztuk zam\u00f3wie\u0144, 72 godziny niezwykle szybkiej dostawy, obs\u0142uga trybu \"produkcja na zam\u00f3wienie + konsygnacja\" i zmniejszenie presji na zapasy klienta.<\/li>\n<li><strong>System kontroli jako\u015bci<\/strong><\/li>\n<li>Pe\u0142ny proces testowania jako\u015bci (w tym kolorymetr, tester kropli itp.), Wydajno\u015b\u0107 \u2265 99,2%.<\/li>\n<li>Dostarczanie transgranicznych rozwi\u0105za\u0144 logistycznych (takich jak dostawa Amazon FBA), obejmuj\u0105cych g\u0142\u00f3wne rynki, takie jak Europa, Ameryka i Azja Po\u0142udniowo-Wschodnia.<\/li>\n<\/ol>\n<p><strong>Udane przypadki i adaptacja scenariuszy<\/strong><\/p>\n<ul>\n<li><strong>Marka urz\u0105dze\u0144 peryferyjnych do gier e-sportowych<\/strong>: Dostosowane sze\u015bciok\u0105tne jasne pude\u0142ko foliowe dla krajowego producenta uchwyt\u00f3w, wy\u0142o\u017cone flokowaniem + t\u0142oczone na gor\u0105co LOGO zespo\u0142u, pomagaj\u0105ce produktowi premium o 30%.<\/li>\n<li><strong>Konsola do gier retro<\/strong>: Dostosowany do drukowanych w 3D zestaw\u00f3w zr\u0119czno\u015bciowych, wykorzystuj\u0105cy przezroczyste okienko do wy\u015bwietlania wewn\u0119trznej struktury, z wyjmowan\u0105 podszewk\u0105 do przechowywania wielu akcesori\u00f3w.<\/li>\n<li><strong>Gor\u0105ca sprzeda\u017c transgraniczna<\/strong>: Niebiesko-bia\u0142e pude\u0142ko z haczykiem i podszewk\u0105 EVA, kt\u00f3re sta\u0142o si\u0119 TOP3 pojedynczym produktem w kategorii \"pude\u0142ko do przechowywania uchwyt\u00f3w\" Amazon, ze wska\u017anikiem odkupu ponad 40%.<\/li>\n<\/ul>","protected":false},"excerpt":{"rendered":"<p>1. Karton 350g, g\u0142adka powierzchnia, odpowiednia do druku wysokiej jako\u015bci, jasne kolory, wyra\u017ane szczeg\u00f3\u0142y.<br \/>\n2. Nieograniczone dostosowanie typu pude\u0142ka, materia\u0142u, koloru, rozmiaru, procesu drukowania powierzchni w celu dopasowania do opakowania joysticka kontrolera gier<br \/>\n3. Jeste\u015bmy fabryk\u0105 opakowa\u0144 \u017ar\u00f3d\u0142owych w Chinach i mo\u017cemy zapewni\u0107 najni\u017csz\u0105 cen\u0119 i najlepsz\u0105 jako\u015b\u0107<\/p>","protected":false},"featured_media":8527,"template":"","meta":[],"product_brand":[],"product_cat":[30,413,430,31],"product_tag":[876,874,875],"class_list":{"0":"post-8524","1":"product","2":"type-product","3":"status-publish","4":"has-post-thumbnail","6":"product_cat-by-industry","7":"product_cat-consumer-electronics-boxes","8":"product_cat-folding-cartons","9":"product_cat-paper-box-style","10":"product_tag-custom-game-controller-box","11":"product_tag-custom-game-controller-packaging","12":"product_tag-joystick-packaging-wholesale","14":"first","15":"instock","16":"shipping-taxable","17":"product-type-simple"},"_links":{"self":[{"href":"https:\/\/zojopackaging.com\/pl\/wp-json\/wp\/v2\/product\/8524","targetHints":{"allow":["GET"]}}],"collection":[{"href":"https:\/\/zojopackaging.com\/pl\/wp-json\/wp\/v2\/product"}],"about":[{"href":"https:\/\/zojopackaging.com\/pl\/wp-json\/wp\/v2\/types\/product"}],"version-history":[{"count":1,"href":"https:\/\/zojopackaging.com\/pl\/wp-json\/wp\/v2\/product\/8524\/revisions"}],"predecessor-version":[{"id":8531,"href":"https:\/\/zojopackaging.com\/pl\/wp-json\/wp\/v2\/product\/8524\/revisions\/8531"}],"wp:featuredmedia":[{"embeddable":true,"href":"https:\/\/zojopackaging.com\/pl\/wp-json\/wp\/v2\/media\/8527"}],"wp:attachment":[{"href":"https:\/\/zojopackaging.com\/pl\/wp-json\/wp\/v2\/media?parent=8524"}],"wp:term":[{"taxonomy":"product_brand","embeddable":true,"href":"https:\/\/zojopackaging.com\/pl\/wp-json\/wp\/v2\/product_brand?post=8524"},{"taxonomy":"product_cat","embeddable":true,"href":"https:\/\/zojopackaging.com\/pl\/wp-json\/wp\/v2\/product_cat?post=8524"},{"taxonomy":"product_tag","embeddable":true,"href":"https:\/\/zojopackaging.com\/pl\/wp-json\/wp\/v2\/product_tag?post=8524"}],"curies":[{"name":"wp","href":"https:\/\/api.w.org\/{rel}","templated":true}]}}