{"id":8532,"date":"2025-03-29T10:26:01","date_gmt":"2025-03-29T02:26:01","guid":{"rendered":"https:\/\/zojopackaging.com\/?post_type=product&#038;p=8532"},"modified":"2025-03-29T10:51:54","modified_gmt":"2025-03-29T02:51:54","slug":"custom-printed-hair-extension-packaging-boxes-wholesale","status":"publish","type":"product","link":"https:\/\/zojopackaging.com\/pl\/product\/custom-printed-hair-extension-packaging-boxes-wholesale\/","title":{"rendered":"Niestandardowe drukowane opakowania do przed\u0142u\u017cania w\u0142os\u00f3w hurtowo"},"content":{"rendered":"<h2 id=\"product-description-of-printed-hair-extension-packaging-box-wholesale-\">Niestandardowe drukowane opakowanie do przed\u0142u\u017cania w\u0142os\u00f3w hurtowo<\/h2>\n<h3 id=\"-1-350g-high-weight-white-card-substrate-double-guarantee-of-printing-accuracy-and-protection-\"><strong>1. Bia\u0142e pod\u0142o\u017ce kartonowe o gramaturze 350 g: podw\u00f3jna gwarancja dok\u0142adno\u015bci i ochrony druku<\/strong><\/h3>\n<p>Dzi\u0119ki zastosowaniu bia\u0142ego kartonu o gramaturze 350 g jako materia\u0142u rdzenia, powierzchnia jest precyzyjnie polerowana, a g\u0142adko\u015b\u0107 osi\u0105ga standard poziomu drukowania (po\u0142ysk \u226590%), kt\u00f3ry mo\u017ce doskonale prezentowa\u0107 grafik\u0119 w wysokiej rozdzielczo\u015bci i kolory gradientowe. Jego cechy obejmuj\u0105:<\/p>\n<ul>\n<li><strong>Wysoka no\u015bno\u015b\u0107<\/strong>: Odpowiednia do wagi produkt\u00f3w perukarskich (konwencjonalne przed\u0142u\u017canie w\u0142os\u00f3w o wadze 0,1-0,5 kg), wytrzyma\u0142o\u015b\u0107 na \u015bciskanie osi\u0105ga 1,2-krotno\u015b\u0107 standardu bran\u017cowego, zapewniaj\u0105c, \u017ce korpus pude\u0142ka nie odkszta\u0142ca si\u0119 podczas transportu.<\/li>\n<li><strong>Certyfikacja \u015brodowiskowa<\/strong>: Przeszed\u0142 certyfikacj\u0119 gospodarki le\u015bnej FSC, spe\u0142nia europejskie i ameryka\u0144skie standardy eksportowe oraz spe\u0142nia potrzeby marki w zakresie zr\u00f3wnowa\u017conego rozwoju.<\/li>\n<li><strong>Reprodukcja kolor\u00f3w<\/strong>: Obs\u0142uguje drukowanie kolor\u00f3w dodatkowych Pantone, kontrol\u0119 r\u00f3\u017cnicy kolor\u00f3w \u22643%, dok\u0142adnie pasuje do serii zielonych makaron\u00f3w (takich jak Pantone 13-0110 Green Ash), zmniejsza zm\u0119czenie wzroku i tworzy naturaln\u0105 atmosfer\u0119 lecznicz\u0105.<\/li>\n<\/ul>\n<h3 id=\"-second-window-design-macaron-color-system-a-deep-combination-of-aesthetics-and-function-\"><strong>2. Konstrukcja okna + system kolor\u00f3w macaron: g\u0142\u0119bokie po\u0142\u0105czenie estetyki i funkcjonalno\u015bci<\/strong><\/h3>\n<ol>\n<li><strong>Przezroczyste okno optymalizuje wra\u017cenia konsument\u00f3w<\/strong><\/li>\n<li><strong>Materia\u0142 okna<\/strong>: Konfigurowalna przezroczysta folia PVC lub akrylowy baldachim, opcjonalna grubo\u015b\u0107 0,5-1,2 mm, przepuszczalno\u015b\u0107 \u015bwiat\u0142a \u226590%, intuicyjne wy\u015bwietlanie koloru i tekstury produkt\u00f3w do przed\u0142u\u017cania w\u0142os\u00f3w.<\/li>\n<li><strong>Kszta\u0142t okna<\/strong>: Obs\u0142uguje okr\u0105g\u0142e, w kszta\u0142cie serca i specjalne wydr\u0105\u017cone wzory, a kraw\u0119d\u017a okna przyjmuje technologi\u0119 t\u0142oczenia na gor\u0105co \/ kraw\u0119dzi UV, aby poprawi\u0107 odporno\u015b\u0107 na rozdarcie i wyrafinowanie wizualne.<\/li>\n<li><strong>Psychologia kolor\u00f3w wspiera marki<\/strong><\/li>\n<li><strong>G\u0142\u00f3wny odcie\u0144 zieleni Macaron<\/strong>: Dzi\u0119ki po\u0142\u0105czeniu niskiego nasycenia zieleni i gradientu bieli ko\u015bci s\u0142oniowej symuluje wizualny obraz \"le\u015bnego baru tlenowego\" i pasuje do koncepcji zdrowej piel\u0119gnacji w\u0142os\u00f3w.<\/li>\n<li><strong>Dynamiczny proces drukowania<\/strong>: Wykorzystanie druku offsetowego + lokalnej technologii UV w celu uzyskania reliefu tekstury zielonego li\u015bcia lub matowego efektu kontrastu, poprawia narracj\u0119 opakowania i atrakcyjno\u015b\u0107 p\u00f3\u0142ki.<\/li>\n<\/ol>\n<h3 id=\"-three-full-dimensional-customized-services-exclusive-adaptation-from-box-type-to-lining-\"><strong>3. Pe\u0142nowymiarowe us\u0142ugi niestandardowe: ekskluzywne dostosowanie od typu pude\u0142ka do podszewki<\/strong><\/h3>\n<ol>\n<li><strong>Typ pude\u0142ka i innowacje strukturalne<\/strong><\/li>\n<li><strong>Podstawowy typ pude\u0142ka<\/strong>: g\u00f3rna i dolna pokrywa (py\u0142oszczelna i odporna na \u015bciskanie), szuflada (wygodny dost\u0119p), pude\u0142ko w kszta\u0142cie ksi\u0105\u017cki z klapk\u0105 (silne poczucie ceremonii), konstrukcja haka no\u015bnego dostosowana do pionowej ekspozycji w supermarketach.<\/li>\n<li><strong>Rozw\u00f3j w specjalnym kszta\u0142cie<\/strong>Sze\u015bciok\u0105t (styl retro), zaokr\u0105glony trapez (ergonomiczny uchwyt), magnetyczna klapka (wysokiej jako\u015bci otwieranie i zamykanie), milimetrowy rozmiar dok\u0142adnie dopasowany do specyfikacji produkt\u00f3w do przed\u0142u\u017cania w\u0142os\u00f3w.<\/li>\n<li><strong>Matryca procesu powierzchniowego<\/strong><\/li>\n<li><strong>Warstwa ochronna<\/strong>jasna pow\u0142oka (zapobiegaj\u0105ca zarysowaniom), matowa pow\u0142oka dotykowa (zapobiegaj\u0105ca pozostawianiu odcisk\u00f3w palc\u00f3w), opcjonalna nanopow\u0142oka wodoodporna wyd\u0142u\u017caj\u0105ca \u017cywotno\u015b\u0107 opakowania.<\/li>\n<li><strong>Proces tworzenia warto\u015bci dodanej<\/strong>LOGO t\u0142oczone na gor\u0105co, wyt\u0142aczany wz\u00f3r marki, fluorescencyjny slogan sitodrukowy, obs\u0142uga implantacji kodu QR \/ chipa NFC w celu uzyskania identyfikowalno\u015bci zapobiegaj\u0105cej podrabianiu.<\/li>\n<\/ol>\n<h3 id=\"-fourth-branded-lining-system-an-advanced-solution-from-protection-to-value-added-\"><strong>4. Markowy system podszewek: zaawansowane rozwi\u0105zanie od ochrony po warto\u015b\u0107 dodan\u0105<\/strong><\/h3>\n<ol>\n<li><strong>Konfiguracja ochrony rdzenia<\/strong><\/li>\n<li><strong>Wyk\u0142adzina antysejsmiczna<\/strong>: Precyzyjna forma EVA dopasowuje si\u0119 do konturu przed\u0142u\u017canych w\u0142os\u00f3w, a wydajno\u015b\u0107 amortyzacji spe\u0142nia norm\u0119 ASTM D4169, kt\u00f3ra jest odpowiednia do potrzeb transportu transgranicznego.<\/li>\n<li><strong>Obr\u00f3bka antystatyczna<\/strong>: Rezystancja powierzchniowa podszewki flokowanej wynosi \u226410^6\u03a9, co zapobiega statycznej adsorpcji w\u0142\u00f3kien peruki w wyniku tarcia.<\/li>\n<li><strong>Rozszerzenie warto\u015bci marki<\/strong><\/li>\n<li><strong>Pozycjonowanie \u015brodowiskowe<\/strong>: Podszewka z degradowalnego papieru o strukturze plastra miodu + nadruk atramentem sojowym, zgodnie z certyfikatem \u015brodowiskowym UE REACH.<\/li>\n<li><strong>Wysokiej klasy pozycjonowanie<\/strong>: Aksamitna bawe\u0142niana podszewka + gor\u0105ca srebrna ilustracja historii marki, wzmacniaj\u0105 poczucie ceremonii rozpakowywania i punkt pami\u0119ci klienta.<\/li>\n<\/ol>\n<h3 id=\"-five-china-s-source-factory-advantages-extreme-cost-effectiveness-and-agile-delivery-\"><strong>5. Zalety chi\u0144skich fabryk \u017ar\u00f3d\u0142owych: ekstremalna op\u0142acalno\u015b\u0107 i sprawna dostawa<\/strong><\/h3>\n<p>Jako fabryka \u017ar\u00f3d\u0142owa g\u0142\u00f3wnego pasa przemys\u0142u opakowaniowego w delcie Rzeki Per\u0142owej, integrujemy zasoby ca\u0142ego \u0142a\u0144cucha:<\/p>\n<ol>\n<li><strong>Przewaga kosztowa<\/strong>: Opieraj\u0105c si\u0119 na zautomatyzowanej linii produkcyjnej o rocznej zdolno\u015bci produkcyjnej ponad 5000 ton, cena tej samej jako\u015bci jest o 15%-20% ni\u017csza ni\u017c \u015brednia cena rynkowa.<\/li>\n<li><strong>Zwinna reakcja<\/strong><\/li>\n<li><strong>Cykl sprawdzania<\/strong>: Rendery 3D + fizyczne pude\u0142ka z pr\u00f3bkami s\u0105 dostarczane w ci\u0105gu 48 godzin, a zdalna inspekcja AR jest obs\u0142ugiwana.<\/li>\n<li><strong>Produkcja masowa<\/strong>: Minimalne zam\u00f3wienie 1000 sztuk, 72 godziny wyj\u0105tkowo szybkiej dostawy i transgraniczna wysy\u0142ka logistyczna FOB \/ DDP s\u0105 obs\u0142ugiwane.<\/li>\n<li><strong>System kontroli jako\u015bci<\/strong><\/li>\n<li>Pe\u0142ny proces testowania jako\u015bci (kolorymetr, tester kropli), wska\u017anik wydajno\u015bci \u2265 99,5%.<\/li>\n<li>Dostarczamy dokumenty certyfikacyjne ISO9001 i raporty materia\u0142owe SGS, aby pom\u00f3c markom wyj\u015b\u0107 za granic\u0119 zgodnie z przepisami.<\/li>\n<\/ol>\n<p><strong>Udane przypadki i adaptacja scen<\/strong><\/p>\n<ul>\n<li><strong>Transgraniczny handel elektroniczny hitem<\/strong>: Spersonalizowane zielone pude\u0142ko z haczykiem na makaron dla p\u00f3\u0142nocnoameryka\u0144skiej marki peruk, z odporn\u0105 na wstrz\u0105sy podszewk\u0105 EVA, wska\u017anik odkupu tej samej kategorii Amazon wzr\u00f3s\u0142 o 35%.<\/li>\n<li><strong>Wy\u0142\u0105cznie dla wysokiej klasy salon\u00f3w<\/strong>: Sze\u015bciok\u0105tna magnetyczna skrzynka ss\u0105ca + flokowana podszewka + t\u0142oczone na gor\u0105co LOGO, pomagaj\u0105ce krajowym markom przed\u0142u\u017cania w\u0142os\u00f3w osi\u0105gn\u0105\u0107 premi\u0119 ko\u0144cow\u0105 40%.<\/li>\n<li><strong>Przyjazny dla \u015brodowiska produkt koncepcyjny<\/strong>biodegradowalna podszewka z papieru o strukturze plastra miodu + nadruk atramentem sojowym, zatwierdzony do zakup\u00f3w hurtowych przez europejskie marki z certyfikatem B Corp.<\/li>\n<\/ul>","protected":false},"excerpt":{"rendered":"<p>1. 350g bia\u0142y karton, g\u0142adka powierzchnia odpowiednia do druku wysokiej jako\u015bci<br \/>\n2. Konstrukcja okna umo\u017cliwia konsumentom bezpo\u015bredni\u0105 obserwacj\u0119 produkt\u00f3w wewn\u0119trznych,<br \/>\n3. Zielony kolor macaron zmniejsza zm\u0119czenie wzroku i tworzy relaksuj\u0105c\u0105 i lecznicz\u0105 atmosfer\u0119.<br \/>\n4. Typ pude\u0142ka, materia\u0142, kolor, rozmiar i proces drukowania powierzchni mo\u017cna bezstopniowo dostosowa\u0107 do opakowania peruki przed\u0142u\u017caj\u0105cej w\u0142osy<\/p>","protected":false},"featured_media":8533,"template":"","meta":[],"product_brand":[],"product_cat":[30,421,430,31],"product_tag":[877,879,878],"class_list":{"0":"post-8532","1":"product","2":"type-product","3":"status-publish","4":"has-post-thumbnail","6":"product_cat-by-industry","7":"product_cat-custom-hair-extension-boxes","8":"product_cat-folding-cartons","9":"product_cat-paper-box-style","10":"product_tag-custom-hair-extension-packaging","11":"product_tag-hair-extension-boxes-wholesale","12":"product_tag-hair-extension-packaging","14":"first","15":"instock","16":"shipping-taxable","17":"product-type-simple"},"_links":{"self":[{"href":"https:\/\/zojopackaging.com\/pl\/wp-json\/wp\/v2\/product\/8532","targetHints":{"allow":["GET"]}}],"collection":[{"href":"https:\/\/zojopackaging.com\/pl\/wp-json\/wp\/v2\/product"}],"about":[{"href":"https:\/\/zojopackaging.com\/pl\/wp-json\/wp\/v2\/types\/product"}],"version-history":[{"count":1,"href":"https:\/\/zojopackaging.com\/pl\/wp-json\/wp\/v2\/product\/8532\/revisions"}],"predecessor-version":[{"id":8539,"href":"https:\/\/zojopackaging.com\/pl\/wp-json\/wp\/v2\/product\/8532\/revisions\/8539"}],"wp:featuredmedia":[{"embeddable":true,"href":"https:\/\/zojopackaging.com\/pl\/wp-json\/wp\/v2\/media\/8533"}],"wp:attachment":[{"href":"https:\/\/zojopackaging.com\/pl\/wp-json\/wp\/v2\/media?parent=8532"}],"wp:term":[{"taxonomy":"product_brand","embeddable":true,"href":"https:\/\/zojopackaging.com\/pl\/wp-json\/wp\/v2\/product_brand?post=8532"},{"taxonomy":"product_cat","embeddable":true,"href":"https:\/\/zojopackaging.com\/pl\/wp-json\/wp\/v2\/product_cat?post=8532"},{"taxonomy":"product_tag","embeddable":true,"href":"https:\/\/zojopackaging.com\/pl\/wp-json\/wp\/v2\/product_tag?post=8532"}],"curies":[{"name":"wp","href":"https:\/\/api.w.org\/{rel}","templated":true}]}}