{"id":8540,"date":"2025-03-29T10:52:04","date_gmt":"2025-03-29T02:52:04","guid":{"rendered":"https:\/\/zojopackaging.com\/?post_type=product&#038;p=8540"},"modified":"2025-03-29T11:18:18","modified_gmt":"2025-03-29T03:18:18","slug":"custom-cannabis-concentrate-telescopic-packaging-wholesale","status":"publish","type":"product","link":"https:\/\/zojopackaging.com\/pl\/product\/custom-cannabis-concentrate-telescopic-packaging-wholesale\/","title":{"rendered":"Niestandardowe opakowania teleskopowe na koncentrat konopi indyjskich - sprzeda\u017c hurtowa"},"content":{"rendered":"<h2 id=\"product-description-of-cannabis-concentrate-telescopic-packaging-wholesale\">Niestandardowe opakowania teleskopowe na koncentrat konopi indyjskich - sprzeda\u017c hurtowa<\/h2>\n<h3 id=\"-1-environmentally-friendly-and-sustainable-material-system-industrial-grade-protection-and-green-certification-\"><strong>1. Przyjazny dla \u015brodowiska i zr\u00f3wnowa\u017cony system materia\u0142owy: ochrona klasy przemys\u0142owej i zielona certyfikacja<\/strong><\/h3>\n<p>Przyj\u0119cie\u00a0<strong>Powlekany papier artystyczny C2S 157 g + twarda tektura 1000 g<\/strong>\u00a0kompozytow\u0105 struktur\u0119, aby osi\u0105gn\u0105\u0107 podw\u00f3jny prze\u0142om w zakresie ochrony \u015brodowiska i funkcjonalno\u015bci:<\/p>\n<ul>\n<li><strong>Charakterystyka materia\u0142u<\/strong>: G\u0142adko\u015b\u0107 powierzchni papieru powlekanego C2S osi\u0105ga standard klasy drukarskiej (po\u0142ysk \u226585%), dok\u0142adnie przywraca kolory o wysokim nasyceniu; wytrzyma\u0142o\u015b\u0107 na \u015bciskanie twardej tektury osi\u0105ga 1,5-krotno\u015b\u0107 standardu bran\u017cowego, co jest odpowiednie dla wagi i kszta\u0142tu koncentrat\u00f3w konopi (takich jak wosk dab, \u017cywa \u017cywica).<\/li>\n<li><strong>Certyfikacja \u015brodowiskowa<\/strong>: Przeszed\u0142 certyfikacj\u0119 gospodarki le\u015bnej FSC i system zarz\u0105dzania \u015brodowiskowego ISO 14001, wska\u017anik recyklingu materia\u0142u wynosi ponad 95%, co spe\u0142nia wymogi prawne rynk\u00f3w europejskich i ameryka\u0144skich dotycz\u0105ce zr\u00f3wnowa\u017conych opakowa\u0144.<\/li>\n<\/ul>\n<h3 id=\"-second-magnetic-embedded-structure-minimalist-aesthetics-and-functional-innovation-\"><strong>2. Magnetyczna konstrukcja zamkni\u0119cia: minimalistyczna estetyka i funkcjonalna innowacja<\/strong><\/h3>\n<ol>\n<li><strong>Technologia blokady magnetycznej<\/strong><\/li>\n<li><strong>Konstrukcja z ukrytym magnesem<\/strong>: Magnes jest osadzony wewn\u0105trz pude\u0142ka, aby unikn\u0105\u0107 zewn\u0119trznego zu\u017cycia (np. tradycyjny pier\u015bcie\u0144 magnetyczny NdFeB \u0142atwo si\u0119 utlenia). Ferrytowy materia\u0142 magnetyczny jest \u0142\u0105czony z kartonem w procesie formowania wtryskowego, aby osi\u0105gn\u0105\u0107 pionow\u0105 si\u0142\u0119 ss\u0105c\u0105 \u2265 3N\/cm\u00b2, a \u017cywotno\u015b\u0107 otwierania i zamykania przekracza 5000 razy.<\/li>\n<li><strong>Optymalizacja strukturalna<\/strong>: Nadaje si\u0119 do g\u00f3rnych i dolnych pokryw oraz pude\u0142ek z klapk\u0105, obs\u0142uguje magnetyczne klapki (wysokiej jako\u015bci pozycjonowanie) lub szufladowe prowadnice magnetyczne (wygodny dost\u0119p), a milimetrowa kontrola tolerancji zapewnia szczelno\u015b\u0107 zamkni\u0119cia.<\/li>\n<li><strong>Minimalizm wizualny<\/strong><\/li>\n<li>Magnetyczne zapi\u0119cie bez \u015brub i ods\u0142oni\u0119tych klamer, w po\u0142\u0105czeniu z matow\u0105\/jasn\u0105 pow\u0142ok\u0105 powierzchni, wzmacnia poczucie technologii i wysokiej klasy pozycjonowania.<\/li>\n<\/ol>\n<h3 id=\"-iii-spot-uv-process-high-precision-printing-and-second-level-curing-\"><strong>3. Punktowy proces UV: precyzyjne drukowanie i utwardzanie drugiego poziomu<\/strong><\/h3>\n<ol>\n<li><strong>Dynamiczna technologia druku<\/strong><\/li>\n<li><strong>Cz\u0119\u015bciowe wyt\u0142aczanie UV<\/strong>: Efekt t\u0142oczenia 3D LOGO i tekstury li\u015bci konopi uzyskuje si\u0119 dzi\u0119ki technologii druku offsetowego CNC, czas utwardzania UV \u2264 5 sekund, a wydajno\u015b\u0107 wzrasta o 90% w por\u00f3wnaniu z tradycyjnym suszeniem termicznym.<\/li>\n<li><strong>Zarz\u0105dzanie kolorami<\/strong>: Obs\u0142uga kolor\u00f3w dodatkowych Pantone + czterokolorowy druk gradientowy, kontrola r\u00f3\u017cnicy kolor\u00f3w \u22643%, na przyk\u0142ad fluorescencyjna ziele\u0144 (Pantone 802C) mo\u017ce zwi\u0119kszy\u0107 wsp\u00f3\u0142czynnik rozpoznawania wy\u015bwietlacza p\u00f3\u0142ki o 40%.<\/li>\n<li><strong>System ochrony powierzchni<\/strong><\/li>\n<li>Jasna pow\u0142oka (zapobiegaj\u0105ca zarysowaniom) + nano wodoodporna pow\u0142oka (zapobiegaj\u0105ca wyciekom), dostosowana do w\u0142a\u015bciwo\u015bci koncentrat\u00f3w konopi, na kt\u00f3re \u0142atwo wp\u0142ywa temperatura i wilgotno\u015b\u0107.<\/li>\n<\/ol>\n<h3 id=\"-iv-full-dimensional-customization-solution-precise-adaptation-from-box-type-to-lining-\"><strong>4. Pe\u0142nowymiarowe rozwi\u0105zanie dostosowywania: precyzyjne dostosowanie od typu pude\u0142ka do podszewki<\/strong><\/h3>\n<ol>\n<li><strong>Innowacja typu box<\/strong><\/li>\n<li><strong>Podstawowy typ pude\u0142ka<\/strong>: pude\u0142ko teleskopowe (dostosowane do r\u00f3\u017cnych specyfikacji koncentrat\u00f3w), sze\u015bciok\u0105tne pude\u0142ko magnetyczne (w stylu retro), przezroczyste pude\u0142ko z okienkiem (intuicyjne wy\u015bwietlanie tekstury produktu).<\/li>\n<li><strong>Integracja funkcjonalna<\/strong>: Konstrukcja z hakiem optymalizuje pionow\u0105 ekspozycj\u0119 w supermarketach lub osadza chipy NFC w celu zapewnienia identyfikowalno\u015bci przed podrabianiem.<\/li>\n<li><strong>System ok\u0142adzin<\/strong><\/li>\n<li><strong>Wyk\u0142adzina antysejsmiczna EVA<\/strong>: Precyzyjny otw\u00f3r formy pasuje do konturu koncentratu (takiego jak szklane s\u0142oiki, silikonowe pojemniki), wydajno\u015b\u0107 amortyzacji osi\u0105ga standard ASTM D4169 i umo\u017cliwia modernizacj\u0119 do wy\u015bci\u00f3\u0142ki flokowanej (antystatycznej) lub degradowalnej wy\u015bci\u00f3\u0142ki papierowej o strukturze plastra miodu (pozycjonowanie \u015brodowiskowe).<\/li>\n<\/ol>\n<h3 id=\"-v-advantages-of-china-s-source-factory-compliance-cost-and-agile-delivery-\"><strong>5. Zalety chi\u0144skiej fabryki \u017ar\u00f3d\u0142owej: zgodno\u015b\u0107, koszty i sprawna dostawa<\/strong><\/h3>\n<p>Jako fabryka w g\u0142\u00f3wnym pasie przemys\u0142owym delty Rzeki Per\u0142owej zapewniamy:<\/p>\n<ol>\n<li><strong>Gwarancja zgodno\u015bci<\/strong><\/li>\n<li>Surowce papierowe z certyfikatem FSC + system kontroli jako\u015bci ISO 9001, dostarczaj\u0105cy raporty z test\u00f3w SGS i dokumenty zgodno\u015bci eksportowej.<\/li>\n<li><strong>Najwy\u017csza wydajno\u015b\u0107 kosztowa<\/strong><\/li>\n<li>Roczna zdolno\u015b\u0107 produkcyjna przekracza 5000 ton, a zam\u00f3wienia na du\u017c\u0105 skal\u0119 sprawiaj\u0105, \u017ce koszt 15%-20% jest ni\u017cszy ni\u017c \u015brednia cena rynkowa, wspieraj\u0105c minimalne zam\u00f3wienie 1000 sztuk.<\/li>\n<li><strong>Zwinna reakcja<\/strong><\/li>\n<li>Dostarczanie rendering\u00f3w 3D + fizycznych pude\u0142ek pr\u00f3bnych w ci\u0105gu 48 godzin, masowa produkcja w ci\u0105gu 72 godzin, obs\u0142uga wysy\u0142ki transgranicznej FOB \/ DDP.<\/li>\n<\/ol>\n<p><strong>Scenariusze zastosowa\u0144 i udane przypadki<\/strong><\/p>\n<ul>\n<li><strong>Gor\u0105co sprzedaj\u0105ce si\u0119 produkty w transgranicznym handlu elektronicznym<\/strong>: Dostosowane fluorescencyjne zielone magnetyczne wysuwane pude\u0142ka dla p\u00f3\u0142nocnoameryka\u0144skiej marki, z wy\u015bci\u00f3\u0142k\u0105 antywibracyjn\u0105 EVA, wska\u017anik odkupu tej samej kategorii Amazon wzr\u00f3s\u0142 o 35%.<\/li>\n<li><strong>Wysokiej klasy rynek medyczny<\/strong>: Matowe czarne pude\u0142ka magnetyczne + cz\u0119\u015bciowy proces t\u0142oczenia na gor\u0105co UV, pomagaj\u0105 premii terminalowej europejskiej marki medycznej marihuany 50%.<\/li>\n<li><strong>Linia koncepcji ochrony \u015brodowiska<\/strong>: Podszewka z degradowalnego papieru o strukturze plastra miodu + nadruk atramentem sojowym, zakup hurtowy z certyfikatem B Corp.<\/li>\n<\/ul>","protected":false},"excerpt":{"rendered":"<p>1. Powlekany papier artystyczny C2S 157 g + sztywny karton 1000 g, przyjazne dla \u015brodowiska i zr\u00f3wnowa\u017cone materia\u0142y<br \/>\n2. Magnetyczne pude\u0142ko zamykaj\u0105ce, konstrukcja z wbudowanym magnesem, aby unikn\u0105\u0107 zewn\u0119trznego zu\u017cycia, wizualnie prostsze<br \/>\n3. Punktowe UV, pe\u0142ne utwardzenie w kilka sekund, wysoka wydajno\u015b\u0107 produkcji<br \/>\n4. Nieograniczone dostosowanie typu pude\u0142ka, materia\u0142u, koloru, rozmiaru, procesu drukowania powierzchni w celu dopasowania do koncentratu, \u017cywej rezonacji, opakowania wosku dab<\/p>","protected":false},"featured_media":8543,"template":"","meta":[],"product_brand":[],"product_cat":[30,420,424,31],"product_tag":[880,750,881],"class_list":{"0":"post-8540","1":"product","2":"type-product","3":"status-publish","4":"has-post-thumbnail","6":"product_cat-by-industry","7":"product_cat-custom-cannabis-boxes","8":"product_cat-magnetic-closure-boxes","9":"product_cat-paper-box-style","10":"product_tag-cannabis-packaging-wholesale","11":"product_tag-concentrate-packaging","12":"product_tag-concentrate-telescopic-packaging","14":"first","15":"instock","16":"shipping-taxable","17":"product-type-simple"},"_links":{"self":[{"href":"https:\/\/zojopackaging.com\/pl\/wp-json\/wp\/v2\/product\/8540","targetHints":{"allow":["GET"]}}],"collection":[{"href":"https:\/\/zojopackaging.com\/pl\/wp-json\/wp\/v2\/product"}],"about":[{"href":"https:\/\/zojopackaging.com\/pl\/wp-json\/wp\/v2\/types\/product"}],"version-history":[{"count":1,"href":"https:\/\/zojopackaging.com\/pl\/wp-json\/wp\/v2\/product\/8540\/revisions"}],"predecessor-version":[{"id":8547,"href":"https:\/\/zojopackaging.com\/pl\/wp-json\/wp\/v2\/product\/8540\/revisions\/8547"}],"wp:featuredmedia":[{"embeddable":true,"href":"https:\/\/zojopackaging.com\/pl\/wp-json\/wp\/v2\/media\/8543"}],"wp:attachment":[{"href":"https:\/\/zojopackaging.com\/pl\/wp-json\/wp\/v2\/media?parent=8540"}],"wp:term":[{"taxonomy":"product_brand","embeddable":true,"href":"https:\/\/zojopackaging.com\/pl\/wp-json\/wp\/v2\/product_brand?post=8540"},{"taxonomy":"product_cat","embeddable":true,"href":"https:\/\/zojopackaging.com\/pl\/wp-json\/wp\/v2\/product_cat?post=8540"},{"taxonomy":"product_tag","embeddable":true,"href":"https:\/\/zojopackaging.com\/pl\/wp-json\/wp\/v2\/product_tag?post=8540"}],"curies":[{"name":"wp","href":"https:\/\/api.w.org\/{rel}","templated":true}]}}