{"id":8548,"date":"2025-03-29T11:18:27","date_gmt":"2025-03-29T03:18:27","guid":{"rendered":"https:\/\/zojopackaging.com\/?post_type=product&#038;p=8548"},"modified":"2025-03-29T11:36:38","modified_gmt":"2025-03-29T03:36:38","slug":"custom-vitamin-nutritional-dietary-supplement-packaging-box","status":"publish","type":"product","link":"https:\/\/zojopackaging.com\/pl\/product\/custom-vitamin-nutritional-dietary-supplement-packaging-box\/","title":{"rendered":"Niestandardowe opakowanie na suplement diety z witaminami"},"content":{"rendered":"<h2 id=\"product-description-of-vitamin-nutrition-dietary-supplement-packaging-box-\">Niestandardowe opakowanie suplementu diety z witaminami<\/h2>\n<h3 id=\"-1-fsc-certified-environmentally-friendly-material-system-industrial-grade-protection-and-green-commitment-\"><strong>1. System materia\u0142\u00f3w przyjaznych dla \u015brodowiska z certyfikatem FSC: ochrona klasy przemys\u0142owej i ekologiczne zaanga\u017cowanie<\/strong><\/h3>\n<p>Przyj\u0119cie\u00a0<strong>Powlekany papier artystyczny C2S 157 g + twarda tektura 1200 g<\/strong>\u00a0kompozytow\u0105 struktur\u0119, aby osi\u0105gn\u0105\u0107 podw\u00f3jny prze\u0142om w ochronie \u015brodowiska i funkcjonalno\u015bci:<\/p>\n<ul>\n<li><strong>Charakterystyka materia\u0142u<\/strong>: G\u0142adko\u015b\u0107 powierzchni papieru powlekanego C2S osi\u0105ga standard klasy drukarskiej (po\u0142ysk \u226590%), dok\u0142adnie przywraca kolory o wysokim nasyceniu; wytrzyma\u0142o\u015b\u0107 na \u015bciskanie twardej tektury 1200 g osi\u0105ga 1,8-krotno\u015b\u0107 standardu bran\u017cowego i mo\u017ce wytrzyma\u0107 nacisk transportowy (&gt; 50 kg \/ m\u00b2), odpowiedni do butelkowanych, workowanych witamin i innych form produkt\u00f3w.<\/li>\n<li><strong>Certyfikacja \u015brodowiskowa<\/strong>: Przeszed\u0142 certyfikacj\u0119 gospodarki le\u015bnej FSC, wska\u017anik recyklingu materia\u0142u wynosi ponad 95%, co spe\u0142nia wymogi prawne rynk\u00f3w europejskich i ameryka\u0144skich dotycz\u0105ce zr\u00f3wnowa\u017conych opakowa\u0144.<\/li>\n<\/ul>\n<h3 id=\"-second-the-box-design-of-the-top-and-bottom-cover-full-protection-and-ritual-experience-\"><strong>2. Konstrukcja pude\u0142ka g\u00f3rnej i dolnej pokrywy: pe\u0142na ochrona i rytualne do\u015bwiadczenie<\/strong><\/h3>\n<ol>\n<li><strong>Dwuwarstwowa struktura ochronna<\/strong><\/li>\n<li><strong>Precyzyjny proces nestingu<\/strong>: G\u00f3rna pokrywa i dolne pude\u0142ko s\u0105 kontrolowane z milimetrow\u0105 tolerancj\u0105, a po zamkni\u0119ciu powstaje w pe\u0142ni owini\u0119ta struktura, kt\u00f3ra poprawia odporno\u015b\u0107 na kurz i wilgo\u0107 o 40% i jest odpowiednia do transportu transgranicznego i potrzeb magazynowych.<\/li>\n<li><strong>Ergonomiczna optymalizacja<\/strong>: Obs\u0142uguje magnetyczn\u0105 klapk\u0119 (wysokiej klasy pozycjonowanie) lub prowadnice szufladowe (wygodny dost\u0119p), z \u017cywotno\u015bci\u0105 otwierania i zamykania ponad 5000 razy, spe\u0142niaj\u0105c\u0105 scenariusze u\u017cytkowania o wysokiej cz\u0119stotliwo\u015bci.<\/li>\n<li><strong>Integracja wizualna i funkcjonalna<\/strong><\/li>\n<li><strong>Typ obudowy g\u00f3rnej i dolnej pokrywy<\/strong>\u00a0mog\u0105 by\u0107 wyposa\u017cone w przezroczyste akrylowe okienko (przepuszczalno\u015b\u0107 \u015bwiat\u0142a \u2265 90%), kt\u00f3re mo\u017ce intuicyjnie wy\u015bwietla\u0107 etykiet\u0119 butelki lub kolor kapsu\u0142ki i zwi\u0119ksza\u0107 zaufanie konsument\u00f3w.<\/li>\n<\/ol>\n<h3 id=\"-three-emboss-hot-stamping-silver-process-luxurious-texture-and-brand-recognition-\"><strong>3. Proces t\u0142oczenia + t\u0142oczenie na gor\u0105co w kolorze srebrnym: luksusowa tekstura i rozpoznawalno\u015b\u0107 marki<\/strong><\/h3>\n<ol>\n<li><strong>Tr\u00f3jwymiarowy proces reliefowy (Emboss)<\/strong><\/li>\n<li>Dzi\u0119ki technologii grawerowania CNC w celu uzyskania efekt\u00f3w reliefowych 3D, takich jak LOGO marki, struktura molekularna witamin itp., z delikatnym dotykiem i zwi\u0119kszon\u0105 odporno\u015bci\u0105 na zu\u017cycie 60%, zgodnie z pozycjonowaniem wysokiej klasy produkt\u00f3w zdrowotnych.<\/li>\n<li><strong>Wzmocnienie srebrnego procesu t\u0142oczenia na gor\u0105co<\/strong><\/li>\n<li>Wykorzystanie technologii t\u0142oczenia na gor\u0105co lustrzan\u0105 srebrn\u0105 foli\u0105, kontrola r\u00f3\u017cnicy kolor\u00f3w \u22643%, specjalny system dopasowywania kolor\u00f3w Pantone marki VI, taki jak srebrno-szary gradient mo\u017ce wzmocni\u0107 \"poczucie technologii\", z\u0142ote t\u0142oczenie na gor\u0105co jest odpowiednie dla koncepcji \"naturalnego organicznego\".<\/li>\n<li><strong>System ochrony powierzchni<\/strong><\/li>\n<li>Pow\u0142oka z jasnej folii (zapobiegaj\u0105ca zarysowaniom) w po\u0142\u0105czeniu z nanopow\u0142ok\u0105 wodoodporn\u0105 wyd\u0142u\u017ca \u017cywotno\u015b\u0107 opakowania i jest odpowiednia dla produkt\u00f3w w proszku, na kt\u00f3re \u0142atwo wp\u0142ywa wilgo\u0107.<\/li>\n<\/ol>\n<h3 id=\"-fourth-full-dimensional-customization-solution-precise-adaptation-from-box-type-to-lining-\"><strong>4. Pe\u0142nowymiarowe rozwi\u0105zanie dostosowywania: precyzyjne dostosowanie od typu pude\u0142ka do podszewki<\/strong><\/h3>\n<ol>\n<li><strong>Matryca innowacji typu box<\/strong><\/li>\n<li><strong>Podstawowy typ pude\u0142ka<\/strong>G\u00f3rna i dolna pokrywa, klapa w kszta\u0142cie ksi\u0105\u017cki, sze\u015bciok\u0105tna przyssawka magnetyczna, konstrukcja haka podtrzymuj\u0105cego w celu optymalizacji wykorzystania pionowej przestrzeni ekspozycyjnej w supermarketach.<\/li>\n<li><strong>Rozw\u00f3j w specjalnym kszta\u0142cie<\/strong>Konturowe pude\u0142ko bioniczne na kapsu\u0142ki, sk\u0142adane opakowanie podr\u00f3\u017cne, rozmiar na poziomie milimetra odpowiedni dla zestawu od pojedynczej butelki do wielu butelek.<\/li>\n<li><strong>Matryca procesu drukowania<\/strong><\/li>\n<li>Obs\u0142uguje cz\u0119\u015bciowy relief UV, sitodrukowy fluorescencyjny slogan, implantacj\u0119 chipa NFC (identyfikowalno\u015b\u0107 zapobiegaj\u0105ca podrabianiu), a nawet spersonalizowany kod QR do strony serwisu dietetycznego.<\/li>\n<li><strong>Modernizacja systemu liniowego<\/strong><\/li>\n<li><strong>Ochrona rdzenia<\/strong>: Precyzyjna wy\u015bci\u00f3\u0142ka EVA, amortyzacja zgodna z norm\u0105 ASTM D4169, odpowiednia do szklanych butelek lub delikatnych mi\u0119kkich kapsu\u0142ek.<\/li>\n<li><strong>Warto\u015b\u0107 dodana marki<\/strong>: Flokowana podszewka (antystatyczna) z nadrukowanymi ilustracjami marki lub degradowalna papierowa podszewka o strukturze plastra miodu z nadrukiem atramentu sojowego, zgodnie z koncepcj\u0105 ochrony \u015brodowiska.<\/li>\n<\/ol>\n<h3 id=\"-v-advantages-of-china-s-source-factory-extreme-cost-effectiveness-and-agile-service-\"><strong>5. Zalety chi\u0144skiej fabryki \u017ar\u00f3d\u0142owej: ekstremalna op\u0142acalno\u015b\u0107 i sprawna obs\u0142uga<\/strong><\/h3>\n<p>Jako fabryka w g\u0142\u00f3wnym pasie przemys\u0142owym delty Rzeki Per\u0142owej integrujemy zasoby ca\u0142ego \u0142a\u0144cucha:<\/p>\n<ol>\n<li><strong>Zerowy koszt uruchomienia<\/strong><\/li>\n<li><strong>Bezp\u0142atny proofing<\/strong>: Rendery 3D + fizyczne pude\u0142ka z pr\u00f3bkami s\u0105 dostarczane w ci\u0105gu 48 godzin, a zdalna inspekcja AR jest obs\u0142ugiwana.<\/li>\n<li><strong>Darmowy projekt<\/strong>: Profesjonalny zesp\u00f3\u0142 zapewnia rozwi\u0105zania fuzji VI, takie jak niebiesko-bia\u0142y gradient w celu zmniejszenia zm\u0119czenia wzroku lub kolor macaron, aby stworzy\u0107 uczucie uzdrowienia.<\/li>\n<li><strong>Przewaga kosztowa<\/strong><\/li>\n<li>Roczna zdolno\u015b\u0107 produkcyjna przekracza 8000 ton, a zam\u00f3wienia na du\u017c\u0105 skal\u0119 sprawiaj\u0105, \u017ce cena 15%-20% jest ni\u017csza ni\u017c \u015brednia cena rynkowa, wspieraj\u0105c minimalne zam\u00f3wienie 1000 sztuk.<\/li>\n<li><strong>Zwinne dostarczanie<\/strong><\/li>\n<li>72-godzinna szybka produkcja masowa, obs\u0142uga przesy\u0142ek transgranicznych FOB\/DDP oraz dostarczanie raport\u00f3w z test\u00f3w SGS i dokument\u00f3w zgodno\u015bci eksportowej.<\/li>\n<\/ol>\n<p><strong>Scenariusze zastosowa\u0144 i udane przypadki<\/strong><\/p>\n<ul>\n<li><strong>Gor\u0105co sprzedaj\u0105ce si\u0119 produkty w transgranicznym handlu elektronicznym<\/strong>: Niestandardowe posrebrzane sze\u015bciok\u0105tne magnetyczne pude\u0142ka ss\u0105ce dla p\u00f3\u0142nocnoameryka\u0144skiej marki, z flokowan\u0105 podszewk\u0105, wska\u017anik odkupu Amazon wzr\u00f3s\u0142 o 35%.<\/li>\n<li><strong>Wy\u0142\u0105cznie dla wysokiej klasy klinik<\/strong>: Wyt\u0142aczane pude\u0142ko + biodegradowalna podszewka, pomagaj\u0105ca europejskim markom witamin organicznych osi\u0105gn\u0105\u0107 premi\u0119 terminalow\u0105 50%.<\/li>\n<li><strong>Us\u0142uga subskrypcji<\/strong>: G\u00f3rna i dolna pokrywa pude\u0142ka s\u0105 wyposa\u017cone w chipy NFC i mo\u017cna zeskanowa\u0107 kod, aby bezpo\u015brednio uzyska\u0107 spersonalizowany plan \u017cywieniowy i dokona\u0107 zakup\u00f3w hurtowych od niestandardowych marek, takich jak HandLove.<\/li>\n<\/ul>","protected":false},"excerpt":{"rendered":"<p>1. 157 g papieru powlekanego C2S + 1200 g sztywnej tektury z certyfikatem FSC<br \/>\n2. Pude\u0142ko z pokryw\u0105 i podstaw\u0105 wykorzystuje g\u00f3rn\u0105 pokryw\u0119 i dolne pude\u0142ko, kt\u00f3re s\u0105 ciasno zagnie\u017cd\u017cone, tworz\u0105c w pe\u0142ni owini\u0119t\u0105 struktur\u0119, a podw\u00f3jna warstwa chroni produkt przed uszkodzeniem<br \/>\n3. Technologia wyt\u0142aczania nadaje opakowaniu poczucie luksusu i wysokiej jako\u015bci prezentacji wizualnej.<br \/>\n4. Technologia srebrnej folii t\u0142oczonej na gor\u0105co ma doskona\u0142\u0105 ekspresj\u0119 wizualn\u0105 i mo\u017ce podkre\u015bli\u0107 luksus pude\u0142ka<\/p>","protected":false},"featured_media":8550,"template":"","meta":[],"product_brand":[],"product_cat":[30,422,425,31],"product_tag":[882,883,884],"class_list":{"0":"post-8548","1":"product","2":"type-product","3":"status-publish","4":"has-post-thumbnail","6":"product_cat-by-industry","7":"product_cat-custom-gourmet-boxes-by-industry","8":"product_cat-lid-and-base-gift-box","9":"product_cat-paper-box-style","10":"product_tag-custom-vitamin-packaging","11":"product_tag-nutritional-packaging-box","12":"product_tag-supplement-packaging-box","14":"first","15":"instock","16":"shipping-taxable","17":"product-type-simple"},"_links":{"self":[{"href":"https:\/\/zojopackaging.com\/pl\/wp-json\/wp\/v2\/product\/8548","targetHints":{"allow":["GET"]}}],"collection":[{"href":"https:\/\/zojopackaging.com\/pl\/wp-json\/wp\/v2\/product"}],"about":[{"href":"https:\/\/zojopackaging.com\/pl\/wp-json\/wp\/v2\/types\/product"}],"version-history":[{"count":1,"href":"https:\/\/zojopackaging.com\/pl\/wp-json\/wp\/v2\/product\/8548\/revisions"}],"predecessor-version":[{"id":8554,"href":"https:\/\/zojopackaging.com\/pl\/wp-json\/wp\/v2\/product\/8548\/revisions\/8554"}],"wp:featuredmedia":[{"embeddable":true,"href":"https:\/\/zojopackaging.com\/pl\/wp-json\/wp\/v2\/media\/8550"}],"wp:attachment":[{"href":"https:\/\/zojopackaging.com\/pl\/wp-json\/wp\/v2\/media?parent=8548"}],"wp:term":[{"taxonomy":"product_brand","embeddable":true,"href":"https:\/\/zojopackaging.com\/pl\/wp-json\/wp\/v2\/product_brand?post=8548"},{"taxonomy":"product_cat","embeddable":true,"href":"https:\/\/zojopackaging.com\/pl\/wp-json\/wp\/v2\/product_cat?post=8548"},{"taxonomy":"product_tag","embeddable":true,"href":"https:\/\/zojopackaging.com\/pl\/wp-json\/wp\/v2\/product_tag?post=8548"}],"curies":[{"name":"wp","href":"https:\/\/api.w.org\/{rel}","templated":true}]}}