{"id":8563,"date":"2025-03-29T11:58:47","date_gmt":"2025-03-29T03:58:47","guid":{"rendered":"https:\/\/zojopackaging.com\/?post_type=product&#038;p=8563"},"modified":"2025-03-29T13:47:18","modified_gmt":"2025-03-29T05:47:18","slug":"custom-vape-kit-packaging-gift-lid-and-base-box-manufacturer","status":"publish","type":"product","link":"https:\/\/zojopackaging.com\/pl\/product\/custom-vape-kit-packaging-gift-lid-and-base-box-manufacturer\/","title":{"rendered":"Producent niestandardowych opakowa\u0144 na zestawy Vape z pokrywk\u0105 i pude\u0142kiem podstawowym"},"content":{"rendered":"<h2 id=\"-1-environmentally-friendly-and-sustainable-material-system-industrial-grade-protection-and-green-commitment-\"><strong>Producent niestandardowych opakowa\u0144 na zestawy Vape z pokrywk\u0105 i pude\u0142kiem podstawowym<\/p>\n<p>1. Przyjazny dla \u015brodowiska i zr\u00f3wnowa\u017cony system materia\u0142owy: ochrona klasy przemys\u0142owej i zielone zaanga\u017cowanie<\/strong><\/h2>\n<p>Przyj\u0119cie\u00a0<strong>Powlekany papier artystyczny C2S 157 g + twarda tektura 1000 g<\/strong>\u00a0struktura kompozytowa, uwzgl\u0119dniaj\u0105ca ochron\u0119 \u015brodowiska i funkcjonalno\u015b\u0107:<\/p>\n<ul>\n<li><strong>Charakterystyka materia\u0142u<\/strong>: G\u0142adko\u015b\u0107 powierzchni papieru powlekanego C2S osi\u0105ga standard poziomu drukowania (po\u0142ysk \u226590%), dok\u0142adnie odwzorowuj\u0105c kolory o wysokim nasyceniu; wytrzyma\u0142o\u015b\u0107 na \u015bciskanie twardej tektury 1000 g osi\u0105ga 1,5-krotno\u015b\u0107 standardu bran\u017cowego i jest odpowiednia dla wagi sprz\u0119tu do papieros\u00f3w elektronicznych (takich jak dank mod i inne konwencjonalne produkty 0,2-0,6 kg).<\/li>\n<li><strong>Certyfikacja \u015brodowiskowa<\/strong>: Przeszed\u0142 certyfikacj\u0119 gospodarki le\u015bnej FSC i system zarz\u0105dzania \u015brodowiskowego ISO 14001, wska\u017anik recyklingu materia\u0142u wynosi \u226595%, co spe\u0142nia wymogi prawne dotycz\u0105ce zr\u00f3wnowa\u017conych opakowa\u0144 na rynkach europejskich i ameryka\u0144skich.<\/li>\n<\/ul>\n<h3 id=\"-second-the-box-design-of-the-top-and-bottom-cover-full-protection-and-ritual-experience-\"><strong>2. Konstrukcja pude\u0142ka pokrywy i podstawy: pe\u0142na ochrona i do\u015bwiadczenie rytualne<\/strong><\/h3>\n<ol>\n<li><strong>Precyzyjna struktura zagnie\u017cd\u017cania<\/strong><\/li>\n<li><strong>Pe\u0142na ochrona<\/strong>: G\u00f3rna pokrywa i podstawa pude\u0142ka s\u0105 kontrolowane z milimetrow\u0105 tolerancj\u0105, a po zamkni\u0119ciu powstaje szczelna przestrze\u0144, kt\u00f3ra poprawia odporno\u015b\u0107 na kurz i wilgo\u0107 o 40% i jest odpowiednia do transportu transgranicznego i potrzeb magazynowych.<\/li>\n<li><strong>Wydajno\u015b\u0107 kompresji<\/strong>: Wytrzyma\u0142o\u015b\u0107 kartonu na \u015bciskanie wynosi \u226580 kg\/m\u00b2, a no\u015bno\u015b\u0107 przy uk\u0142adaniu w stosy jest lepsza ni\u017c standard bran\u017cowy, co pozwala unikn\u0105\u0107 deformacji lub uszkodze\u0144 podczas transportu.<\/li>\n<li><strong>Estetyka i integracja funkcjonalna<\/strong><\/li>\n<li>Mo\u017ce by\u0107 osadzony w akrylowych przezroczystych oknach (przepuszczalno\u015b\u0107 \u015bwiat\u0142a \u226590%), intuicyjnie wy\u015bwietla\u0107 szczeg\u00f3\u0142y urz\u0105dzenia e-papierosa i zwi\u0119ksza\u0107 zaufanie konsument\u00f3w.<\/li>\n<\/ol>\n<h3 id=\"-three-full-dimensional-customization-solutions-precise-adaptation-from-color-to-process-\"><strong>3. Pe\u0142nowymiarowe rozwi\u0105zania dostosowywania: precyzyjne dostosowanie od koloru do procesu<\/strong><\/h3>\n<ol>\n<li><strong>Kolor i technologia druku<\/strong><\/li>\n<li><strong>System kolor\u00f3w Macaron<\/strong>: Wykorzystuj\u0105c specjaln\u0105 bibliotek\u0119 kolor\u00f3w Pantone (np. Pantone 12-1009 kremowa biel, Pantone 15-5519 mi\u0119towa ziele\u0144), proces gradientu o niskim nasyceniu zmniejsza zm\u0119czenie wzroku i tworzy poczucie uzdrowienia i wysokiej klasy.<\/li>\n<li><strong>Drukowanie w wysokiej rozdzielczo\u015bci<\/strong>: Obs\u0142uga czterokolorowego druku offsetowego + lokalna technologia wyt\u0142aczania UV, kontrola r\u00f3\u017cnicy kolor\u00f3w \u22643%, taka jak t\u0142oczenie na gor\u0105co LOGO, stereoskopowy druk 3D z tekstur\u0105 li\u015bci konopi, zwi\u0119ksza rozpoznawalno\u015b\u0107 marki.<\/li>\n<li><strong>Typ pude\u0142ka i innowacyjno\u015b\u0107 procesu<\/strong><\/li>\n<li><strong>Rozw\u00f3j w specjalnym kszta\u0142cie<\/strong>: Obs\u0142uguje sze\u015bciok\u0105tne magnetyczne pude\u0142ko ss\u0105ce, zaokr\u0105glone pude\u0142ko szufladowe i inne konstrukcje, z konstrukcj\u0105 haka, aby zoptymalizowa\u0107 pionow\u0105 ekspozycj\u0119 w supermarketach.<\/li>\n<li><strong>Obr\u00f3bka powierzchni<\/strong>: Matowa pow\u0142oka (zapobiegaj\u0105ca odciskom palc\u00f3w) lub jasna pow\u0142oka (zapobiegaj\u0105ca zarysowaniom), opcjonalnie nano wodoodporna pow\u0142oka przed\u0142u\u017caj\u0105ca \u017cywotno\u015b\u0107 opakowania.<\/li>\n<\/ol>\n<h3 id=\"-fourth-fully-automated-production-system-double-guarantee-of-efficiency-and-quality-\"><strong>4. W pe\u0142ni zautomatyzowany system produkcji: podw\u00f3jna gwarancja wydajno\u015bci i jako\u015bci<\/strong><\/h3>\n<ol>\n<li><strong>Inteligentna linia produkcyjna<\/strong><\/li>\n<li><strong>Dzienna zdolno\u015b\u0107 produkcyjna na poziomie 1 miliona sztuk<\/strong>Wyposa\u017cony w pe\u0142ni automatyczn\u0105 maszyn\u0119 sztancuj\u0105c\u0105, szybk\u0105 maszyn\u0119 do druku offsetowego i inteligentny system kontroli jako\u015bci, obs\u0142uguj\u0105cy 72-godzinn\u0105 ultraszybk\u0105 produkcj\u0119 masow\u0105.<\/li>\n<li><strong>Standard kontroli jako\u015bci<\/strong>Przeszed\u0142 testy i certyfikacj\u0119 SGS, pe\u0142ne testy QA (kolorymetr, tester kropli), wska\u017anik wydajno\u015bci \u2265 99,5%.<\/li>\n<li><strong>Zwinne dostarczanie<\/strong><\/li>\n<li><strong>Dostawa w ci\u0105gu 7-12 dni roboczych<\/strong>Obs\u0142uga przesy\u0142ek transgranicznych FOB\/DDP, dostarczanie rozwi\u0105za\u0144 logistycznych Amazon FBA pierwszego stopnia.<\/li>\n<\/ol>\n<h3 id=\"-five-source-factory-advantages-zero-cost-startup-and-ultimate-cost-effectiveness-\"><strong>5. Zalety fabryki \u017ar\u00f3d\u0142owej: zerowe koszty uruchomienia i najwy\u017csza op\u0142acalno\u015b\u0107<\/strong><\/h3>\n<ol>\n<li><strong>Bezp\u0142atne wsparcie serwisowe<\/strong><\/li>\n<li><strong>3-dniowa pr\u00f3bka<\/strong>dostarczanie rendering\u00f3w 3D + fizycznych pude\u0142ek z pr\u00f3bkami w ci\u0105gu 48 godzin, obs\u0142uga zdalnej inspekcji AR.<\/li>\n<li><strong>Darmowy projekt<\/strong>Profesjonalny zesp\u00f3\u0142 zapewnia rozwi\u0105zania VI fusion, takie jak niebiesko-bia\u0142y gradient, aby zmniejszy\u0107 zm\u0119czenie wzroku, lub laserowe t\u0142oczenie na gor\u0105co, aby dostosowa\u0107 si\u0119 do poczucia pozycjonowania technologii.<\/li>\n<li><strong>Przewaga kosztowa<\/strong><\/li>\n<li>Opieraj\u0105c si\u0119 na zam\u00f3wieniach na du\u017c\u0105 skal\u0119 z roczn\u0105 zdolno\u015bci\u0105 produkcyjn\u0105 ponad 5000 ton, cena jest 15%-20% ni\u017csza ni\u017c \u015brednia cena rynkowa i obs\u0142uguje minimalne zam\u00f3wienie 1000 sztuk.<\/li>\n<\/ol>\n<p><strong>Udane przypadki i adaptacja scen<\/strong><\/p>\n<ul>\n<li><strong>Transgraniczny handel elektroniczny hitem<\/strong>: Spersonalizowane mi\u0119towo-zielone g\u00f3rne i dolne pude\u0142ko dla p\u00f3\u0142nocnoameryka\u0144skiej marki, z cz\u0119\u015bciowym procesem t\u0142oczenia na gor\u0105co UV, wska\u017anik odkupu Amazon wzr\u00f3s\u0142 o 35%.<\/li>\n<li><strong>Wysokiej klasy rynek medyczny<\/strong>: Matowa czarna przyssawka magnetyczna + flokowana podszewka, pomagaj\u0105ca europejskim markom medycznej marihuany osi\u0105gn\u0105\u0107 premi\u0119 ko\u0144cow\u0105 50%.<\/li>\n<li><strong>Linia koncepcji ochrony \u015brodowiska<\/strong>: Podszewka z degradowalnego papieru o strukturze plastra miodu + nadruk atramentem sojowym, firmy z certyfikatem B Corp kupuj\u0105 hurtowo.<\/li>\n<\/ul>\n<hr \/>\n<p><strong>Podejmij dzia\u0142ania ju\u017c teraz<\/strong>\u00a0Od projektu po dostaw\u0119, zapewniamy kompleksowe rozwi\u0105zanie w zakresie opakowa\u0144, dzi\u0119ki czemu ka\u017cdy e-papieros mo\u017ce przekaza\u0107 warto\u015b\u0107 marki poprzez najlepsze opakowanie!<\/p>","protected":false},"excerpt":{"rendered":"<p>Opis produktu: Niestandardowe drukowane pude\u0142ka do pakowania Vape Mods, Niestandardowe pude\u0142ka do zestaw\u00f3w Vape Mod, Niestandardowe pude\u0142ka Vape, Niestandardowe drukowane pude\u0142ka do pakowania Vape Mods, Zam\u00f3w niestandardowe pude\u0142ka na baterie Vape.<\/p>","protected":false},"featured_media":8564,"template":"","meta":[],"product_brand":[],"product_cat":[30,420,425,31],"product_tag":[888,887,889],"class_list":{"0":"post-8563","1":"product","2":"type-product","3":"status-publish","4":"has-post-thumbnail","6":"product_cat-by-industry","7":"product_cat-custom-cannabis-boxes","8":"product_cat-lid-and-base-gift-box","9":"product_cat-paper-box-style","10":"product_tag-custom-vape-box-manufacturer","11":"product_tag-vape-kit-packaging","12":"product_tag-vape-lid-and-base-box","14":"first","15":"instock","16":"shipping-taxable","17":"product-type-simple"},"_links":{"self":[{"href":"https:\/\/zojopackaging.com\/pl\/wp-json\/wp\/v2\/product\/8563","targetHints":{"allow":["GET"]}}],"collection":[{"href":"https:\/\/zojopackaging.com\/pl\/wp-json\/wp\/v2\/product"}],"about":[{"href":"https:\/\/zojopackaging.com\/pl\/wp-json\/wp\/v2\/types\/product"}],"version-history":[{"count":1,"href":"https:\/\/zojopackaging.com\/pl\/wp-json\/wp\/v2\/product\/8563\/revisions"}],"predecessor-version":[{"id":8570,"href":"https:\/\/zojopackaging.com\/pl\/wp-json\/wp\/v2\/product\/8563\/revisions\/8570"}],"wp:featuredmedia":[{"embeddable":true,"href":"https:\/\/zojopackaging.com\/pl\/wp-json\/wp\/v2\/media\/8564"}],"wp:attachment":[{"href":"https:\/\/zojopackaging.com\/pl\/wp-json\/wp\/v2\/media?parent=8563"}],"wp:term":[{"taxonomy":"product_brand","embeddable":true,"href":"https:\/\/zojopackaging.com\/pl\/wp-json\/wp\/v2\/product_brand?post=8563"},{"taxonomy":"product_cat","embeddable":true,"href":"https:\/\/zojopackaging.com\/pl\/wp-json\/wp\/v2\/product_cat?post=8563"},{"taxonomy":"product_tag","embeddable":true,"href":"https:\/\/zojopackaging.com\/pl\/wp-json\/wp\/v2\/product_tag?post=8563"}],"curies":[{"name":"wp","href":"https:\/\/api.w.org\/{rel}","templated":true}]}}