{"id":8580,"date":"2025-03-29T14:12:52","date_gmt":"2025-03-29T06:12:52","guid":{"rendered":"https:\/\/zojopackaging.com\/?post_type=product&#038;p=8580"},"modified":"2025-03-29T15:21:37","modified_gmt":"2025-03-29T07:21:37","slug":"wholesale-heart-shaped-rose-packaging-valentines-day-boxes","status":"publish","type":"product","link":"https:\/\/zojopackaging.com\/pl\/product\/wholesale-heart-shaped-rose-packaging-valentines-day-boxes\/","title":{"rendered":"Hurtowe opakowania na walentynki w kszta\u0142cie serca z r\u00f3\u017c\u0105"},"content":{"rendered":"<h3 id=\"wholesale-description-of-heart-shaped-rose-valentine-s-day-gift-box-the-perfect-combination-of-environmentally-friendly-materials-and-emotional-design\">Hurtowy opis walentynkowego pude\u0142ka w kszta\u0142cie serca z r\u00f3\u017c\u0105<\/h3>\n<p>Podczas romantycznych \u015bwi\u0105t, takich jak Walentynki i Chi\u0144skie Walentynki, starannie zaprojektowane pude\u0142ko z r\u00f3\u017c\u0105 jest nie tylko pojemnikiem na mi\u0142o\u015b\u0107, ale tak\u017ce symbolicznym no\u015bnikiem przekazuj\u0105cym warto\u015b\u0107 emocjonaln\u0105. Poni\u017cej znajduje si\u0119 szczeg\u00f3\u0142owe wprowadzenie do\u00a0<strong>Wysokiej jako\u015bci pude\u0142ko upominkowe w kszta\u0142cie serca<\/strong>\u00a0Specjalnie zaprojektowany dla bukiet\u00f3w r\u00f3\u017c pod wzgl\u0119dem materia\u0142u, struktury, projektu i niestandardowych us\u0142ug, kt\u00f3ry spe\u0142nia r\u00f3\u017cnorodne potrzeby klient\u00f3w hurtowych w zakresie jako\u015bci, funkcji i ekspresji emocjonalnej.<\/p>\n<h4 id=\"-1-environmentally-friendly-materials-taking-into-account-both-aesthetics-and-sustainability-\"><strong>1. Materia\u0142y przyjazne dla \u015brodowiska: bior\u0105c pod uwag\u0119 zar\u00f3wno estetyk\u0119, jak i zr\u00f3wnowa\u017cony rozw\u00f3j<\/strong><\/h4>\n<p>Pude\u0142ko upominkowe wykorzystuje\u00a0<strong>Papier powlekany C2S 157 g (dwustronnie powlekany papier artystyczny)<\/strong>\u00a0z\u00a0<strong>P\u0142yta pil\u015bniowa 1200g<\/strong>\u00a0jako materia\u0142 podstawowy.<\/p>\n<ul>\n<li><strong>Papier powlekany C2S<\/strong>\u00a0charakteryzuje si\u0119 delikatn\u0105 i g\u0142adk\u0105 powierzchni\u0105 oraz wysokim odwzorowaniem kolor\u00f3w. Mo\u017ce prezentowa\u0107 z\u0142o\u017cone efekty drukowania, takie jak t\u0142oczenie na gor\u0105co i miejscowy lakier UV, i ma dobr\u0105 odporno\u015b\u0107 na rozdarcie.<\/li>\n<li><strong>P\u0142yta pil\u015bniowa 1200g<\/strong>\u00a0zapewnia doskona\u0142\u0105 no\u015bno\u015b\u0107. Zosta\u0142 przetestowany pod k\u0105tem odporno\u015bci na \u015bciskanie i wstrz\u0105sy podczas transportu, a tak\u017ce spe\u0142nia normy ochrony \u015brodowiska i mo\u017ce by\u0107 poddawany recyklingowi i degradacji.<\/li>\n<li>Powierzchnia jest pokryta\u00a0<strong>Przyjazna dla \u015brodowiska folia matowa\/b\u0142yszcz\u0105ca<\/strong>kt\u00f3re nie tylko blokuj\u0105 kolor i zapobiegaj\u0105 blakni\u0119ciu, ale tak\u017ce s\u0105 odporne na wilgotne \u015brodowisko, zapewniaj\u0105c, \u017ce pude\u0142ko upominkowe pozostanie zupe\u0142nie nowe podczas przechowywania i transportu.<\/li>\n<\/ul>\n<h4 id=\"-second-the-box-type-with-a-top-and-bottom-lid-convenient-opening-and-closing-and-a-sense-of-ceremony-\"><strong>2. Typ pude\u0142ka z pokryw\u0105 i podstaw\u0105: wygodne otwieranie i zamykanie oraz poczucie ceremonii<\/strong><\/h4>\n<p>Pude\u0142ko upominkowe przyjmuje\u00a0<strong>Konstrukcja g\u00f3rnej i dolnej pokrywy<\/strong>a g\u00f3rna pokrywa ca\u0142kowicie zakrywa doln\u0105 skrzynk\u0119. Otwieranie i zamykanie nie musi by\u0107 pracoch\u0142onne i mo\u017cna je \u0142atwo otworzy\u0107, trzymaj\u0105c oba ko\u0144ce obiema r\u0119kami.<\/p>\n<ul>\n<li><strong>Obowi\u0105zuj\u0105ce scenariusze<\/strong>Ekspozycje detaliczne, kt\u00f3re s\u0105 cz\u0119sto przenoszone i wyjmowane, transport logistyczny, kt\u00f3ry wymaga ochrony bukiet\u00f3w, a tak\u017ce poczucie ceremonii, gdy u\u017cytkownicy rozpakowuj\u0105.<\/li>\n<li><strong>Szczeg\u00f3\u0142owy projekt<\/strong>: Pokrywa jest zapinana na klamr\u0119 magnetyczn\u0105 lub wst\u0105\u017ck\u0119, co jest zar\u00f3wno pi\u0119kne, jak i zapobiega przypadkowemu otwarciu; cztery rogi dolnego pude\u0142ka s\u0105 wzmocnione, aby unikn\u0105\u0107 deformacji.<\/li>\n<\/ul>\n<h4 id=\"-three-heart-shaped-symbolic-design-strengthen-emotional-memory-points-\"><strong>3. Symboliczny wz\u00f3r w kszta\u0142cie serca: wzmacnia emocjonalne punkty pami\u0119ci<\/strong><\/h4>\n<p>Pude\u0142ko w kszta\u0142cie serca jest naturalnie odpowiednie na Walentynki, wesela i inne okazje, a tak\u017ce poprawia wra\u017cenia u\u017cytkownika poprzez\u00a0<strong>Symbole wizualne i rezonans emocjonalny<\/strong>:<\/p>\n<ul>\n<li><strong>J\u0119zyk modelowania<\/strong>: G\u0142adka, zakrzywiona kraw\u0119d\u017a symbolizuje doskona\u0142o\u015b\u0107 mi\u0142o\u015bci, a powierzchnia pude\u0142ka mo\u017ce by\u0107 zadrukowana wzorami, takimi jak t\u0142oczone na gor\u0105co serca i wij\u0105ce si\u0119 pn\u0105cza, kt\u00f3re nawi\u0105zuj\u0105 do motywu r\u00f3\u017cy.<\/li>\n<li><strong>Warto\u015b\u0107 emocjonalna<\/strong>: Na przyk\u0142ad, odr\u0119czne s\u0142owa mi\u0142o\u015bci mog\u0105 by\u0107 wydrukowane na wewn\u0119trznej stronie wieczka pude\u0142ka lub w po\u0142\u0105czeniu z aksamitn\u0105 kokard\u0105, aby zwi\u0119kszy\u0107 poczucie zaskoczenia podczas rozpakowywania.<\/li>\n<\/ul>\n<h4 id=\"-four-highly-customized-services-flexible-adaptation-needs-\"><strong>4. Wysoce spersonalizowane us\u0142ugi: elastyczne potrzeby adaptacyjne<\/strong><\/h4>\n<p>Aby zaspokoi\u0107 potrzeby r\u00f3\u017cnych marek i scen, pude\u0142ko upominkowe obs\u0142uguje wszechstronn\u0105 personalizacj\u0119:<\/p>\n<ol>\n<li><strong>Materia\u0142 i wykonanie<\/strong>: Opcjonalne materia\u0142y specjalne, takie jak papier per\u0142owy, folia dotykowa, wyt\u0142oczenia itp.; procesy drukowania obejmuj\u0105 t\u0142oczenie na gor\u0105co, sitodruk, grawerowanie laserowe itp.<\/li>\n<li><strong>Rozmiar i struktura<\/strong>: Dostosuj proporcje pude\u0142ka do wysoko\u015bci i \u015brednicy bukietu, np. mini pude\u0142ko z pojedyncz\u0105 r\u00f3\u017c\u0105 lub super du\u017ce pude\u0142ko z 99 r\u00f3\u017cami.<\/li>\n<li><strong>Wewn\u0119trzna ochrona podszewki<\/strong>: Dostosowane wewn\u0119trzne podparcie z g\u0105bki EVA lub papieru falistego, dok\u0142adne pozycjonowanie \u0142odyg kwiatowych i g\u0142\u00f3wek kwiatowych, aby unikn\u0105\u0107 uszkodze\u0144 podczas transportu.<\/li>\n<li><strong>Kolor i wz\u00f3r<\/strong>: Zapewnia dok\u0142adne dopasowanie kolor\u00f3w kart kolor\u00f3w Pantone, obs\u0142uguje spersonalizowane drukowanie LOGO marki, wzor\u00f3w konstelacji, zdj\u0119\u0107 par itp.<\/li>\n<\/ol>\n<h4 id=\"-v-production-and-technical-support-one-stop-solution-\"><strong>5. Produkcja i wsparcie techniczne: Kompleksowe rozwi\u0105zanie<\/strong><\/h4>\n<p>Fabryki sp\u00f3\u0142dzielcze zapewniaj\u0105\u00a0<strong>Bezp\u0142atna weryfikacja projektu i wsparcie techniczne<\/strong>\u00a0aby zapewni\u0107 p\u0142ynne po\u0142\u0105czenie od kreatywno\u015bci do masowej produkcji:<\/p>\n<ul>\n<li><strong>Szybki proofing<\/strong>: Dostarczenie fizycznych pr\u00f3bek w ci\u0105gu 3-5 dni roboczych, wsparcie wielu rund dostosowa\u0144 struktury, materia\u0142u i procesu.<\/li>\n<li><strong>Rabat hurtowy<\/strong>: Zam\u00f3wienia powy\u017cej 1000 sztuk mog\u0105 korzysta\u0107 z wielopoziomowych rabat\u00f3w i zapewniaj\u0105 ekskluzywne kana\u0142y logistyczne w celu optymalizacji koszt\u00f3w transportu.<\/li>\n<li><strong>Serwis gwarancyjny<\/strong>: Zobowi\u0105zany cykl dostawy wynosi 7-15 dni i zapewnia gwarancj\u0119 wymiany uszkodzonego produktu.<\/li>\n<\/ul>\n<h4 id=\"-conclusion-\"><strong>Wnioski<\/strong><\/h4>\n<p>To pude\u0142ko upominkowe w kszta\u0142cie serca \u0142\u0105czy w sobie praktyczne funkcje i emocjonaln\u0105 ekspresj\u0119 dzi\u0119ki przyjaznym dla \u015brodowiska materia\u0142om, humanizowanej strukturze i us\u0142ugom g\u0142\u0119bokiej personalizacji, staj\u0105c si\u0119 pot\u0119\u017cnym narz\u0119dziem do poprawy premii marki i lojalno\u015bci u\u017cytkownik\u00f3w w marketingu walentynkowym. Niezale\u017cnie od tego, czy jest to wysokiej klasy kwiaciarnia, sprzedawca upomink\u00f3w, czy wsp\u00f3lne wydarzenie marki, mo\u017cesz u\u017cy\u0107 tego no\u015bnika, aby stworzy\u0107 wyj\u0105tkowe romantyczne wspomnienie.<\/p>\n<p><strong>Zapoznaj si\u0119 z planem personalizacji ju\u017c teraz, aby ka\u017cda r\u00f3\u017ca nosi\u0142a unikalne serce.<\/strong><\/p>","protected":false},"excerpt":{"rendered":"<p>1. Powlekany papier artystyczny C2S 157 g + sztywny karton 1200 g, wysokiej jako\u015bci materia\u0142y przyjazne dla \u015brodowiska<br \/>\n2. Pude\u0142ko w kszta\u0142cie serca jest naturalnie odpowiednie na walentynki, chi\u0144skie walentynki, wesela i inne okazje. Przekazuje warto\u015b\u0107 emocjonaln\u0105 poprzez symboliczny projekt i zwi\u0119ksza punkty pami\u0119ci u\u017cytkownika<br \/>\n3. Wysoce konfigurowalny, materia\u0142, kolor, rozmiar, proces drukowania powierzchni, aby dopasowa\u0107 si\u0119 do walentynkowego opakowania r\u00f3\u017cy<\/p>","protected":false},"featured_media":8583,"template":"","meta":[],"product_brand":[],"product_cat":[30,423,425,31],"product_tag":[893,894,895],"class_list":{"0":"post-8580","1":"product","2":"type-product","3":"status-publish","4":"has-post-thumbnail","6":"product_cat-by-industry","7":"product_cat-custom-presentation-boxes-by-industry","8":"product_cat-lid-and-base-gift-box","9":"product_cat-paper-box-style","10":"product_tag-rose-packaging","11":"product_tag-valentines-day-boxes","12":"product_tag-wholesale-rose-boxes","14":"first","15":"instock","16":"shipping-taxable","17":"product-type-simple"},"_links":{"self":[{"href":"https:\/\/zojopackaging.com\/pl\/wp-json\/wp\/v2\/product\/8580","targetHints":{"allow":["GET"]}}],"collection":[{"href":"https:\/\/zojopackaging.com\/pl\/wp-json\/wp\/v2\/product"}],"about":[{"href":"https:\/\/zojopackaging.com\/pl\/wp-json\/wp\/v2\/types\/product"}],"version-history":[{"count":1,"href":"https:\/\/zojopackaging.com\/pl\/wp-json\/wp\/v2\/product\/8580\/revisions"}],"predecessor-version":[{"id":8586,"href":"https:\/\/zojopackaging.com\/pl\/wp-json\/wp\/v2\/product\/8580\/revisions\/8586"}],"wp:featuredmedia":[{"embeddable":true,"href":"https:\/\/zojopackaging.com\/pl\/wp-json\/wp\/v2\/media\/8583"}],"wp:attachment":[{"href":"https:\/\/zojopackaging.com\/pl\/wp-json\/wp\/v2\/media?parent=8580"}],"wp:term":[{"taxonomy":"product_brand","embeddable":true,"href":"https:\/\/zojopackaging.com\/pl\/wp-json\/wp\/v2\/product_brand?post=8580"},{"taxonomy":"product_cat","embeddable":true,"href":"https:\/\/zojopackaging.com\/pl\/wp-json\/wp\/v2\/product_cat?post=8580"},{"taxonomy":"product_tag","embeddable":true,"href":"https:\/\/zojopackaging.com\/pl\/wp-json\/wp\/v2\/product_tag?post=8580"}],"curies":[{"name":"wp","href":"https:\/\/api.w.org\/{rel}","templated":true}]}}