{"id":8587,"date":"2025-03-29T14:41:35","date_gmt":"2025-03-29T06:41:35","guid":{"rendered":"https:\/\/zojopackaging.com\/?post_type=product&#038;p=8587"},"modified":"2025-03-29T15:21:23","modified_gmt":"2025-03-29T07:21:23","slug":"custom-printed-candle-packaging-boxes-wholesale","status":"publish","type":"product","link":"https:\/\/zojopackaging.com\/pl\/product\/custom-printed-candle-packaging-boxes-wholesale\/","title":{"rendered":"Niestandardowe drukowane opakowania na \u015bwiece hurtowo"},"content":{"rendered":"<h3 id=\"custom-printed-candle-packaging-box-wholesale\">Niestandardowe drukowane opakowanie na \u015bwiec\u0119 hurtowo<\/h3>\n<h4 id=\"-i-environmentally-friendly-materials-and-recyclable-design-\"><strong>1. Przyjazne dla \u015brodowiska materia\u0142y i konstrukcja nadaj\u0105ca si\u0119 do recyklingu<\/strong><\/h4>\n<ol>\n<li><strong>Tektura falista<\/strong>\u00a0Wykorzystuj\u0105c tektur\u0119 falist\u0105 o wysokiej wytrzyma\u0142o\u015bci jako materia\u0142 bazowy, ma doskona\u0142\u0105 odporno\u015b\u0107 na \u015bciskanie i amortyzacj\u0119, i mo\u017ce by\u0107 ponownie u\u017cyty lub poddany recyklingowi dzi\u0119ki technologii recyklingu masy celulozowej. Jego naturalny cykl degradacji jest kr\u00f3tki (oko\u0142o 3-6 miesi\u0119cy), co spe\u0142nia mi\u0119dzynarodowe normy \u015brodowiskowe i zmniejsza obci\u0105\u017cenie \u015brodowiska odpadami opakowaniowymi.<\/li>\n<\/ol>\n<h4 id=\"-ii-highly-customized-services-\"><strong>2. Wysoce spersonalizowane us\u0142ugi<\/strong><\/h4>\n<ol>\n<li><strong>Elastyczne opcje dostosowywania<\/strong><\/li>\n<li><strong>Materia\u0142<\/strong>: Opr\u00f3cz papieru falistego obs\u0142uguje materia\u0142y kompozytowe, takie jak bia\u0142a tektura i tektura siarczanowa, aby spe\u0142ni\u0107 r\u00f3\u017cne wymagania dotycz\u0105ce no\u015bno\u015bci.<\/li>\n<li><strong>Kolor<\/strong>: Dost\u0119pne s\u0105 42 standardowe kolory i kolory makaronowe (takie jak brzoskwiniowy r\u00f3\u017c i jagodowy fiolet). Odcienie o niskim nasyceniu mog\u0105 zmniejszy\u0107 zm\u0119czenie wzroku i zwi\u0119kszy\u0107 atrakcyjno\u015b\u0107 na p\u00f3\u0142ce.<\/li>\n<li><strong>Rozmiar<\/strong>: Obs\u0142uguje pe\u0142ne dostosowanie rozmiaru \u015brednicy wewn\u0119trznej \/ zewn\u0119trznej (b\u0142\u0105d \u2264 0,1 mm), odpowiednie dla cylindrycznych, kwadratowych i specjalnych pojemnik\u00f3w na \u015bwiece.<\/li>\n<li><strong>Proces drukowania<\/strong>: Opcjonalny druk offsetowy, sitodruk, laminowanie UV, t\u0142oczenie na gor\u0105co\/srebro, wyt\u0142aczanie itp. w celu uzyskania precyzyjnych logo marki lub wzor\u00f3w artystycznych.<\/li>\n<li><strong>Przyjazna dla \u015brodowiska taca wewn\u0119trzna i ochrona powierzchni<\/strong><\/li>\n<li><strong>Taca wewn\u0119trzna formowana z masy celulozowej<\/strong>: Taca wewn\u0119trzna z degradowalnej masy celulozowej jest dostosowywana za pomoc\u0105 procesu prasowania na sucho, aby dok\u0142adnie ustali\u0107 pozycj\u0119 \u015bwiecy i unikn\u0105\u0107 uszkodze\u0144 transportowych.<\/li>\n<li><strong>Technologia laminowania<\/strong>: Powierzchnia jest pokryta foli\u0105 PET lub BOPP, kt\u00f3ra jest zar\u00f3wno wodoodporna, jak i odporna na wilgo\u0107, a nadrukowany kolor jest chroniony przed blakni\u0119ciem przez ponad 5 lat dzi\u0119ki technologii powlekania UV.<\/li>\n<\/ol>\n<h4 id=\"-iii-intelligent-production-and-fast-delivery-\"><strong>3. Inteligentna produkcja i szybka dostawa<\/strong><\/h4>\n<ol>\n<li><strong>W pe\u0142ni automatyczna linia produkcyjna<\/strong>\u00a0Fabryka wyposa\u017cona jest w pe\u0142ni zautomatyzowane maszyny sztancuj\u0105ce, maszyny do laminowania i szybkie urz\u0105dzenia drukuj\u0105ce, o dziennej zdolno\u015bci produkcyjnej 1 miliona sztuk, obs\u0142uguj\u0105ce 24-godzinn\u0105 ci\u0105g\u0142\u0105 produkcj\u0119. Na przyk\u0142ad linia produkcyjna sk\u0142adanych karton\u00f3w Qingdao Shimei Packaging mo\u017ce osi\u0105gn\u0105\u0107 znormalizowan\u0105 wydajno\u015b\u0107 100 000 sztuk dziennie.<\/li>\n<li><strong>Szybki proces reagowania<\/strong><\/li>\n<li><strong>3-dniowa pr\u00f3bka<\/strong>: Po dostarczeniu przez klienta projektu lub pr\u00f3bki, potwierdzenie pr\u00f3bki zostanie zako\u0144czone w ci\u0105gu 72 godzin.<\/li>\n<li><strong>Dostawa w ci\u0105gu 7-14 dni<\/strong>: Opieraj\u0105c si\u0119 na systemie ERP w celu optymalizacji planowania produkcji, od potwierdzenia zam\u00f3wienia do wysy\u0142ki partii zajmuje tylko 7 dni roboczych, spe\u0142niaj\u0105c wymagania terminowo\u015bci transgranicznego handlu elektronicznego i promocji \u015bwi\u0105tecznych.<\/li>\n<\/ol>\n<h4 id=\"-iv-value-added-services-and-cost-advantages-\"><strong>4. Us\u0142ugi o warto\u015bci dodanej i korzy\u015bci kosztowe<\/strong><\/h4>\n<ol>\n<li><strong>Bezp\u0142atne wsparcie techniczne<\/strong><\/li>\n<li><strong>Wsparcie projektowe<\/strong>: Fabryka zapewnia profesjonalny zesp\u00f3\u0142 projektant\u00f3w, kt\u00f3ry bezp\u0142atnie optymalizuje struktur\u0119 pude\u0142ka, uk\u0142ad i rozwi\u0105zania wizualne marki.<\/li>\n<li><strong>Przyk\u0142adowe do\u015bwiadczenie<\/strong>: Klienci sk\u0142adaj\u0105cy pierwsze zam\u00f3wienie mog\u0105 ubiega\u0107 si\u0119 o bezp\u0142atne pr\u00f3bki (ograniczone do 3 modeli) w celu przetestowania mo\u017cliwo\u015bci dostosowania opakowania i skuteczno\u015bci ochrony.<\/li>\n<li><strong>Konkurencyjno\u015b\u0107 cenowa<\/strong>\u00a0Dzi\u0119ki zakupom surowc\u00f3w na du\u017c\u0105 skal\u0119 (np. obni\u017cenie koszt\u00f3w zakupu bia\u0142ego kartonu o 15%) i zautomatyzowanej produkcji, koszt jednej sztuki wynosi zaledwie 0,1 juana (minimalne zam\u00f3wienie 5000 sztuk), co jest o 30% ni\u017csze ni\u017c ca\u0142kowity koszt tradycyjnych opakowa\u0144.<\/li>\n<\/ol>\n<h4 id=\"-v-application-scenarios-and-market-adaptation-\"><strong>5. Scenariusze zastosowa\u0144 i adaptacja rynkowa<\/strong><\/h4>\n<ul>\n<li><strong>Wy\u015bwietlacz detaliczny<\/strong>: Kolorystyka Macaron z minimalistycznymi geometrycznymi wzorami, odpowiednia dla sklep\u00f3w z upominkami, marek domowych i wysokiej klasy perfumerii.<\/li>\n<li><strong>Transport transgraniczny<\/strong>: Przyjazne dla \u015brodowiska materia\u0142y, kt\u00f3re spe\u0142niaj\u0105 wymogi certyfikatu FSC, s\u0105 dostosowane do wymaga\u0144 platformy w zakresie ekologicznych opakowa\u0144.<\/li>\n<\/ul>\n<p><strong>Podsumowanie<\/strong>\u00a0Indywidualnie drukowane opakowania na \u015bwiece r\u00f3wnowa\u017c\u0105 wizerunek marki, kontrol\u0119 koszt\u00f3w i zr\u00f3wnowa\u017con\u0105 odpowiedzialno\u015b\u0107 dzi\u0119ki przyjaznym dla \u015brodowiska materia\u0142om, inteligentnej produkcji i g\u0142\u0119boko spersonalizowanym us\u0142ugom. Pe\u0142na optymalizacja od projektu do dostawy zapewnia producentom \u015bwiec i sprzedawcom detalicznym wydajne i niskoprogowe rozwi\u0105zania opakowaniowe.<\/p>","protected":false},"excerpt":{"rendered":"<p>1. Materia\u0142 z tektury falistej, mo\u017ce by\u0107 ponownie u\u017cyty lub poddany recyklingowi na miazg\u0119, naturalny cykl degradacji jest szybki, przyjazny dla \u015brodowiska<br \/>\n2. Sk\u0142adana konstrukcja, sp\u0142aszczona do przechowywania, zmniejszaj\u0105ca przestrze\u0144 do przechowywania<br \/>\n3. Wysoce konfigurowalny, materia\u0142, kolor, rozmiar, proces drukowania powierzchni w celu dopasowania do opakowania \u015bwiecy<\/p>","protected":false},"featured_media":8588,"template":"","meta":[],"product_brand":[],"product_cat":[30,416,430,31],"product_tag":[896,898,897],"class_list":{"0":"post-8587","1":"product","2":"type-product","3":"status-publish","4":"has-post-thumbnail","6":"product_cat-by-industry","7":"product_cat-custom-candle-boxes","8":"product_cat-folding-cartons","9":"product_cat-paper-box-style","10":"product_tag-candle-packaging","11":"product_tag-candle-packaging-boxes","12":"product_tag-custom-boxes-wholesale","14":"first","15":"instock","16":"shipping-taxable","17":"product-type-simple"},"_links":{"self":[{"href":"https:\/\/zojopackaging.com\/pl\/wp-json\/wp\/v2\/product\/8587","targetHints":{"allow":["GET"]}}],"collection":[{"href":"https:\/\/zojopackaging.com\/pl\/wp-json\/wp\/v2\/product"}],"about":[{"href":"https:\/\/zojopackaging.com\/pl\/wp-json\/wp\/v2\/types\/product"}],"version-history":[{"count":1,"href":"https:\/\/zojopackaging.com\/pl\/wp-json\/wp\/v2\/product\/8587\/revisions"}],"predecessor-version":[{"id":8594,"href":"https:\/\/zojopackaging.com\/pl\/wp-json\/wp\/v2\/product\/8587\/revisions\/8594"}],"wp:featuredmedia":[{"embeddable":true,"href":"https:\/\/zojopackaging.com\/pl\/wp-json\/wp\/v2\/media\/8588"}],"wp:attachment":[{"href":"https:\/\/zojopackaging.com\/pl\/wp-json\/wp\/v2\/media?parent=8587"}],"wp:term":[{"taxonomy":"product_brand","embeddable":true,"href":"https:\/\/zojopackaging.com\/pl\/wp-json\/wp\/v2\/product_brand?post=8587"},{"taxonomy":"product_cat","embeddable":true,"href":"https:\/\/zojopackaging.com\/pl\/wp-json\/wp\/v2\/product_cat?post=8587"},{"taxonomy":"product_tag","embeddable":true,"href":"https:\/\/zojopackaging.com\/pl\/wp-json\/wp\/v2\/product_tag?post=8587"}],"curies":[{"name":"wp","href":"https:\/\/api.w.org\/{rel}","templated":true}]}}