{"id":8595,"date":"2025-03-29T15:22:14","date_gmt":"2025-03-29T07:22:14","guid":{"rendered":"https:\/\/zojopackaging.com\/?post_type=product&#038;p=8595"},"modified":"2025-03-29T15:50:59","modified_gmt":"2025-03-29T07:50:59","slug":"premium-luxury-spirits-whisky-paper-tube-packaging-wholesale","status":"publish","type":"product","link":"https:\/\/zojopackaging.com\/pl\/product\/premium-luxury-spirits-whisky-paper-tube-packaging-wholesale\/","title":{"rendered":"Hurtowe opakowania papierowe na whisky Premium Luxury Spirits"},"content":{"rendered":"<h3 id=\"wholesale-instructions-for-premium-luxury-spirits-whiskey-paper-tube-packaging\">Hurtowe opakowanie papierowe na whisky Premium Luxury Spirits<\/h3>\n<h4 id=\"-1-structural-advantages-scientific-pressure-bearing-all-round-protection-\"><strong>1. Zalety konstrukcyjne: Naukowe przenoszenie ci\u015bnienia, wszechstronna ochrona<\/strong><\/h4>\n<p>Papierowe opakowanie tubowe przyjmuje\u00a0<strong>Konstrukcja cylindryczna<\/strong>kt\u00f3ry osi\u0105ga wysok\u0105 odporno\u015b\u0107 na ci\u015bnienie poprzez r\u00f3wnomierne rozpraszanie si\u0142 zewn\u0119trznych i jest szczeg\u00f3lnie odpowiedni dla delikatnych, wysokowarto\u015bciowych alkoholi i produkt\u00f3w whisky. Jego w\u0142a\u015bciwo\u015bci fizyczne mog\u0105 skutecznie \u0142agodzi\u0107 wibracje i kolizje podczas transportu. Warstwa wewn\u0119trzna mo\u017ce by\u0107 dopasowana do\u00a0<strong>Dostosowana struktura podszewki<\/strong>\u00a0(takie jak symetryczne zatrzaski lub poduszki z siatki), aby jeszcze bardziej poprawi\u0107 mocowanie i amortyzacj\u0119, zapewniaj\u0105c, \u017ce butelka jest bezpieczna i nienaruszona w z\u0142o\u017conym \u015brodowisku logistycznym.<\/p>\n<h4 id=\"-2-functional-innovation-sealing-and-convenience-coexist-\"><strong>2. Innowacja funkcjonalna: Uszczelnienie i wygoda wsp\u00f3\u0142istniej\u0105<\/strong><\/h4>\n<p>Opakowanie w postaci papierowej tuby obs\u0142uguje\u00a0<strong>w pe\u0142ni szczelna lub otwierana konstrukcja<\/strong>\u00a0projekt:<\/p>\n<ul>\n<li><strong>wersja w pe\u0142ni uszczelniona<\/strong>Wykorzystanie technologii laminowania o jako\u015bci spo\u017cywczej, w po\u0142\u0105czeniu z odpornymi na wilgo\u0107 materia\u0142ami warstwy wewn\u0119trznej (takimi jak papier kompozytowy z folii aluminiowej), w celu zablokowania przenikania tlenu i wilgoci oraz przed\u0142u\u017cenia okresu przydatno\u015bci do spo\u017cycia alkoholu.<\/li>\n<li><strong>Wersja z mo\u017cliwo\u015bci\u0105 otwierania<\/strong>: Zaprojektowana magnetyczna pokrywa lub gwintowana konstrukcja klamry, wygodna dla konsument\u00f3w do wielokrotnego u\u017cytku, przy jednoczesnym zachowaniu szczelno\u015bci, spe\u0142niaj\u0105ca potrzeby zbierania i eksponowania wysokiej klasy pude\u0142ek upominkowych na alkohole.<\/li>\n<\/ul>\n<h4 id=\"-third-environmental-sustainability-green-technology-empowers-brand-value-\"><strong>3. Zr\u00f3wnowa\u017cony rozw\u00f3j \u015brodowiska: zielona technologia zwi\u0119ksza warto\u015b\u0107 marki<\/strong><\/h4>\n<p>Materia\u0142 opakowaniowy to\u00a0<strong>Masa celulozowa nadaj\u0105ca si\u0119 do recyklingu 100%<\/strong>\u00a0lub\u00a0<strong>W\u0142\u00f3kno drzewne z certyfikatem FSC<\/strong>W procesie produkcji zastosowano bezklejow\u0105 technologi\u0119 formowania sk\u0142adanego, aby zmniejszy\u0107 zanieczyszczenie chemiczne. W po\u0142\u0105czeniu z drukiem atramentowym na bazie wody i biodegradowaln\u0105 technologi\u0105 laminowania, zapewnia nisk\u0105 emisj\u0119 dwutlenku w\u0119gla i ochron\u0119 \u015brodowiska w ca\u0142ym cyklu \u017cycia, od produkcji po utylizacj\u0119, zgodnie z normami \u015brodowiskowymi UE REACH.<\/p>\n<h4 id=\"-fourth-visual-impact-red-aesthetics-and-brand-memory-enhancement-\"><strong>4. Wp\u0142yw wizualny: czerwona estetyka i wzmocnienie pami\u0119ci marki<\/strong><\/h4>\n<p>G\u0142\u00f3wny kolor przyjmuje\u00a0<strong>Wysokie nasycenie koloru czerwonego (dla 70%)<\/strong>w po\u0142\u0105czeniu z matowym lub b\u0142yszcz\u0105cym wyko\u0144czeniem, aby nada\u0107 marce luksusowy i pe\u0142en pasji charakter. Czerwony ma\u00a0<strong>Naturalna atrakcyjno\u015b\u0107 wizualna<\/strong>\u00a0w ekspozycji na p\u00f3\u0142ce. Dane eksperymentalne pokazuj\u0105, \u017ce wska\u017anik uwagi konsument\u00f3w na czerwonym opakowaniu jest o 37% wy\u017cszy ni\u017c w przypadku konwencjonalnych kolor\u00f3w. Projekt mo\u017ce zawiera\u0107 t\u0142oczone na gor\u0105co LOGO, wyt\u0142aczan\u0105 tekstur\u0119 lub totem kulturowy (taki jak wzory w stylu czeskim), aby pog\u0142\u0119bi\u0107 rozpoznawalno\u015b\u0107 marki.<\/p>\n<h4 id=\"-v-efficient-production-process-spot-uv-and-automation-empowerment-\"><strong>5. Wydajny proces produkcji: Spot UV i automatyzacja<\/strong><\/h4>\n<p>Przyj\u0119cie\u00a0<strong>Miejscowy proces lakierowania punktowego UV<\/strong>Dzi\u0119ki technologii natychmiastowego utwardzania w ultrafiolecie mo\u017cna uzyska\u0107 precyzyjny efekt jasnej powierzchni, skr\u00f3ci\u0107 czas utwardzania do 0,1 sekundy, obs\u0142ugiwa\u0107 drukowanie ci\u0105g\u0142e i p\u0142ynne po\u0142\u0105czenie z obr\u00f3bk\u0105 ko\u0144cow\u0105 oraz poprawi\u0107 wydajno\u015b\u0107 produkcji o ponad 30%. W po\u0142\u0105czeniu z cyfrow\u0105 technologi\u0105 sk\u0142adu (tak\u0105 jak modelowanie 3D), uk\u0142ad wzoru mo\u017cna szybko dostosowa\u0107 do potrzeb spersonalizowanych zam\u00f3wie\u0144 w ma\u0142ych partiach.<\/p>\n<h4 id=\"-sixth-highly-customized-service-flexible-adaptation-from-material-to-process-\"><strong>6. Wysoce spersonalizowana us\u0142uga: elastyczne dostosowanie od materia\u0142u do procesu<\/strong><\/h4>\n<ul>\n<li><strong>Wyb\u00f3r materia\u0142u<\/strong>: Oferujemy r\u00f3\u017cnorodne pod\u0142o\u017ca, takie jak papier falisty, twarda tektura, papier kompozytowy z w\u0142\u00f3kna bambusowego itp. w celu spe\u0142nienia r\u00f3\u017cnych wymaga\u0144 dotycz\u0105cych no\u015bno\u015bci i tekstury.<\/li>\n<li><strong>Rozmiar i struktura<\/strong>: Obs\u0142uguje zakresy dostosowywania od 50 mm do 300 mm \u015brednicy i od 200 mm do 800 mm wysoko\u015bci i mo\u017ce by\u0107 dostosowany do pojedynczych butelek wina lub zestaw\u00f3w z\u0142o\u017conych z wielu butelek.<\/li>\n<li><strong>Technologia powierzchniowa<\/strong>Opcjonalne t\u0142oczenie na gor\u0105co, wyt\u0142aczanie, grawerowanie laserowe, laminowanie foli\u0105 laserow\u0105 i inne procesy, a nawet wbudowane chipy NFC w celu zapewnienia identyfikowalno\u015bci zapobiegaj\u0105cej podrabianiu.<\/li>\n<\/ul>\n<h4 id=\"-vii-added-value-enhancement-lamination-and-lamination-technology-upgrade-\"><strong>7. Zwi\u0119kszenie warto\u015bci dodanej: Laminowanie i unowocze\u015bnienie technologii laminowania<\/strong><\/h4>\n<p>Przez\u00a0<strong>Laminowanie BOPP<\/strong>\u00a0lub\u00a0<strong>Proces laminowania PETG<\/strong>Odporno\u015b\u0107 na zu\u017cycie, wodoodporno\u015b\u0107 i po\u0142ysk opakowania s\u0105 znacznie zwi\u0119kszone, dzi\u0119ki czemu papierowa tuba jest por\u00f3wnywalna z tekstur\u0105 metalowych i drewnianych pude\u0142ek, przy jednoczesnym zmniejszeniu ca\u0142kowitej wagi i koszt\u00f3w transportu. Warstwa laminatu mo\u017ce by\u0107 r\u00f3wnie\u017c pokryta pow\u0142ok\u0105 antybakteryjn\u0105, aby spe\u0142ni\u0107 wysokie standardy higieny i bezpiecze\u0144stwa dla wysokiej klasy alkoholi.<\/p>\n<h4 id=\"-viii-one-stop-service-support-zero-cost-cooperation-start-\"><strong>8. Kompleksowe wsparcie serwisowe: zerowe koszty rozpocz\u0119cia wsp\u00f3\u0142pracy<\/strong><\/h4>\n<p>Jako profesjonalna fabryka opakowa\u0144 spirytusowych zapewniamy:<\/p>\n<ul>\n<li><strong>Darmowy projekt<\/strong>: Zesp\u00f3\u0142, kt\u00f3ry zdoby\u0142 mi\u0119dzynarodowe nagrody za wzornictwo, dostosowuje rozwi\u0105zania opakowaniowe, integruj\u0105c kultur\u0119 marki i trendy rynkowe.<\/li>\n<li><strong>Bezp\u0142atne pr\u00f3bki<\/strong>: W ci\u0105gu 48 godzin dostarczane s\u0105 renderingi 3D i fizyczne dowody, wspieraj\u0105ce testy wydajno\u015bci (takie jak symulacja upadku, wilgotno\u015bci).<\/li>\n<li><strong>Wsparcie techniczne<\/strong>: Pe\u0142ne wytyczne od optymalizacji strukturalnej do procesu masowej produkcji w celu zapewnienia wydajno\u015bci \u2265 99,5%.<\/li>\n<li><strong>Przewaga cenowa<\/strong>: Zakupy na du\u017c\u0105 skal\u0119 i zautomatyzowana produkcja obni\u017caj\u0105 koszty, a cena podobnej jako\u015bci jest 15%-20% ni\u017csza ni\u017c \u015brednia rynkowa.<\/li>\n<\/ul>","protected":false},"excerpt":{"rendered":"<p>1. Cylindryczna papierowa tuba r\u00f3wnomiernie rozprasza si\u0142y zewn\u0119trzne. Konstrukcja jest stabilna i zapewnia ochron\u0119.<br \/>\n2. W zale\u017cno\u015bci od potrzeb mo\u017ce by\u0107 zaprojektowany jako w pe\u0142ni uszczelniona lub ponownie otwierana konstrukcja, skutecznie zapobiegaj\u0105c wilgoci i utlenianiu.<br \/>\n3. Mo\u017ce by\u0107 wysoce dostosowany pod wzgl\u0119dem materia\u0142u, koloru, rozmiaru i procesu drukowania powierzchni, aby pasowa\u0142 do opakowa\u0144 alkoholi, whisky i czerwonego wina<\/p>","protected":false},"featured_media":8598,"template":"","meta":[],"product_brand":[],"product_cat":[30,419,31,429],"product_tag":[900,899,901],"class_list":{"0":"post-8595","1":"product","2":"type-product","3":"status-publish","4":"has-post-thumbnail","6":"product_cat-by-industry","7":"product_cat-custom-wines-spirits-boxes","8":"product_cat-paper-box-style","9":"product_cat-paper-tube-boxes","10":"product_tag-luxury-whisky-packaging-wholesale","11":"product_tag-premium-spirits-paper-tube","12":"product_tag-spirits-whisky-packaging-wholesale","14":"first","15":"instock","16":"shipping-taxable","17":"product-type-simple"},"_links":{"self":[{"href":"https:\/\/zojopackaging.com\/pl\/wp-json\/wp\/v2\/product\/8595","targetHints":{"allow":["GET"]}}],"collection":[{"href":"https:\/\/zojopackaging.com\/pl\/wp-json\/wp\/v2\/product"}],"about":[{"href":"https:\/\/zojopackaging.com\/pl\/wp-json\/wp\/v2\/types\/product"}],"version-history":[{"count":1,"href":"https:\/\/zojopackaging.com\/pl\/wp-json\/wp\/v2\/product\/8595\/revisions"}],"predecessor-version":[{"id":8602,"href":"https:\/\/zojopackaging.com\/pl\/wp-json\/wp\/v2\/product\/8595\/revisions\/8602"}],"wp:featuredmedia":[{"embeddable":true,"href":"https:\/\/zojopackaging.com\/pl\/wp-json\/wp\/v2\/media\/8598"}],"wp:attachment":[{"href":"https:\/\/zojopackaging.com\/pl\/wp-json\/wp\/v2\/media?parent=8595"}],"wp:term":[{"taxonomy":"product_brand","embeddable":true,"href":"https:\/\/zojopackaging.com\/pl\/wp-json\/wp\/v2\/product_brand?post=8595"},{"taxonomy":"product_cat","embeddable":true,"href":"https:\/\/zojopackaging.com\/pl\/wp-json\/wp\/v2\/product_cat?post=8595"},{"taxonomy":"product_tag","embeddable":true,"href":"https:\/\/zojopackaging.com\/pl\/wp-json\/wp\/v2\/product_tag?post=8595"}],"curies":[{"name":"wp","href":"https:\/\/api.w.org\/{rel}","templated":true}]}}